{"id":285,"date":"2024-05-28T12:38:21","date_gmt":"2024-05-28T12:38:21","guid":{"rendered":"https:\/\/betwinner.team\/?page_id=285"},"modified":"2025-10-23T19:31:12","modified_gmt":"2025-10-23T19:31:12","slug":"app","status":"publish","type":"page","link":"https:\/\/planbet.promo\/ad\/app\/","title":{"rendered":"Aplicaci\u00f3"},"content":{"rendered":"","protected":false},"excerpt":{"rendered":"","protected":false},"author":1,"featured_media":0,"parent":0,"menu_order":0,"comment_status":"closed","ping_status":"closed","template":"","meta":{"footnotes":""},"class_list":["post-285","page","type-page","status-publish","hentry"],"yoast_head":"<!-- This site is optimized with the Yoast SEO plugin v26.2 - https:\/\/yoast.com\/wordpress\/plugins\/seo\/ -->\n<title>PlanBet Mobile per a Android o iOS \u2705 Descarrega l&#039;aplicaci\u00f3<\/title>\n<meta name=\"description\" content=\"Descarrega l&#039;aplicaci\u00f3 PlanBet Andorra al teu dispositiu m\u00f2bil i comen\u00e7a a apostar amb PlanBet! \u2713 La versi\u00f3 m\u00f2bil de PlanBet ofereix la m\u00e9s \u00e0mplia varietat de jocs i opcions d&#039;apostes esportives\" \/>\n<meta name=\"robots\" content=\"index, follow, max-snippet:-1, max-image-preview:large, max-video-preview:-1\" \/>\n<meta property=\"og:locale\" content=\"en_US\" \/>\n<meta property=\"og:type\" content=\"article\" \/>\n<meta property=\"og:title\" content=\"PlanBet Mobile per a Android o iOS \u2705 Descarrega l&#039;aplicaci\u00f3\" \/>\n<meta property=\"og:description\" content=\"Descarrega l&#039;aplicaci\u00f3 PlanBet Andorra al teu dispositiu m\u00f2bil i comen\u00e7a a apostar amb PlanBet! \u2713 La versi\u00f3 m\u00f2bil de PlanBet ofereix la m\u00e9s \u00e0mplia varietat de jocs i opcions d&#039;apostes esportives\" \/>\n<meta property=\"og:url\" content=\"https:\/\/planbet.promo\/ad\/app\/\" \/>\n<meta property=\"og:site_name\" content=\"Planbet Promo AD\" \/>\n<meta property=\"article:modified_time\" content=\"2025-10-23T19:31:12+00:00\" \/>\n<meta name=\"twitter:card\" content=\"summary_large_image\" \/>\n<script type=\"application\/ld+json\" class=\"yoast-schema-graph\">{\"@context\":\"https:\/\/schema.org\",\"@graph\":[{\"@type\":\"WebPage\",\"@id\":\"https:\/\/planbet.promo\/ad\/app\/\",\"url\":\"https:\/\/planbet.promo\/ad\/app\/\",\"name\":\"PlanBet Mobile per a Android o iOS \u2705 Descarrega l'aplicaci\u00f3\",\"isPartOf\":{\"@id\":\"https:\/\/planbet.promo\/ad\/#website\"},\"datePublished\":\"2024-05-28T12:38:21+00:00\",\"dateModified\":\"2025-10-23T19:31:12+00:00\",\"description\":\"Descarrega l'aplicaci\u00f3 PlanBet Andorra al teu dispositiu m\u00f2bil i comen\u00e7a a apostar amb PlanBet! \u2713 La versi\u00f3 m\u00f2bil de PlanBet ofereix la m\u00e9s \u00e0mplia varietat de jocs i opcions d'apostes esportives\",\"breadcrumb\":{\"@id\":\"https:\/\/planbet.promo\/ad\/app\/#breadcrumb\"},\"inLanguage\":\"ca-AD\",\"potentialAction\":[{\"@type\":\"ReadAction\",\"target\":[\"https:\/\/planbet.promo\/ad\/app\/\"]}]},{\"@type\":\"BreadcrumbList\",\"@id\":\"https:\/\/planbet.promo\/ad\/app\/#breadcrumb\",\"itemListElement\":[{\"@type\":\"ListItem\",\"position\":1,\"name\":\"Home\",\"item\":\"https:\/\/planbet.promo\/ad\/\"},{\"@type\":\"ListItem\",\"position\":2,\"name\":\"Aplicaci\u00f3\"}]},{\"@type\":\"WebSite\",\"@id\":\"https:\/\/planbet.promo\/ad\/#website\",\"url\":\"https:\/\/planbet.promo\/ad\/\",\"name\":\"Planbet Promo AD\",\"description\":\"My WordPress Blog\",\"potentialAction\":[{\"@type\":\"SearchAction\",\"target\":{\"@type\":\"EntryPoint\",\"urlTemplate\":\"https:\/\/planbet.promo\/ad\/?s={search_term_string}\"},\"query-input\":{\"@type\":\"PropertyValueSpecification\",\"valueRequired\":true,\"valueName\":\"search_term_string\"}}],\"inLanguage\":\"ca-AD\"}]}<\/script>\n<!-- \/ Yoast SEO plugin. -->","yoast_head_json":{"title":"PlanBet Mobile per a Android o iOS \u2705 Descarrega l'aplicaci\u00f3","description":"Descarrega l'aplicaci\u00f3 PlanBet Andorra al teu dispositiu m\u00f2bil i comen\u00e7a a apostar amb PlanBet! \u2713 La versi\u00f3 m\u00f2bil de PlanBet ofereix la m\u00e9s \u00e0mplia varietat de jocs i opcions d'apostes esportives","robots":{"index":"index","follow":"follow","max-snippet":"max-snippet:-1","max-image-preview":"max-image-preview:large","max-video-preview":"max-video-preview:-1"},"og_locale":"en_US","og_type":"article","og_title":"PlanBet Mobile per a Android o iOS \u2705 Descarrega l'aplicaci\u00f3","og_description":"Descarrega l'aplicaci\u00f3 PlanBet Andorra al teu dispositiu m\u00f2bil i comen\u00e7a a apostar amb PlanBet! \u2713 La versi\u00f3 m\u00f2bil de PlanBet ofereix la m\u00e9s \u00e0mplia varietat de jocs i opcions d'apostes esportives","og_url":"https:\/\/planbet.promo\/ad\/app\/","og_site_name":"Planbet Promo AD","article_modified_time":"2025-10-23T19:31:12+00:00","twitter_card":"summary_large_image","schema":{"@context":"https:\/\/schema.org","@graph":[{"@type":"WebPage","@id":"https:\/\/planbet.promo\/ad\/app\/","url":"https:\/\/planbet.promo\/ad\/app\/","name":"PlanBet Mobile per a Android o iOS \u2705 Descarrega l'aplicaci\u00f3","isPartOf":{"@id":"https:\/\/planbet.promo\/ad\/#website"},"datePublished":"2024-05-28T12:38:21+00:00","dateModified":"2025-10-23T19:31:12+00:00","description":"Descarrega l'aplicaci\u00f3 PlanBet Andorra al teu dispositiu m\u00f2bil i comen\u00e7a a apostar amb PlanBet! \u2713 La versi\u00f3 m\u00f2bil de PlanBet ofereix la m\u00e9s \u00e0mplia varietat de jocs i opcions d'apostes esportives","breadcrumb":{"@id":"https:\/\/planbet.promo\/ad\/app\/#breadcrumb"},"inLanguage":"ca-AD","potentialAction":[{"@type":"ReadAction","target":["https:\/\/planbet.promo\/ad\/app\/"]}]},{"@type":"BreadcrumbList","@id":"https:\/\/planbet.promo\/ad\/app\/#breadcrumb","itemListElement":[{"@type":"ListItem","position":1,"name":"Home","item":"https:\/\/planbet.promo\/ad\/"},{"@type":"ListItem","position":2,"name":"Aplicaci\u00f3"}]},{"@type":"WebSite","@id":"https:\/\/planbet.promo\/ad\/#website","url":"https:\/\/planbet.promo\/ad\/","name":"Planbet Promo AD","description":"My WordPress Blog","potentialAction":[{"@type":"SearchAction","target":{"@type":"EntryPoint","urlTemplate":"https:\/\/planbet.promo\/ad\/?s={search_term_string}"},"query-input":{"@type":"PropertyValueSpecification","valueRequired":true,"valueName":"search_term_string"}}],"inLanguage":"ca-AD"}]}},"_links":{"self":[{"href":"https:\/\/planbet.promo\/ad\/wp-json\/wp\/v2\/pages\/285","targetHints":{"allow":["GET"]}}],"collection":[{"href":"https:\/\/planbet.promo\/ad\/wp-json\/wp\/v2\/pages"}],"about":[{"href":"https:\/\/planbet.promo\/ad\/wp-json\/wp\/v2\/types\/page"}],"author":[{"embeddable":true,"href":"https:\/\/planbet.promo\/ad\/wp-json\/wp\/v2\/users\/1"}],"replies":[{"embeddable":true,"href":"https:\/\/planbet.promo\/ad\/wp-json\/wp\/v2\/comments?post=285"}],"version-history":[{"count":7,"href":"https:\/\/planbet.promo\/ad\/wp-json\/wp\/v2\/pages\/285\/revisions"}],"predecessor-version":[{"id":840,"href":"https:\/\/planbet.promo\/ad\/wp-json\/wp\/v2\/pages\/285\/revisions\/840"}],"wp:attachment":[{"href":"https:\/\/planbet.promo\/ad\/wp-json\/wp\/v2\/media?parent=285"}],"curies":[{"name":"wp","href":"https:\/\/api.w.org\/{rel}","templated":true}]}}