{"id":499,"date":"2025-05-21T12:52:53","date_gmt":"2025-05-21T12:52:53","guid":{"rendered":"https:\/\/betwinner.team\/?page_id=499"},"modified":"2025-10-23T19:29:05","modified_gmt":"2025-10-23T19:29:05","slug":"casino-welcome-package","status":"publish","type":"page","link":"https:\/\/planbet.promo\/ad\/bonus\/casino-welcome-package\/","title":{"rendered":"Paquet de benvinguda del casino"},"content":{"rendered":"","protected":false},"excerpt":{"rendered":"","protected":false},"author":1,"featured_media":0,"parent":152,"menu_order":0,"comment_status":"closed","ping_status":"closed","template":"","meta":{"footnotes":""},"class_list":["post-499","page","type-page","status-publish","hentry"],"yoast_head":"<!-- This site is optimized with the Yoast SEO plugin v26.2 - https:\/\/yoast.com\/wordpress\/plugins\/seo\/ -->\n<title>Paquet de benvinguda del casino PlanBet \u1409 fins a 1.500 \u20ac<\/title>\n<meta name=\"description\" content=\"El paquet de benvinguda del casino PlanBet t&#039;espera: fins a 1.500 \u20ac i 150 girs gratu\u00efts! Registrar-se \u00e9s f\u00e0cil i els bonus s\u00f3n generosos. No perdeu l&#039;oportunitat d&#039;assegurar els vostres mega guanys seguint els nostres senzills passos. Visca l&#039;emoci\u00f3!\" \/>\n<meta name=\"robots\" content=\"index, follow, max-snippet:-1, max-image-preview:large, max-video-preview:-1\" \/>\n<meta property=\"og:locale\" content=\"en_US\" \/>\n<meta property=\"og:type\" content=\"article\" \/>\n<meta property=\"og:title\" content=\"Paquet de benvinguda del casino PlanBet \u1409 fins a 1.500 \u20ac\" \/>\n<meta property=\"og:description\" content=\"El paquet de benvinguda del casino PlanBet t&#039;espera: fins a 1.500 \u20ac i 150 girs gratu\u00efts! Registrar-se \u00e9s f\u00e0cil i els bonus s\u00f3n generosos. No perdeu l&#039;oportunitat d&#039;assegurar els vostres mega guanys seguint els nostres senzills passos. Visca l&#039;emoci\u00f3!\" \/>\n<meta property=\"og:url\" content=\"https:\/\/planbet.promo\/ad\/bonus\/casino-welcome-package\/\" \/>\n<meta property=\"og:site_name\" content=\"Planbet Promo AD\" \/>\n<meta property=\"article:modified_time\" content=\"2025-10-23T19:29:05+00:00\" \/>\n<meta name=\"twitter:card\" content=\"summary_large_image\" \/>\n<script type=\"application\/ld+json\" class=\"yoast-schema-graph\">{\"@context\":\"https:\/\/schema.org\",\"@graph\":[{\"@type\":\"WebPage\",\"@id\":\"https:\/\/planbet.promo\/ad\/bonus\/casino-welcome-package\/\",\"url\":\"https:\/\/planbet.promo\/ad\/bonus\/casino-welcome-package\/\",\"name\":\"Paquet de benvinguda del casino PlanBet \u1409 fins a 1.500 \u20ac\",\"isPartOf\":{\"@id\":\"https:\/\/planbet.promo\/ad\/#website\"},\"datePublished\":\"2025-05-21T12:52:53+00:00\",\"dateModified\":\"2025-10-23T19:29:05+00:00\",\"description\":\"El paquet de benvinguda del casino PlanBet t'espera: fins a 1.500 \u20ac i 150 girs gratu\u00efts! Registrar-se \u00e9s f\u00e0cil i els bonus s\u00f3n generosos. No perdeu l'oportunitat d'assegurar els vostres mega guanys seguint els nostres senzills passos. Visca l'emoci\u00f3!\",\"breadcrumb\":{\"@id\":\"https:\/\/planbet.promo\/ad\/bonus\/casino-welcome-package\/#breadcrumb\"},\"inLanguage\":\"ca-AD\",\"potentialAction\":[{\"@type\":\"ReadAction\",\"target\":[\"https:\/\/planbet.promo\/ad\/bonus\/casino-welcome-package\/\"]}]},{\"@type\":\"BreadcrumbList\",\"@id\":\"https:\/\/planbet.promo\/ad\/bonus\/casino-welcome-package\/#breadcrumb\",\"itemListElement\":[{\"@type\":\"ListItem\",\"position\":1,\"name\":\"Home\",\"item\":\"https:\/\/planbet.promo\/ad\/\"},{\"@type\":\"ListItem\",\"position\":2,\"name\":\"Bonificaci\u00f3\",\"item\":\"https:\/\/planbet.promo\/ad\/bonus\/\"},{\"@type\":\"ListItem\",\"position\":3,\"name\":\"Paquet de benvinguda del casino\"}]},{\"@type\":\"WebSite\",\"@id\":\"https:\/\/planbet.promo\/ad\/#website\",\"url\":\"https:\/\/planbet.promo\/ad\/\",\"name\":\"Planbet Promo AD\",\"description\":\"My WordPress Blog\",\"potentialAction\":[{\"@type\":\"SearchAction\",\"target\":{\"@type\":\"EntryPoint\",\"urlTemplate\":\"https:\/\/planbet.promo\/ad\/?s={search_term_string}\"},\"query-input\":{\"@type\":\"PropertyValueSpecification\",\"valueRequired\":true,\"valueName\":\"search_term_string\"}}],\"inLanguage\":\"ca-AD\"}]}<\/script>\n<!-- \/ Yoast SEO plugin. -->","yoast_head_json":{"title":"Paquet de benvinguda del casino PlanBet \u1409 fins a 1.500 \u20ac","description":"El paquet de benvinguda del casino PlanBet t'espera: fins a 1.500 \u20ac i 150 girs gratu\u00efts! Registrar-se \u00e9s f\u00e0cil i els bonus s\u00f3n generosos. No perdeu l'oportunitat d'assegurar els vostres mega guanys seguint els nostres senzills passos. Visca l'emoci\u00f3!","robots":{"index":"index","follow":"follow","max-snippet":"max-snippet:-1","max-image-preview":"max-image-preview:large","max-video-preview":"max-video-preview:-1"},"og_locale":"en_US","og_type":"article","og_title":"Paquet de benvinguda del casino PlanBet \u1409 fins a 1.500 \u20ac","og_description":"El paquet de benvinguda del casino PlanBet t'espera: fins a 1.500 \u20ac i 150 girs gratu\u00efts! Registrar-se \u00e9s f\u00e0cil i els bonus s\u00f3n generosos. No perdeu l'oportunitat d'assegurar els vostres mega guanys seguint els nostres senzills passos. Visca l'emoci\u00f3!","og_url":"https:\/\/planbet.promo\/ad\/bonus\/casino-welcome-package\/","og_site_name":"Planbet Promo AD","article_modified_time":"2025-10-23T19:29:05+00:00","twitter_card":"summary_large_image","schema":{"@context":"https:\/\/schema.org","@graph":[{"@type":"WebPage","@id":"https:\/\/planbet.promo\/ad\/bonus\/casino-welcome-package\/","url":"https:\/\/planbet.promo\/ad\/bonus\/casino-welcome-package\/","name":"Paquet de benvinguda del casino PlanBet \u1409 fins a 1.500 \u20ac","isPartOf":{"@id":"https:\/\/planbet.promo\/ad\/#website"},"datePublished":"2025-05-21T12:52:53+00:00","dateModified":"2025-10-23T19:29:05+00:00","description":"El paquet de benvinguda del casino PlanBet t'espera: fins a 1.500 \u20ac i 150 girs gratu\u00efts! Registrar-se \u00e9s f\u00e0cil i els bonus s\u00f3n generosos. No perdeu l'oportunitat d'assegurar els vostres mega guanys seguint els nostres senzills passos. Visca l'emoci\u00f3!","breadcrumb":{"@id":"https:\/\/planbet.promo\/ad\/bonus\/casino-welcome-package\/#breadcrumb"},"inLanguage":"ca-AD","potentialAction":[{"@type":"ReadAction","target":["https:\/\/planbet.promo\/ad\/bonus\/casino-welcome-package\/"]}]},{"@type":"BreadcrumbList","@id":"https:\/\/planbet.promo\/ad\/bonus\/casino-welcome-package\/#breadcrumb","itemListElement":[{"@type":"ListItem","position":1,"name":"Home","item":"https:\/\/planbet.promo\/ad\/"},{"@type":"ListItem","position":2,"name":"Bonificaci\u00f3","item":"https:\/\/planbet.promo\/ad\/bonus\/"},{"@type":"ListItem","position":3,"name":"Paquet de benvinguda del casino"}]},{"@type":"WebSite","@id":"https:\/\/planbet.promo\/ad\/#website","url":"https:\/\/planbet.promo\/ad\/","name":"Planbet Promo AD","description":"My WordPress Blog","potentialAction":[{"@type":"SearchAction","target":{"@type":"EntryPoint","urlTemplate":"https:\/\/planbet.promo\/ad\/?s={search_term_string}"},"query-input":{"@type":"PropertyValueSpecification","valueRequired":true,"valueName":"search_term_string"}}],"inLanguage":"ca-AD"}]}},"_links":{"self":[{"href":"https:\/\/planbet.promo\/ad\/wp-json\/wp\/v2\/pages\/499","targetHints":{"allow":["GET"]}}],"collection":[{"href":"https:\/\/planbet.promo\/ad\/wp-json\/wp\/v2\/pages"}],"about":[{"href":"https:\/\/planbet.promo\/ad\/wp-json\/wp\/v2\/types\/page"}],"author":[{"embeddable":true,"href":"https:\/\/planbet.promo\/ad\/wp-json\/wp\/v2\/users\/1"}],"replies":[{"embeddable":true,"href":"https:\/\/planbet.promo\/ad\/wp-json\/wp\/v2\/comments?post=499"}],"version-history":[{"count":4,"href":"https:\/\/planbet.promo\/ad\/wp-json\/wp\/v2\/pages\/499\/revisions"}],"predecessor-version":[{"id":824,"href":"https:\/\/planbet.promo\/ad\/wp-json\/wp\/v2\/pages\/499\/revisions\/824"}],"up":[{"embeddable":true,"href":"https:\/\/planbet.promo\/ad\/wp-json\/wp\/v2\/pages\/152"}],"wp:attachment":[{"href":"https:\/\/planbet.promo\/ad\/wp-json\/wp\/v2\/media?parent=499"}],"curies":[{"name":"wp","href":"https:\/\/api.w.org\/{rel}","templated":true}]}}