{"id":226,"date":"2024-05-28T09:20:52","date_gmt":"2024-05-28T09:20:52","guid":{"rendered":"https:\/\/betwinner.team\/?page_id=226"},"modified":"2025-09-23T16:12:10","modified_gmt":"2025-09-23T16:12:10","slug":"affiliate","status":"publish","type":"page","link":"https:\/\/planbet.promo\/al\/affiliate\/","title":{"rendered":"Filial"},"content":{"rendered":"","protected":false},"excerpt":{"rendered":"","protected":false},"author":1,"featured_media":0,"parent":0,"menu_order":0,"comment_status":"closed","ping_status":"closed","template":"","meta":{"footnotes":""},"class_list":["post-226","page","type-page","status-publish","hentry"],"yoast_head":"<!-- This site is optimized with the Yoast SEO plugin v26.2 - https:\/\/yoast.com\/wordpress\/plugins\/seo\/ -->\n<title>PlanBet Filial | B\u00ebhuni Partner Tani<\/title>\n<meta name=\"description\" content=\"PlanBet Affiliate \u00ebsht\u00eb nj\u00eb program partneriteti q\u00eb ofrohet nga Platforma e Basteve Sportive dhe Kazinos\u00eb PlanBet \u2713 B\u00ebhuni Partner\u00eb t\u00eb PlanBet dhe fitoni m\u00eb shum\u00eb para duke p\u00ebrdorur k\u00ebt\u00eb udh\u00ebzues\" \/>\n<meta name=\"robots\" content=\"index, follow, max-snippet:-1, max-image-preview:large, max-video-preview:-1\" \/>\n<meta property=\"og:locale\" content=\"sq_AL\" \/>\n<meta property=\"og:type\" content=\"article\" \/>\n<meta property=\"og:title\" content=\"PlanBet Filial | B\u00ebhuni Partner Tani\" \/>\n<meta property=\"og:description\" content=\"PlanBet Affiliate \u00ebsht\u00eb nj\u00eb program partneriteti q\u00eb ofrohet nga Platforma e Basteve Sportive dhe Kazinos\u00eb PlanBet \u2713 B\u00ebhuni Partner\u00eb t\u00eb PlanBet dhe fitoni m\u00eb shum\u00eb para duke p\u00ebrdorur k\u00ebt\u00eb udh\u00ebzues\" \/>\n<meta property=\"og:url\" content=\"https:\/\/planbet.promo\/al\/affiliate\/\" \/>\n<meta property=\"og:site_name\" content=\"Planbet Promo AL\" \/>\n<meta property=\"article:modified_time\" content=\"2025-09-23T16:12:10+00:00\" \/>\n<meta name=\"twitter:card\" content=\"summary_large_image\" \/>\n<script type=\"application\/ld+json\" class=\"yoast-schema-graph\">{\"@context\":\"https:\/\/schema.org\",\"@graph\":[{\"@type\":\"WebPage\",\"@id\":\"https:\/\/planbet.promo\/al\/affiliate\/\",\"url\":\"https:\/\/planbet.promo\/al\/affiliate\/\",\"name\":\"PlanBet Filial | B\u00ebhuni Partner Tani\",\"isPartOf\":{\"@id\":\"https:\/\/planbet.promo\/al\/#website\"},\"datePublished\":\"2024-05-28T09:20:52+00:00\",\"dateModified\":\"2025-09-23T16:12:10+00:00\",\"description\":\"PlanBet Affiliate \u00ebsht\u00eb nj\u00eb program partneriteti q\u00eb ofrohet nga Platforma e Basteve Sportive dhe Kazinos\u00eb PlanBet \u2713 B\u00ebhuni Partner\u00eb t\u00eb PlanBet dhe fitoni m\u00eb shum\u00eb para duke p\u00ebrdorur k\u00ebt\u00eb udh\u00ebzues\",\"breadcrumb\":{\"@id\":\"https:\/\/planbet.promo\/al\/affiliate\/#breadcrumb\"},\"inLanguage\":\"sq\",\"potentialAction\":[{\"@type\":\"ReadAction\",\"target\":[\"https:\/\/planbet.promo\/al\/affiliate\/\"]}]},{\"@type\":\"BreadcrumbList\",\"@id\":\"https:\/\/planbet.promo\/al\/affiliate\/#breadcrumb\",\"itemListElement\":[{\"@type\":\"ListItem\",\"position\":1,\"name\":\"Home\",\"item\":\"https:\/\/planbet.promo\/al\/\"},{\"@type\":\"ListItem\",\"position\":2,\"name\":\"Filial\"}]},{\"@type\":\"WebSite\",\"@id\":\"https:\/\/planbet.promo\/al\/#website\",\"url\":\"https:\/\/planbet.promo\/al\/\",\"name\":\"Planbet Promo AL\",\"description\":\"My WordPress Blog\",\"potentialAction\":[{\"@type\":\"SearchAction\",\"target\":{\"@type\":\"EntryPoint\",\"urlTemplate\":\"https:\/\/planbet.promo\/al\/?s={search_term_string}\"},\"query-input\":{\"@type\":\"PropertyValueSpecification\",\"valueRequired\":true,\"valueName\":\"search_term_string\"}}],\"inLanguage\":\"sq\"}]}<\/script>\n<!-- \/ Yoast SEO plugin. -->","yoast_head_json":{"title":"PlanBet Filial | B\u00ebhuni Partner Tani","description":"PlanBet Affiliate \u00ebsht\u00eb nj\u00eb program partneriteti q\u00eb ofrohet nga Platforma e Basteve Sportive dhe Kazinos\u00eb PlanBet \u2713 B\u00ebhuni Partner\u00eb t\u00eb PlanBet dhe fitoni m\u00eb shum\u00eb para duke p\u00ebrdorur k\u00ebt\u00eb udh\u00ebzues","robots":{"index":"index","follow":"follow","max-snippet":"max-snippet:-1","max-image-preview":"max-image-preview:large","max-video-preview":"max-video-preview:-1"},"og_locale":"sq_AL","og_type":"article","og_title":"PlanBet Filial | B\u00ebhuni Partner Tani","og_description":"PlanBet Affiliate \u00ebsht\u00eb nj\u00eb program partneriteti q\u00eb ofrohet nga Platforma e Basteve Sportive dhe Kazinos\u00eb PlanBet \u2713 B\u00ebhuni Partner\u00eb t\u00eb PlanBet dhe fitoni m\u00eb shum\u00eb para duke p\u00ebrdorur k\u00ebt\u00eb udh\u00ebzues","og_url":"https:\/\/planbet.promo\/al\/affiliate\/","og_site_name":"Planbet Promo AL","article_modified_time":"2025-09-23T16:12:10+00:00","twitter_card":"summary_large_image","schema":{"@context":"https:\/\/schema.org","@graph":[{"@type":"WebPage","@id":"https:\/\/planbet.promo\/al\/affiliate\/","url":"https:\/\/planbet.promo\/al\/affiliate\/","name":"PlanBet Filial | B\u00ebhuni Partner Tani","isPartOf":{"@id":"https:\/\/planbet.promo\/al\/#website"},"datePublished":"2024-05-28T09:20:52+00:00","dateModified":"2025-09-23T16:12:10+00:00","description":"PlanBet Affiliate \u00ebsht\u00eb nj\u00eb program partneriteti q\u00eb ofrohet nga Platforma e Basteve Sportive dhe Kazinos\u00eb PlanBet \u2713 B\u00ebhuni Partner\u00eb t\u00eb PlanBet dhe fitoni m\u00eb shum\u00eb para duke p\u00ebrdorur k\u00ebt\u00eb udh\u00ebzues","breadcrumb":{"@id":"https:\/\/planbet.promo\/al\/affiliate\/#breadcrumb"},"inLanguage":"sq","potentialAction":[{"@type":"ReadAction","target":["https:\/\/planbet.promo\/al\/affiliate\/"]}]},{"@type":"BreadcrumbList","@id":"https:\/\/planbet.promo\/al\/affiliate\/#breadcrumb","itemListElement":[{"@type":"ListItem","position":1,"name":"Home","item":"https:\/\/planbet.promo\/al\/"},{"@type":"ListItem","position":2,"name":"Filial"}]},{"@type":"WebSite","@id":"https:\/\/planbet.promo\/al\/#website","url":"https:\/\/planbet.promo\/al\/","name":"Planbet Promo AL","description":"My WordPress Blog","potentialAction":[{"@type":"SearchAction","target":{"@type":"EntryPoint","urlTemplate":"https:\/\/planbet.promo\/al\/?s={search_term_string}"},"query-input":{"@type":"PropertyValueSpecification","valueRequired":true,"valueName":"search_term_string"}}],"inLanguage":"sq"}]}},"_links":{"self":[{"href":"https:\/\/planbet.promo\/al\/wp-json\/wp\/v2\/pages\/226","targetHints":{"allow":["GET"]}}],"collection":[{"href":"https:\/\/planbet.promo\/al\/wp-json\/wp\/v2\/pages"}],"about":[{"href":"https:\/\/planbet.promo\/al\/wp-json\/wp\/v2\/types\/page"}],"author":[{"embeddable":true,"href":"https:\/\/planbet.promo\/al\/wp-json\/wp\/v2\/users\/1"}],"replies":[{"embeddable":true,"href":"https:\/\/planbet.promo\/al\/wp-json\/wp\/v2\/comments?post=226"}],"version-history":[{"count":5,"href":"https:\/\/planbet.promo\/al\/wp-json\/wp\/v2\/pages\/226\/revisions"}],"predecessor-version":[{"id":817,"href":"https:\/\/planbet.promo\/al\/wp-json\/wp\/v2\/pages\/226\/revisions\/817"}],"wp:attachment":[{"href":"https:\/\/planbet.promo\/al\/wp-json\/wp\/v2\/media?parent=226"}],"curies":[{"name":"wp","href":"https:\/\/api.w.org\/{rel}","templated":true}]}}