{"id":270,"date":"2024-05-28T12:15:13","date_gmt":"2024-05-28T12:15:13","guid":{"rendered":"https:\/\/betwinner.team\/?page_id=270"},"modified":"2025-09-24T04:50:59","modified_gmt":"2025-09-24T04:50:59","slug":"registration","status":"publish","type":"page","link":"https:\/\/planbet.promo\/al\/registration\/","title":{"rendered":"Regjistrimi"},"content":{"rendered":"","protected":false},"excerpt":{"rendered":"","protected":false},"author":1,"featured_media":0,"parent":0,"menu_order":0,"comment_status":"closed","ping_status":"closed","template":"","meta":{"footnotes":""},"class_list":["post-270","page","type-page","status-publish","hentry"],"yoast_head":"<!-- This site is optimized with the Yoast SEO plugin v26.2 - https:\/\/yoast.com\/wordpress\/plugins\/seo\/ -->\n<title>PlanBet Udh\u00ebzues Regjistrimi | Oferta e Mir\u00ebseardhjes<\/title>\n<meta name=\"description\" content=\"PlanBet Udh\u00ebzues Regjistrimi p\u00ebr Llogari t\u00eb Re p\u00ebr Lojtar\u00eb t\u00eb Rinj \u2713 Merrni deri n\u00eb 130% Bonus Mir\u00ebseardhjeje nd\u00ebrsa regjistroheni! Regjistrimi dhe Verifikimi i PlanBet\" \/>\n<meta name=\"robots\" content=\"index, follow, max-snippet:-1, max-image-preview:large, max-video-preview:-1\" \/>\n<meta property=\"og:locale\" content=\"sq_AL\" \/>\n<meta property=\"og:type\" content=\"article\" \/>\n<meta property=\"og:title\" content=\"PlanBet Udh\u00ebzues Regjistrimi | Oferta e Mir\u00ebseardhjes\" \/>\n<meta property=\"og:description\" content=\"PlanBet Udh\u00ebzues Regjistrimi p\u00ebr Llogari t\u00eb Re p\u00ebr Lojtar\u00eb t\u00eb Rinj \u2713 Merrni deri n\u00eb 130% Bonus Mir\u00ebseardhjeje nd\u00ebrsa regjistroheni! Regjistrimi dhe Verifikimi i PlanBet\" \/>\n<meta property=\"og:url\" content=\"https:\/\/planbet.promo\/al\/registration\/\" \/>\n<meta property=\"og:site_name\" content=\"Planbet Promo AL\" \/>\n<meta property=\"article:modified_time\" content=\"2025-09-24T04:50:59+00:00\" \/>\n<meta name=\"twitter:card\" content=\"summary_large_image\" \/>\n<script type=\"application\/ld+json\" class=\"yoast-schema-graph\">{\"@context\":\"https:\/\/schema.org\",\"@graph\":[{\"@type\":\"WebPage\",\"@id\":\"https:\/\/planbet.promo\/al\/registration\/\",\"url\":\"https:\/\/planbet.promo\/al\/registration\/\",\"name\":\"PlanBet Udh\u00ebzues Regjistrimi | Oferta e Mir\u00ebseardhjes\",\"isPartOf\":{\"@id\":\"https:\/\/planbet.promo\/al\/#website\"},\"datePublished\":\"2024-05-28T12:15:13+00:00\",\"dateModified\":\"2025-09-24T04:50:59+00:00\",\"description\":\"PlanBet Udh\u00ebzues Regjistrimi p\u00ebr Llogari t\u00eb Re p\u00ebr Lojtar\u00eb t\u00eb Rinj \u2713 Merrni deri n\u00eb 130% Bonus Mir\u00ebseardhjeje nd\u00ebrsa regjistroheni! Regjistrimi dhe Verifikimi i PlanBet\",\"breadcrumb\":{\"@id\":\"https:\/\/planbet.promo\/al\/registration\/#breadcrumb\"},\"inLanguage\":\"sq\",\"potentialAction\":[{\"@type\":\"ReadAction\",\"target\":[\"https:\/\/planbet.promo\/al\/registration\/\"]}]},{\"@type\":\"BreadcrumbList\",\"@id\":\"https:\/\/planbet.promo\/al\/registration\/#breadcrumb\",\"itemListElement\":[{\"@type\":\"ListItem\",\"position\":1,\"name\":\"Home\",\"item\":\"https:\/\/planbet.promo\/al\/\"},{\"@type\":\"ListItem\",\"position\":2,\"name\":\"Regjistrimi\"}]},{\"@type\":\"WebSite\",\"@id\":\"https:\/\/planbet.promo\/al\/#website\",\"url\":\"https:\/\/planbet.promo\/al\/\",\"name\":\"Planbet Promo AL\",\"description\":\"My WordPress Blog\",\"potentialAction\":[{\"@type\":\"SearchAction\",\"target\":{\"@type\":\"EntryPoint\",\"urlTemplate\":\"https:\/\/planbet.promo\/al\/?s={search_term_string}\"},\"query-input\":{\"@type\":\"PropertyValueSpecification\",\"valueRequired\":true,\"valueName\":\"search_term_string\"}}],\"inLanguage\":\"sq\"}]}<\/script>\n<!-- \/ Yoast SEO plugin. -->","yoast_head_json":{"title":"PlanBet Udh\u00ebzues Regjistrimi | Oferta e Mir\u00ebseardhjes","description":"PlanBet Udh\u00ebzues Regjistrimi p\u00ebr Llogari t\u00eb Re p\u00ebr Lojtar\u00eb t\u00eb Rinj \u2713 Merrni deri n\u00eb 130% Bonus Mir\u00ebseardhjeje nd\u00ebrsa regjistroheni! Regjistrimi dhe Verifikimi i PlanBet","robots":{"index":"index","follow":"follow","max-snippet":"max-snippet:-1","max-image-preview":"max-image-preview:large","max-video-preview":"max-video-preview:-1"},"og_locale":"sq_AL","og_type":"article","og_title":"PlanBet Udh\u00ebzues Regjistrimi | Oferta e Mir\u00ebseardhjes","og_description":"PlanBet Udh\u00ebzues Regjistrimi p\u00ebr Llogari t\u00eb Re p\u00ebr Lojtar\u00eb t\u00eb Rinj \u2713 Merrni deri n\u00eb 130% Bonus Mir\u00ebseardhjeje nd\u00ebrsa regjistroheni! Regjistrimi dhe Verifikimi i PlanBet","og_url":"https:\/\/planbet.promo\/al\/registration\/","og_site_name":"Planbet Promo AL","article_modified_time":"2025-09-24T04:50:59+00:00","twitter_card":"summary_large_image","schema":{"@context":"https:\/\/schema.org","@graph":[{"@type":"WebPage","@id":"https:\/\/planbet.promo\/al\/registration\/","url":"https:\/\/planbet.promo\/al\/registration\/","name":"PlanBet Udh\u00ebzues Regjistrimi | Oferta e Mir\u00ebseardhjes","isPartOf":{"@id":"https:\/\/planbet.promo\/al\/#website"},"datePublished":"2024-05-28T12:15:13+00:00","dateModified":"2025-09-24T04:50:59+00:00","description":"PlanBet Udh\u00ebzues Regjistrimi p\u00ebr Llogari t\u00eb Re p\u00ebr Lojtar\u00eb t\u00eb Rinj \u2713 Merrni deri n\u00eb 130% Bonus Mir\u00ebseardhjeje nd\u00ebrsa regjistroheni! Regjistrimi dhe Verifikimi i PlanBet","breadcrumb":{"@id":"https:\/\/planbet.promo\/al\/registration\/#breadcrumb"},"inLanguage":"sq","potentialAction":[{"@type":"ReadAction","target":["https:\/\/planbet.promo\/al\/registration\/"]}]},{"@type":"BreadcrumbList","@id":"https:\/\/planbet.promo\/al\/registration\/#breadcrumb","itemListElement":[{"@type":"ListItem","position":1,"name":"Home","item":"https:\/\/planbet.promo\/al\/"},{"@type":"ListItem","position":2,"name":"Regjistrimi"}]},{"@type":"WebSite","@id":"https:\/\/planbet.promo\/al\/#website","url":"https:\/\/planbet.promo\/al\/","name":"Planbet Promo AL","description":"My WordPress Blog","potentialAction":[{"@type":"SearchAction","target":{"@type":"EntryPoint","urlTemplate":"https:\/\/planbet.promo\/al\/?s={search_term_string}"},"query-input":{"@type":"PropertyValueSpecification","valueRequired":true,"valueName":"search_term_string"}}],"inLanguage":"sq"}]}},"_links":{"self":[{"href":"https:\/\/planbet.promo\/al\/wp-json\/wp\/v2\/pages\/270","targetHints":{"allow":["GET"]}}],"collection":[{"href":"https:\/\/planbet.promo\/al\/wp-json\/wp\/v2\/pages"}],"about":[{"href":"https:\/\/planbet.promo\/al\/wp-json\/wp\/v2\/types\/page"}],"author":[{"embeddable":true,"href":"https:\/\/planbet.promo\/al\/wp-json\/wp\/v2\/users\/1"}],"replies":[{"embeddable":true,"href":"https:\/\/planbet.promo\/al\/wp-json\/wp\/v2\/comments?post=270"}],"version-history":[{"count":9,"href":"https:\/\/planbet.promo\/al\/wp-json\/wp\/v2\/pages\/270\/revisions"}],"predecessor-version":[{"id":842,"href":"https:\/\/planbet.promo\/al\/wp-json\/wp\/v2\/pages\/270\/revisions\/842"}],"wp:attachment":[{"href":"https:\/\/planbet.promo\/al\/wp-json\/wp\/v2\/media?parent=270"}],"curies":[{"name":"wp","href":"https:\/\/api.w.org\/{rel}","templated":true}]}}