{"id":285,"date":"2024-05-28T12:38:21","date_gmt":"2024-05-28T12:38:21","guid":{"rendered":"https:\/\/betwinner.team\/?page_id=285"},"modified":"2025-09-23T16:40:09","modified_gmt":"2025-09-23T16:40:09","slug":"app","status":"publish","type":"page","link":"https:\/\/planbet.promo\/al\/app\/","title":{"rendered":"Aplikacion"},"content":{"rendered":"","protected":false},"excerpt":{"rendered":"","protected":false},"author":1,"featured_media":0,"parent":0,"menu_order":0,"comment_status":"closed","ping_status":"closed","template":"","meta":{"footnotes":""},"class_list":["post-285","page","type-page","status-publish","hentry"],"yoast_head":"<!-- This site is optimized with the Yoast SEO plugin v26.2 - https:\/\/yoast.com\/wordpress\/plugins\/seo\/ -->\n<title>PlanBet Mobile p\u00ebr Android ose iOS \u2705 Shkarkoni aplikacionin PlanBet<\/title>\n<meta name=\"description\" content=\"Shkarkoni aplikacionin PlanBet n\u00eb pajisjen tuaj mobile dhe filloni t\u00eb vendosni baste me PlanBet! \u2713 Versioni mobil i PlanBet ofron shum\u00ebllojshm\u00ebrin\u00eb m\u00eb t\u00eb gjer\u00eb t\u00eb loj\u00ebrave dhe opsioneve t\u00eb basteve sportive\" \/>\n<meta name=\"robots\" content=\"index, follow, max-snippet:-1, max-image-preview:large, max-video-preview:-1\" \/>\n<meta property=\"og:locale\" content=\"sq_AL\" \/>\n<meta property=\"og:type\" content=\"article\" \/>\n<meta property=\"og:title\" content=\"PlanBet Mobile p\u00ebr Android ose iOS \u2705 Shkarkoni aplikacionin PlanBet\" \/>\n<meta property=\"og:description\" content=\"Shkarkoni aplikacionin PlanBet n\u00eb pajisjen tuaj mobile dhe filloni t\u00eb vendosni baste me PlanBet! \u2713 Versioni mobil i PlanBet ofron shum\u00ebllojshm\u00ebrin\u00eb m\u00eb t\u00eb gjer\u00eb t\u00eb loj\u00ebrave dhe opsioneve t\u00eb basteve sportive\" \/>\n<meta property=\"og:url\" content=\"https:\/\/planbet.promo\/al\/app\/\" \/>\n<meta property=\"og:site_name\" content=\"Planbet Promo AL\" \/>\n<meta property=\"article:modified_time\" content=\"2025-09-23T16:40:09+00:00\" \/>\n<meta name=\"twitter:card\" content=\"summary_large_image\" \/>\n<script type=\"application\/ld+json\" class=\"yoast-schema-graph\">{\"@context\":\"https:\/\/schema.org\",\"@graph\":[{\"@type\":\"WebPage\",\"@id\":\"https:\/\/planbet.promo\/al\/app\/\",\"url\":\"https:\/\/planbet.promo\/al\/app\/\",\"name\":\"PlanBet Mobile p\u00ebr Android ose iOS \u2705 Shkarkoni aplikacionin PlanBet\",\"isPartOf\":{\"@id\":\"https:\/\/planbet.promo\/al\/#website\"},\"datePublished\":\"2024-05-28T12:38:21+00:00\",\"dateModified\":\"2025-09-23T16:40:09+00:00\",\"description\":\"Shkarkoni aplikacionin PlanBet n\u00eb pajisjen tuaj mobile dhe filloni t\u00eb vendosni baste me PlanBet! \u2713 Versioni mobil i PlanBet ofron shum\u00ebllojshm\u00ebrin\u00eb m\u00eb t\u00eb gjer\u00eb t\u00eb loj\u00ebrave dhe opsioneve t\u00eb basteve sportive\",\"breadcrumb\":{\"@id\":\"https:\/\/planbet.promo\/al\/app\/#breadcrumb\"},\"inLanguage\":\"sq\",\"potentialAction\":[{\"@type\":\"ReadAction\",\"target\":[\"https:\/\/planbet.promo\/al\/app\/\"]}]},{\"@type\":\"BreadcrumbList\",\"@id\":\"https:\/\/planbet.promo\/al\/app\/#breadcrumb\",\"itemListElement\":[{\"@type\":\"ListItem\",\"position\":1,\"name\":\"Home\",\"item\":\"https:\/\/planbet.promo\/al\/\"},{\"@type\":\"ListItem\",\"position\":2,\"name\":\"Aplikacion\"}]},{\"@type\":\"WebSite\",\"@id\":\"https:\/\/planbet.promo\/al\/#website\",\"url\":\"https:\/\/planbet.promo\/al\/\",\"name\":\"Planbet Promo AL\",\"description\":\"My WordPress Blog\",\"potentialAction\":[{\"@type\":\"SearchAction\",\"target\":{\"@type\":\"EntryPoint\",\"urlTemplate\":\"https:\/\/planbet.promo\/al\/?s={search_term_string}\"},\"query-input\":{\"@type\":\"PropertyValueSpecification\",\"valueRequired\":true,\"valueName\":\"search_term_string\"}}],\"inLanguage\":\"sq\"}]}<\/script>\n<!-- \/ Yoast SEO plugin. -->","yoast_head_json":{"title":"PlanBet Mobile p\u00ebr Android ose iOS \u2705 Shkarkoni aplikacionin PlanBet","description":"Shkarkoni aplikacionin PlanBet n\u00eb pajisjen tuaj mobile dhe filloni t\u00eb vendosni baste me PlanBet! \u2713 Versioni mobil i PlanBet ofron shum\u00ebllojshm\u00ebrin\u00eb m\u00eb t\u00eb gjer\u00eb t\u00eb loj\u00ebrave dhe opsioneve t\u00eb basteve sportive","robots":{"index":"index","follow":"follow","max-snippet":"max-snippet:-1","max-image-preview":"max-image-preview:large","max-video-preview":"max-video-preview:-1"},"og_locale":"sq_AL","og_type":"article","og_title":"PlanBet Mobile p\u00ebr Android ose iOS \u2705 Shkarkoni aplikacionin PlanBet","og_description":"Shkarkoni aplikacionin PlanBet n\u00eb pajisjen tuaj mobile dhe filloni t\u00eb vendosni baste me PlanBet! \u2713 Versioni mobil i PlanBet ofron shum\u00ebllojshm\u00ebrin\u00eb m\u00eb t\u00eb gjer\u00eb t\u00eb loj\u00ebrave dhe opsioneve t\u00eb basteve sportive","og_url":"https:\/\/planbet.promo\/al\/app\/","og_site_name":"Planbet Promo AL","article_modified_time":"2025-09-23T16:40:09+00:00","twitter_card":"summary_large_image","schema":{"@context":"https:\/\/schema.org","@graph":[{"@type":"WebPage","@id":"https:\/\/planbet.promo\/al\/app\/","url":"https:\/\/planbet.promo\/al\/app\/","name":"PlanBet Mobile p\u00ebr Android ose iOS \u2705 Shkarkoni aplikacionin PlanBet","isPartOf":{"@id":"https:\/\/planbet.promo\/al\/#website"},"datePublished":"2024-05-28T12:38:21+00:00","dateModified":"2025-09-23T16:40:09+00:00","description":"Shkarkoni aplikacionin PlanBet n\u00eb pajisjen tuaj mobile dhe filloni t\u00eb vendosni baste me PlanBet! \u2713 Versioni mobil i PlanBet ofron shum\u00ebllojshm\u00ebrin\u00eb m\u00eb t\u00eb gjer\u00eb t\u00eb loj\u00ebrave dhe opsioneve t\u00eb basteve sportive","breadcrumb":{"@id":"https:\/\/planbet.promo\/al\/app\/#breadcrumb"},"inLanguage":"sq","potentialAction":[{"@type":"ReadAction","target":["https:\/\/planbet.promo\/al\/app\/"]}]},{"@type":"BreadcrumbList","@id":"https:\/\/planbet.promo\/al\/app\/#breadcrumb","itemListElement":[{"@type":"ListItem","position":1,"name":"Home","item":"https:\/\/planbet.promo\/al\/"},{"@type":"ListItem","position":2,"name":"Aplikacion"}]},{"@type":"WebSite","@id":"https:\/\/planbet.promo\/al\/#website","url":"https:\/\/planbet.promo\/al\/","name":"Planbet Promo AL","description":"My WordPress Blog","potentialAction":[{"@type":"SearchAction","target":{"@type":"EntryPoint","urlTemplate":"https:\/\/planbet.promo\/al\/?s={search_term_string}"},"query-input":{"@type":"PropertyValueSpecification","valueRequired":true,"valueName":"search_term_string"}}],"inLanguage":"sq"}]}},"_links":{"self":[{"href":"https:\/\/planbet.promo\/al\/wp-json\/wp\/v2\/pages\/285","targetHints":{"allow":["GET"]}}],"collection":[{"href":"https:\/\/planbet.promo\/al\/wp-json\/wp\/v2\/pages"}],"about":[{"href":"https:\/\/planbet.promo\/al\/wp-json\/wp\/v2\/types\/page"}],"author":[{"embeddable":true,"href":"https:\/\/planbet.promo\/al\/wp-json\/wp\/v2\/users\/1"}],"replies":[{"embeddable":true,"href":"https:\/\/planbet.promo\/al\/wp-json\/wp\/v2\/comments?post=285"}],"version-history":[{"count":6,"href":"https:\/\/planbet.promo\/al\/wp-json\/wp\/v2\/pages\/285\/revisions"}],"predecessor-version":[{"id":819,"href":"https:\/\/planbet.promo\/al\/wp-json\/wp\/v2\/pages\/285\/revisions\/819"}],"wp:attachment":[{"href":"https:\/\/planbet.promo\/al\/wp-json\/wp\/v2\/media?parent=285"}],"curies":[{"name":"wp","href":"https:\/\/api.w.org\/{rel}","templated":true}]}}