{"id":359,"date":"2024-09-24T06:52:08","date_gmt":"2024-09-24T06:52:08","guid":{"rendered":"https:\/\/betwinner.team\/?page_id=359"},"modified":"2025-09-23T16:24:23","modified_gmt":"2025-09-23T16:24:23","slug":"apk","status":"publish","type":"page","link":"https:\/\/planbet.promo\/al\/apk\/","title":{"rendered":"Apk"},"content":{"rendered":"","protected":false},"excerpt":{"rendered":"","protected":false},"author":1,"featured_media":0,"parent":0,"menu_order":0,"comment_status":"closed","ping_status":"closed","template":"","meta":{"footnotes":""},"class_list":["post-359","page","type-page","status-publish","hentry"],"yoast_head":"<!-- This site is optimized with the Yoast SEO plugin v26.2 - https:\/\/yoast.com\/wordpress\/plugins\/seo\/ -->\n<title>PlanBet Apk p\u00ebr Android \u2705Shkarko Falas<\/title>\n<meta name=\"description\" content=\"Shkarkoni PlanBet Apk p\u00ebr t\u00eb shijuar sporte, kazino dhe baste live n\u00eb telefonin tuaj. Si t\u00eb instaloni PlanBet APK zyrtar p\u00ebr celular p\u00ebr Android dhe iOS. Duke eksploruar funksionet dhe avantazhet kryesore t\u00eb PlanBet apk.\" \/>\n<meta name=\"robots\" content=\"index, follow, max-snippet:-1, max-image-preview:large, max-video-preview:-1\" \/>\n<meta property=\"og:locale\" content=\"sq_AL\" \/>\n<meta property=\"og:type\" content=\"article\" \/>\n<meta property=\"og:title\" content=\"PlanBet Apk p\u00ebr Android \u2705Shkarko Falas\" \/>\n<meta property=\"og:description\" content=\"Shkarkoni PlanBet Apk p\u00ebr t\u00eb shijuar sporte, kazino dhe baste live n\u00eb telefonin tuaj. Si t\u00eb instaloni PlanBet APK zyrtar p\u00ebr celular p\u00ebr Android dhe iOS. Duke eksploruar funksionet dhe avantazhet kryesore t\u00eb PlanBet apk.\" \/>\n<meta property=\"og:url\" content=\"https:\/\/planbet.promo\/al\/apk\/\" \/>\n<meta property=\"og:site_name\" content=\"Planbet Promo AL\" \/>\n<meta property=\"article:modified_time\" content=\"2025-09-23T16:24:23+00:00\" \/>\n<meta name=\"twitter:card\" content=\"summary_large_image\" \/>\n<script type=\"application\/ld+json\" class=\"yoast-schema-graph\">{\"@context\":\"https:\/\/schema.org\",\"@graph\":[{\"@type\":\"WebPage\",\"@id\":\"https:\/\/planbet.promo\/al\/apk\/\",\"url\":\"https:\/\/planbet.promo\/al\/apk\/\",\"name\":\"PlanBet Apk p\u00ebr Android \u2705Shkarko Falas\",\"isPartOf\":{\"@id\":\"https:\/\/planbet.promo\/al\/#website\"},\"datePublished\":\"2024-09-24T06:52:08+00:00\",\"dateModified\":\"2025-09-23T16:24:23+00:00\",\"description\":\"Shkarkoni PlanBet Apk p\u00ebr t\u00eb shijuar sporte, kazino dhe baste live n\u00eb telefonin tuaj. Si t\u00eb instaloni PlanBet APK zyrtar p\u00ebr celular p\u00ebr Android dhe iOS. Duke eksploruar funksionet dhe avantazhet kryesore t\u00eb PlanBet apk.\",\"breadcrumb\":{\"@id\":\"https:\/\/planbet.promo\/al\/apk\/#breadcrumb\"},\"inLanguage\":\"sq\",\"potentialAction\":[{\"@type\":\"ReadAction\",\"target\":[\"https:\/\/planbet.promo\/al\/apk\/\"]}]},{\"@type\":\"BreadcrumbList\",\"@id\":\"https:\/\/planbet.promo\/al\/apk\/#breadcrumb\",\"itemListElement\":[{\"@type\":\"ListItem\",\"position\":1,\"name\":\"Home\",\"item\":\"https:\/\/planbet.promo\/al\/\"},{\"@type\":\"ListItem\",\"position\":2,\"name\":\"Apk\"}]},{\"@type\":\"WebSite\",\"@id\":\"https:\/\/planbet.promo\/al\/#website\",\"url\":\"https:\/\/planbet.promo\/al\/\",\"name\":\"Planbet Promo AL\",\"description\":\"My WordPress Blog\",\"potentialAction\":[{\"@type\":\"SearchAction\",\"target\":{\"@type\":\"EntryPoint\",\"urlTemplate\":\"https:\/\/planbet.promo\/al\/?s={search_term_string}\"},\"query-input\":{\"@type\":\"PropertyValueSpecification\",\"valueRequired\":true,\"valueName\":\"search_term_string\"}}],\"inLanguage\":\"sq\"}]}<\/script>\n<!-- \/ Yoast SEO plugin. -->","yoast_head_json":{"title":"PlanBet Apk p\u00ebr Android \u2705Shkarko Falas","description":"Shkarkoni PlanBet Apk p\u00ebr t\u00eb shijuar sporte, kazino dhe baste live n\u00eb telefonin tuaj. Si t\u00eb instaloni PlanBet APK zyrtar p\u00ebr celular p\u00ebr Android dhe iOS. Duke eksploruar funksionet dhe avantazhet kryesore t\u00eb PlanBet apk.","robots":{"index":"index","follow":"follow","max-snippet":"max-snippet:-1","max-image-preview":"max-image-preview:large","max-video-preview":"max-video-preview:-1"},"og_locale":"sq_AL","og_type":"article","og_title":"PlanBet Apk p\u00ebr Android \u2705Shkarko Falas","og_description":"Shkarkoni PlanBet Apk p\u00ebr t\u00eb shijuar sporte, kazino dhe baste live n\u00eb telefonin tuaj. Si t\u00eb instaloni PlanBet APK zyrtar p\u00ebr celular p\u00ebr Android dhe iOS. Duke eksploruar funksionet dhe avantazhet kryesore t\u00eb PlanBet apk.","og_url":"https:\/\/planbet.promo\/al\/apk\/","og_site_name":"Planbet Promo AL","article_modified_time":"2025-09-23T16:24:23+00:00","twitter_card":"summary_large_image","schema":{"@context":"https:\/\/schema.org","@graph":[{"@type":"WebPage","@id":"https:\/\/planbet.promo\/al\/apk\/","url":"https:\/\/planbet.promo\/al\/apk\/","name":"PlanBet Apk p\u00ebr Android \u2705Shkarko Falas","isPartOf":{"@id":"https:\/\/planbet.promo\/al\/#website"},"datePublished":"2024-09-24T06:52:08+00:00","dateModified":"2025-09-23T16:24:23+00:00","description":"Shkarkoni PlanBet Apk p\u00ebr t\u00eb shijuar sporte, kazino dhe baste live n\u00eb telefonin tuaj. Si t\u00eb instaloni PlanBet APK zyrtar p\u00ebr celular p\u00ebr Android dhe iOS. Duke eksploruar funksionet dhe avantazhet kryesore t\u00eb PlanBet apk.","breadcrumb":{"@id":"https:\/\/planbet.promo\/al\/apk\/#breadcrumb"},"inLanguage":"sq","potentialAction":[{"@type":"ReadAction","target":["https:\/\/planbet.promo\/al\/apk\/"]}]},{"@type":"BreadcrumbList","@id":"https:\/\/planbet.promo\/al\/apk\/#breadcrumb","itemListElement":[{"@type":"ListItem","position":1,"name":"Home","item":"https:\/\/planbet.promo\/al\/"},{"@type":"ListItem","position":2,"name":"Apk"}]},{"@type":"WebSite","@id":"https:\/\/planbet.promo\/al\/#website","url":"https:\/\/planbet.promo\/al\/","name":"Planbet Promo AL","description":"My WordPress Blog","potentialAction":[{"@type":"SearchAction","target":{"@type":"EntryPoint","urlTemplate":"https:\/\/planbet.promo\/al\/?s={search_term_string}"},"query-input":{"@type":"PropertyValueSpecification","valueRequired":true,"valueName":"search_term_string"}}],"inLanguage":"sq"}]}},"_links":{"self":[{"href":"https:\/\/planbet.promo\/al\/wp-json\/wp\/v2\/pages\/359","targetHints":{"allow":["GET"]}}],"collection":[{"href":"https:\/\/planbet.promo\/al\/wp-json\/wp\/v2\/pages"}],"about":[{"href":"https:\/\/planbet.promo\/al\/wp-json\/wp\/v2\/types\/page"}],"author":[{"embeddable":true,"href":"https:\/\/planbet.promo\/al\/wp-json\/wp\/v2\/users\/1"}],"replies":[{"embeddable":true,"href":"https:\/\/planbet.promo\/al\/wp-json\/wp\/v2\/comments?post=359"}],"version-history":[{"count":5,"href":"https:\/\/planbet.promo\/al\/wp-json\/wp\/v2\/pages\/359\/revisions"}],"predecessor-version":[{"id":818,"href":"https:\/\/planbet.promo\/al\/wp-json\/wp\/v2\/pages\/359\/revisions\/818"}],"wp:attachment":[{"href":"https:\/\/planbet.promo\/al\/wp-json\/wp\/v2\/media?parent=359"}],"curies":[{"name":"wp","href":"https:\/\/api.w.org\/{rel}","templated":true}]}}