{"id":462,"date":"2025-05-21T08:41:58","date_gmt":"2025-05-21T08:41:58","guid":{"rendered":"https:\/\/betwinner.team\/?page_id=462"},"modified":"2025-09-23T18:25:04","modified_gmt":"2025-09-23T18:25:04","slug":"first-deposit","status":"publish","type":"page","link":"https:\/\/planbet.promo\/al\/bonus\/first-deposit\/","title":{"rendered":"Bonus mir\u00ebseardhjeje"},"content":{"rendered":"","protected":false},"excerpt":{"rendered":"","protected":false},"author":1,"featured_media":0,"parent":152,"menu_order":0,"comment_status":"closed","ping_status":"closed","template":"","meta":{"footnotes":""},"class_list":["post-462","page","type-page","status-publish","hentry"],"yoast_head":"<!-- This site is optimized with the Yoast SEO plugin v26.2 - https:\/\/yoast.com\/wordpress\/plugins\/seo\/ -->\n<title>Bonus 100% i Depozit\u00ebs s\u00eb Par\u00eb n\u00eb PlanBet \u1409 Merrni deri n\u00eb 11000 lek\u00eb!<\/title>\n<meta name=\"description\" content=\"Regjistrohuni n\u00eb PlanBet dhe merrni nj\u00eb bonus 100% n\u00eb depozit\u00ebn tuaj t\u00eb par\u00eb deri n\u00eb 11000 lek\u00eb! Dyfishoni bilancin tuaj dhe provoni fatin tuaj! Mos e humbisni mund\u00ebsin\u00eb p\u00ebr t\u00eb marr\u00eb nj\u00eb ofert\u00eb t\u00eb favorshme - filloni t\u00eb fitoni q\u00eb nga depozita juaj e par\u00eb!\" \/>\n<meta name=\"robots\" content=\"index, follow, max-snippet:-1, max-image-preview:large, max-video-preview:-1\" \/>\n<meta property=\"og:locale\" content=\"sq_AL\" \/>\n<meta property=\"og:type\" content=\"article\" \/>\n<meta property=\"og:title\" content=\"Bonus 100% i Depozit\u00ebs s\u00eb Par\u00eb n\u00eb PlanBet \u1409 Merrni deri n\u00eb 11000 lek\u00eb!\" \/>\n<meta property=\"og:description\" content=\"Regjistrohuni n\u00eb PlanBet dhe merrni nj\u00eb bonus 100% n\u00eb depozit\u00ebn tuaj t\u00eb par\u00eb deri n\u00eb 11000 lek\u00eb! Dyfishoni bilancin tuaj dhe provoni fatin tuaj! Mos e humbisni mund\u00ebsin\u00eb p\u00ebr t\u00eb marr\u00eb nj\u00eb ofert\u00eb t\u00eb favorshme - filloni t\u00eb fitoni q\u00eb nga depozita juaj e par\u00eb!\" \/>\n<meta property=\"og:url\" content=\"https:\/\/planbet.promo\/al\/bonus\/first-deposit\/\" \/>\n<meta property=\"og:site_name\" content=\"Planbet Promo AL\" \/>\n<meta property=\"article:modified_time\" content=\"2025-09-23T18:25:04+00:00\" \/>\n<meta name=\"twitter:card\" content=\"summary_large_image\" \/>\n<script type=\"application\/ld+json\" class=\"yoast-schema-graph\">{\"@context\":\"https:\/\/schema.org\",\"@graph\":[{\"@type\":\"WebPage\",\"@id\":\"https:\/\/planbet.promo\/al\/bonus\/first-deposit\/\",\"url\":\"https:\/\/planbet.promo\/al\/bonus\/first-deposit\/\",\"name\":\"Bonus 100% i Depozit\u00ebs s\u00eb Par\u00eb n\u00eb PlanBet \u1409 Merrni deri n\u00eb 11000 lek\u00eb!\",\"isPartOf\":{\"@id\":\"https:\/\/planbet.promo\/al\/#website\"},\"datePublished\":\"2025-05-21T08:41:58+00:00\",\"dateModified\":\"2025-09-23T18:25:04+00:00\",\"description\":\"Regjistrohuni n\u00eb PlanBet dhe merrni nj\u00eb bonus 100% n\u00eb depozit\u00ebn tuaj t\u00eb par\u00eb deri n\u00eb 11000 lek\u00eb! Dyfishoni bilancin tuaj dhe provoni fatin tuaj! Mos e humbisni mund\u00ebsin\u00eb p\u00ebr t\u00eb marr\u00eb nj\u00eb ofert\u00eb t\u00eb favorshme - filloni t\u00eb fitoni q\u00eb nga depozita juaj e par\u00eb!\",\"breadcrumb\":{\"@id\":\"https:\/\/planbet.promo\/al\/bonus\/first-deposit\/#breadcrumb\"},\"inLanguage\":\"sq\",\"potentialAction\":[{\"@type\":\"ReadAction\",\"target\":[\"https:\/\/planbet.promo\/al\/bonus\/first-deposit\/\"]}]},{\"@type\":\"BreadcrumbList\",\"@id\":\"https:\/\/planbet.promo\/al\/bonus\/first-deposit\/#breadcrumb\",\"itemListElement\":[{\"@type\":\"ListItem\",\"position\":1,\"name\":\"Home\",\"item\":\"https:\/\/planbet.promo\/al\/\"},{\"@type\":\"ListItem\",\"position\":2,\"name\":\"Bonus\",\"item\":\"https:\/\/planbet.promo\/al\/bonus\/\"},{\"@type\":\"ListItem\",\"position\":3,\"name\":\"Bonus mir\u00ebseardhjeje\"}]},{\"@type\":\"WebSite\",\"@id\":\"https:\/\/planbet.promo\/al\/#website\",\"url\":\"https:\/\/planbet.promo\/al\/\",\"name\":\"Planbet Promo AL\",\"description\":\"My WordPress Blog\",\"potentialAction\":[{\"@type\":\"SearchAction\",\"target\":{\"@type\":\"EntryPoint\",\"urlTemplate\":\"https:\/\/planbet.promo\/al\/?s={search_term_string}\"},\"query-input\":{\"@type\":\"PropertyValueSpecification\",\"valueRequired\":true,\"valueName\":\"search_term_string\"}}],\"inLanguage\":\"sq\"}]}<\/script>\n<!-- \/ Yoast SEO plugin. -->","yoast_head_json":{"title":"Bonus 100% i Depozit\u00ebs s\u00eb Par\u00eb n\u00eb PlanBet \u1409 Merrni deri n\u00eb 11000 lek\u00eb!","description":"Regjistrohuni n\u00eb PlanBet dhe merrni nj\u00eb bonus 100% n\u00eb depozit\u00ebn tuaj t\u00eb par\u00eb deri n\u00eb 11000 lek\u00eb! Dyfishoni bilancin tuaj dhe provoni fatin tuaj! Mos e humbisni mund\u00ebsin\u00eb p\u00ebr t\u00eb marr\u00eb nj\u00eb ofert\u00eb t\u00eb favorshme - filloni t\u00eb fitoni q\u00eb nga depozita juaj e par\u00eb!","robots":{"index":"index","follow":"follow","max-snippet":"max-snippet:-1","max-image-preview":"max-image-preview:large","max-video-preview":"max-video-preview:-1"},"og_locale":"sq_AL","og_type":"article","og_title":"Bonus 100% i Depozit\u00ebs s\u00eb Par\u00eb n\u00eb PlanBet \u1409 Merrni deri n\u00eb 11000 lek\u00eb!","og_description":"Regjistrohuni n\u00eb PlanBet dhe merrni nj\u00eb bonus 100% n\u00eb depozit\u00ebn tuaj t\u00eb par\u00eb deri n\u00eb 11000 lek\u00eb! Dyfishoni bilancin tuaj dhe provoni fatin tuaj! Mos e humbisni mund\u00ebsin\u00eb p\u00ebr t\u00eb marr\u00eb nj\u00eb ofert\u00eb t\u00eb favorshme - filloni t\u00eb fitoni q\u00eb nga depozita juaj e par\u00eb!","og_url":"https:\/\/planbet.promo\/al\/bonus\/first-deposit\/","og_site_name":"Planbet Promo AL","article_modified_time":"2025-09-23T18:25:04+00:00","twitter_card":"summary_large_image","schema":{"@context":"https:\/\/schema.org","@graph":[{"@type":"WebPage","@id":"https:\/\/planbet.promo\/al\/bonus\/first-deposit\/","url":"https:\/\/planbet.promo\/al\/bonus\/first-deposit\/","name":"Bonus 100% i Depozit\u00ebs s\u00eb Par\u00eb n\u00eb PlanBet \u1409 Merrni deri n\u00eb 11000 lek\u00eb!","isPartOf":{"@id":"https:\/\/planbet.promo\/al\/#website"},"datePublished":"2025-05-21T08:41:58+00:00","dateModified":"2025-09-23T18:25:04+00:00","description":"Regjistrohuni n\u00eb PlanBet dhe merrni nj\u00eb bonus 100% n\u00eb depozit\u00ebn tuaj t\u00eb par\u00eb deri n\u00eb 11000 lek\u00eb! Dyfishoni bilancin tuaj dhe provoni fatin tuaj! Mos e humbisni mund\u00ebsin\u00eb p\u00ebr t\u00eb marr\u00eb nj\u00eb ofert\u00eb t\u00eb favorshme - filloni t\u00eb fitoni q\u00eb nga depozita juaj e par\u00eb!","breadcrumb":{"@id":"https:\/\/planbet.promo\/al\/bonus\/first-deposit\/#breadcrumb"},"inLanguage":"sq","potentialAction":[{"@type":"ReadAction","target":["https:\/\/planbet.promo\/al\/bonus\/first-deposit\/"]}]},{"@type":"BreadcrumbList","@id":"https:\/\/planbet.promo\/al\/bonus\/first-deposit\/#breadcrumb","itemListElement":[{"@type":"ListItem","position":1,"name":"Home","item":"https:\/\/planbet.promo\/al\/"},{"@type":"ListItem","position":2,"name":"Bonus","item":"https:\/\/planbet.promo\/al\/bonus\/"},{"@type":"ListItem","position":3,"name":"Bonus mir\u00ebseardhjeje"}]},{"@type":"WebSite","@id":"https:\/\/planbet.promo\/al\/#website","url":"https:\/\/planbet.promo\/al\/","name":"Planbet Promo AL","description":"My WordPress Blog","potentialAction":[{"@type":"SearchAction","target":{"@type":"EntryPoint","urlTemplate":"https:\/\/planbet.promo\/al\/?s={search_term_string}"},"query-input":{"@type":"PropertyValueSpecification","valueRequired":true,"valueName":"search_term_string"}}],"inLanguage":"sq"}]}},"_links":{"self":[{"href":"https:\/\/planbet.promo\/al\/wp-json\/wp\/v2\/pages\/462","targetHints":{"allow":["GET"]}}],"collection":[{"href":"https:\/\/planbet.promo\/al\/wp-json\/wp\/v2\/pages"}],"about":[{"href":"https:\/\/planbet.promo\/al\/wp-json\/wp\/v2\/types\/page"}],"author":[{"embeddable":true,"href":"https:\/\/planbet.promo\/al\/wp-json\/wp\/v2\/users\/1"}],"replies":[{"embeddable":true,"href":"https:\/\/planbet.promo\/al\/wp-json\/wp\/v2\/comments?post=462"}],"version-history":[{"count":5,"href":"https:\/\/planbet.promo\/al\/wp-json\/wp\/v2\/pages\/462\/revisions"}],"predecessor-version":[{"id":829,"href":"https:\/\/planbet.promo\/al\/wp-json\/wp\/v2\/pages\/462\/revisions\/829"}],"up":[{"embeddable":true,"href":"https:\/\/planbet.promo\/al\/wp-json\/wp\/v2\/pages\/152"}],"wp:attachment":[{"href":"https:\/\/planbet.promo\/al\/wp-json\/wp\/v2\/media?parent=462"}],"curies":[{"name":"wp","href":"https:\/\/api.w.org\/{rel}","templated":true}]}}