{"id":504,"date":"2025-05-21T13:06:32","date_gmt":"2025-05-21T13:06:32","guid":{"rendered":"https:\/\/betwinner.team\/?page_id=504"},"modified":"2025-09-23T18:21:32","modified_gmt":"2025-09-23T18:21:32","slug":"ten-deposit","status":"publish","type":"page","link":"https:\/\/planbet.promo\/al\/bonus\/ten-deposit\/","title":{"rendered":"Depozit\u00eb Dhjet\u00eb"},"content":{"rendered":"","protected":false},"excerpt":{"rendered":"","protected":false},"author":1,"featured_media":0,"parent":152,"menu_order":0,"comment_status":"closed","ping_status":"closed","template":"","meta":{"footnotes":""},"class_list":["post-504","page","type-page","status-publish","hentry"],"yoast_head":"<!-- This site is optimized with the Yoast SEO plugin v26.2 - https:\/\/yoast.com\/wordpress\/plugins\/seo\/ -->\n<title>Bonus p\u00ebr depozit\u00ebn e 10-t\u00eb n\u00eb PlanBet Casino: 50% + 100 FS<\/title>\n<meta name=\"description\" content=\"Merrni nj\u00eb bonus prej 50% n\u00eb depozit\u00ebn tuaj t\u00eb dhjet\u00eb deri n\u00eb 30000 lek\u00eb dhe 100 rrotullime falas! Thjesht depozitoni 1000 lek\u00eb dhe dhuratat jan\u00eb tuajat! Mos e humbisni shansin tuaj p\u00ebr mega-fitore, ndiqni rregullat e thjeshta dhe luani shum\u00eb!\" \/>\n<meta name=\"robots\" content=\"index, follow, max-snippet:-1, max-image-preview:large, max-video-preview:-1\" \/>\n<meta property=\"og:locale\" content=\"sq_AL\" \/>\n<meta property=\"og:type\" content=\"article\" \/>\n<meta property=\"og:title\" content=\"Bonus p\u00ebr depozit\u00ebn e 10-t\u00eb n\u00eb PlanBet Casino: 50% + 100 FS\" \/>\n<meta property=\"og:description\" content=\"Merrni nj\u00eb bonus prej 50% n\u00eb depozit\u00ebn tuaj t\u00eb dhjet\u00eb deri n\u00eb 30000 lek\u00eb dhe 100 rrotullime falas! Thjesht depozitoni 1000 lek\u00eb dhe dhuratat jan\u00eb tuajat! Mos e humbisni shansin tuaj p\u00ebr mega-fitore, ndiqni rregullat e thjeshta dhe luani shum\u00eb!\" \/>\n<meta property=\"og:url\" content=\"https:\/\/planbet.promo\/al\/bonus\/ten-deposit\/\" \/>\n<meta property=\"og:site_name\" content=\"Planbet Promo AL\" \/>\n<meta property=\"article:modified_time\" content=\"2025-09-23T18:21:32+00:00\" \/>\n<meta name=\"twitter:card\" content=\"summary_large_image\" \/>\n<script type=\"application\/ld+json\" class=\"yoast-schema-graph\">{\"@context\":\"https:\/\/schema.org\",\"@graph\":[{\"@type\":\"WebPage\",\"@id\":\"https:\/\/planbet.promo\/al\/bonus\/ten-deposit\/\",\"url\":\"https:\/\/planbet.promo\/al\/bonus\/ten-deposit\/\",\"name\":\"Bonus p\u00ebr depozit\u00ebn e 10-t\u00eb n\u00eb PlanBet Casino: 50% + 100 FS\",\"isPartOf\":{\"@id\":\"https:\/\/planbet.promo\/al\/#website\"},\"datePublished\":\"2025-05-21T13:06:32+00:00\",\"dateModified\":\"2025-09-23T18:21:32+00:00\",\"description\":\"Merrni nj\u00eb bonus prej 50% n\u00eb depozit\u00ebn tuaj t\u00eb dhjet\u00eb deri n\u00eb 30000 lek\u00eb dhe 100 rrotullime falas! Thjesht depozitoni 1000 lek\u00eb dhe dhuratat jan\u00eb tuajat! Mos e humbisni shansin tuaj p\u00ebr mega-fitore, ndiqni rregullat e thjeshta dhe luani shum\u00eb!\",\"breadcrumb\":{\"@id\":\"https:\/\/planbet.promo\/al\/bonus\/ten-deposit\/#breadcrumb\"},\"inLanguage\":\"sq\",\"potentialAction\":[{\"@type\":\"ReadAction\",\"target\":[\"https:\/\/planbet.promo\/al\/bonus\/ten-deposit\/\"]}]},{\"@type\":\"BreadcrumbList\",\"@id\":\"https:\/\/planbet.promo\/al\/bonus\/ten-deposit\/#breadcrumb\",\"itemListElement\":[{\"@type\":\"ListItem\",\"position\":1,\"name\":\"Home\",\"item\":\"https:\/\/planbet.promo\/al\/\"},{\"@type\":\"ListItem\",\"position\":2,\"name\":\"Bonus\",\"item\":\"https:\/\/planbet.promo\/al\/bonus\/\"},{\"@type\":\"ListItem\",\"position\":3,\"name\":\"Depozit\u00eb Dhjet\u00eb\"}]},{\"@type\":\"WebSite\",\"@id\":\"https:\/\/planbet.promo\/al\/#website\",\"url\":\"https:\/\/planbet.promo\/al\/\",\"name\":\"Planbet Promo AL\",\"description\":\"My WordPress Blog\",\"potentialAction\":[{\"@type\":\"SearchAction\",\"target\":{\"@type\":\"EntryPoint\",\"urlTemplate\":\"https:\/\/planbet.promo\/al\/?s={search_term_string}\"},\"query-input\":{\"@type\":\"PropertyValueSpecification\",\"valueRequired\":true,\"valueName\":\"search_term_string\"}}],\"inLanguage\":\"sq\"}]}<\/script>\n<!-- \/ Yoast SEO plugin. -->","yoast_head_json":{"title":"Bonus p\u00ebr depozit\u00ebn e 10-t\u00eb n\u00eb PlanBet Casino: 50% + 100 FS","description":"Merrni nj\u00eb bonus prej 50% n\u00eb depozit\u00ebn tuaj t\u00eb dhjet\u00eb deri n\u00eb 30000 lek\u00eb dhe 100 rrotullime falas! Thjesht depozitoni 1000 lek\u00eb dhe dhuratat jan\u00eb tuajat! Mos e humbisni shansin tuaj p\u00ebr mega-fitore, ndiqni rregullat e thjeshta dhe luani shum\u00eb!","robots":{"index":"index","follow":"follow","max-snippet":"max-snippet:-1","max-image-preview":"max-image-preview:large","max-video-preview":"max-video-preview:-1"},"og_locale":"sq_AL","og_type":"article","og_title":"Bonus p\u00ebr depozit\u00ebn e 10-t\u00eb n\u00eb PlanBet Casino: 50% + 100 FS","og_description":"Merrni nj\u00eb bonus prej 50% n\u00eb depozit\u00ebn tuaj t\u00eb dhjet\u00eb deri n\u00eb 30000 lek\u00eb dhe 100 rrotullime falas! Thjesht depozitoni 1000 lek\u00eb dhe dhuratat jan\u00eb tuajat! Mos e humbisni shansin tuaj p\u00ebr mega-fitore, ndiqni rregullat e thjeshta dhe luani shum\u00eb!","og_url":"https:\/\/planbet.promo\/al\/bonus\/ten-deposit\/","og_site_name":"Planbet Promo AL","article_modified_time":"2025-09-23T18:21:32+00:00","twitter_card":"summary_large_image","schema":{"@context":"https:\/\/schema.org","@graph":[{"@type":"WebPage","@id":"https:\/\/planbet.promo\/al\/bonus\/ten-deposit\/","url":"https:\/\/planbet.promo\/al\/bonus\/ten-deposit\/","name":"Bonus p\u00ebr depozit\u00ebn e 10-t\u00eb n\u00eb PlanBet Casino: 50% + 100 FS","isPartOf":{"@id":"https:\/\/planbet.promo\/al\/#website"},"datePublished":"2025-05-21T13:06:32+00:00","dateModified":"2025-09-23T18:21:32+00:00","description":"Merrni nj\u00eb bonus prej 50% n\u00eb depozit\u00ebn tuaj t\u00eb dhjet\u00eb deri n\u00eb 30000 lek\u00eb dhe 100 rrotullime falas! Thjesht depozitoni 1000 lek\u00eb dhe dhuratat jan\u00eb tuajat! Mos e humbisni shansin tuaj p\u00ebr mega-fitore, ndiqni rregullat e thjeshta dhe luani shum\u00eb!","breadcrumb":{"@id":"https:\/\/planbet.promo\/al\/bonus\/ten-deposit\/#breadcrumb"},"inLanguage":"sq","potentialAction":[{"@type":"ReadAction","target":["https:\/\/planbet.promo\/al\/bonus\/ten-deposit\/"]}]},{"@type":"BreadcrumbList","@id":"https:\/\/planbet.promo\/al\/bonus\/ten-deposit\/#breadcrumb","itemListElement":[{"@type":"ListItem","position":1,"name":"Home","item":"https:\/\/planbet.promo\/al\/"},{"@type":"ListItem","position":2,"name":"Bonus","item":"https:\/\/planbet.promo\/al\/bonus\/"},{"@type":"ListItem","position":3,"name":"Depozit\u00eb Dhjet\u00eb"}]},{"@type":"WebSite","@id":"https:\/\/planbet.promo\/al\/#website","url":"https:\/\/planbet.promo\/al\/","name":"Planbet Promo AL","description":"My WordPress Blog","potentialAction":[{"@type":"SearchAction","target":{"@type":"EntryPoint","urlTemplate":"https:\/\/planbet.promo\/al\/?s={search_term_string}"},"query-input":{"@type":"PropertyValueSpecification","valueRequired":true,"valueName":"search_term_string"}}],"inLanguage":"sq"}]}},"_links":{"self":[{"href":"https:\/\/planbet.promo\/al\/wp-json\/wp\/v2\/pages\/504","targetHints":{"allow":["GET"]}}],"collection":[{"href":"https:\/\/planbet.promo\/al\/wp-json\/wp\/v2\/pages"}],"about":[{"href":"https:\/\/planbet.promo\/al\/wp-json\/wp\/v2\/types\/page"}],"author":[{"embeddable":true,"href":"https:\/\/planbet.promo\/al\/wp-json\/wp\/v2\/users\/1"}],"replies":[{"embeddable":true,"href":"https:\/\/planbet.promo\/al\/wp-json\/wp\/v2\/comments?post=504"}],"version-history":[{"count":4,"href":"https:\/\/planbet.promo\/al\/wp-json\/wp\/v2\/pages\/504\/revisions"}],"predecessor-version":[{"id":827,"href":"https:\/\/planbet.promo\/al\/wp-json\/wp\/v2\/pages\/504\/revisions\/827"}],"up":[{"embeddable":true,"href":"https:\/\/planbet.promo\/al\/wp-json\/wp\/v2\/pages\/152"}],"wp:attachment":[{"href":"https:\/\/planbet.promo\/al\/wp-json\/wp\/v2\/media?parent=504"}],"curies":[{"name":"wp","href":"https:\/\/api.w.org\/{rel}","templated":true}]}}