{"id":510,"date":"2025-05-21T13:31:40","date_gmt":"2025-05-21T13:31:40","guid":{"rendered":"https:\/\/betwinner.team\/?page_id=510"},"modified":"2025-09-23T18:12:40","modified_gmt":"2025-09-23T18:12:40","slug":"big-match","status":"publish","type":"page","link":"https:\/\/planbet.promo\/al\/bonus\/big-match\/","title":{"rendered":"Ndeshje e Madhe"},"content":{"rendered":"","protected":false},"excerpt":{"rendered":"","protected":false},"author":1,"featured_media":0,"parent":152,"menu_order":0,"comment_status":"closed","ping_status":"closed","template":"","meta":{"footnotes":""},"class_list":["post-510","page","type-page","status-publish","hentry"],"yoast_head":"<!-- This site is optimized with the Yoast SEO plugin v26.2 - https:\/\/yoast.com\/wordpress\/plugins\/seo\/ -->\n<title>PlanBet Ndeshje e Madhe \u1409 Merrni nj\u00eb rimbursim prej 1000 lek\u00ebsh kur humbni nj\u00eb bast<\/title>\n<meta name=\"description\" content=\"Vini bast pa frik\u00eb! Merrni pjes\u00eb n\u00eb promocionin e PlanBet &quot;Big Match&quot; dhe merrni deri n\u00eb 1000 lek\u00eb mbrapsht edhe n\u00ebse parashikimi juaj nuk funksionon. T\u00eb luash i sigurt \u00ebsht\u00eb e v\u00ebrtet\u00eb!\" \/>\n<meta name=\"robots\" content=\"index, follow, max-snippet:-1, max-image-preview:large, max-video-preview:-1\" \/>\n<meta property=\"og:locale\" content=\"sq_AL\" \/>\n<meta property=\"og:type\" content=\"article\" \/>\n<meta property=\"og:title\" content=\"PlanBet Ndeshje e Madhe \u1409 Merrni nj\u00eb rimbursim prej 1000 lek\u00ebsh kur humbni nj\u00eb bast\" \/>\n<meta property=\"og:description\" content=\"Vini bast pa frik\u00eb! Merrni pjes\u00eb n\u00eb promocionin e PlanBet &quot;Big Match&quot; dhe merrni deri n\u00eb 1000 lek\u00eb mbrapsht edhe n\u00ebse parashikimi juaj nuk funksionon. T\u00eb luash i sigurt \u00ebsht\u00eb e v\u00ebrtet\u00eb!\" \/>\n<meta property=\"og:url\" content=\"https:\/\/planbet.promo\/al\/bonus\/big-match\/\" \/>\n<meta property=\"og:site_name\" content=\"Planbet Promo AL\" \/>\n<meta property=\"article:modified_time\" content=\"2025-09-23T18:12:40+00:00\" \/>\n<meta name=\"twitter:card\" content=\"summary_large_image\" \/>\n<script type=\"application\/ld+json\" class=\"yoast-schema-graph\">{\"@context\":\"https:\/\/schema.org\",\"@graph\":[{\"@type\":\"WebPage\",\"@id\":\"https:\/\/planbet.promo\/al\/bonus\/big-match\/\",\"url\":\"https:\/\/planbet.promo\/al\/bonus\/big-match\/\",\"name\":\"PlanBet Ndeshje e Madhe \u1409 Merrni nj\u00eb rimbursim prej 1000 lek\u00ebsh kur humbni nj\u00eb bast\",\"isPartOf\":{\"@id\":\"https:\/\/planbet.promo\/al\/#website\"},\"datePublished\":\"2025-05-21T13:31:40+00:00\",\"dateModified\":\"2025-09-23T18:12:40+00:00\",\"description\":\"Vini bast pa frik\u00eb! Merrni pjes\u00eb n\u00eb promocionin e PlanBet \\\"Big Match\\\" dhe merrni deri n\u00eb 1000 lek\u00eb mbrapsht edhe n\u00ebse parashikimi juaj nuk funksionon. T\u00eb luash i sigurt \u00ebsht\u00eb e v\u00ebrtet\u00eb!\",\"breadcrumb\":{\"@id\":\"https:\/\/planbet.promo\/al\/bonus\/big-match\/#breadcrumb\"},\"inLanguage\":\"sq\",\"potentialAction\":[{\"@type\":\"ReadAction\",\"target\":[\"https:\/\/planbet.promo\/al\/bonus\/big-match\/\"]}]},{\"@type\":\"BreadcrumbList\",\"@id\":\"https:\/\/planbet.promo\/al\/bonus\/big-match\/#breadcrumb\",\"itemListElement\":[{\"@type\":\"ListItem\",\"position\":1,\"name\":\"Home\",\"item\":\"https:\/\/planbet.promo\/al\/\"},{\"@type\":\"ListItem\",\"position\":2,\"name\":\"Bonus\",\"item\":\"https:\/\/planbet.promo\/al\/bonus\/\"},{\"@type\":\"ListItem\",\"position\":3,\"name\":\"Ndeshje e Madhe\"}]},{\"@type\":\"WebSite\",\"@id\":\"https:\/\/planbet.promo\/al\/#website\",\"url\":\"https:\/\/planbet.promo\/al\/\",\"name\":\"Planbet Promo AL\",\"description\":\"My WordPress Blog\",\"potentialAction\":[{\"@type\":\"SearchAction\",\"target\":{\"@type\":\"EntryPoint\",\"urlTemplate\":\"https:\/\/planbet.promo\/al\/?s={search_term_string}\"},\"query-input\":{\"@type\":\"PropertyValueSpecification\",\"valueRequired\":true,\"valueName\":\"search_term_string\"}}],\"inLanguage\":\"sq\"}]}<\/script>\n<!-- \/ Yoast SEO plugin. -->","yoast_head_json":{"title":"PlanBet Ndeshje e Madhe \u1409 Merrni nj\u00eb rimbursim prej 1000 lek\u00ebsh kur humbni nj\u00eb bast","description":"Vini bast pa frik\u00eb! Merrni pjes\u00eb n\u00eb promocionin e PlanBet \"Big Match\" dhe merrni deri n\u00eb 1000 lek\u00eb mbrapsht edhe n\u00ebse parashikimi juaj nuk funksionon. T\u00eb luash i sigurt \u00ebsht\u00eb e v\u00ebrtet\u00eb!","robots":{"index":"index","follow":"follow","max-snippet":"max-snippet:-1","max-image-preview":"max-image-preview:large","max-video-preview":"max-video-preview:-1"},"og_locale":"sq_AL","og_type":"article","og_title":"PlanBet Ndeshje e Madhe \u1409 Merrni nj\u00eb rimbursim prej 1000 lek\u00ebsh kur humbni nj\u00eb bast","og_description":"Vini bast pa frik\u00eb! Merrni pjes\u00eb n\u00eb promocionin e PlanBet \"Big Match\" dhe merrni deri n\u00eb 1000 lek\u00eb mbrapsht edhe n\u00ebse parashikimi juaj nuk funksionon. T\u00eb luash i sigurt \u00ebsht\u00eb e v\u00ebrtet\u00eb!","og_url":"https:\/\/planbet.promo\/al\/bonus\/big-match\/","og_site_name":"Planbet Promo AL","article_modified_time":"2025-09-23T18:12:40+00:00","twitter_card":"summary_large_image","schema":{"@context":"https:\/\/schema.org","@graph":[{"@type":"WebPage","@id":"https:\/\/planbet.promo\/al\/bonus\/big-match\/","url":"https:\/\/planbet.promo\/al\/bonus\/big-match\/","name":"PlanBet Ndeshje e Madhe \u1409 Merrni nj\u00eb rimbursim prej 1000 lek\u00ebsh kur humbni nj\u00eb bast","isPartOf":{"@id":"https:\/\/planbet.promo\/al\/#website"},"datePublished":"2025-05-21T13:31:40+00:00","dateModified":"2025-09-23T18:12:40+00:00","description":"Vini bast pa frik\u00eb! Merrni pjes\u00eb n\u00eb promocionin e PlanBet \"Big Match\" dhe merrni deri n\u00eb 1000 lek\u00eb mbrapsht edhe n\u00ebse parashikimi juaj nuk funksionon. T\u00eb luash i sigurt \u00ebsht\u00eb e v\u00ebrtet\u00eb!","breadcrumb":{"@id":"https:\/\/planbet.promo\/al\/bonus\/big-match\/#breadcrumb"},"inLanguage":"sq","potentialAction":[{"@type":"ReadAction","target":["https:\/\/planbet.promo\/al\/bonus\/big-match\/"]}]},{"@type":"BreadcrumbList","@id":"https:\/\/planbet.promo\/al\/bonus\/big-match\/#breadcrumb","itemListElement":[{"@type":"ListItem","position":1,"name":"Home","item":"https:\/\/planbet.promo\/al\/"},{"@type":"ListItem","position":2,"name":"Bonus","item":"https:\/\/planbet.promo\/al\/bonus\/"},{"@type":"ListItem","position":3,"name":"Ndeshje e Madhe"}]},{"@type":"WebSite","@id":"https:\/\/planbet.promo\/al\/#website","url":"https:\/\/planbet.promo\/al\/","name":"Planbet Promo AL","description":"My WordPress Blog","potentialAction":[{"@type":"SearchAction","target":{"@type":"EntryPoint","urlTemplate":"https:\/\/planbet.promo\/al\/?s={search_term_string}"},"query-input":{"@type":"PropertyValueSpecification","valueRequired":true,"valueName":"search_term_string"}}],"inLanguage":"sq"}]}},"_links":{"self":[{"href":"https:\/\/planbet.promo\/al\/wp-json\/wp\/v2\/pages\/510","targetHints":{"allow":["GET"]}}],"collection":[{"href":"https:\/\/planbet.promo\/al\/wp-json\/wp\/v2\/pages"}],"about":[{"href":"https:\/\/planbet.promo\/al\/wp-json\/wp\/v2\/types\/page"}],"author":[{"embeddable":true,"href":"https:\/\/planbet.promo\/al\/wp-json\/wp\/v2\/users\/1"}],"replies":[{"embeddable":true,"href":"https:\/\/planbet.promo\/al\/wp-json\/wp\/v2\/comments?post=510"}],"version-history":[{"count":6,"href":"https:\/\/planbet.promo\/al\/wp-json\/wp\/v2\/pages\/510\/revisions"}],"predecessor-version":[{"id":823,"href":"https:\/\/planbet.promo\/al\/wp-json\/wp\/v2\/pages\/510\/revisions\/823"}],"up":[{"embeddable":true,"href":"https:\/\/planbet.promo\/al\/wp-json\/wp\/v2\/pages\/152"}],"wp:attachment":[{"href":"https:\/\/planbet.promo\/al\/wp-json\/wp\/v2\/media?parent=510"}],"curies":[{"name":"wp","href":"https:\/\/api.w.org\/{rel}","templated":true}]}}