{"id":152,"date":"2023-05-18T17:39:43","date_gmt":"2023-05-18T17:39:43","guid":{"rendered":"https:\/\/betwinner.team\/?page_id=152"},"modified":"2025-06-26T15:17:43","modified_gmt":"2025-06-26T15:17:43","slug":"bonus","status":"publish","type":"page","link":"https:\/\/planbet.promo\/az\/bonus\/","title":{"rendered":"Bonus"},"content":{"rendered":"","protected":false},"excerpt":{"rendered":"","protected":false},"author":1,"featured_media":0,"parent":0,"menu_order":0,"comment_status":"closed","ping_status":"closed","template":"","meta":{"footnotes":""},"class_list":["post-152","page","type-page","status-publish","hentry"],"yoast_head":"<!-- This site is optimized with the Yoast SEO plugin v26.2 - https:\/\/yoast.com\/wordpress\/plugins\/seo\/ -->\n<title>PlanBet Bonuslar\u0131 v\u0259 X\u00fcsusi T\u0259klifl\u0259r 2025<\/title>\n<meta name=\"description\" content=\"Qeydiyyatdan ke\u00e7m\u0259k \u00fc\u00e7\u00fcn PlanBet Xo\u015f G\u0259lm\u0259 T\u0259klifi \u2b50 Yeni oyun\u00e7ular \u00fc\u00e7\u00fcn 100% Depozit Bonusu \u0259ld\u0259 edin \u2713 \u0130ndi qeydiyyatdan ke\u00e7in v\u0259 PlanBet-d\u0259 m\u00f6vcud olan b\u00fct\u00fcn promosyonlardan h\u0259zz al\u0131n\" \/>\n<meta name=\"robots\" content=\"index, follow, max-snippet:-1, max-image-preview:large, max-video-preview:-1\" \/>\n<meta property=\"og:locale\" content=\"az_AZ\" \/>\n<meta property=\"og:type\" content=\"article\" \/>\n<meta property=\"og:title\" content=\"PlanBet Bonuslar\u0131 v\u0259 X\u00fcsusi T\u0259klifl\u0259r 2025\" \/>\n<meta property=\"og:description\" content=\"Qeydiyyatdan ke\u00e7m\u0259k \u00fc\u00e7\u00fcn PlanBet Xo\u015f G\u0259lm\u0259 T\u0259klifi \u2b50 Yeni oyun\u00e7ular \u00fc\u00e7\u00fcn 100% Depozit Bonusu \u0259ld\u0259 edin \u2713 \u0130ndi qeydiyyatdan ke\u00e7in v\u0259 PlanBet-d\u0259 m\u00f6vcud olan b\u00fct\u00fcn promosyonlardan h\u0259zz al\u0131n\" \/>\n<meta property=\"og:url\" content=\"https:\/\/planbet.promo\/az\/bonus\/\" \/>\n<meta property=\"og:site_name\" content=\"Planbet Promo AZ\" \/>\n<meta property=\"article:modified_time\" content=\"2025-06-26T15:17:43+00:00\" \/>\n<meta name=\"twitter:card\" content=\"summary_large_image\" \/>\n<script type=\"application\/ld+json\" class=\"yoast-schema-graph\">{\"@context\":\"https:\/\/schema.org\",\"@graph\":[{\"@type\":\"WebPage\",\"@id\":\"https:\/\/planbet.promo\/az\/bonus\/\",\"url\":\"https:\/\/planbet.promo\/az\/bonus\/\",\"name\":\"PlanBet Bonuslar\u0131 v\u0259 X\u00fcsusi T\u0259klifl\u0259r 2025\",\"isPartOf\":{\"@id\":\"https:\/\/planbet.promo\/az\/#website\"},\"datePublished\":\"2023-05-18T17:39:43+00:00\",\"dateModified\":\"2025-06-26T15:17:43+00:00\",\"description\":\"Qeydiyyatdan ke\u00e7m\u0259k \u00fc\u00e7\u00fcn PlanBet Xo\u015f G\u0259lm\u0259 T\u0259klifi \u2b50 Yeni oyun\u00e7ular \u00fc\u00e7\u00fcn 100% Depozit Bonusu \u0259ld\u0259 edin \u2713 \u0130ndi qeydiyyatdan ke\u00e7in v\u0259 PlanBet-d\u0259 m\u00f6vcud olan b\u00fct\u00fcn promosyonlardan h\u0259zz al\u0131n\",\"breadcrumb\":{\"@id\":\"https:\/\/planbet.promo\/az\/bonus\/#breadcrumb\"},\"inLanguage\":\"az\",\"potentialAction\":[{\"@type\":\"ReadAction\",\"target\":[\"https:\/\/planbet.promo\/az\/bonus\/\"]}]},{\"@type\":\"BreadcrumbList\",\"@id\":\"https:\/\/planbet.promo\/az\/bonus\/#breadcrumb\",\"itemListElement\":[{\"@type\":\"ListItem\",\"position\":1,\"name\":\"Home\",\"item\":\"https:\/\/planbet.promo\/az\/\"},{\"@type\":\"ListItem\",\"position\":2,\"name\":\"Bonus\"}]},{\"@type\":\"WebSite\",\"@id\":\"https:\/\/planbet.promo\/az\/#website\",\"url\":\"https:\/\/planbet.promo\/az\/\",\"name\":\"Planbet Promo AZ\",\"description\":\"My WordPress Blog\",\"potentialAction\":[{\"@type\":\"SearchAction\",\"target\":{\"@type\":\"EntryPoint\",\"urlTemplate\":\"https:\/\/planbet.promo\/az\/?s={search_term_string}\"},\"query-input\":{\"@type\":\"PropertyValueSpecification\",\"valueRequired\":true,\"valueName\":\"search_term_string\"}}],\"inLanguage\":\"az\"}]}<\/script>\n<!-- \/ Yoast SEO plugin. -->","yoast_head_json":{"title":"PlanBet Bonuslar\u0131 v\u0259 X\u00fcsusi T\u0259klifl\u0259r 2025","description":"Qeydiyyatdan ke\u00e7m\u0259k \u00fc\u00e7\u00fcn PlanBet Xo\u015f G\u0259lm\u0259 T\u0259klifi \u2b50 Yeni oyun\u00e7ular \u00fc\u00e7\u00fcn 100% Depozit Bonusu \u0259ld\u0259 edin \u2713 \u0130ndi qeydiyyatdan ke\u00e7in v\u0259 PlanBet-d\u0259 m\u00f6vcud olan b\u00fct\u00fcn promosyonlardan h\u0259zz al\u0131n","robots":{"index":"index","follow":"follow","max-snippet":"max-snippet:-1","max-image-preview":"max-image-preview:large","max-video-preview":"max-video-preview:-1"},"og_locale":"az_AZ","og_type":"article","og_title":"PlanBet Bonuslar\u0131 v\u0259 X\u00fcsusi T\u0259klifl\u0259r 2025","og_description":"Qeydiyyatdan ke\u00e7m\u0259k \u00fc\u00e7\u00fcn PlanBet Xo\u015f G\u0259lm\u0259 T\u0259klifi \u2b50 Yeni oyun\u00e7ular \u00fc\u00e7\u00fcn 100% Depozit Bonusu \u0259ld\u0259 edin \u2713 \u0130ndi qeydiyyatdan ke\u00e7in v\u0259 PlanBet-d\u0259 m\u00f6vcud olan b\u00fct\u00fcn promosyonlardan h\u0259zz al\u0131n","og_url":"https:\/\/planbet.promo\/az\/bonus\/","og_site_name":"Planbet Promo AZ","article_modified_time":"2025-06-26T15:17:43+00:00","twitter_card":"summary_large_image","schema":{"@context":"https:\/\/schema.org","@graph":[{"@type":"WebPage","@id":"https:\/\/planbet.promo\/az\/bonus\/","url":"https:\/\/planbet.promo\/az\/bonus\/","name":"PlanBet Bonuslar\u0131 v\u0259 X\u00fcsusi T\u0259klifl\u0259r 2025","isPartOf":{"@id":"https:\/\/planbet.promo\/az\/#website"},"datePublished":"2023-05-18T17:39:43+00:00","dateModified":"2025-06-26T15:17:43+00:00","description":"Qeydiyyatdan ke\u00e7m\u0259k \u00fc\u00e7\u00fcn PlanBet Xo\u015f G\u0259lm\u0259 T\u0259klifi \u2b50 Yeni oyun\u00e7ular \u00fc\u00e7\u00fcn 100% Depozit Bonusu \u0259ld\u0259 edin \u2713 \u0130ndi qeydiyyatdan ke\u00e7in v\u0259 PlanBet-d\u0259 m\u00f6vcud olan b\u00fct\u00fcn promosyonlardan h\u0259zz al\u0131n","breadcrumb":{"@id":"https:\/\/planbet.promo\/az\/bonus\/#breadcrumb"},"inLanguage":"az","potentialAction":[{"@type":"ReadAction","target":["https:\/\/planbet.promo\/az\/bonus\/"]}]},{"@type":"BreadcrumbList","@id":"https:\/\/planbet.promo\/az\/bonus\/#breadcrumb","itemListElement":[{"@type":"ListItem","position":1,"name":"Home","item":"https:\/\/planbet.promo\/az\/"},{"@type":"ListItem","position":2,"name":"Bonus"}]},{"@type":"WebSite","@id":"https:\/\/planbet.promo\/az\/#website","url":"https:\/\/planbet.promo\/az\/","name":"Planbet Promo AZ","description":"My WordPress Blog","potentialAction":[{"@type":"SearchAction","target":{"@type":"EntryPoint","urlTemplate":"https:\/\/planbet.promo\/az\/?s={search_term_string}"},"query-input":{"@type":"PropertyValueSpecification","valueRequired":true,"valueName":"search_term_string"}}],"inLanguage":"az"}]}},"_links":{"self":[{"href":"https:\/\/planbet.promo\/az\/wp-json\/wp\/v2\/pages\/152","targetHints":{"allow":["GET"]}}],"collection":[{"href":"https:\/\/planbet.promo\/az\/wp-json\/wp\/v2\/pages"}],"about":[{"href":"https:\/\/planbet.promo\/az\/wp-json\/wp\/v2\/types\/page"}],"author":[{"embeddable":true,"href":"https:\/\/planbet.promo\/az\/wp-json\/wp\/v2\/users\/1"}],"replies":[{"embeddable":true,"href":"https:\/\/planbet.promo\/az\/wp-json\/wp\/v2\/comments?post=152"}],"version-history":[{"count":7,"href":"https:\/\/planbet.promo\/az\/wp-json\/wp\/v2\/pages\/152\/revisions"}],"predecessor-version":[{"id":720,"href":"https:\/\/planbet.promo\/az\/wp-json\/wp\/v2\/pages\/152\/revisions\/720"}],"wp:attachment":[{"href":"https:\/\/planbet.promo\/az\/wp-json\/wp\/v2\/media?parent=152"}],"curies":[{"name":"wp","href":"https:\/\/api.w.org\/{rel}","templated":true}]}}