{"id":226,"date":"2024-05-28T09:20:52","date_gmt":"2024-05-28T09:20:52","guid":{"rendered":"https:\/\/betwinner.team\/?page_id=226"},"modified":"2025-06-30T17:14:33","modified_gmt":"2025-06-30T17:14:33","slug":"affiliate","status":"publish","type":"page","link":"https:\/\/planbet.promo\/az\/affiliate\/","title":{"rendered":"T\u0259r\u0259fda\u015f"},"content":{"rendered":"","protected":false},"excerpt":{"rendered":"","protected":false},"author":1,"featured_media":0,"parent":0,"menu_order":0,"comment_status":"closed","ping_status":"closed","template":"","meta":{"footnotes":""},"class_list":["post-226","page","type-page","status-publish","hentry"],"yoast_head":"<!-- This site is optimized with the Yoast SEO plugin v26.2 - https:\/\/yoast.com\/wordpress\/plugins\/seo\/ -->\n<title>PlanBet T\u0259r\u0259fda\u015f | \u0130ndi Partnyor Olun<\/title>\n<meta name=\"description\" content=\"PlanBet Affiliate, PlanBet \u0130dman M\u0259rcl\u0259ri v\u0259 Casino Platformas\u0131 t\u0259r\u0259find\u0259n t\u0259klif olunan t\u0259r\u0259fda\u015fl\u0131q proqram\u0131d\u0131r \u2713 PlanBet T\u0259r\u0259fda\u015flar\u0131 olun v\u0259 bu t\u0259limatdan istifad\u0259 ed\u0259r\u0259k daha \u00e7ox pul qazan\u0131n\" \/>\n<meta name=\"robots\" content=\"index, follow, max-snippet:-1, max-image-preview:large, max-video-preview:-1\" \/>\n<meta property=\"og:locale\" content=\"az_AZ\" \/>\n<meta property=\"og:type\" content=\"article\" \/>\n<meta property=\"og:title\" content=\"PlanBet T\u0259r\u0259fda\u015f | \u0130ndi Partnyor Olun\" \/>\n<meta property=\"og:description\" content=\"PlanBet Affiliate, PlanBet \u0130dman M\u0259rcl\u0259ri v\u0259 Casino Platformas\u0131 t\u0259r\u0259find\u0259n t\u0259klif olunan t\u0259r\u0259fda\u015fl\u0131q proqram\u0131d\u0131r \u2713 PlanBet T\u0259r\u0259fda\u015flar\u0131 olun v\u0259 bu t\u0259limatdan istifad\u0259 ed\u0259r\u0259k daha \u00e7ox pul qazan\u0131n\" \/>\n<meta property=\"og:url\" content=\"https:\/\/planbet.promo\/az\/affiliate\/\" \/>\n<meta property=\"og:site_name\" content=\"Planbet Promo AZ\" \/>\n<meta property=\"article:modified_time\" content=\"2025-06-30T17:14:33+00:00\" \/>\n<meta name=\"twitter:card\" content=\"summary_large_image\" \/>\n<script type=\"application\/ld+json\" class=\"yoast-schema-graph\">{\"@context\":\"https:\/\/schema.org\",\"@graph\":[{\"@type\":\"WebPage\",\"@id\":\"https:\/\/planbet.promo\/az\/affiliate\/\",\"url\":\"https:\/\/planbet.promo\/az\/affiliate\/\",\"name\":\"PlanBet T\u0259r\u0259fda\u015f | \u0130ndi Partnyor Olun\",\"isPartOf\":{\"@id\":\"https:\/\/planbet.promo\/az\/#website\"},\"datePublished\":\"2024-05-28T09:20:52+00:00\",\"dateModified\":\"2025-06-30T17:14:33+00:00\",\"description\":\"PlanBet Affiliate, PlanBet \u0130dman M\u0259rcl\u0259ri v\u0259 Casino Platformas\u0131 t\u0259r\u0259find\u0259n t\u0259klif olunan t\u0259r\u0259fda\u015fl\u0131q proqram\u0131d\u0131r \u2713 PlanBet T\u0259r\u0259fda\u015flar\u0131 olun v\u0259 bu t\u0259limatdan istifad\u0259 ed\u0259r\u0259k daha \u00e7ox pul qazan\u0131n\",\"breadcrumb\":{\"@id\":\"https:\/\/planbet.promo\/az\/affiliate\/#breadcrumb\"},\"inLanguage\":\"az\",\"potentialAction\":[{\"@type\":\"ReadAction\",\"target\":[\"https:\/\/planbet.promo\/az\/affiliate\/\"]}]},{\"@type\":\"BreadcrumbList\",\"@id\":\"https:\/\/planbet.promo\/az\/affiliate\/#breadcrumb\",\"itemListElement\":[{\"@type\":\"ListItem\",\"position\":1,\"name\":\"Home\",\"item\":\"https:\/\/planbet.promo\/az\/\"},{\"@type\":\"ListItem\",\"position\":2,\"name\":\"T\u0259r\u0259fda\u015f\"}]},{\"@type\":\"WebSite\",\"@id\":\"https:\/\/planbet.promo\/az\/#website\",\"url\":\"https:\/\/planbet.promo\/az\/\",\"name\":\"Planbet Promo AZ\",\"description\":\"My WordPress Blog\",\"potentialAction\":[{\"@type\":\"SearchAction\",\"target\":{\"@type\":\"EntryPoint\",\"urlTemplate\":\"https:\/\/planbet.promo\/az\/?s={search_term_string}\"},\"query-input\":{\"@type\":\"PropertyValueSpecification\",\"valueRequired\":true,\"valueName\":\"search_term_string\"}}],\"inLanguage\":\"az\"}]}<\/script>\n<!-- \/ Yoast SEO plugin. -->","yoast_head_json":{"title":"PlanBet T\u0259r\u0259fda\u015f | \u0130ndi Partnyor Olun","description":"PlanBet Affiliate, PlanBet \u0130dman M\u0259rcl\u0259ri v\u0259 Casino Platformas\u0131 t\u0259r\u0259find\u0259n t\u0259klif olunan t\u0259r\u0259fda\u015fl\u0131q proqram\u0131d\u0131r \u2713 PlanBet T\u0259r\u0259fda\u015flar\u0131 olun v\u0259 bu t\u0259limatdan istifad\u0259 ed\u0259r\u0259k daha \u00e7ox pul qazan\u0131n","robots":{"index":"index","follow":"follow","max-snippet":"max-snippet:-1","max-image-preview":"max-image-preview:large","max-video-preview":"max-video-preview:-1"},"og_locale":"az_AZ","og_type":"article","og_title":"PlanBet T\u0259r\u0259fda\u015f | \u0130ndi Partnyor Olun","og_description":"PlanBet Affiliate, PlanBet \u0130dman M\u0259rcl\u0259ri v\u0259 Casino Platformas\u0131 t\u0259r\u0259find\u0259n t\u0259klif olunan t\u0259r\u0259fda\u015fl\u0131q proqram\u0131d\u0131r \u2713 PlanBet T\u0259r\u0259fda\u015flar\u0131 olun v\u0259 bu t\u0259limatdan istifad\u0259 ed\u0259r\u0259k daha \u00e7ox pul qazan\u0131n","og_url":"https:\/\/planbet.promo\/az\/affiliate\/","og_site_name":"Planbet Promo AZ","article_modified_time":"2025-06-30T17:14:33+00:00","twitter_card":"summary_large_image","schema":{"@context":"https:\/\/schema.org","@graph":[{"@type":"WebPage","@id":"https:\/\/planbet.promo\/az\/affiliate\/","url":"https:\/\/planbet.promo\/az\/affiliate\/","name":"PlanBet T\u0259r\u0259fda\u015f | \u0130ndi Partnyor Olun","isPartOf":{"@id":"https:\/\/planbet.promo\/az\/#website"},"datePublished":"2024-05-28T09:20:52+00:00","dateModified":"2025-06-30T17:14:33+00:00","description":"PlanBet Affiliate, PlanBet \u0130dman M\u0259rcl\u0259ri v\u0259 Casino Platformas\u0131 t\u0259r\u0259find\u0259n t\u0259klif olunan t\u0259r\u0259fda\u015fl\u0131q proqram\u0131d\u0131r \u2713 PlanBet T\u0259r\u0259fda\u015flar\u0131 olun v\u0259 bu t\u0259limatdan istifad\u0259 ed\u0259r\u0259k daha \u00e7ox pul qazan\u0131n","breadcrumb":{"@id":"https:\/\/planbet.promo\/az\/affiliate\/#breadcrumb"},"inLanguage":"az","potentialAction":[{"@type":"ReadAction","target":["https:\/\/planbet.promo\/az\/affiliate\/"]}]},{"@type":"BreadcrumbList","@id":"https:\/\/planbet.promo\/az\/affiliate\/#breadcrumb","itemListElement":[{"@type":"ListItem","position":1,"name":"Home","item":"https:\/\/planbet.promo\/az\/"},{"@type":"ListItem","position":2,"name":"T\u0259r\u0259fda\u015f"}]},{"@type":"WebSite","@id":"https:\/\/planbet.promo\/az\/#website","url":"https:\/\/planbet.promo\/az\/","name":"Planbet Promo AZ","description":"My WordPress Blog","potentialAction":[{"@type":"SearchAction","target":{"@type":"EntryPoint","urlTemplate":"https:\/\/planbet.promo\/az\/?s={search_term_string}"},"query-input":{"@type":"PropertyValueSpecification","valueRequired":true,"valueName":"search_term_string"}}],"inLanguage":"az"}]}},"_links":{"self":[{"href":"https:\/\/planbet.promo\/az\/wp-json\/wp\/v2\/pages\/226","targetHints":{"allow":["GET"]}}],"collection":[{"href":"https:\/\/planbet.promo\/az\/wp-json\/wp\/v2\/pages"}],"about":[{"href":"https:\/\/planbet.promo\/az\/wp-json\/wp\/v2\/types\/page"}],"author":[{"embeddable":true,"href":"https:\/\/planbet.promo\/az\/wp-json\/wp\/v2\/users\/1"}],"replies":[{"embeddable":true,"href":"https:\/\/planbet.promo\/az\/wp-json\/wp\/v2\/comments?post=226"}],"version-history":[{"count":5,"href":"https:\/\/planbet.promo\/az\/wp-json\/wp\/v2\/pages\/226\/revisions"}],"predecessor-version":[{"id":717,"href":"https:\/\/planbet.promo\/az\/wp-json\/wp\/v2\/pages\/226\/revisions\/717"}],"wp:attachment":[{"href":"https:\/\/planbet.promo\/az\/wp-json\/wp\/v2\/media?parent=226"}],"curies":[{"name":"wp","href":"https:\/\/api.w.org\/{rel}","templated":true}]}}