{"id":243,"date":"2024-05-28T09:43:57","date_gmt":"2024-05-28T09:43:57","guid":{"rendered":"https:\/\/betwinner.team\/?page_id=243"},"modified":"2025-06-26T17:23:52","modified_gmt":"2025-06-26T17:23:52","slug":"promo-code","status":"publish","type":"page","link":"https:\/\/planbet.promo\/az\/promo-code\/","title":{"rendered":"Promo Kodu"},"content":{"rendered":"","protected":false},"excerpt":{"rendered":"","protected":false},"author":1,"featured_media":0,"parent":0,"menu_order":0,"comment_status":"closed","ping_status":"closed","template":"","meta":{"footnotes":""},"class_list":["post-243","page","type-page","status-publish","hentry"],"yoast_head":"<!-- This site is optimized with the Yoast SEO plugin v26.2 - https:\/\/yoast.com\/wordpress\/plugins\/seo\/ -->\n<title>PlanBet Promo Kodu | PlanBet Xo\u015f G\u0259lm\u0259 Bonusu il\u0259 ba\u015flay\u0131n<\/title>\n<meta name=\"description\" content=\"Promo Code PlanBet \u2713 PlanBet idman m\u0259rcl\u0259ri v\u0259 kazino \u00fc\u00e7\u00fcn promo kodumuzdan istifad\u0259 etm\u0259kl\u0259 ilk m\u0259rcinizin 130%-\u0259 q\u0259d\u0259rini qazan\u0131n. D\u0259rhal ba\u015flay\u0131n v\u0259 PlanBet Promo Kodlar\u0131 il\u0259 qazan\u0131n!\" \/>\n<meta name=\"robots\" content=\"index, follow, max-snippet:-1, max-image-preview:large, max-video-preview:-1\" \/>\n<meta property=\"og:locale\" content=\"az_AZ\" \/>\n<meta property=\"og:type\" content=\"article\" \/>\n<meta property=\"og:title\" content=\"PlanBet Promo Kodu | PlanBet Xo\u015f G\u0259lm\u0259 Bonusu il\u0259 ba\u015flay\u0131n\" \/>\n<meta property=\"og:description\" content=\"Promo Code PlanBet \u2713 PlanBet idman m\u0259rcl\u0259ri v\u0259 kazino \u00fc\u00e7\u00fcn promo kodumuzdan istifad\u0259 etm\u0259kl\u0259 ilk m\u0259rcinizin 130%-\u0259 q\u0259d\u0259rini qazan\u0131n. D\u0259rhal ba\u015flay\u0131n v\u0259 PlanBet Promo Kodlar\u0131 il\u0259 qazan\u0131n!\" \/>\n<meta property=\"og:url\" content=\"https:\/\/planbet.promo\/az\/promo-code\/\" \/>\n<meta property=\"og:site_name\" content=\"Planbet Promo AZ\" \/>\n<meta property=\"article:modified_time\" content=\"2025-06-26T17:23:52+00:00\" \/>\n<meta name=\"twitter:card\" content=\"summary_large_image\" \/>\n<script type=\"application\/ld+json\" class=\"yoast-schema-graph\">{\"@context\":\"https:\/\/schema.org\",\"@graph\":[{\"@type\":\"WebPage\",\"@id\":\"https:\/\/planbet.promo\/az\/promo-code\/\",\"url\":\"https:\/\/planbet.promo\/az\/promo-code\/\",\"name\":\"PlanBet Promo Kodu | PlanBet Xo\u015f G\u0259lm\u0259 Bonusu il\u0259 ba\u015flay\u0131n\",\"isPartOf\":{\"@id\":\"https:\/\/planbet.promo\/az\/#website\"},\"datePublished\":\"2024-05-28T09:43:57+00:00\",\"dateModified\":\"2025-06-26T17:23:52+00:00\",\"description\":\"Promo Code PlanBet \u2713 PlanBet idman m\u0259rcl\u0259ri v\u0259 kazino \u00fc\u00e7\u00fcn promo kodumuzdan istifad\u0259 etm\u0259kl\u0259 ilk m\u0259rcinizin 130%-\u0259 q\u0259d\u0259rini qazan\u0131n. D\u0259rhal ba\u015flay\u0131n v\u0259 PlanBet Promo Kodlar\u0131 il\u0259 qazan\u0131n!\",\"breadcrumb\":{\"@id\":\"https:\/\/planbet.promo\/az\/promo-code\/#breadcrumb\"},\"inLanguage\":\"az\",\"potentialAction\":[{\"@type\":\"ReadAction\",\"target\":[\"https:\/\/planbet.promo\/az\/promo-code\/\"]}]},{\"@type\":\"BreadcrumbList\",\"@id\":\"https:\/\/planbet.promo\/az\/promo-code\/#breadcrumb\",\"itemListElement\":[{\"@type\":\"ListItem\",\"position\":1,\"name\":\"Home\",\"item\":\"https:\/\/planbet.promo\/az\/\"},{\"@type\":\"ListItem\",\"position\":2,\"name\":\"Promo Kodu\"}]},{\"@type\":\"WebSite\",\"@id\":\"https:\/\/planbet.promo\/az\/#website\",\"url\":\"https:\/\/planbet.promo\/az\/\",\"name\":\"Planbet Promo AZ\",\"description\":\"My WordPress Blog\",\"potentialAction\":[{\"@type\":\"SearchAction\",\"target\":{\"@type\":\"EntryPoint\",\"urlTemplate\":\"https:\/\/planbet.promo\/az\/?s={search_term_string}\"},\"query-input\":{\"@type\":\"PropertyValueSpecification\",\"valueRequired\":true,\"valueName\":\"search_term_string\"}}],\"inLanguage\":\"az\"}]}<\/script>\n<!-- \/ Yoast SEO plugin. -->","yoast_head_json":{"title":"PlanBet Promo Kodu | PlanBet Xo\u015f G\u0259lm\u0259 Bonusu il\u0259 ba\u015flay\u0131n","description":"Promo Code PlanBet \u2713 PlanBet idman m\u0259rcl\u0259ri v\u0259 kazino \u00fc\u00e7\u00fcn promo kodumuzdan istifad\u0259 etm\u0259kl\u0259 ilk m\u0259rcinizin 130%-\u0259 q\u0259d\u0259rini qazan\u0131n. D\u0259rhal ba\u015flay\u0131n v\u0259 PlanBet Promo Kodlar\u0131 il\u0259 qazan\u0131n!","robots":{"index":"index","follow":"follow","max-snippet":"max-snippet:-1","max-image-preview":"max-image-preview:large","max-video-preview":"max-video-preview:-1"},"og_locale":"az_AZ","og_type":"article","og_title":"PlanBet Promo Kodu | PlanBet Xo\u015f G\u0259lm\u0259 Bonusu il\u0259 ba\u015flay\u0131n","og_description":"Promo Code PlanBet \u2713 PlanBet idman m\u0259rcl\u0259ri v\u0259 kazino \u00fc\u00e7\u00fcn promo kodumuzdan istifad\u0259 etm\u0259kl\u0259 ilk m\u0259rcinizin 130%-\u0259 q\u0259d\u0259rini qazan\u0131n. D\u0259rhal ba\u015flay\u0131n v\u0259 PlanBet Promo Kodlar\u0131 il\u0259 qazan\u0131n!","og_url":"https:\/\/planbet.promo\/az\/promo-code\/","og_site_name":"Planbet Promo AZ","article_modified_time":"2025-06-26T17:23:52+00:00","twitter_card":"summary_large_image","schema":{"@context":"https:\/\/schema.org","@graph":[{"@type":"WebPage","@id":"https:\/\/planbet.promo\/az\/promo-code\/","url":"https:\/\/planbet.promo\/az\/promo-code\/","name":"PlanBet Promo Kodu | PlanBet Xo\u015f G\u0259lm\u0259 Bonusu il\u0259 ba\u015flay\u0131n","isPartOf":{"@id":"https:\/\/planbet.promo\/az\/#website"},"datePublished":"2024-05-28T09:43:57+00:00","dateModified":"2025-06-26T17:23:52+00:00","description":"Promo Code PlanBet \u2713 PlanBet idman m\u0259rcl\u0259ri v\u0259 kazino \u00fc\u00e7\u00fcn promo kodumuzdan istifad\u0259 etm\u0259kl\u0259 ilk m\u0259rcinizin 130%-\u0259 q\u0259d\u0259rini qazan\u0131n. D\u0259rhal ba\u015flay\u0131n v\u0259 PlanBet Promo Kodlar\u0131 il\u0259 qazan\u0131n!","breadcrumb":{"@id":"https:\/\/planbet.promo\/az\/promo-code\/#breadcrumb"},"inLanguage":"az","potentialAction":[{"@type":"ReadAction","target":["https:\/\/planbet.promo\/az\/promo-code\/"]}]},{"@type":"BreadcrumbList","@id":"https:\/\/planbet.promo\/az\/promo-code\/#breadcrumb","itemListElement":[{"@type":"ListItem","position":1,"name":"Home","item":"https:\/\/planbet.promo\/az\/"},{"@type":"ListItem","position":2,"name":"Promo Kodu"}]},{"@type":"WebSite","@id":"https:\/\/planbet.promo\/az\/#website","url":"https:\/\/planbet.promo\/az\/","name":"Planbet Promo AZ","description":"My WordPress Blog","potentialAction":[{"@type":"SearchAction","target":{"@type":"EntryPoint","urlTemplate":"https:\/\/planbet.promo\/az\/?s={search_term_string}"},"query-input":{"@type":"PropertyValueSpecification","valueRequired":true,"valueName":"search_term_string"}}],"inLanguage":"az"}]}},"_links":{"self":[{"href":"https:\/\/planbet.promo\/az\/wp-json\/wp\/v2\/pages\/243","targetHints":{"allow":["GET"]}}],"collection":[{"href":"https:\/\/planbet.promo\/az\/wp-json\/wp\/v2\/pages"}],"about":[{"href":"https:\/\/planbet.promo\/az\/wp-json\/wp\/v2\/types\/page"}],"author":[{"embeddable":true,"href":"https:\/\/planbet.promo\/az\/wp-json\/wp\/v2\/users\/1"}],"replies":[{"embeddable":true,"href":"https:\/\/planbet.promo\/az\/wp-json\/wp\/v2\/comments?post=243"}],"version-history":[{"count":5,"href":"https:\/\/planbet.promo\/az\/wp-json\/wp\/v2\/pages\/243\/revisions"}],"predecessor-version":[{"id":740,"href":"https:\/\/planbet.promo\/az\/wp-json\/wp\/v2\/pages\/243\/revisions\/740"}],"wp:attachment":[{"href":"https:\/\/planbet.promo\/az\/wp-json\/wp\/v2\/media?parent=243"}],"curies":[{"name":"wp","href":"https:\/\/api.w.org\/{rel}","templated":true}]}}