{"id":359,"date":"2024-09-24T06:52:08","date_gmt":"2024-09-24T06:52:08","guid":{"rendered":"https:\/\/betwinner.team\/?page_id=359"},"modified":"2025-06-26T09:01:35","modified_gmt":"2025-06-26T09:01:35","slug":"apk","status":"publish","type":"page","link":"https:\/\/planbet.promo\/az\/apk\/","title":{"rendered":"Apk"},"content":{"rendered":"","protected":false},"excerpt":{"rendered":"","protected":false},"author":1,"featured_media":0,"parent":0,"menu_order":0,"comment_status":"closed","ping_status":"closed","template":"","meta":{"footnotes":""},"class_list":["post-359","page","type-page","status-publish","hentry"],"yoast_head":"<!-- This site is optimized with the Yoast SEO plugin v26.2 - https:\/\/yoast.com\/wordpress\/plugins\/seo\/ -->\n<title>Android \u00fc\u00e7\u00fcn PlanBet Apk \u2705 Pulsuz endirin<\/title>\n<meta name=\"description\" content=\"Telefonunuzda idmandan, kazinodan v\u0259 canl\u0131 m\u0259rcd\u0259n h\u0259zz almaq \u00fc\u00e7\u00fcn PlanBet Apk y\u00fckl\u0259yin. Android v\u0259 iOS \u00fc\u00e7\u00fcn r\u0259smi PlanBet Mobil APK-n\u0131 nec\u0259 qura\u015fd\u0131rmaq olar. PlanBet apk \u0259sas funksiyalar\u0131n\u0131 v\u0259 \u00fcst\u00fcnl\u00fckl\u0259rini ara\u015fd\u0131rmaq\" \/>\n<meta name=\"robots\" content=\"index, follow, max-snippet:-1, max-image-preview:large, max-video-preview:-1\" \/>\n<meta property=\"og:locale\" content=\"az_AZ\" \/>\n<meta property=\"og:type\" content=\"article\" \/>\n<meta property=\"og:title\" content=\"Android \u00fc\u00e7\u00fcn PlanBet Apk \u2705 Pulsuz endirin\" \/>\n<meta property=\"og:description\" content=\"Telefonunuzda idmandan, kazinodan v\u0259 canl\u0131 m\u0259rcd\u0259n h\u0259zz almaq \u00fc\u00e7\u00fcn PlanBet Apk y\u00fckl\u0259yin. Android v\u0259 iOS \u00fc\u00e7\u00fcn r\u0259smi PlanBet Mobil APK-n\u0131 nec\u0259 qura\u015fd\u0131rmaq olar. PlanBet apk \u0259sas funksiyalar\u0131n\u0131 v\u0259 \u00fcst\u00fcnl\u00fckl\u0259rini ara\u015fd\u0131rmaq\" \/>\n<meta property=\"og:url\" content=\"https:\/\/planbet.promo\/az\/apk\/\" \/>\n<meta property=\"og:site_name\" content=\"Planbet Promo AZ\" \/>\n<meta property=\"article:modified_time\" content=\"2025-06-26T09:01:35+00:00\" \/>\n<meta name=\"twitter:card\" content=\"summary_large_image\" \/>\n<script type=\"application\/ld+json\" class=\"yoast-schema-graph\">{\"@context\":\"https:\/\/schema.org\",\"@graph\":[{\"@type\":\"WebPage\",\"@id\":\"https:\/\/planbet.promo\/az\/apk\/\",\"url\":\"https:\/\/planbet.promo\/az\/apk\/\",\"name\":\"Android \u00fc\u00e7\u00fcn PlanBet Apk \u2705 Pulsuz endirin\",\"isPartOf\":{\"@id\":\"https:\/\/planbet.promo\/az\/#website\"},\"datePublished\":\"2024-09-24T06:52:08+00:00\",\"dateModified\":\"2025-06-26T09:01:35+00:00\",\"description\":\"Telefonunuzda idmandan, kazinodan v\u0259 canl\u0131 m\u0259rcd\u0259n h\u0259zz almaq \u00fc\u00e7\u00fcn PlanBet Apk y\u00fckl\u0259yin. Android v\u0259 iOS \u00fc\u00e7\u00fcn r\u0259smi PlanBet Mobil APK-n\u0131 nec\u0259 qura\u015fd\u0131rmaq olar. PlanBet apk \u0259sas funksiyalar\u0131n\u0131 v\u0259 \u00fcst\u00fcnl\u00fckl\u0259rini ara\u015fd\u0131rmaq\",\"breadcrumb\":{\"@id\":\"https:\/\/planbet.promo\/az\/apk\/#breadcrumb\"},\"inLanguage\":\"az\",\"potentialAction\":[{\"@type\":\"ReadAction\",\"target\":[\"https:\/\/planbet.promo\/az\/apk\/\"]}]},{\"@type\":\"BreadcrumbList\",\"@id\":\"https:\/\/planbet.promo\/az\/apk\/#breadcrumb\",\"itemListElement\":[{\"@type\":\"ListItem\",\"position\":1,\"name\":\"Home\",\"item\":\"https:\/\/planbet.promo\/az\/\"},{\"@type\":\"ListItem\",\"position\":2,\"name\":\"Apk\"}]},{\"@type\":\"WebSite\",\"@id\":\"https:\/\/planbet.promo\/az\/#website\",\"url\":\"https:\/\/planbet.promo\/az\/\",\"name\":\"Planbet Promo AZ\",\"description\":\"My WordPress Blog\",\"potentialAction\":[{\"@type\":\"SearchAction\",\"target\":{\"@type\":\"EntryPoint\",\"urlTemplate\":\"https:\/\/planbet.promo\/az\/?s={search_term_string}\"},\"query-input\":{\"@type\":\"PropertyValueSpecification\",\"valueRequired\":true,\"valueName\":\"search_term_string\"}}],\"inLanguage\":\"az\"}]}<\/script>\n<!-- \/ Yoast SEO plugin. -->","yoast_head_json":{"title":"Android \u00fc\u00e7\u00fcn PlanBet Apk \u2705 Pulsuz endirin","description":"Telefonunuzda idmandan, kazinodan v\u0259 canl\u0131 m\u0259rcd\u0259n h\u0259zz almaq \u00fc\u00e7\u00fcn PlanBet Apk y\u00fckl\u0259yin. Android v\u0259 iOS \u00fc\u00e7\u00fcn r\u0259smi PlanBet Mobil APK-n\u0131 nec\u0259 qura\u015fd\u0131rmaq olar. PlanBet apk \u0259sas funksiyalar\u0131n\u0131 v\u0259 \u00fcst\u00fcnl\u00fckl\u0259rini ara\u015fd\u0131rmaq","robots":{"index":"index","follow":"follow","max-snippet":"max-snippet:-1","max-image-preview":"max-image-preview:large","max-video-preview":"max-video-preview:-1"},"og_locale":"az_AZ","og_type":"article","og_title":"Android \u00fc\u00e7\u00fcn PlanBet Apk \u2705 Pulsuz endirin","og_description":"Telefonunuzda idmandan, kazinodan v\u0259 canl\u0131 m\u0259rcd\u0259n h\u0259zz almaq \u00fc\u00e7\u00fcn PlanBet Apk y\u00fckl\u0259yin. Android v\u0259 iOS \u00fc\u00e7\u00fcn r\u0259smi PlanBet Mobil APK-n\u0131 nec\u0259 qura\u015fd\u0131rmaq olar. PlanBet apk \u0259sas funksiyalar\u0131n\u0131 v\u0259 \u00fcst\u00fcnl\u00fckl\u0259rini ara\u015fd\u0131rmaq","og_url":"https:\/\/planbet.promo\/az\/apk\/","og_site_name":"Planbet Promo AZ","article_modified_time":"2025-06-26T09:01:35+00:00","twitter_card":"summary_large_image","schema":{"@context":"https:\/\/schema.org","@graph":[{"@type":"WebPage","@id":"https:\/\/planbet.promo\/az\/apk\/","url":"https:\/\/planbet.promo\/az\/apk\/","name":"Android \u00fc\u00e7\u00fcn PlanBet Apk \u2705 Pulsuz endirin","isPartOf":{"@id":"https:\/\/planbet.promo\/az\/#website"},"datePublished":"2024-09-24T06:52:08+00:00","dateModified":"2025-06-26T09:01:35+00:00","description":"Telefonunuzda idmandan, kazinodan v\u0259 canl\u0131 m\u0259rcd\u0259n h\u0259zz almaq \u00fc\u00e7\u00fcn PlanBet Apk y\u00fckl\u0259yin. Android v\u0259 iOS \u00fc\u00e7\u00fcn r\u0259smi PlanBet Mobil APK-n\u0131 nec\u0259 qura\u015fd\u0131rmaq olar. PlanBet apk \u0259sas funksiyalar\u0131n\u0131 v\u0259 \u00fcst\u00fcnl\u00fckl\u0259rini ara\u015fd\u0131rmaq","breadcrumb":{"@id":"https:\/\/planbet.promo\/az\/apk\/#breadcrumb"},"inLanguage":"az","potentialAction":[{"@type":"ReadAction","target":["https:\/\/planbet.promo\/az\/apk\/"]}]},{"@type":"BreadcrumbList","@id":"https:\/\/planbet.promo\/az\/apk\/#breadcrumb","itemListElement":[{"@type":"ListItem","position":1,"name":"Home","item":"https:\/\/planbet.promo\/az\/"},{"@type":"ListItem","position":2,"name":"Apk"}]},{"@type":"WebSite","@id":"https:\/\/planbet.promo\/az\/#website","url":"https:\/\/planbet.promo\/az\/","name":"Planbet Promo AZ","description":"My WordPress Blog","potentialAction":[{"@type":"SearchAction","target":{"@type":"EntryPoint","urlTemplate":"https:\/\/planbet.promo\/az\/?s={search_term_string}"},"query-input":{"@type":"PropertyValueSpecification","valueRequired":true,"valueName":"search_term_string"}}],"inLanguage":"az"}]}},"_links":{"self":[{"href":"https:\/\/planbet.promo\/az\/wp-json\/wp\/v2\/pages\/359","targetHints":{"allow":["GET"]}}],"collection":[{"href":"https:\/\/planbet.promo\/az\/wp-json\/wp\/v2\/pages"}],"about":[{"href":"https:\/\/planbet.promo\/az\/wp-json\/wp\/v2\/types\/page"}],"author":[{"embeddable":true,"href":"https:\/\/planbet.promo\/az\/wp-json\/wp\/v2\/users\/1"}],"replies":[{"embeddable":true,"href":"https:\/\/planbet.promo\/az\/wp-json\/wp\/v2\/comments?post=359"}],"version-history":[{"count":4,"href":"https:\/\/planbet.promo\/az\/wp-json\/wp\/v2\/pages\/359\/revisions"}],"predecessor-version":[{"id":718,"href":"https:\/\/planbet.promo\/az\/wp-json\/wp\/v2\/pages\/359\/revisions\/718"}],"wp:attachment":[{"href":"https:\/\/planbet.promo\/az\/wp-json\/wp\/v2\/media?parent=359"}],"curies":[{"name":"wp","href":"https:\/\/api.w.org\/{rel}","templated":true}]}}