{"id":462,"date":"2025-05-21T08:41:58","date_gmt":"2025-05-21T08:41:58","guid":{"rendered":"https:\/\/betwinner.team\/?page_id=462"},"modified":"2025-06-26T15:37:21","modified_gmt":"2025-06-26T15:37:21","slug":"first-deposit","status":"publish","type":"page","link":"https:\/\/planbet.promo\/az\/bonus\/first-deposit\/","title":{"rendered":"Xo\u015f g\u0259lmisiniz bonusu"},"content":{"rendered":"","protected":false},"excerpt":{"rendered":"","protected":false},"author":1,"featured_media":0,"parent":152,"menu_order":0,"comment_status":"closed","ping_status":"closed","template":"","meta":{"footnotes":""},"class_list":["post-462","page","type-page","status-publish","hentry"],"yoast_head":"<!-- This site is optimized with the Yoast SEO plugin v26.2 - https:\/\/yoast.com\/wordpress\/plugins\/seo\/ -->\n<title>PlanBet-d\u0259 100% \u0130lk Depozit Bonusu \u1409 220 AZN-\u0259 q\u0259d\u0259r qazan\u0131n!<\/title>\n<meta name=\"description\" content=\"PlanBet-d\u0259 qeydiyyatdan ke\u00e7in v\u0259 220 AZN-\u0259 q\u0259d\u0259r ilk depozitiniz\u0259 100% bonus qazan\u0131n! Balans\u0131n\u0131z\u0131 ikiqat edin v\u0259 \u015fans\u0131n\u0131z\u0131 s\u0131nay\u0131n! S\u0259rf\u0259li t\u0259klif \u0259ld\u0259 etm\u0259k \u015fans\u0131n\u0131 qa\u00e7\u0131rmay\u0131n - ilk depozitinizd\u0259n udma\u011fa ba\u015flay\u0131n!\" \/>\n<meta name=\"robots\" content=\"index, follow, max-snippet:-1, max-image-preview:large, max-video-preview:-1\" \/>\n<meta property=\"og:locale\" content=\"az_AZ\" \/>\n<meta property=\"og:type\" content=\"article\" \/>\n<meta property=\"og:title\" content=\"PlanBet-d\u0259 100% \u0130lk Depozit Bonusu \u1409 220 AZN-\u0259 q\u0259d\u0259r qazan\u0131n!\" \/>\n<meta property=\"og:description\" content=\"PlanBet-d\u0259 qeydiyyatdan ke\u00e7in v\u0259 220 AZN-\u0259 q\u0259d\u0259r ilk depozitiniz\u0259 100% bonus qazan\u0131n! Balans\u0131n\u0131z\u0131 ikiqat edin v\u0259 \u015fans\u0131n\u0131z\u0131 s\u0131nay\u0131n! S\u0259rf\u0259li t\u0259klif \u0259ld\u0259 etm\u0259k \u015fans\u0131n\u0131 qa\u00e7\u0131rmay\u0131n - ilk depozitinizd\u0259n udma\u011fa ba\u015flay\u0131n!\" \/>\n<meta property=\"og:url\" content=\"https:\/\/planbet.promo\/az\/bonus\/first-deposit\/\" \/>\n<meta property=\"og:site_name\" content=\"Planbet Promo AZ\" \/>\n<meta property=\"article:modified_time\" content=\"2025-06-26T15:37:21+00:00\" \/>\n<meta name=\"twitter:card\" content=\"summary_large_image\" \/>\n<script type=\"application\/ld+json\" class=\"yoast-schema-graph\">{\"@context\":\"https:\/\/schema.org\",\"@graph\":[{\"@type\":\"WebPage\",\"@id\":\"https:\/\/planbet.promo\/az\/bonus\/first-deposit\/\",\"url\":\"https:\/\/planbet.promo\/az\/bonus\/first-deposit\/\",\"name\":\"PlanBet-d\u0259 100% \u0130lk Depozit Bonusu \u1409 220 AZN-\u0259 q\u0259d\u0259r qazan\u0131n!\",\"isPartOf\":{\"@id\":\"https:\/\/planbet.promo\/az\/#website\"},\"datePublished\":\"2025-05-21T08:41:58+00:00\",\"dateModified\":\"2025-06-26T15:37:21+00:00\",\"description\":\"PlanBet-d\u0259 qeydiyyatdan ke\u00e7in v\u0259 220 AZN-\u0259 q\u0259d\u0259r ilk depozitiniz\u0259 100% bonus qazan\u0131n! Balans\u0131n\u0131z\u0131 ikiqat edin v\u0259 \u015fans\u0131n\u0131z\u0131 s\u0131nay\u0131n! S\u0259rf\u0259li t\u0259klif \u0259ld\u0259 etm\u0259k \u015fans\u0131n\u0131 qa\u00e7\u0131rmay\u0131n - ilk depozitinizd\u0259n udma\u011fa ba\u015flay\u0131n!\",\"breadcrumb\":{\"@id\":\"https:\/\/planbet.promo\/az\/bonus\/first-deposit\/#breadcrumb\"},\"inLanguage\":\"az\",\"potentialAction\":[{\"@type\":\"ReadAction\",\"target\":[\"https:\/\/planbet.promo\/az\/bonus\/first-deposit\/\"]}]},{\"@type\":\"BreadcrumbList\",\"@id\":\"https:\/\/planbet.promo\/az\/bonus\/first-deposit\/#breadcrumb\",\"itemListElement\":[{\"@type\":\"ListItem\",\"position\":1,\"name\":\"Home\",\"item\":\"https:\/\/planbet.promo\/az\/\"},{\"@type\":\"ListItem\",\"position\":2,\"name\":\"Bonus\",\"item\":\"https:\/\/planbet.promo\/az\/bonus\/\"},{\"@type\":\"ListItem\",\"position\":3,\"name\":\"Xo\u015f g\u0259lmisiniz bonusu\"}]},{\"@type\":\"WebSite\",\"@id\":\"https:\/\/planbet.promo\/az\/#website\",\"url\":\"https:\/\/planbet.promo\/az\/\",\"name\":\"Planbet Promo AZ\",\"description\":\"My WordPress Blog\",\"potentialAction\":[{\"@type\":\"SearchAction\",\"target\":{\"@type\":\"EntryPoint\",\"urlTemplate\":\"https:\/\/planbet.promo\/az\/?s={search_term_string}\"},\"query-input\":{\"@type\":\"PropertyValueSpecification\",\"valueRequired\":true,\"valueName\":\"search_term_string\"}}],\"inLanguage\":\"az\"}]}<\/script>\n<!-- \/ Yoast SEO plugin. -->","yoast_head_json":{"title":"PlanBet-d\u0259 100% \u0130lk Depozit Bonusu \u1409 220 AZN-\u0259 q\u0259d\u0259r qazan\u0131n!","description":"PlanBet-d\u0259 qeydiyyatdan ke\u00e7in v\u0259 220 AZN-\u0259 q\u0259d\u0259r ilk depozitiniz\u0259 100% bonus qazan\u0131n! Balans\u0131n\u0131z\u0131 ikiqat edin v\u0259 \u015fans\u0131n\u0131z\u0131 s\u0131nay\u0131n! S\u0259rf\u0259li t\u0259klif \u0259ld\u0259 etm\u0259k \u015fans\u0131n\u0131 qa\u00e7\u0131rmay\u0131n - ilk depozitinizd\u0259n udma\u011fa ba\u015flay\u0131n!","robots":{"index":"index","follow":"follow","max-snippet":"max-snippet:-1","max-image-preview":"max-image-preview:large","max-video-preview":"max-video-preview:-1"},"og_locale":"az_AZ","og_type":"article","og_title":"PlanBet-d\u0259 100% \u0130lk Depozit Bonusu \u1409 220 AZN-\u0259 q\u0259d\u0259r qazan\u0131n!","og_description":"PlanBet-d\u0259 qeydiyyatdan ke\u00e7in v\u0259 220 AZN-\u0259 q\u0259d\u0259r ilk depozitiniz\u0259 100% bonus qazan\u0131n! Balans\u0131n\u0131z\u0131 ikiqat edin v\u0259 \u015fans\u0131n\u0131z\u0131 s\u0131nay\u0131n! S\u0259rf\u0259li t\u0259klif \u0259ld\u0259 etm\u0259k \u015fans\u0131n\u0131 qa\u00e7\u0131rmay\u0131n - ilk depozitinizd\u0259n udma\u011fa ba\u015flay\u0131n!","og_url":"https:\/\/planbet.promo\/az\/bonus\/first-deposit\/","og_site_name":"Planbet Promo AZ","article_modified_time":"2025-06-26T15:37:21+00:00","twitter_card":"summary_large_image","schema":{"@context":"https:\/\/schema.org","@graph":[{"@type":"WebPage","@id":"https:\/\/planbet.promo\/az\/bonus\/first-deposit\/","url":"https:\/\/planbet.promo\/az\/bonus\/first-deposit\/","name":"PlanBet-d\u0259 100% \u0130lk Depozit Bonusu \u1409 220 AZN-\u0259 q\u0259d\u0259r qazan\u0131n!","isPartOf":{"@id":"https:\/\/planbet.promo\/az\/#website"},"datePublished":"2025-05-21T08:41:58+00:00","dateModified":"2025-06-26T15:37:21+00:00","description":"PlanBet-d\u0259 qeydiyyatdan ke\u00e7in v\u0259 220 AZN-\u0259 q\u0259d\u0259r ilk depozitiniz\u0259 100% bonus qazan\u0131n! Balans\u0131n\u0131z\u0131 ikiqat edin v\u0259 \u015fans\u0131n\u0131z\u0131 s\u0131nay\u0131n! S\u0259rf\u0259li t\u0259klif \u0259ld\u0259 etm\u0259k \u015fans\u0131n\u0131 qa\u00e7\u0131rmay\u0131n - ilk depozitinizd\u0259n udma\u011fa ba\u015flay\u0131n!","breadcrumb":{"@id":"https:\/\/planbet.promo\/az\/bonus\/first-deposit\/#breadcrumb"},"inLanguage":"az","potentialAction":[{"@type":"ReadAction","target":["https:\/\/planbet.promo\/az\/bonus\/first-deposit\/"]}]},{"@type":"BreadcrumbList","@id":"https:\/\/planbet.promo\/az\/bonus\/first-deposit\/#breadcrumb","itemListElement":[{"@type":"ListItem","position":1,"name":"Home","item":"https:\/\/planbet.promo\/az\/"},{"@type":"ListItem","position":2,"name":"Bonus","item":"https:\/\/planbet.promo\/az\/bonus\/"},{"@type":"ListItem","position":3,"name":"Xo\u015f g\u0259lmisiniz bonusu"}]},{"@type":"WebSite","@id":"https:\/\/planbet.promo\/az\/#website","url":"https:\/\/planbet.promo\/az\/","name":"Planbet Promo AZ","description":"My WordPress Blog","potentialAction":[{"@type":"SearchAction","target":{"@type":"EntryPoint","urlTemplate":"https:\/\/planbet.promo\/az\/?s={search_term_string}"},"query-input":{"@type":"PropertyValueSpecification","valueRequired":true,"valueName":"search_term_string"}}],"inLanguage":"az"}]}},"_links":{"self":[{"href":"https:\/\/planbet.promo\/az\/wp-json\/wp\/v2\/pages\/462","targetHints":{"allow":["GET"]}}],"collection":[{"href":"https:\/\/planbet.promo\/az\/wp-json\/wp\/v2\/pages"}],"about":[{"href":"https:\/\/planbet.promo\/az\/wp-json\/wp\/v2\/types\/page"}],"author":[{"embeddable":true,"href":"https:\/\/planbet.promo\/az\/wp-json\/wp\/v2\/users\/1"}],"replies":[{"embeddable":true,"href":"https:\/\/planbet.promo\/az\/wp-json\/wp\/v2\/comments?post=462"}],"version-history":[{"count":5,"href":"https:\/\/planbet.promo\/az\/wp-json\/wp\/v2\/pages\/462\/revisions"}],"predecessor-version":[{"id":730,"href":"https:\/\/planbet.promo\/az\/wp-json\/wp\/v2\/pages\/462\/revisions\/730"}],"up":[{"embeddable":true,"href":"https:\/\/planbet.promo\/az\/wp-json\/wp\/v2\/pages\/152"}],"wp:attachment":[{"href":"https:\/\/planbet.promo\/az\/wp-json\/wp\/v2\/media?parent=462"}],"curies":[{"name":"wp","href":"https:\/\/api.w.org\/{rel}","templated":true}]}}