{"id":504,"date":"2025-05-21T13:06:32","date_gmt":"2025-05-21T13:06:32","guid":{"rendered":"https:\/\/betwinner.team\/?page_id=504"},"modified":"2025-06-26T15:33:21","modified_gmt":"2025-06-26T15:33:21","slug":"ten-deposit","status":"publish","type":"page","link":"https:\/\/planbet.promo\/az\/bonus\/ten-deposit\/","title":{"rendered":"On depozit"},"content":{"rendered":"","protected":false},"excerpt":{"rendered":"","protected":false},"author":1,"featured_media":0,"parent":152,"menu_order":0,"comment_status":"closed","ping_status":"closed","template":"","meta":{"footnotes":""},"class_list":["post-504","page","type-page","status-publish","hentry"],"yoast_head":"<!-- This site is optimized with the Yoast SEO plugin v26.2 - https:\/\/yoast.com\/wordpress\/plugins\/seo\/ -->\n<title>PlanBet Casino-da 10-cu \u0259man\u0259t \u00fczr\u0259 bonus: 50% + 100 FS<\/title>\n<meta name=\"description\" content=\"Onuncu depozitiniz\u0259 600 AZN-\u0259 q\u0259d\u0259r 50% bonus v\u0259 100 freespin \u0259ld\u0259 edin! Sad\u0259c\u0259 20 AZN \u0259man\u0259t edin v\u0259 h\u0259diyy\u0259l\u0259r sizin olsun! Meqa-qalib \u015fans\u0131n\u0131z\u0131 qa\u00e7\u0131rmay\u0131n, sad\u0259 qaydalara \u0259m\u0259l edin v\u0259 b\u00f6y\u00fck oynay\u0131n!\" \/>\n<meta name=\"robots\" content=\"index, follow, max-snippet:-1, max-image-preview:large, max-video-preview:-1\" \/>\n<meta property=\"og:locale\" content=\"az_AZ\" \/>\n<meta property=\"og:type\" content=\"article\" \/>\n<meta property=\"og:title\" content=\"PlanBet Casino-da 10-cu \u0259man\u0259t \u00fczr\u0259 bonus: 50% + 100 FS\" \/>\n<meta property=\"og:description\" content=\"Onuncu depozitiniz\u0259 600 AZN-\u0259 q\u0259d\u0259r 50% bonus v\u0259 100 freespin \u0259ld\u0259 edin! Sad\u0259c\u0259 20 AZN \u0259man\u0259t edin v\u0259 h\u0259diyy\u0259l\u0259r sizin olsun! Meqa-qalib \u015fans\u0131n\u0131z\u0131 qa\u00e7\u0131rmay\u0131n, sad\u0259 qaydalara \u0259m\u0259l edin v\u0259 b\u00f6y\u00fck oynay\u0131n!\" \/>\n<meta property=\"og:url\" content=\"https:\/\/planbet.promo\/az\/bonus\/ten-deposit\/\" \/>\n<meta property=\"og:site_name\" content=\"Planbet Promo AZ\" \/>\n<meta property=\"article:modified_time\" content=\"2025-06-26T15:33:21+00:00\" \/>\n<meta name=\"twitter:card\" content=\"summary_large_image\" \/>\n<script type=\"application\/ld+json\" class=\"yoast-schema-graph\">{\"@context\":\"https:\/\/schema.org\",\"@graph\":[{\"@type\":\"WebPage\",\"@id\":\"https:\/\/planbet.promo\/az\/bonus\/ten-deposit\/\",\"url\":\"https:\/\/planbet.promo\/az\/bonus\/ten-deposit\/\",\"name\":\"PlanBet Casino-da 10-cu \u0259man\u0259t \u00fczr\u0259 bonus: 50% + 100 FS\",\"isPartOf\":{\"@id\":\"https:\/\/planbet.promo\/az\/#website\"},\"datePublished\":\"2025-05-21T13:06:32+00:00\",\"dateModified\":\"2025-06-26T15:33:21+00:00\",\"description\":\"Onuncu depozitiniz\u0259 600 AZN-\u0259 q\u0259d\u0259r 50% bonus v\u0259 100 freespin \u0259ld\u0259 edin! Sad\u0259c\u0259 20 AZN \u0259man\u0259t edin v\u0259 h\u0259diyy\u0259l\u0259r sizin olsun! Meqa-qalib \u015fans\u0131n\u0131z\u0131 qa\u00e7\u0131rmay\u0131n, sad\u0259 qaydalara \u0259m\u0259l edin v\u0259 b\u00f6y\u00fck oynay\u0131n!\",\"breadcrumb\":{\"@id\":\"https:\/\/planbet.promo\/az\/bonus\/ten-deposit\/#breadcrumb\"},\"inLanguage\":\"az\",\"potentialAction\":[{\"@type\":\"ReadAction\",\"target\":[\"https:\/\/planbet.promo\/az\/bonus\/ten-deposit\/\"]}]},{\"@type\":\"BreadcrumbList\",\"@id\":\"https:\/\/planbet.promo\/az\/bonus\/ten-deposit\/#breadcrumb\",\"itemListElement\":[{\"@type\":\"ListItem\",\"position\":1,\"name\":\"Home\",\"item\":\"https:\/\/planbet.promo\/az\/\"},{\"@type\":\"ListItem\",\"position\":2,\"name\":\"Bonus\",\"item\":\"https:\/\/planbet.promo\/az\/bonus\/\"},{\"@type\":\"ListItem\",\"position\":3,\"name\":\"On depozit\"}]},{\"@type\":\"WebSite\",\"@id\":\"https:\/\/planbet.promo\/az\/#website\",\"url\":\"https:\/\/planbet.promo\/az\/\",\"name\":\"Planbet Promo AZ\",\"description\":\"My WordPress Blog\",\"potentialAction\":[{\"@type\":\"SearchAction\",\"target\":{\"@type\":\"EntryPoint\",\"urlTemplate\":\"https:\/\/planbet.promo\/az\/?s={search_term_string}\"},\"query-input\":{\"@type\":\"PropertyValueSpecification\",\"valueRequired\":true,\"valueName\":\"search_term_string\"}}],\"inLanguage\":\"az\"}]}<\/script>\n<!-- \/ Yoast SEO plugin. -->","yoast_head_json":{"title":"PlanBet Casino-da 10-cu \u0259man\u0259t \u00fczr\u0259 bonus: 50% + 100 FS","description":"Onuncu depozitiniz\u0259 600 AZN-\u0259 q\u0259d\u0259r 50% bonus v\u0259 100 freespin \u0259ld\u0259 edin! Sad\u0259c\u0259 20 AZN \u0259man\u0259t edin v\u0259 h\u0259diyy\u0259l\u0259r sizin olsun! Meqa-qalib \u015fans\u0131n\u0131z\u0131 qa\u00e7\u0131rmay\u0131n, sad\u0259 qaydalara \u0259m\u0259l edin v\u0259 b\u00f6y\u00fck oynay\u0131n!","robots":{"index":"index","follow":"follow","max-snippet":"max-snippet:-1","max-image-preview":"max-image-preview:large","max-video-preview":"max-video-preview:-1"},"og_locale":"az_AZ","og_type":"article","og_title":"PlanBet Casino-da 10-cu \u0259man\u0259t \u00fczr\u0259 bonus: 50% + 100 FS","og_description":"Onuncu depozitiniz\u0259 600 AZN-\u0259 q\u0259d\u0259r 50% bonus v\u0259 100 freespin \u0259ld\u0259 edin! Sad\u0259c\u0259 20 AZN \u0259man\u0259t edin v\u0259 h\u0259diyy\u0259l\u0259r sizin olsun! Meqa-qalib \u015fans\u0131n\u0131z\u0131 qa\u00e7\u0131rmay\u0131n, sad\u0259 qaydalara \u0259m\u0259l edin v\u0259 b\u00f6y\u00fck oynay\u0131n!","og_url":"https:\/\/planbet.promo\/az\/bonus\/ten-deposit\/","og_site_name":"Planbet Promo AZ","article_modified_time":"2025-06-26T15:33:21+00:00","twitter_card":"summary_large_image","schema":{"@context":"https:\/\/schema.org","@graph":[{"@type":"WebPage","@id":"https:\/\/planbet.promo\/az\/bonus\/ten-deposit\/","url":"https:\/\/planbet.promo\/az\/bonus\/ten-deposit\/","name":"PlanBet Casino-da 10-cu \u0259man\u0259t \u00fczr\u0259 bonus: 50% + 100 FS","isPartOf":{"@id":"https:\/\/planbet.promo\/az\/#website"},"datePublished":"2025-05-21T13:06:32+00:00","dateModified":"2025-06-26T15:33:21+00:00","description":"Onuncu depozitiniz\u0259 600 AZN-\u0259 q\u0259d\u0259r 50% bonus v\u0259 100 freespin \u0259ld\u0259 edin! Sad\u0259c\u0259 20 AZN \u0259man\u0259t edin v\u0259 h\u0259diyy\u0259l\u0259r sizin olsun! Meqa-qalib \u015fans\u0131n\u0131z\u0131 qa\u00e7\u0131rmay\u0131n, sad\u0259 qaydalara \u0259m\u0259l edin v\u0259 b\u00f6y\u00fck oynay\u0131n!","breadcrumb":{"@id":"https:\/\/planbet.promo\/az\/bonus\/ten-deposit\/#breadcrumb"},"inLanguage":"az","potentialAction":[{"@type":"ReadAction","target":["https:\/\/planbet.promo\/az\/bonus\/ten-deposit\/"]}]},{"@type":"BreadcrumbList","@id":"https:\/\/planbet.promo\/az\/bonus\/ten-deposit\/#breadcrumb","itemListElement":[{"@type":"ListItem","position":1,"name":"Home","item":"https:\/\/planbet.promo\/az\/"},{"@type":"ListItem","position":2,"name":"Bonus","item":"https:\/\/planbet.promo\/az\/bonus\/"},{"@type":"ListItem","position":3,"name":"On depozit"}]},{"@type":"WebSite","@id":"https:\/\/planbet.promo\/az\/#website","url":"https:\/\/planbet.promo\/az\/","name":"Planbet Promo AZ","description":"My WordPress Blog","potentialAction":[{"@type":"SearchAction","target":{"@type":"EntryPoint","urlTemplate":"https:\/\/planbet.promo\/az\/?s={search_term_string}"},"query-input":{"@type":"PropertyValueSpecification","valueRequired":true,"valueName":"search_term_string"}}],"inLanguage":"az"}]}},"_links":{"self":[{"href":"https:\/\/planbet.promo\/az\/wp-json\/wp\/v2\/pages\/504","targetHints":{"allow":["GET"]}}],"collection":[{"href":"https:\/\/planbet.promo\/az\/wp-json\/wp\/v2\/pages"}],"about":[{"href":"https:\/\/planbet.promo\/az\/wp-json\/wp\/v2\/types\/page"}],"author":[{"embeddable":true,"href":"https:\/\/planbet.promo\/az\/wp-json\/wp\/v2\/users\/1"}],"replies":[{"embeddable":true,"href":"https:\/\/planbet.promo\/az\/wp-json\/wp\/v2\/comments?post=504"}],"version-history":[{"count":6,"href":"https:\/\/planbet.promo\/az\/wp-json\/wp\/v2\/pages\/504\/revisions"}],"predecessor-version":[{"id":728,"href":"https:\/\/planbet.promo\/az\/wp-json\/wp\/v2\/pages\/504\/revisions\/728"}],"up":[{"embeddable":true,"href":"https:\/\/planbet.promo\/az\/wp-json\/wp\/v2\/pages\/152"}],"wp:attachment":[{"href":"https:\/\/planbet.promo\/az\/wp-json\/wp\/v2\/media?parent=504"}],"curies":[{"name":"wp","href":"https:\/\/api.w.org\/{rel}","templated":true}]}}