{"id":287,"date":"2024-05-28T12:38:43","date_gmt":"2024-05-28T12:38:43","guid":{"rendered":"https:\/\/betwinner.team\/?page_id=287"},"modified":"2025-07-25T18:53:09","modified_gmt":"2025-07-25T18:53:09","slug":"casino","status":"publish","type":"page","link":"https:\/\/planbet.promo\/be\/casino\/","title":{"rendered":"Kasino"},"content":{"rendered":"","protected":false},"excerpt":{"rendered":"","protected":false},"author":1,"featured_media":0,"parent":0,"menu_order":0,"comment_status":"closed","ping_status":"closed","template":"","meta":{"footnotes":""},"class_list":["post-287","page","type-page","status-publish","hentry"],"yoast_head":"<!-- This site is optimized with the Yoast SEO plugin v26.2 - https:\/\/yoast.com\/wordpress\/plugins\/seo\/ -->\n<title>PlanBet Belgien Kasino \ud83c\udfb0 Spielautomaten und Live-Dealer<\/title>\n<meta name=\"description\" content=\"PlanBet Kasino bietet Spielern die M\u00f6glichkeit, Online-Spiele \u00fcberall und jederzeit zu genie\u00dfen \ud83d\uddf8 Erleben Sie den Nervenkitzel beliebter Spiele mit echten Dealern im Live Kasino\" \/>\n<meta name=\"robots\" content=\"index, follow, max-snippet:-1, max-image-preview:large, max-video-preview:-1\" \/>\n<meta property=\"og:locale\" content=\"de_DE\" \/>\n<meta property=\"og:type\" content=\"article\" \/>\n<meta property=\"og:title\" content=\"PlanBet Belgien Kasino \ud83c\udfb0 Spielautomaten und Live-Dealer\" \/>\n<meta property=\"og:description\" content=\"PlanBet Kasino bietet Spielern die M\u00f6glichkeit, Online-Spiele \u00fcberall und jederzeit zu genie\u00dfen \ud83d\uddf8 Erleben Sie den Nervenkitzel beliebter Spiele mit echten Dealern im Live Kasino\" \/>\n<meta property=\"og:url\" content=\"https:\/\/planbet.promo\/be\/casino\/\" \/>\n<meta property=\"og:site_name\" content=\"Planbet Promo BE\" \/>\n<meta property=\"article:modified_time\" content=\"2025-07-25T18:53:09+00:00\" \/>\n<meta name=\"twitter:card\" content=\"summary_large_image\" \/>\n<script type=\"application\/ld+json\" class=\"yoast-schema-graph\">{\"@context\":\"https:\/\/schema.org\",\"@graph\":[{\"@type\":\"WebPage\",\"@id\":\"https:\/\/planbet.promo\/be\/casino\/\",\"url\":\"https:\/\/planbet.promo\/be\/casino\/\",\"name\":\"PlanBet Belgien Kasino \ud83c\udfb0 Spielautomaten und Live-Dealer\",\"isPartOf\":{\"@id\":\"https:\/\/planbet.promo\/be\/#website\"},\"datePublished\":\"2024-05-28T12:38:43+00:00\",\"dateModified\":\"2025-07-25T18:53:09+00:00\",\"description\":\"PlanBet Kasino bietet Spielern die M\u00f6glichkeit, Online-Spiele \u00fcberall und jederzeit zu genie\u00dfen \ud83d\uddf8 Erleben Sie den Nervenkitzel beliebter Spiele mit echten Dealern im Live Kasino\",\"breadcrumb\":{\"@id\":\"https:\/\/planbet.promo\/be\/casino\/#breadcrumb\"},\"inLanguage\":\"de-BE\",\"potentialAction\":[{\"@type\":\"ReadAction\",\"target\":[\"https:\/\/planbet.promo\/be\/casino\/\"]}]},{\"@type\":\"BreadcrumbList\",\"@id\":\"https:\/\/planbet.promo\/be\/casino\/#breadcrumb\",\"itemListElement\":[{\"@type\":\"ListItem\",\"position\":1,\"name\":\"Home\",\"item\":\"https:\/\/planbet.promo\/be\/\"},{\"@type\":\"ListItem\",\"position\":2,\"name\":\"Kasino\"}]},{\"@type\":\"WebSite\",\"@id\":\"https:\/\/planbet.promo\/be\/#website\",\"url\":\"https:\/\/planbet.promo\/be\/\",\"name\":\"Planbet Promo BE\",\"description\":\"My WordPress Blog\",\"potentialAction\":[{\"@type\":\"SearchAction\",\"target\":{\"@type\":\"EntryPoint\",\"urlTemplate\":\"https:\/\/planbet.promo\/be\/?s={search_term_string}\"},\"query-input\":{\"@type\":\"PropertyValueSpecification\",\"valueRequired\":true,\"valueName\":\"search_term_string\"}}],\"inLanguage\":\"de-BE\"}]}<\/script>\n<!-- \/ Yoast SEO plugin. -->","yoast_head_json":{"title":"PlanBet Belgien Kasino \ud83c\udfb0 Spielautomaten und Live-Dealer","description":"PlanBet Kasino bietet Spielern die M\u00f6glichkeit, Online-Spiele \u00fcberall und jederzeit zu genie\u00dfen \ud83d\uddf8 Erleben Sie den Nervenkitzel beliebter Spiele mit echten Dealern im Live Kasino","robots":{"index":"index","follow":"follow","max-snippet":"max-snippet:-1","max-image-preview":"max-image-preview:large","max-video-preview":"max-video-preview:-1"},"og_locale":"de_DE","og_type":"article","og_title":"PlanBet Belgien Kasino \ud83c\udfb0 Spielautomaten und Live-Dealer","og_description":"PlanBet Kasino bietet Spielern die M\u00f6glichkeit, Online-Spiele \u00fcberall und jederzeit zu genie\u00dfen \ud83d\uddf8 Erleben Sie den Nervenkitzel beliebter Spiele mit echten Dealern im Live Kasino","og_url":"https:\/\/planbet.promo\/be\/casino\/","og_site_name":"Planbet Promo BE","article_modified_time":"2025-07-25T18:53:09+00:00","twitter_card":"summary_large_image","schema":{"@context":"https:\/\/schema.org","@graph":[{"@type":"WebPage","@id":"https:\/\/planbet.promo\/be\/casino\/","url":"https:\/\/planbet.promo\/be\/casino\/","name":"PlanBet Belgien Kasino \ud83c\udfb0 Spielautomaten und Live-Dealer","isPartOf":{"@id":"https:\/\/planbet.promo\/be\/#website"},"datePublished":"2024-05-28T12:38:43+00:00","dateModified":"2025-07-25T18:53:09+00:00","description":"PlanBet Kasino bietet Spielern die M\u00f6glichkeit, Online-Spiele \u00fcberall und jederzeit zu genie\u00dfen \ud83d\uddf8 Erleben Sie den Nervenkitzel beliebter Spiele mit echten Dealern im Live Kasino","breadcrumb":{"@id":"https:\/\/planbet.promo\/be\/casino\/#breadcrumb"},"inLanguage":"de-BE","potentialAction":[{"@type":"ReadAction","target":["https:\/\/planbet.promo\/be\/casino\/"]}]},{"@type":"BreadcrumbList","@id":"https:\/\/planbet.promo\/be\/casino\/#breadcrumb","itemListElement":[{"@type":"ListItem","position":1,"name":"Home","item":"https:\/\/planbet.promo\/be\/"},{"@type":"ListItem","position":2,"name":"Kasino"}]},{"@type":"WebSite","@id":"https:\/\/planbet.promo\/be\/#website","url":"https:\/\/planbet.promo\/be\/","name":"Planbet Promo BE","description":"My WordPress Blog","potentialAction":[{"@type":"SearchAction","target":{"@type":"EntryPoint","urlTemplate":"https:\/\/planbet.promo\/be\/?s={search_term_string}"},"query-input":{"@type":"PropertyValueSpecification","valueRequired":true,"valueName":"search_term_string"}}],"inLanguage":"de-BE"}]}},"_links":{"self":[{"href":"https:\/\/planbet.promo\/be\/wp-json\/wp\/v2\/pages\/287","targetHints":{"allow":["GET"]}}],"collection":[{"href":"https:\/\/planbet.promo\/be\/wp-json\/wp\/v2\/pages"}],"about":[{"href":"https:\/\/planbet.promo\/be\/wp-json\/wp\/v2\/types\/page"}],"author":[{"embeddable":true,"href":"https:\/\/planbet.promo\/be\/wp-json\/wp\/v2\/users\/1"}],"replies":[{"embeddable":true,"href":"https:\/\/planbet.promo\/be\/wp-json\/wp\/v2\/comments?post=287"}],"version-history":[{"count":6,"href":"https:\/\/planbet.promo\/be\/wp-json\/wp\/v2\/pages\/287\/revisions"}],"predecessor-version":[{"id":758,"href":"https:\/\/planbet.promo\/be\/wp-json\/wp\/v2\/pages\/287\/revisions\/758"}],"wp:attachment":[{"href":"https:\/\/planbet.promo\/be\/wp-json\/wp\/v2\/media?parent=287"}],"curies":[{"name":"wp","href":"https:\/\/api.w.org\/{rel}","templated":true}]}}