{"id":462,"date":"2025-05-21T08:41:58","date_gmt":"2025-05-21T08:41:58","guid":{"rendered":"https:\/\/betwinner.team\/?page_id=462"},"modified":"2025-06-29T09:59:24","modified_gmt":"2025-06-29T09:59:24","slug":"first-deposit","status":"publish","type":"page","link":"https:\/\/planbet.promo\/br\/bonus\/first-deposit\/","title":{"rendered":"B\u00f4nus de boas-vindas"},"content":{"rendered":"","protected":false},"excerpt":{"rendered":"","protected":false},"author":1,"featured_media":0,"parent":152,"menu_order":0,"comment_status":"closed","ping_status":"closed","template":"","meta":{"footnotes":""},"class_list":["post-462","page","type-page","status-publish","hentry"],"yoast_head":"<!-- This site is optimized with the Yoast SEO plugin v26.2 - https:\/\/yoast.com\/wordpress\/plugins\/seo\/ -->\n<title>100% de B\u00f4nus de Primeiro Dep\u00f3sito na PlanBet \u1409 At\u00e9 600 BRL!<\/title>\n<meta name=\"description\" content=\"Cadastre-se na PlanBet e ganhe um b\u00f4nus de 100% no seu primeiro dep\u00f3sito de at\u00e9 R$ 600! Dobre seu saldo e tente sua sorte! N\u00e3o perca a chance de receber uma oferta favor\u00e1vel - comece a ganhar desde o seu primeiro dep\u00f3sito!\" \/>\n<meta name=\"robots\" content=\"index, follow, max-snippet:-1, max-image-preview:large, max-video-preview:-1\" \/>\n<meta property=\"og:locale\" content=\"pt_BR\" \/>\n<meta property=\"og:type\" content=\"article\" \/>\n<meta property=\"og:title\" content=\"100% de B\u00f4nus de Primeiro Dep\u00f3sito na PlanBet \u1409 At\u00e9 600 BRL!\" \/>\n<meta property=\"og:description\" content=\"Cadastre-se na PlanBet e ganhe um b\u00f4nus de 100% no seu primeiro dep\u00f3sito de at\u00e9 R$ 600! Dobre seu saldo e tente sua sorte! N\u00e3o perca a chance de receber uma oferta favor\u00e1vel - comece a ganhar desde o seu primeiro dep\u00f3sito!\" \/>\n<meta property=\"og:url\" content=\"https:\/\/planbet.promo\/br\/bonus\/first-deposit\/\" \/>\n<meta property=\"og:site_name\" content=\"Planbet Promo BR\" \/>\n<meta property=\"article:modified_time\" content=\"2025-06-29T09:59:24+00:00\" \/>\n<meta name=\"twitter:card\" content=\"summary_large_image\" \/>\n<script type=\"application\/ld+json\" class=\"yoast-schema-graph\">{\"@context\":\"https:\/\/schema.org\",\"@graph\":[{\"@type\":\"WebPage\",\"@id\":\"https:\/\/planbet.promo\/br\/bonus\/first-deposit\/\",\"url\":\"https:\/\/planbet.promo\/br\/bonus\/first-deposit\/\",\"name\":\"100% de B\u00f4nus de Primeiro Dep\u00f3sito na PlanBet \u1409 At\u00e9 600 BRL!\",\"isPartOf\":{\"@id\":\"https:\/\/planbet.promo\/br\/#website\"},\"datePublished\":\"2025-05-21T08:41:58+00:00\",\"dateModified\":\"2025-06-29T09:59:24+00:00\",\"description\":\"Cadastre-se na PlanBet e ganhe um b\u00f4nus de 100% no seu primeiro dep\u00f3sito de at\u00e9 R$ 600! Dobre seu saldo e tente sua sorte! N\u00e3o perca a chance de receber uma oferta favor\u00e1vel - comece a ganhar desde o seu primeiro dep\u00f3sito!\",\"breadcrumb\":{\"@id\":\"https:\/\/planbet.promo\/br\/bonus\/first-deposit\/#breadcrumb\"},\"inLanguage\":\"pt-BR\",\"potentialAction\":[{\"@type\":\"ReadAction\",\"target\":[\"https:\/\/planbet.promo\/br\/bonus\/first-deposit\/\"]}]},{\"@type\":\"BreadcrumbList\",\"@id\":\"https:\/\/planbet.promo\/br\/bonus\/first-deposit\/#breadcrumb\",\"itemListElement\":[{\"@type\":\"ListItem\",\"position\":1,\"name\":\"Home\",\"item\":\"https:\/\/planbet.promo\/br\/\"},{\"@type\":\"ListItem\",\"position\":2,\"name\":\"B\u00f4nus\",\"item\":\"https:\/\/planbet.promo\/br\/bonus\/\"},{\"@type\":\"ListItem\",\"position\":3,\"name\":\"B\u00f4nus de boas-vindas\"}]},{\"@type\":\"WebSite\",\"@id\":\"https:\/\/planbet.promo\/br\/#website\",\"url\":\"https:\/\/planbet.promo\/br\/\",\"name\":\"Planbet Promo BR\",\"description\":\"My WordPress Blog\",\"potentialAction\":[{\"@type\":\"SearchAction\",\"target\":{\"@type\":\"EntryPoint\",\"urlTemplate\":\"https:\/\/planbet.promo\/br\/?s={search_term_string}\"},\"query-input\":{\"@type\":\"PropertyValueSpecification\",\"valueRequired\":true,\"valueName\":\"search_term_string\"}}],\"inLanguage\":\"pt-BR\"}]}<\/script>\n<!-- \/ Yoast SEO plugin. -->","yoast_head_json":{"title":"100% de B\u00f4nus de Primeiro Dep\u00f3sito na PlanBet \u1409 At\u00e9 600 BRL!","description":"Cadastre-se na PlanBet e ganhe um b\u00f4nus de 100% no seu primeiro dep\u00f3sito de at\u00e9 R$ 600! Dobre seu saldo e tente sua sorte! N\u00e3o perca a chance de receber uma oferta favor\u00e1vel - comece a ganhar desde o seu primeiro dep\u00f3sito!","robots":{"index":"index","follow":"follow","max-snippet":"max-snippet:-1","max-image-preview":"max-image-preview:large","max-video-preview":"max-video-preview:-1"},"og_locale":"pt_BR","og_type":"article","og_title":"100% de B\u00f4nus de Primeiro Dep\u00f3sito na PlanBet \u1409 At\u00e9 600 BRL!","og_description":"Cadastre-se na PlanBet e ganhe um b\u00f4nus de 100% no seu primeiro dep\u00f3sito de at\u00e9 R$ 600! Dobre seu saldo e tente sua sorte! N\u00e3o perca a chance de receber uma oferta favor\u00e1vel - comece a ganhar desde o seu primeiro dep\u00f3sito!","og_url":"https:\/\/planbet.promo\/br\/bonus\/first-deposit\/","og_site_name":"Planbet Promo BR","article_modified_time":"2025-06-29T09:59:24+00:00","twitter_card":"summary_large_image","schema":{"@context":"https:\/\/schema.org","@graph":[{"@type":"WebPage","@id":"https:\/\/planbet.promo\/br\/bonus\/first-deposit\/","url":"https:\/\/planbet.promo\/br\/bonus\/first-deposit\/","name":"100% de B\u00f4nus de Primeiro Dep\u00f3sito na PlanBet \u1409 At\u00e9 600 BRL!","isPartOf":{"@id":"https:\/\/planbet.promo\/br\/#website"},"datePublished":"2025-05-21T08:41:58+00:00","dateModified":"2025-06-29T09:59:24+00:00","description":"Cadastre-se na PlanBet e ganhe um b\u00f4nus de 100% no seu primeiro dep\u00f3sito de at\u00e9 R$ 600! Dobre seu saldo e tente sua sorte! N\u00e3o perca a chance de receber uma oferta favor\u00e1vel - comece a ganhar desde o seu primeiro dep\u00f3sito!","breadcrumb":{"@id":"https:\/\/planbet.promo\/br\/bonus\/first-deposit\/#breadcrumb"},"inLanguage":"pt-BR","potentialAction":[{"@type":"ReadAction","target":["https:\/\/planbet.promo\/br\/bonus\/first-deposit\/"]}]},{"@type":"BreadcrumbList","@id":"https:\/\/planbet.promo\/br\/bonus\/first-deposit\/#breadcrumb","itemListElement":[{"@type":"ListItem","position":1,"name":"Home","item":"https:\/\/planbet.promo\/br\/"},{"@type":"ListItem","position":2,"name":"B\u00f4nus","item":"https:\/\/planbet.promo\/br\/bonus\/"},{"@type":"ListItem","position":3,"name":"B\u00f4nus de boas-vindas"}]},{"@type":"WebSite","@id":"https:\/\/planbet.promo\/br\/#website","url":"https:\/\/planbet.promo\/br\/","name":"Planbet Promo BR","description":"My WordPress Blog","potentialAction":[{"@type":"SearchAction","target":{"@type":"EntryPoint","urlTemplate":"https:\/\/planbet.promo\/br\/?s={search_term_string}"},"query-input":{"@type":"PropertyValueSpecification","valueRequired":true,"valueName":"search_term_string"}}],"inLanguage":"pt-BR"}]}},"_links":{"self":[{"href":"https:\/\/planbet.promo\/br\/wp-json\/wp\/v2\/pages\/462","targetHints":{"allow":["GET"]}}],"collection":[{"href":"https:\/\/planbet.promo\/br\/wp-json\/wp\/v2\/pages"}],"about":[{"href":"https:\/\/planbet.promo\/br\/wp-json\/wp\/v2\/types\/page"}],"author":[{"embeddable":true,"href":"https:\/\/planbet.promo\/br\/wp-json\/wp\/v2\/users\/1"}],"replies":[{"embeddable":true,"href":"https:\/\/planbet.promo\/br\/wp-json\/wp\/v2\/comments?post=462"}],"version-history":[{"count":5,"href":"https:\/\/planbet.promo\/br\/wp-json\/wp\/v2\/pages\/462\/revisions"}],"predecessor-version":[{"id":739,"href":"https:\/\/planbet.promo\/br\/wp-json\/wp\/v2\/pages\/462\/revisions\/739"}],"up":[{"embeddable":true,"href":"https:\/\/planbet.promo\/br\/wp-json\/wp\/v2\/pages\/152"}],"wp:attachment":[{"href":"https:\/\/planbet.promo\/br\/wp-json\/wp\/v2\/media?parent=462"}],"curies":[{"name":"wp","href":"https:\/\/api.w.org\/{rel}","templated":true}]}}