{"id":510,"date":"2025-05-21T13:31:40","date_gmt":"2025-05-21T13:31:40","guid":{"rendered":"https:\/\/betwinner.team\/?page_id=510"},"modified":"2025-06-29T10:00:38","modified_gmt":"2025-06-29T10:00:38","slug":"big-match","status":"publish","type":"page","link":"https:\/\/planbet.promo\/br\/bonus\/big-match\/","title":{"rendered":"Grande partida"},"content":{"rendered":"","protected":false},"excerpt":{"rendered":"","protected":false},"author":1,"featured_media":0,"parent":152,"menu_order":0,"comment_status":"closed","ping_status":"closed","template":"","meta":{"footnotes":""},"class_list":["post-510","page","type-page","status-publish","hentry"],"yoast_head":"<!-- This site is optimized with the Yoast SEO plugin v26.2 - https:\/\/yoast.com\/wordpress\/plugins\/seo\/ -->\n<title>PlanBet Grande Partida \u1409 Receba um reembolso de 55 reais<\/title>\n<meta name=\"description\" content=\"Aposte sem medo! Participe da promo\u00e7\u00e3o Big Match da PlanBet e receba at\u00e9 55 reais de volta, mesmo que sua previs\u00e3o n\u00e3o d\u00ea certo. Jogar seguro \u00e9 real!\" \/>\n<meta name=\"robots\" content=\"index, follow, max-snippet:-1, max-image-preview:large, max-video-preview:-1\" \/>\n<meta property=\"og:locale\" content=\"pt_BR\" \/>\n<meta property=\"og:type\" content=\"article\" \/>\n<meta property=\"og:title\" content=\"PlanBet Grande Partida \u1409 Receba um reembolso de 55 reais\" \/>\n<meta property=\"og:description\" content=\"Aposte sem medo! Participe da promo\u00e7\u00e3o Big Match da PlanBet e receba at\u00e9 55 reais de volta, mesmo que sua previs\u00e3o n\u00e3o d\u00ea certo. Jogar seguro \u00e9 real!\" \/>\n<meta property=\"og:url\" content=\"https:\/\/planbet.promo\/br\/bonus\/big-match\/\" \/>\n<meta property=\"og:site_name\" content=\"Planbet Promo BR\" \/>\n<meta property=\"article:modified_time\" content=\"2025-06-29T10:00:38+00:00\" \/>\n<meta name=\"twitter:card\" content=\"summary_large_image\" \/>\n<script type=\"application\/ld+json\" class=\"yoast-schema-graph\">{\"@context\":\"https:\/\/schema.org\",\"@graph\":[{\"@type\":\"WebPage\",\"@id\":\"https:\/\/planbet.promo\/br\/bonus\/big-match\/\",\"url\":\"https:\/\/planbet.promo\/br\/bonus\/big-match\/\",\"name\":\"PlanBet Grande Partida \u1409 Receba um reembolso de 55 reais\",\"isPartOf\":{\"@id\":\"https:\/\/planbet.promo\/br\/#website\"},\"datePublished\":\"2025-05-21T13:31:40+00:00\",\"dateModified\":\"2025-06-29T10:00:38+00:00\",\"description\":\"Aposte sem medo! Participe da promo\u00e7\u00e3o Big Match da PlanBet e receba at\u00e9 55 reais de volta, mesmo que sua previs\u00e3o n\u00e3o d\u00ea certo. Jogar seguro \u00e9 real!\",\"breadcrumb\":{\"@id\":\"https:\/\/planbet.promo\/br\/bonus\/big-match\/#breadcrumb\"},\"inLanguage\":\"pt-BR\",\"potentialAction\":[{\"@type\":\"ReadAction\",\"target\":[\"https:\/\/planbet.promo\/br\/bonus\/big-match\/\"]}]},{\"@type\":\"BreadcrumbList\",\"@id\":\"https:\/\/planbet.promo\/br\/bonus\/big-match\/#breadcrumb\",\"itemListElement\":[{\"@type\":\"ListItem\",\"position\":1,\"name\":\"Home\",\"item\":\"https:\/\/planbet.promo\/br\/\"},{\"@type\":\"ListItem\",\"position\":2,\"name\":\"B\u00f4nus\",\"item\":\"https:\/\/planbet.promo\/br\/bonus\/\"},{\"@type\":\"ListItem\",\"position\":3,\"name\":\"Grande partida\"}]},{\"@type\":\"WebSite\",\"@id\":\"https:\/\/planbet.promo\/br\/#website\",\"url\":\"https:\/\/planbet.promo\/br\/\",\"name\":\"Planbet Promo BR\",\"description\":\"My WordPress Blog\",\"potentialAction\":[{\"@type\":\"SearchAction\",\"target\":{\"@type\":\"EntryPoint\",\"urlTemplate\":\"https:\/\/planbet.promo\/br\/?s={search_term_string}\"},\"query-input\":{\"@type\":\"PropertyValueSpecification\",\"valueRequired\":true,\"valueName\":\"search_term_string\"}}],\"inLanguage\":\"pt-BR\"}]}<\/script>\n<!-- \/ Yoast SEO plugin. -->","yoast_head_json":{"title":"PlanBet Grande Partida \u1409 Receba um reembolso de 55 reais","description":"Aposte sem medo! Participe da promo\u00e7\u00e3o Big Match da PlanBet e receba at\u00e9 55 reais de volta, mesmo que sua previs\u00e3o n\u00e3o d\u00ea certo. Jogar seguro \u00e9 real!","robots":{"index":"index","follow":"follow","max-snippet":"max-snippet:-1","max-image-preview":"max-image-preview:large","max-video-preview":"max-video-preview:-1"},"og_locale":"pt_BR","og_type":"article","og_title":"PlanBet Grande Partida \u1409 Receba um reembolso de 55 reais","og_description":"Aposte sem medo! Participe da promo\u00e7\u00e3o Big Match da PlanBet e receba at\u00e9 55 reais de volta, mesmo que sua previs\u00e3o n\u00e3o d\u00ea certo. Jogar seguro \u00e9 real!","og_url":"https:\/\/planbet.promo\/br\/bonus\/big-match\/","og_site_name":"Planbet Promo BR","article_modified_time":"2025-06-29T10:00:38+00:00","twitter_card":"summary_large_image","schema":{"@context":"https:\/\/schema.org","@graph":[{"@type":"WebPage","@id":"https:\/\/planbet.promo\/br\/bonus\/big-match\/","url":"https:\/\/planbet.promo\/br\/bonus\/big-match\/","name":"PlanBet Grande Partida \u1409 Receba um reembolso de 55 reais","isPartOf":{"@id":"https:\/\/planbet.promo\/br\/#website"},"datePublished":"2025-05-21T13:31:40+00:00","dateModified":"2025-06-29T10:00:38+00:00","description":"Aposte sem medo! Participe da promo\u00e7\u00e3o Big Match da PlanBet e receba at\u00e9 55 reais de volta, mesmo que sua previs\u00e3o n\u00e3o d\u00ea certo. Jogar seguro \u00e9 real!","breadcrumb":{"@id":"https:\/\/planbet.promo\/br\/bonus\/big-match\/#breadcrumb"},"inLanguage":"pt-BR","potentialAction":[{"@type":"ReadAction","target":["https:\/\/planbet.promo\/br\/bonus\/big-match\/"]}]},{"@type":"BreadcrumbList","@id":"https:\/\/planbet.promo\/br\/bonus\/big-match\/#breadcrumb","itemListElement":[{"@type":"ListItem","position":1,"name":"Home","item":"https:\/\/planbet.promo\/br\/"},{"@type":"ListItem","position":2,"name":"B\u00f4nus","item":"https:\/\/planbet.promo\/br\/bonus\/"},{"@type":"ListItem","position":3,"name":"Grande partida"}]},{"@type":"WebSite","@id":"https:\/\/planbet.promo\/br\/#website","url":"https:\/\/planbet.promo\/br\/","name":"Planbet Promo BR","description":"My WordPress Blog","potentialAction":[{"@type":"SearchAction","target":{"@type":"EntryPoint","urlTemplate":"https:\/\/planbet.promo\/br\/?s={search_term_string}"},"query-input":{"@type":"PropertyValueSpecification","valueRequired":true,"valueName":"search_term_string"}}],"inLanguage":"pt-BR"}]}},"_links":{"self":[{"href":"https:\/\/planbet.promo\/br\/wp-json\/wp\/v2\/pages\/510","targetHints":{"allow":["GET"]}}],"collection":[{"href":"https:\/\/planbet.promo\/br\/wp-json\/wp\/v2\/pages"}],"about":[{"href":"https:\/\/planbet.promo\/br\/wp-json\/wp\/v2\/types\/page"}],"author":[{"embeddable":true,"href":"https:\/\/planbet.promo\/br\/wp-json\/wp\/v2\/users\/1"}],"replies":[{"embeddable":true,"href":"https:\/\/planbet.promo\/br\/wp-json\/wp\/v2\/comments?post=510"}],"version-history":[{"count":5,"href":"https:\/\/planbet.promo\/br\/wp-json\/wp\/v2\/pages\/510\/revisions"}],"predecessor-version":[{"id":733,"href":"https:\/\/planbet.promo\/br\/wp-json\/wp\/v2\/pages\/510\/revisions\/733"}],"up":[{"embeddable":true,"href":"https:\/\/planbet.promo\/br\/wp-json\/wp\/v2\/pages\/152"}],"wp:attachment":[{"href":"https:\/\/planbet.promo\/br\/wp-json\/wp\/v2\/media?parent=510"}],"curies":[{"name":"wp","href":"https:\/\/api.w.org\/{rel}","templated":true}]}}