{"id":226,"date":"2024-05-28T09:20:52","date_gmt":"2024-05-28T09:20:52","guid":{"rendered":"https:\/\/betwinner.team\/?page_id=226"},"modified":"2025-07-28T08:50:57","modified_gmt":"2025-07-28T08:50:57","slug":"affiliate","status":"publish","type":"page","link":"https:\/\/planbet.promo\/chile\/affiliate\/","title":{"rendered":"Afiliado"},"content":{"rendered":"","protected":false},"excerpt":{"rendered":"","protected":false},"author":1,"featured_media":0,"parent":0,"menu_order":0,"comment_status":"closed","ping_status":"closed","template":"","meta":{"footnotes":""},"class_list":["post-226","page","type-page","status-publish","hentry"],"yoast_head":"<!-- This site is optimized with the Yoast SEO plugin v26.2 - https:\/\/yoast.com\/wordpress\/plugins\/seo\/ -->\n<title>PlanBet Chile Afiliado | Hazte socio ahora<\/title>\n<meta name=\"description\" content=\"PlanBet Affiliate es un programa de asociaci\u00f3n que ofrece la plataforma de apuestas deportivas y casino PlanBet \u2713 Convi\u00e9rtete en socio de PlanBet y gana m\u00e1s dinero usando esta gu\u00eda.\" \/>\n<meta name=\"robots\" content=\"noindex, follow, max-snippet:-1, max-image-preview:large, max-video-preview:-1\" \/>\n<meta property=\"og:locale\" content=\"es_ES\" \/>\n<meta property=\"og:type\" content=\"article\" \/>\n<meta property=\"og:title\" content=\"PlanBet Chile Afiliado | Hazte socio ahora\" \/>\n<meta property=\"og:description\" content=\"PlanBet Affiliate es un programa de asociaci\u00f3n que ofrece la plataforma de apuestas deportivas y casino PlanBet \u2713 Convi\u00e9rtete en socio de PlanBet y gana m\u00e1s dinero usando esta gu\u00eda.\" \/>\n<meta property=\"og:url\" content=\"https:\/\/planbet.promo\/chile\/affiliate\/\" \/>\n<meta property=\"og:site_name\" content=\"Planbet Promo CL\" \/>\n<meta property=\"article:modified_time\" content=\"2025-07-28T08:50:57+00:00\" \/>\n<meta name=\"twitter:card\" content=\"summary_large_image\" \/>\n<script type=\"application\/ld+json\" class=\"yoast-schema-graph\">{\"@context\":\"https:\/\/schema.org\",\"@graph\":[{\"@type\":\"WebPage\",\"@id\":\"https:\/\/planbet.promo\/chile\/affiliate\/\",\"url\":\"https:\/\/planbet.promo\/chile\/affiliate\/\",\"name\":\"PlanBet Chile Afiliado | Hazte socio ahora\",\"isPartOf\":{\"@id\":\"https:\/\/planbet.promo\/chile\/#website\"},\"datePublished\":\"2024-05-28T09:20:52+00:00\",\"dateModified\":\"2025-07-28T08:50:57+00:00\",\"description\":\"PlanBet Affiliate es un programa de asociaci\u00f3n que ofrece la plataforma de apuestas deportivas y casino PlanBet \u2713 Convi\u00e9rtete en socio de PlanBet y gana m\u00e1s dinero usando esta gu\u00eda.\",\"breadcrumb\":{\"@id\":\"https:\/\/planbet.promo\/chile\/affiliate\/#breadcrumb\"},\"inLanguage\":\"es-CL\",\"potentialAction\":[{\"@type\":\"ReadAction\",\"target\":[\"https:\/\/planbet.promo\/chile\/affiliate\/\"]}]},{\"@type\":\"BreadcrumbList\",\"@id\":\"https:\/\/planbet.promo\/chile\/affiliate\/#breadcrumb\",\"itemListElement\":[{\"@type\":\"ListItem\",\"position\":1,\"name\":\"Home\",\"item\":\"https:\/\/planbet.promo\/chile\/\"},{\"@type\":\"ListItem\",\"position\":2,\"name\":\"Afiliado\"}]},{\"@type\":\"WebSite\",\"@id\":\"https:\/\/planbet.promo\/chile\/#website\",\"url\":\"https:\/\/planbet.promo\/chile\/\",\"name\":\"Planbet Promo CL\",\"description\":\"My WordPress Blog\",\"potentialAction\":[{\"@type\":\"SearchAction\",\"target\":{\"@type\":\"EntryPoint\",\"urlTemplate\":\"https:\/\/planbet.promo\/chile\/?s={search_term_string}\"},\"query-input\":{\"@type\":\"PropertyValueSpecification\",\"valueRequired\":true,\"valueName\":\"search_term_string\"}}],\"inLanguage\":\"es-CL\"}]}<\/script>\n<!-- \/ Yoast SEO plugin. -->","yoast_head_json":{"title":"PlanBet Chile Afiliado | Hazte socio ahora","description":"PlanBet Affiliate es un programa de asociaci\u00f3n que ofrece la plataforma de apuestas deportivas y casino PlanBet \u2713 Convi\u00e9rtete en socio de PlanBet y gana m\u00e1s dinero usando esta gu\u00eda.","robots":{"index":"noindex","follow":"follow","max-snippet":"max-snippet:-1","max-image-preview":"max-image-preview:large","max-video-preview":"max-video-preview:-1"},"og_locale":"es_ES","og_type":"article","og_title":"PlanBet Chile Afiliado | Hazte socio ahora","og_description":"PlanBet Affiliate es un programa de asociaci\u00f3n que ofrece la plataforma de apuestas deportivas y casino PlanBet \u2713 Convi\u00e9rtete en socio de PlanBet y gana m\u00e1s dinero usando esta gu\u00eda.","og_url":"https:\/\/planbet.promo\/chile\/affiliate\/","og_site_name":"Planbet Promo CL","article_modified_time":"2025-07-28T08:50:57+00:00","twitter_card":"summary_large_image","schema":{"@context":"https:\/\/schema.org","@graph":[{"@type":"WebPage","@id":"https:\/\/planbet.promo\/chile\/affiliate\/","url":"https:\/\/planbet.promo\/chile\/affiliate\/","name":"PlanBet Chile Afiliado | Hazte socio ahora","isPartOf":{"@id":"https:\/\/planbet.promo\/chile\/#website"},"datePublished":"2024-05-28T09:20:52+00:00","dateModified":"2025-07-28T08:50:57+00:00","description":"PlanBet Affiliate es un programa de asociaci\u00f3n que ofrece la plataforma de apuestas deportivas y casino PlanBet \u2713 Convi\u00e9rtete en socio de PlanBet y gana m\u00e1s dinero usando esta gu\u00eda.","breadcrumb":{"@id":"https:\/\/planbet.promo\/chile\/affiliate\/#breadcrumb"},"inLanguage":"es-CL","potentialAction":[{"@type":"ReadAction","target":["https:\/\/planbet.promo\/chile\/affiliate\/"]}]},{"@type":"BreadcrumbList","@id":"https:\/\/planbet.promo\/chile\/affiliate\/#breadcrumb","itemListElement":[{"@type":"ListItem","position":1,"name":"Home","item":"https:\/\/planbet.promo\/chile\/"},{"@type":"ListItem","position":2,"name":"Afiliado"}]},{"@type":"WebSite","@id":"https:\/\/planbet.promo\/chile\/#website","url":"https:\/\/planbet.promo\/chile\/","name":"Planbet Promo CL","description":"My WordPress Blog","potentialAction":[{"@type":"SearchAction","target":{"@type":"EntryPoint","urlTemplate":"https:\/\/planbet.promo\/chile\/?s={search_term_string}"},"query-input":{"@type":"PropertyValueSpecification","valueRequired":true,"valueName":"search_term_string"}}],"inLanguage":"es-CL"}]}},"_links":{"self":[{"href":"https:\/\/planbet.promo\/chile\/wp-json\/wp\/v2\/pages\/226","targetHints":{"allow":["GET"]}}],"collection":[{"href":"https:\/\/planbet.promo\/chile\/wp-json\/wp\/v2\/pages"}],"about":[{"href":"https:\/\/planbet.promo\/chile\/wp-json\/wp\/v2\/types\/page"}],"author":[{"embeddable":true,"href":"https:\/\/planbet.promo\/chile\/wp-json\/wp\/v2\/users\/1"}],"replies":[{"embeddable":true,"href":"https:\/\/planbet.promo\/chile\/wp-json\/wp\/v2\/comments?post=226"}],"version-history":[{"count":4,"href":"https:\/\/planbet.promo\/chile\/wp-json\/wp\/v2\/pages\/226\/revisions"}],"predecessor-version":[{"id":744,"href":"https:\/\/planbet.promo\/chile\/wp-json\/wp\/v2\/pages\/226\/revisions\/744"}],"wp:attachment":[{"href":"https:\/\/planbet.promo\/chile\/wp-json\/wp\/v2\/media?parent=226"}],"curies":[{"name":"wp","href":"https:\/\/api.w.org\/{rel}","templated":true}]}}