{"id":285,"date":"2024-05-28T12:38:21","date_gmt":"2024-05-28T12:38:21","guid":{"rendered":"https:\/\/betwinner.team\/?page_id=285"},"modified":"2025-07-02T14:35:07","modified_gmt":"2025-07-02T14:35:07","slug":"app","status":"publish","type":"page","link":"https:\/\/planbet.promo\/cs\/app\/","title":{"rendered":"Aplikace"},"content":{"rendered":"","protected":false},"excerpt":{"rendered":"","protected":false},"author":1,"featured_media":0,"parent":0,"menu_order":0,"comment_status":"closed","ping_status":"closed","template":"","meta":{"footnotes":""},"class_list":["post-285","page","type-page","status-publish","hentry"],"yoast_head":"<!-- This site is optimized with the Yoast SEO plugin v26.2 - https:\/\/yoast.com\/wordpress\/plugins\/seo\/ -->\n<title>PlanBet Mobile pro Android nebo iOS \u2705 St\u00e1hnout aplikaci PlanBet<\/title>\n<meta name=\"description\" content=\"St\u00e1hn\u011bte si aplikaci PlanBet do sv\u00e9ho mobiln\u00edho za\u0159\u00edzen\u00ed a za\u010dn\u011bte s\u00e1zet s PlanBet! \u2713 Mobiln\u00ed verze PlanBet nab\u00edz\u00ed nej\u0161ir\u0161\u00ed v\u00fdb\u011br her a mo\u017enost\u00ed sportovn\u00edho s\u00e1zen\u00ed.\" \/>\n<meta name=\"robots\" content=\"index, follow, max-snippet:-1, max-image-preview:large, max-video-preview:-1\" \/>\n<meta property=\"og:locale\" content=\"cs_CZ\" \/>\n<meta property=\"og:type\" content=\"article\" \/>\n<meta property=\"og:title\" content=\"PlanBet Mobile pro Android nebo iOS \u2705 St\u00e1hnout aplikaci PlanBet\" \/>\n<meta property=\"og:description\" content=\"St\u00e1hn\u011bte si aplikaci PlanBet do sv\u00e9ho mobiln\u00edho za\u0159\u00edzen\u00ed a za\u010dn\u011bte s\u00e1zet s PlanBet! \u2713 Mobiln\u00ed verze PlanBet nab\u00edz\u00ed nej\u0161ir\u0161\u00ed v\u00fdb\u011br her a mo\u017enost\u00ed sportovn\u00edho s\u00e1zen\u00ed.\" \/>\n<meta property=\"og:url\" content=\"https:\/\/planbet.promo\/cs\/app\/\" \/>\n<meta property=\"og:site_name\" content=\"Planbet Promo CS\" \/>\n<meta property=\"article:modified_time\" content=\"2025-07-02T14:35:07+00:00\" \/>\n<meta name=\"twitter:card\" content=\"summary_large_image\" \/>\n<script type=\"application\/ld+json\" class=\"yoast-schema-graph\">{\"@context\":\"https:\/\/schema.org\",\"@graph\":[{\"@type\":\"WebPage\",\"@id\":\"https:\/\/planbet.promo\/cs\/app\/\",\"url\":\"https:\/\/planbet.promo\/cs\/app\/\",\"name\":\"PlanBet Mobile pro Android nebo iOS \u2705 St\u00e1hnout aplikaci PlanBet\",\"isPartOf\":{\"@id\":\"https:\/\/planbet.promo\/cs\/#website\"},\"datePublished\":\"2024-05-28T12:38:21+00:00\",\"dateModified\":\"2025-07-02T14:35:07+00:00\",\"description\":\"St\u00e1hn\u011bte si aplikaci PlanBet do sv\u00e9ho mobiln\u00edho za\u0159\u00edzen\u00ed a za\u010dn\u011bte s\u00e1zet s PlanBet! \u2713 Mobiln\u00ed verze PlanBet nab\u00edz\u00ed nej\u0161ir\u0161\u00ed v\u00fdb\u011br her a mo\u017enost\u00ed sportovn\u00edho s\u00e1zen\u00ed.\",\"breadcrumb\":{\"@id\":\"https:\/\/planbet.promo\/cs\/app\/#breadcrumb\"},\"inLanguage\":\"cs\",\"potentialAction\":[{\"@type\":\"ReadAction\",\"target\":[\"https:\/\/planbet.promo\/cs\/app\/\"]}]},{\"@type\":\"BreadcrumbList\",\"@id\":\"https:\/\/planbet.promo\/cs\/app\/#breadcrumb\",\"itemListElement\":[{\"@type\":\"ListItem\",\"position\":1,\"name\":\"Home\",\"item\":\"https:\/\/planbet.promo\/cs\/\"},{\"@type\":\"ListItem\",\"position\":2,\"name\":\"Aplikace\"}]},{\"@type\":\"WebSite\",\"@id\":\"https:\/\/planbet.promo\/cs\/#website\",\"url\":\"https:\/\/planbet.promo\/cs\/\",\"name\":\"Planbet Promo CS\",\"description\":\"My WordPress Blog\",\"potentialAction\":[{\"@type\":\"SearchAction\",\"target\":{\"@type\":\"EntryPoint\",\"urlTemplate\":\"https:\/\/planbet.promo\/cs\/?s={search_term_string}\"},\"query-input\":{\"@type\":\"PropertyValueSpecification\",\"valueRequired\":true,\"valueName\":\"search_term_string\"}}],\"inLanguage\":\"cs\"}]}<\/script>\n<!-- \/ Yoast SEO plugin. -->","yoast_head_json":{"title":"PlanBet Mobile pro Android nebo iOS \u2705 St\u00e1hnout aplikaci PlanBet","description":"St\u00e1hn\u011bte si aplikaci PlanBet do sv\u00e9ho mobiln\u00edho za\u0159\u00edzen\u00ed a za\u010dn\u011bte s\u00e1zet s PlanBet! \u2713 Mobiln\u00ed verze PlanBet nab\u00edz\u00ed nej\u0161ir\u0161\u00ed v\u00fdb\u011br her a mo\u017enost\u00ed sportovn\u00edho s\u00e1zen\u00ed.","robots":{"index":"index","follow":"follow","max-snippet":"max-snippet:-1","max-image-preview":"max-image-preview:large","max-video-preview":"max-video-preview:-1"},"og_locale":"cs_CZ","og_type":"article","og_title":"PlanBet Mobile pro Android nebo iOS \u2705 St\u00e1hnout aplikaci PlanBet","og_description":"St\u00e1hn\u011bte si aplikaci PlanBet do sv\u00e9ho mobiln\u00edho za\u0159\u00edzen\u00ed a za\u010dn\u011bte s\u00e1zet s PlanBet! \u2713 Mobiln\u00ed verze PlanBet nab\u00edz\u00ed nej\u0161ir\u0161\u00ed v\u00fdb\u011br her a mo\u017enost\u00ed sportovn\u00edho s\u00e1zen\u00ed.","og_url":"https:\/\/planbet.promo\/cs\/app\/","og_site_name":"Planbet Promo CS","article_modified_time":"2025-07-02T14:35:07+00:00","twitter_card":"summary_large_image","schema":{"@context":"https:\/\/schema.org","@graph":[{"@type":"WebPage","@id":"https:\/\/planbet.promo\/cs\/app\/","url":"https:\/\/planbet.promo\/cs\/app\/","name":"PlanBet Mobile pro Android nebo iOS \u2705 St\u00e1hnout aplikaci PlanBet","isPartOf":{"@id":"https:\/\/planbet.promo\/cs\/#website"},"datePublished":"2024-05-28T12:38:21+00:00","dateModified":"2025-07-02T14:35:07+00:00","description":"St\u00e1hn\u011bte si aplikaci PlanBet do sv\u00e9ho mobiln\u00edho za\u0159\u00edzen\u00ed a za\u010dn\u011bte s\u00e1zet s PlanBet! \u2713 Mobiln\u00ed verze PlanBet nab\u00edz\u00ed nej\u0161ir\u0161\u00ed v\u00fdb\u011br her a mo\u017enost\u00ed sportovn\u00edho s\u00e1zen\u00ed.","breadcrumb":{"@id":"https:\/\/planbet.promo\/cs\/app\/#breadcrumb"},"inLanguage":"cs","potentialAction":[{"@type":"ReadAction","target":["https:\/\/planbet.promo\/cs\/app\/"]}]},{"@type":"BreadcrumbList","@id":"https:\/\/planbet.promo\/cs\/app\/#breadcrumb","itemListElement":[{"@type":"ListItem","position":1,"name":"Home","item":"https:\/\/planbet.promo\/cs\/"},{"@type":"ListItem","position":2,"name":"Aplikace"}]},{"@type":"WebSite","@id":"https:\/\/planbet.promo\/cs\/#website","url":"https:\/\/planbet.promo\/cs\/","name":"Planbet Promo CS","description":"My WordPress Blog","potentialAction":[{"@type":"SearchAction","target":{"@type":"EntryPoint","urlTemplate":"https:\/\/planbet.promo\/cs\/?s={search_term_string}"},"query-input":{"@type":"PropertyValueSpecification","valueRequired":true,"valueName":"search_term_string"}}],"inLanguage":"cs"}]}},"_links":{"self":[{"href":"https:\/\/planbet.promo\/cs\/wp-json\/wp\/v2\/pages\/285","targetHints":{"allow":["GET"]}}],"collection":[{"href":"https:\/\/planbet.promo\/cs\/wp-json\/wp\/v2\/pages"}],"about":[{"href":"https:\/\/planbet.promo\/cs\/wp-json\/wp\/v2\/types\/page"}],"author":[{"embeddable":true,"href":"https:\/\/planbet.promo\/cs\/wp-json\/wp\/v2\/users\/1"}],"replies":[{"embeddable":true,"href":"https:\/\/planbet.promo\/cs\/wp-json\/wp\/v2\/comments?post=285"}],"version-history":[{"count":5,"href":"https:\/\/planbet.promo\/cs\/wp-json\/wp\/v2\/pages\/285\/revisions"}],"predecessor-version":[{"id":720,"href":"https:\/\/planbet.promo\/cs\/wp-json\/wp\/v2\/pages\/285\/revisions\/720"}],"wp:attachment":[{"href":"https:\/\/planbet.promo\/cs\/wp-json\/wp\/v2\/media?parent=285"}],"curies":[{"name":"wp","href":"https:\/\/api.w.org\/{rel}","templated":true}]}}