{"id":287,"date":"2024-05-28T12:38:43","date_gmt":"2024-05-28T12:38:43","guid":{"rendered":"https:\/\/betwinner.team\/?page_id=287"},"modified":"2025-07-02T15:15:24","modified_gmt":"2025-07-02T15:15:24","slug":"casino","status":"publish","type":"page","link":"https:\/\/planbet.promo\/cs\/casino\/","title":{"rendered":"Kasino"},"content":{"rendered":"","protected":false},"excerpt":{"rendered":"","protected":false},"author":1,"featured_media":0,"parent":0,"menu_order":0,"comment_status":"closed","ping_status":"closed","template":"","meta":{"footnotes":""},"class_list":["post-287","page","type-page","status-publish","hentry"],"yoast_head":"<!-- This site is optimized with the Yoast SEO plugin v26.2 - https:\/\/yoast.com\/wordpress\/plugins\/seo\/ -->\n<title>PlanBet Kasino \ud83c\udfb0 Sloty a \u017eiv\u00ed prodejci<\/title>\n<meta name=\"description\" content=\"PlanBet Kasino nab\u00edz\u00ed hr\u00e1\u010d\u016fm online hry kdekoli a kdykoli \ud83d\uddf8 Za\u017eijte vzru\u0161en\u00ed z obl\u00edben\u00fdch her se skute\u010dn\u00fdmi krupi\u00e9ry v \u017eiv\u00e9m kasinu\" \/>\n<meta name=\"robots\" content=\"index, follow, max-snippet:-1, max-image-preview:large, max-video-preview:-1\" \/>\n<meta property=\"og:locale\" content=\"cs_CZ\" \/>\n<meta property=\"og:type\" content=\"article\" \/>\n<meta property=\"og:title\" content=\"PlanBet Kasino \ud83c\udfb0 Sloty a \u017eiv\u00ed prodejci\" \/>\n<meta property=\"og:description\" content=\"PlanBet Kasino nab\u00edz\u00ed hr\u00e1\u010d\u016fm online hry kdekoli a kdykoli \ud83d\uddf8 Za\u017eijte vzru\u0161en\u00ed z obl\u00edben\u00fdch her se skute\u010dn\u00fdmi krupi\u00e9ry v \u017eiv\u00e9m kasinu\" \/>\n<meta property=\"og:url\" content=\"https:\/\/planbet.promo\/cs\/casino\/\" \/>\n<meta property=\"og:site_name\" content=\"Planbet Promo CS\" \/>\n<meta property=\"article:modified_time\" content=\"2025-07-02T15:15:24+00:00\" \/>\n<meta name=\"twitter:card\" content=\"summary_large_image\" \/>\n<script type=\"application\/ld+json\" class=\"yoast-schema-graph\">{\"@context\":\"https:\/\/schema.org\",\"@graph\":[{\"@type\":\"WebPage\",\"@id\":\"https:\/\/planbet.promo\/cs\/casino\/\",\"url\":\"https:\/\/planbet.promo\/cs\/casino\/\",\"name\":\"PlanBet Kasino \ud83c\udfb0 Sloty a \u017eiv\u00ed prodejci\",\"isPartOf\":{\"@id\":\"https:\/\/planbet.promo\/cs\/#website\"},\"datePublished\":\"2024-05-28T12:38:43+00:00\",\"dateModified\":\"2025-07-02T15:15:24+00:00\",\"description\":\"PlanBet Kasino nab\u00edz\u00ed hr\u00e1\u010d\u016fm online hry kdekoli a kdykoli \ud83d\uddf8 Za\u017eijte vzru\u0161en\u00ed z obl\u00edben\u00fdch her se skute\u010dn\u00fdmi krupi\u00e9ry v \u017eiv\u00e9m kasinu\",\"breadcrumb\":{\"@id\":\"https:\/\/planbet.promo\/cs\/casino\/#breadcrumb\"},\"inLanguage\":\"cs\",\"potentialAction\":[{\"@type\":\"ReadAction\",\"target\":[\"https:\/\/planbet.promo\/cs\/casino\/\"]}]},{\"@type\":\"BreadcrumbList\",\"@id\":\"https:\/\/planbet.promo\/cs\/casino\/#breadcrumb\",\"itemListElement\":[{\"@type\":\"ListItem\",\"position\":1,\"name\":\"Home\",\"item\":\"https:\/\/planbet.promo\/cs\/\"},{\"@type\":\"ListItem\",\"position\":2,\"name\":\"Kasino\"}]},{\"@type\":\"WebSite\",\"@id\":\"https:\/\/planbet.promo\/cs\/#website\",\"url\":\"https:\/\/planbet.promo\/cs\/\",\"name\":\"Planbet Promo CS\",\"description\":\"My WordPress Blog\",\"potentialAction\":[{\"@type\":\"SearchAction\",\"target\":{\"@type\":\"EntryPoint\",\"urlTemplate\":\"https:\/\/planbet.promo\/cs\/?s={search_term_string}\"},\"query-input\":{\"@type\":\"PropertyValueSpecification\",\"valueRequired\":true,\"valueName\":\"search_term_string\"}}],\"inLanguage\":\"cs\"}]}<\/script>\n<!-- \/ Yoast SEO plugin. -->","yoast_head_json":{"title":"PlanBet Kasino \ud83c\udfb0 Sloty a \u017eiv\u00ed prodejci","description":"PlanBet Kasino nab\u00edz\u00ed hr\u00e1\u010d\u016fm online hry kdekoli a kdykoli \ud83d\uddf8 Za\u017eijte vzru\u0161en\u00ed z obl\u00edben\u00fdch her se skute\u010dn\u00fdmi krupi\u00e9ry v \u017eiv\u00e9m kasinu","robots":{"index":"index","follow":"follow","max-snippet":"max-snippet:-1","max-image-preview":"max-image-preview:large","max-video-preview":"max-video-preview:-1"},"og_locale":"cs_CZ","og_type":"article","og_title":"PlanBet Kasino \ud83c\udfb0 Sloty a \u017eiv\u00ed prodejci","og_description":"PlanBet Kasino nab\u00edz\u00ed hr\u00e1\u010d\u016fm online hry kdekoli a kdykoli \ud83d\uddf8 Za\u017eijte vzru\u0161en\u00ed z obl\u00edben\u00fdch her se skute\u010dn\u00fdmi krupi\u00e9ry v \u017eiv\u00e9m kasinu","og_url":"https:\/\/planbet.promo\/cs\/casino\/","og_site_name":"Planbet Promo CS","article_modified_time":"2025-07-02T15:15:24+00:00","twitter_card":"summary_large_image","schema":{"@context":"https:\/\/schema.org","@graph":[{"@type":"WebPage","@id":"https:\/\/planbet.promo\/cs\/casino\/","url":"https:\/\/planbet.promo\/cs\/casino\/","name":"PlanBet Kasino \ud83c\udfb0 Sloty a \u017eiv\u00ed prodejci","isPartOf":{"@id":"https:\/\/planbet.promo\/cs\/#website"},"datePublished":"2024-05-28T12:38:43+00:00","dateModified":"2025-07-02T15:15:24+00:00","description":"PlanBet Kasino nab\u00edz\u00ed hr\u00e1\u010d\u016fm online hry kdekoli a kdykoli \ud83d\uddf8 Za\u017eijte vzru\u0161en\u00ed z obl\u00edben\u00fdch her se skute\u010dn\u00fdmi krupi\u00e9ry v \u017eiv\u00e9m kasinu","breadcrumb":{"@id":"https:\/\/planbet.promo\/cs\/casino\/#breadcrumb"},"inLanguage":"cs","potentialAction":[{"@type":"ReadAction","target":["https:\/\/planbet.promo\/cs\/casino\/"]}]},{"@type":"BreadcrumbList","@id":"https:\/\/planbet.promo\/cs\/casino\/#breadcrumb","itemListElement":[{"@type":"ListItem","position":1,"name":"Home","item":"https:\/\/planbet.promo\/cs\/"},{"@type":"ListItem","position":2,"name":"Kasino"}]},{"@type":"WebSite","@id":"https:\/\/planbet.promo\/cs\/#website","url":"https:\/\/planbet.promo\/cs\/","name":"Planbet Promo CS","description":"My WordPress Blog","potentialAction":[{"@type":"SearchAction","target":{"@type":"EntryPoint","urlTemplate":"https:\/\/planbet.promo\/cs\/?s={search_term_string}"},"query-input":{"@type":"PropertyValueSpecification","valueRequired":true,"valueName":"search_term_string"}}],"inLanguage":"cs"}]}},"_links":{"self":[{"href":"https:\/\/planbet.promo\/cs\/wp-json\/wp\/v2\/pages\/287","targetHints":{"allow":["GET"]}}],"collection":[{"href":"https:\/\/planbet.promo\/cs\/wp-json\/wp\/v2\/pages"}],"about":[{"href":"https:\/\/planbet.promo\/cs\/wp-json\/wp\/v2\/types\/page"}],"author":[{"embeddable":true,"href":"https:\/\/planbet.promo\/cs\/wp-json\/wp\/v2\/users\/1"}],"replies":[{"embeddable":true,"href":"https:\/\/planbet.promo\/cs\/wp-json\/wp\/v2\/comments?post=287"}],"version-history":[{"count":5,"href":"https:\/\/planbet.promo\/cs\/wp-json\/wp\/v2\/pages\/287\/revisions"}],"predecessor-version":[{"id":731,"href":"https:\/\/planbet.promo\/cs\/wp-json\/wp\/v2\/pages\/287\/revisions\/731"}],"wp:attachment":[{"href":"https:\/\/planbet.promo\/cs\/wp-json\/wp\/v2\/media?parent=287"}],"curies":[{"name":"wp","href":"https:\/\/api.w.org\/{rel}","templated":true}]}}