{"id":462,"date":"2025-05-21T08:41:58","date_gmt":"2025-05-21T08:41:58","guid":{"rendered":"https:\/\/betwinner.team\/?page_id=462"},"modified":"2025-07-02T15:09:55","modified_gmt":"2025-07-02T15:09:55","slug":"first-deposit","status":"publish","type":"page","link":"https:\/\/planbet.promo\/cs\/bonus\/first-deposit\/","title":{"rendered":"V\u00edtejte bonus"},"content":{"rendered":"","protected":false},"excerpt":{"rendered":"","protected":false},"author":1,"featured_media":0,"parent":152,"menu_order":0,"comment_status":"closed","ping_status":"closed","template":"","meta":{"footnotes":""},"class_list":["post-462","page","type-page","status-publish","hentry"],"yoast_head":"<!-- This site is optimized with the Yoast SEO plugin v26.2 - https:\/\/yoast.com\/wordpress\/plugins\/seo\/ -->\n<title>100% bonus za prvn\u00ed vklad u PlanBet \u1409 Z\u00edskejte a\u017e 2 500 K\u010d!<\/title>\n<meta name=\"description\" content=\"Zaregistrujte se u PlanBet a z\u00edskejte 100% bonus na prvn\u00ed vklad a\u017e do v\u00fd\u0161e 2 500 K\u010d! Zdvojn\u00e1sobte sv\u016fj z\u016fstatek a zkuste sv\u00e9 \u0161t\u011bst\u00ed! Nenechte si uj\u00edt p\u0159\u00edle\u017eitost z\u00edskat v\u00fdhodnou nab\u00eddku - za\u010dn\u011bte vyhr\u00e1vat od sv\u00e9ho prvn\u00edho vkladu!\" \/>\n<meta name=\"robots\" content=\"index, follow, max-snippet:-1, max-image-preview:large, max-video-preview:-1\" \/>\n<meta property=\"og:locale\" content=\"cs_CZ\" \/>\n<meta property=\"og:type\" content=\"article\" \/>\n<meta property=\"og:title\" content=\"100% bonus za prvn\u00ed vklad u PlanBet \u1409 Z\u00edskejte a\u017e 2 500 K\u010d!\" \/>\n<meta property=\"og:description\" content=\"Zaregistrujte se u PlanBet a z\u00edskejte 100% bonus na prvn\u00ed vklad a\u017e do v\u00fd\u0161e 2 500 K\u010d! Zdvojn\u00e1sobte sv\u016fj z\u016fstatek a zkuste sv\u00e9 \u0161t\u011bst\u00ed! Nenechte si uj\u00edt p\u0159\u00edle\u017eitost z\u00edskat v\u00fdhodnou nab\u00eddku - za\u010dn\u011bte vyhr\u00e1vat od sv\u00e9ho prvn\u00edho vkladu!\" \/>\n<meta property=\"og:url\" content=\"https:\/\/planbet.promo\/cs\/bonus\/first-deposit\/\" \/>\n<meta property=\"og:site_name\" content=\"Planbet Promo CS\" \/>\n<meta property=\"article:modified_time\" content=\"2025-07-02T15:09:55+00:00\" \/>\n<meta name=\"twitter:card\" content=\"summary_large_image\" \/>\n<script type=\"application\/ld+json\" class=\"yoast-schema-graph\">{\"@context\":\"https:\/\/schema.org\",\"@graph\":[{\"@type\":\"WebPage\",\"@id\":\"https:\/\/planbet.promo\/cs\/bonus\/first-deposit\/\",\"url\":\"https:\/\/planbet.promo\/cs\/bonus\/first-deposit\/\",\"name\":\"100% bonus za prvn\u00ed vklad u PlanBet \u1409 Z\u00edskejte a\u017e 2 500 K\u010d!\",\"isPartOf\":{\"@id\":\"https:\/\/planbet.promo\/cs\/#website\"},\"datePublished\":\"2025-05-21T08:41:58+00:00\",\"dateModified\":\"2025-07-02T15:09:55+00:00\",\"description\":\"Zaregistrujte se u PlanBet a z\u00edskejte 100% bonus na prvn\u00ed vklad a\u017e do v\u00fd\u0161e 2 500 K\u010d! Zdvojn\u00e1sobte sv\u016fj z\u016fstatek a zkuste sv\u00e9 \u0161t\u011bst\u00ed! Nenechte si uj\u00edt p\u0159\u00edle\u017eitost z\u00edskat v\u00fdhodnou nab\u00eddku - za\u010dn\u011bte vyhr\u00e1vat od sv\u00e9ho prvn\u00edho vkladu!\",\"breadcrumb\":{\"@id\":\"https:\/\/planbet.promo\/cs\/bonus\/first-deposit\/#breadcrumb\"},\"inLanguage\":\"cs\",\"potentialAction\":[{\"@type\":\"ReadAction\",\"target\":[\"https:\/\/planbet.promo\/cs\/bonus\/first-deposit\/\"]}]},{\"@type\":\"BreadcrumbList\",\"@id\":\"https:\/\/planbet.promo\/cs\/bonus\/first-deposit\/#breadcrumb\",\"itemListElement\":[{\"@type\":\"ListItem\",\"position\":1,\"name\":\"Home\",\"item\":\"https:\/\/planbet.promo\/cs\/\"},{\"@type\":\"ListItem\",\"position\":2,\"name\":\"Bonus\",\"item\":\"https:\/\/planbet.promo\/cs\/bonus\/\"},{\"@type\":\"ListItem\",\"position\":3,\"name\":\"V\u00edtejte bonus\"}]},{\"@type\":\"WebSite\",\"@id\":\"https:\/\/planbet.promo\/cs\/#website\",\"url\":\"https:\/\/planbet.promo\/cs\/\",\"name\":\"Planbet Promo CS\",\"description\":\"My WordPress Blog\",\"potentialAction\":[{\"@type\":\"SearchAction\",\"target\":{\"@type\":\"EntryPoint\",\"urlTemplate\":\"https:\/\/planbet.promo\/cs\/?s={search_term_string}\"},\"query-input\":{\"@type\":\"PropertyValueSpecification\",\"valueRequired\":true,\"valueName\":\"search_term_string\"}}],\"inLanguage\":\"cs\"}]}<\/script>\n<!-- \/ Yoast SEO plugin. -->","yoast_head_json":{"title":"100% bonus za prvn\u00ed vklad u PlanBet \u1409 Z\u00edskejte a\u017e 2 500 K\u010d!","description":"Zaregistrujte se u PlanBet a z\u00edskejte 100% bonus na prvn\u00ed vklad a\u017e do v\u00fd\u0161e 2 500 K\u010d! Zdvojn\u00e1sobte sv\u016fj z\u016fstatek a zkuste sv\u00e9 \u0161t\u011bst\u00ed! Nenechte si uj\u00edt p\u0159\u00edle\u017eitost z\u00edskat v\u00fdhodnou nab\u00eddku - za\u010dn\u011bte vyhr\u00e1vat od sv\u00e9ho prvn\u00edho vkladu!","robots":{"index":"index","follow":"follow","max-snippet":"max-snippet:-1","max-image-preview":"max-image-preview:large","max-video-preview":"max-video-preview:-1"},"og_locale":"cs_CZ","og_type":"article","og_title":"100% bonus za prvn\u00ed vklad u PlanBet \u1409 Z\u00edskejte a\u017e 2 500 K\u010d!","og_description":"Zaregistrujte se u PlanBet a z\u00edskejte 100% bonus na prvn\u00ed vklad a\u017e do v\u00fd\u0161e 2 500 K\u010d! Zdvojn\u00e1sobte sv\u016fj z\u016fstatek a zkuste sv\u00e9 \u0161t\u011bst\u00ed! Nenechte si uj\u00edt p\u0159\u00edle\u017eitost z\u00edskat v\u00fdhodnou nab\u00eddku - za\u010dn\u011bte vyhr\u00e1vat od sv\u00e9ho prvn\u00edho vkladu!","og_url":"https:\/\/planbet.promo\/cs\/bonus\/first-deposit\/","og_site_name":"Planbet Promo CS","article_modified_time":"2025-07-02T15:09:55+00:00","twitter_card":"summary_large_image","schema":{"@context":"https:\/\/schema.org","@graph":[{"@type":"WebPage","@id":"https:\/\/planbet.promo\/cs\/bonus\/first-deposit\/","url":"https:\/\/planbet.promo\/cs\/bonus\/first-deposit\/","name":"100% bonus za prvn\u00ed vklad u PlanBet \u1409 Z\u00edskejte a\u017e 2 500 K\u010d!","isPartOf":{"@id":"https:\/\/planbet.promo\/cs\/#website"},"datePublished":"2025-05-21T08:41:58+00:00","dateModified":"2025-07-02T15:09:55+00:00","description":"Zaregistrujte se u PlanBet a z\u00edskejte 100% bonus na prvn\u00ed vklad a\u017e do v\u00fd\u0161e 2 500 K\u010d! Zdvojn\u00e1sobte sv\u016fj z\u016fstatek a zkuste sv\u00e9 \u0161t\u011bst\u00ed! Nenechte si uj\u00edt p\u0159\u00edle\u017eitost z\u00edskat v\u00fdhodnou nab\u00eddku - za\u010dn\u011bte vyhr\u00e1vat od sv\u00e9ho prvn\u00edho vkladu!","breadcrumb":{"@id":"https:\/\/planbet.promo\/cs\/bonus\/first-deposit\/#breadcrumb"},"inLanguage":"cs","potentialAction":[{"@type":"ReadAction","target":["https:\/\/planbet.promo\/cs\/bonus\/first-deposit\/"]}]},{"@type":"BreadcrumbList","@id":"https:\/\/planbet.promo\/cs\/bonus\/first-deposit\/#breadcrumb","itemListElement":[{"@type":"ListItem","position":1,"name":"Home","item":"https:\/\/planbet.promo\/cs\/"},{"@type":"ListItem","position":2,"name":"Bonus","item":"https:\/\/planbet.promo\/cs\/bonus\/"},{"@type":"ListItem","position":3,"name":"V\u00edtejte bonus"}]},{"@type":"WebSite","@id":"https:\/\/planbet.promo\/cs\/#website","url":"https:\/\/planbet.promo\/cs\/","name":"Planbet Promo CS","description":"My WordPress Blog","potentialAction":[{"@type":"SearchAction","target":{"@type":"EntryPoint","urlTemplate":"https:\/\/planbet.promo\/cs\/?s={search_term_string}"},"query-input":{"@type":"PropertyValueSpecification","valueRequired":true,"valueName":"search_term_string"}}],"inLanguage":"cs"}]}},"_links":{"self":[{"href":"https:\/\/planbet.promo\/cs\/wp-json\/wp\/v2\/pages\/462","targetHints":{"allow":["GET"]}}],"collection":[{"href":"https:\/\/planbet.promo\/cs\/wp-json\/wp\/v2\/pages"}],"about":[{"href":"https:\/\/planbet.promo\/cs\/wp-json\/wp\/v2\/types\/page"}],"author":[{"embeddable":true,"href":"https:\/\/planbet.promo\/cs\/wp-json\/wp\/v2\/users\/1"}],"replies":[{"embeddable":true,"href":"https:\/\/planbet.promo\/cs\/wp-json\/wp\/v2\/comments?post=462"}],"version-history":[{"count":5,"href":"https:\/\/planbet.promo\/cs\/wp-json\/wp\/v2\/pages\/462\/revisions"}],"predecessor-version":[{"id":729,"href":"https:\/\/planbet.promo\/cs\/wp-json\/wp\/v2\/pages\/462\/revisions\/729"}],"up":[{"embeddable":true,"href":"https:\/\/planbet.promo\/cs\/wp-json\/wp\/v2\/pages\/152"}],"wp:attachment":[{"href":"https:\/\/planbet.promo\/cs\/wp-json\/wp\/v2\/media?parent=462"}],"curies":[{"name":"wp","href":"https:\/\/api.w.org\/{rel}","templated":true}]}}