{"id":499,"date":"2025-05-21T12:52:53","date_gmt":"2025-05-21T12:52:53","guid":{"rendered":"https:\/\/betwinner.team\/?page_id=499"},"modified":"2025-07-21T19:48:42","modified_gmt":"2025-07-21T19:48:42","slug":"casino-welcome-package","status":"publish","type":"page","link":"https:\/\/planbet.promo\/cs\/bonus\/casino-welcome-package\/","title":{"rendered":"V\u00edtejte v kasinu"},"content":{"rendered":"","protected":false},"excerpt":{"rendered":"","protected":false},"author":1,"featured_media":0,"parent":152,"menu_order":0,"comment_status":"closed","ping_status":"closed","template":"","meta":{"footnotes":""},"class_list":["post-499","page","type-page","status-publish","hentry"],"yoast_head":"<!-- This site is optimized with the Yoast SEO plugin v26.2 - https:\/\/yoast.com\/wordpress\/plugins\/seo\/ -->\n<title>PlanBet Casino Welcome Package \u1409 A\u017e do 35.000 CZS + 150 FS<\/title>\n<meta name=\"description\" content=\"V kasinu PlanBet na v\u00e1s \u010dek\u00e1 uv\u00edtac\u00ed bal\u00ed\u010dek: a\u017e 35 000 K\u010d a 150 freespin\u016f! Registrace je snadn\u00e1 a bonusy \u0161t\u011bdr\u00e9. Nenechte si uj\u00edt p\u0159\u00edle\u017eitost zajistit si mega v\u00fdhry podle na\u0161ich jednoduch\u00fdch krok\u016f. Jd\u011bte za vzru\u0161en\u00edm!\" \/>\n<meta name=\"robots\" content=\"index, follow, max-snippet:-1, max-image-preview:large, max-video-preview:-1\" \/>\n<meta property=\"og:locale\" content=\"cs_CZ\" \/>\n<meta property=\"og:type\" content=\"article\" \/>\n<meta property=\"og:title\" content=\"PlanBet Casino Welcome Package \u1409 A\u017e do 35.000 CZS + 150 FS\" \/>\n<meta property=\"og:description\" content=\"V kasinu PlanBet na v\u00e1s \u010dek\u00e1 uv\u00edtac\u00ed bal\u00ed\u010dek: a\u017e 35 000 K\u010d a 150 freespin\u016f! Registrace je snadn\u00e1 a bonusy \u0161t\u011bdr\u00e9. Nenechte si uj\u00edt p\u0159\u00edle\u017eitost zajistit si mega v\u00fdhry podle na\u0161ich jednoduch\u00fdch krok\u016f. Jd\u011bte za vzru\u0161en\u00edm!\" \/>\n<meta property=\"og:url\" content=\"https:\/\/planbet.promo\/cs\/bonus\/casino-welcome-package\/\" \/>\n<meta property=\"og:site_name\" content=\"Planbet Promo CS\" \/>\n<meta property=\"article:modified_time\" content=\"2025-07-21T19:48:42+00:00\" \/>\n<meta name=\"twitter:card\" content=\"summary_large_image\" \/>\n<script type=\"application\/ld+json\" class=\"yoast-schema-graph\">{\"@context\":\"https:\/\/schema.org\",\"@graph\":[{\"@type\":\"WebPage\",\"@id\":\"https:\/\/planbet.promo\/cs\/bonus\/casino-welcome-package\/\",\"url\":\"https:\/\/planbet.promo\/cs\/bonus\/casino-welcome-package\/\",\"name\":\"PlanBet Casino Welcome Package \u1409 A\u017e do 35.000 CZS + 150 FS\",\"isPartOf\":{\"@id\":\"https:\/\/planbet.promo\/cs\/#website\"},\"datePublished\":\"2025-05-21T12:52:53+00:00\",\"dateModified\":\"2025-07-21T19:48:42+00:00\",\"description\":\"V kasinu PlanBet na v\u00e1s \u010dek\u00e1 uv\u00edtac\u00ed bal\u00ed\u010dek: a\u017e 35 000 K\u010d a 150 freespin\u016f! Registrace je snadn\u00e1 a bonusy \u0161t\u011bdr\u00e9. Nenechte si uj\u00edt p\u0159\u00edle\u017eitost zajistit si mega v\u00fdhry podle na\u0161ich jednoduch\u00fdch krok\u016f. Jd\u011bte za vzru\u0161en\u00edm!\",\"breadcrumb\":{\"@id\":\"https:\/\/planbet.promo\/cs\/bonus\/casino-welcome-package\/#breadcrumb\"},\"inLanguage\":\"cs\",\"potentialAction\":[{\"@type\":\"ReadAction\",\"target\":[\"https:\/\/planbet.promo\/cs\/bonus\/casino-welcome-package\/\"]}]},{\"@type\":\"BreadcrumbList\",\"@id\":\"https:\/\/planbet.promo\/cs\/bonus\/casino-welcome-package\/#breadcrumb\",\"itemListElement\":[{\"@type\":\"ListItem\",\"position\":1,\"name\":\"Home\",\"item\":\"https:\/\/planbet.promo\/cs\/\"},{\"@type\":\"ListItem\",\"position\":2,\"name\":\"Bonus\",\"item\":\"https:\/\/planbet.promo\/cs\/bonus\/\"},{\"@type\":\"ListItem\",\"position\":3,\"name\":\"V\u00edtejte v kasinu\"}]},{\"@type\":\"WebSite\",\"@id\":\"https:\/\/planbet.promo\/cs\/#website\",\"url\":\"https:\/\/planbet.promo\/cs\/\",\"name\":\"Planbet Promo CS\",\"description\":\"My WordPress Blog\",\"potentialAction\":[{\"@type\":\"SearchAction\",\"target\":{\"@type\":\"EntryPoint\",\"urlTemplate\":\"https:\/\/planbet.promo\/cs\/?s={search_term_string}\"},\"query-input\":{\"@type\":\"PropertyValueSpecification\",\"valueRequired\":true,\"valueName\":\"search_term_string\"}}],\"inLanguage\":\"cs\"}]}<\/script>\n<!-- \/ Yoast SEO plugin. -->","yoast_head_json":{"title":"PlanBet Casino Welcome Package \u1409 A\u017e do 35.000 CZS + 150 FS","description":"V kasinu PlanBet na v\u00e1s \u010dek\u00e1 uv\u00edtac\u00ed bal\u00ed\u010dek: a\u017e 35 000 K\u010d a 150 freespin\u016f! Registrace je snadn\u00e1 a bonusy \u0161t\u011bdr\u00e9. Nenechte si uj\u00edt p\u0159\u00edle\u017eitost zajistit si mega v\u00fdhry podle na\u0161ich jednoduch\u00fdch krok\u016f. Jd\u011bte za vzru\u0161en\u00edm!","robots":{"index":"index","follow":"follow","max-snippet":"max-snippet:-1","max-image-preview":"max-image-preview:large","max-video-preview":"max-video-preview:-1"},"og_locale":"cs_CZ","og_type":"article","og_title":"PlanBet Casino Welcome Package \u1409 A\u017e do 35.000 CZS + 150 FS","og_description":"V kasinu PlanBet na v\u00e1s \u010dek\u00e1 uv\u00edtac\u00ed bal\u00ed\u010dek: a\u017e 35 000 K\u010d a 150 freespin\u016f! Registrace je snadn\u00e1 a bonusy \u0161t\u011bdr\u00e9. Nenechte si uj\u00edt p\u0159\u00edle\u017eitost zajistit si mega v\u00fdhry podle na\u0161ich jednoduch\u00fdch krok\u016f. Jd\u011bte za vzru\u0161en\u00edm!","og_url":"https:\/\/planbet.promo\/cs\/bonus\/casino-welcome-package\/","og_site_name":"Planbet Promo CS","article_modified_time":"2025-07-21T19:48:42+00:00","twitter_card":"summary_large_image","schema":{"@context":"https:\/\/schema.org","@graph":[{"@type":"WebPage","@id":"https:\/\/planbet.promo\/cs\/bonus\/casino-welcome-package\/","url":"https:\/\/planbet.promo\/cs\/bonus\/casino-welcome-package\/","name":"PlanBet Casino Welcome Package \u1409 A\u017e do 35.000 CZS + 150 FS","isPartOf":{"@id":"https:\/\/planbet.promo\/cs\/#website"},"datePublished":"2025-05-21T12:52:53+00:00","dateModified":"2025-07-21T19:48:42+00:00","description":"V kasinu PlanBet na v\u00e1s \u010dek\u00e1 uv\u00edtac\u00ed bal\u00ed\u010dek: a\u017e 35 000 K\u010d a 150 freespin\u016f! Registrace je snadn\u00e1 a bonusy \u0161t\u011bdr\u00e9. Nenechte si uj\u00edt p\u0159\u00edle\u017eitost zajistit si mega v\u00fdhry podle na\u0161ich jednoduch\u00fdch krok\u016f. Jd\u011bte za vzru\u0161en\u00edm!","breadcrumb":{"@id":"https:\/\/planbet.promo\/cs\/bonus\/casino-welcome-package\/#breadcrumb"},"inLanguage":"cs","potentialAction":[{"@type":"ReadAction","target":["https:\/\/planbet.promo\/cs\/bonus\/casino-welcome-package\/"]}]},{"@type":"BreadcrumbList","@id":"https:\/\/planbet.promo\/cs\/bonus\/casino-welcome-package\/#breadcrumb","itemListElement":[{"@type":"ListItem","position":1,"name":"Home","item":"https:\/\/planbet.promo\/cs\/"},{"@type":"ListItem","position":2,"name":"Bonus","item":"https:\/\/planbet.promo\/cs\/bonus\/"},{"@type":"ListItem","position":3,"name":"V\u00edtejte v kasinu"}]},{"@type":"WebSite","@id":"https:\/\/planbet.promo\/cs\/#website","url":"https:\/\/planbet.promo\/cs\/","name":"Planbet Promo CS","description":"My WordPress Blog","potentialAction":[{"@type":"SearchAction","target":{"@type":"EntryPoint","urlTemplate":"https:\/\/planbet.promo\/cs\/?s={search_term_string}"},"query-input":{"@type":"PropertyValueSpecification","valueRequired":true,"valueName":"search_term_string"}}],"inLanguage":"cs"}]}},"_links":{"self":[{"href":"https:\/\/planbet.promo\/cs\/wp-json\/wp\/v2\/pages\/499","targetHints":{"allow":["GET"]}}],"collection":[{"href":"https:\/\/planbet.promo\/cs\/wp-json\/wp\/v2\/pages"}],"about":[{"href":"https:\/\/planbet.promo\/cs\/wp-json\/wp\/v2\/types\/page"}],"author":[{"embeddable":true,"href":"https:\/\/planbet.promo\/cs\/wp-json\/wp\/v2\/users\/1"}],"replies":[{"embeddable":true,"href":"https:\/\/planbet.promo\/cs\/wp-json\/wp\/v2\/comments?post=499"}],"version-history":[{"count":4,"href":"https:\/\/planbet.promo\/cs\/wp-json\/wp\/v2\/pages\/499\/revisions"}],"predecessor-version":[{"id":725,"href":"https:\/\/planbet.promo\/cs\/wp-json\/wp\/v2\/pages\/499\/revisions\/725"}],"up":[{"embeddable":true,"href":"https:\/\/planbet.promo\/cs\/wp-json\/wp\/v2\/pages\/152"}],"wp:attachment":[{"href":"https:\/\/planbet.promo\/cs\/wp-json\/wp\/v2\/media?parent=499"}],"curies":[{"name":"wp","href":"https:\/\/api.w.org\/{rel}","templated":true}]}}