{"id":287,"date":"2024-05-28T12:38:43","date_gmt":"2024-05-28T12:38:43","guid":{"rendered":"https:\/\/betwinner.team\/?page_id=287"},"modified":"2025-07-26T20:42:34","modified_gmt":"2025-07-26T20:42:34","slug":"casino","status":"publish","type":"page","link":"https:\/\/planbet.promo\/da\/casino\/","title":{"rendered":"Casino"},"content":{"rendered":"","protected":false},"excerpt":{"rendered":"","protected":false},"author":1,"featured_media":0,"parent":0,"menu_order":0,"comment_status":"closed","ping_status":"closed","template":"","meta":{"footnotes":""},"class_list":["post-287","page","type-page","status-publish","hentry"],"yoast_head":"<!-- This site is optimized with the Yoast SEO plugin v26.2 - https:\/\/yoast.com\/wordpress\/plugins\/seo\/ -->\n<title>PlanBet Casino \ud83c\udfb0 Spilleautomater og live dealere<\/title>\n<meta name=\"description\" content=\"PlanBet Casino tilbyder spillere at nyde onlinespil hvor som helst og n\u00e5r som helst \ud83d\uddf8 Oplev sp\u00e6ndingen ved popul\u00e6re spil med rigtige dealere p\u00e5 Live Casino\" \/>\n<meta name=\"robots\" content=\"index, follow, max-snippet:-1, max-image-preview:large, max-video-preview:-1\" \/>\n<meta property=\"og:locale\" content=\"da_DK\" \/>\n<meta property=\"og:type\" content=\"article\" \/>\n<meta property=\"og:title\" content=\"PlanBet Casino \ud83c\udfb0 Spilleautomater og live dealere\" \/>\n<meta property=\"og:description\" content=\"PlanBet Casino tilbyder spillere at nyde onlinespil hvor som helst og n\u00e5r som helst \ud83d\uddf8 Oplev sp\u00e6ndingen ved popul\u00e6re spil med rigtige dealere p\u00e5 Live Casino\" \/>\n<meta property=\"og:url\" content=\"https:\/\/planbet.promo\/da\/casino\/\" \/>\n<meta property=\"og:site_name\" content=\"Planbet Promo DA\" \/>\n<meta property=\"article:modified_time\" content=\"2025-07-26T20:42:34+00:00\" \/>\n<meta name=\"twitter:card\" content=\"summary_large_image\" \/>\n<script type=\"application\/ld+json\" class=\"yoast-schema-graph\">{\"@context\":\"https:\/\/schema.org\",\"@graph\":[{\"@type\":\"WebPage\",\"@id\":\"https:\/\/planbet.promo\/da\/casino\/\",\"url\":\"https:\/\/planbet.promo\/da\/casino\/\",\"name\":\"PlanBet Casino \ud83c\udfb0 Spilleautomater og live dealere\",\"isPartOf\":{\"@id\":\"https:\/\/planbet.promo\/da\/#website\"},\"datePublished\":\"2024-05-28T12:38:43+00:00\",\"dateModified\":\"2025-07-26T20:42:34+00:00\",\"description\":\"PlanBet Casino tilbyder spillere at nyde onlinespil hvor som helst og n\u00e5r som helst \ud83d\uddf8 Oplev sp\u00e6ndingen ved popul\u00e6re spil med rigtige dealere p\u00e5 Live Casino\",\"breadcrumb\":{\"@id\":\"https:\/\/planbet.promo\/da\/casino\/#breadcrumb\"},\"inLanguage\":\"da-DK\",\"potentialAction\":[{\"@type\":\"ReadAction\",\"target\":[\"https:\/\/planbet.promo\/da\/casino\/\"]}]},{\"@type\":\"BreadcrumbList\",\"@id\":\"https:\/\/planbet.promo\/da\/casino\/#breadcrumb\",\"itemListElement\":[{\"@type\":\"ListItem\",\"position\":1,\"name\":\"Home\",\"item\":\"https:\/\/planbet.promo\/da\/\"},{\"@type\":\"ListItem\",\"position\":2,\"name\":\"Casino\"}]},{\"@type\":\"WebSite\",\"@id\":\"https:\/\/planbet.promo\/da\/#website\",\"url\":\"https:\/\/planbet.promo\/da\/\",\"name\":\"Planbet Promo DA\",\"description\":\"My WordPress Blog\",\"potentialAction\":[{\"@type\":\"SearchAction\",\"target\":{\"@type\":\"EntryPoint\",\"urlTemplate\":\"https:\/\/planbet.promo\/da\/?s={search_term_string}\"},\"query-input\":{\"@type\":\"PropertyValueSpecification\",\"valueRequired\":true,\"valueName\":\"search_term_string\"}}],\"inLanguage\":\"da-DK\"}]}<\/script>\n<!-- \/ Yoast SEO plugin. -->","yoast_head_json":{"title":"PlanBet Casino \ud83c\udfb0 Spilleautomater og live dealere","description":"PlanBet Casino tilbyder spillere at nyde onlinespil hvor som helst og n\u00e5r som helst \ud83d\uddf8 Oplev sp\u00e6ndingen ved popul\u00e6re spil med rigtige dealere p\u00e5 Live Casino","robots":{"index":"index","follow":"follow","max-snippet":"max-snippet:-1","max-image-preview":"max-image-preview:large","max-video-preview":"max-video-preview:-1"},"og_locale":"da_DK","og_type":"article","og_title":"PlanBet Casino \ud83c\udfb0 Spilleautomater og live dealere","og_description":"PlanBet Casino tilbyder spillere at nyde onlinespil hvor som helst og n\u00e5r som helst \ud83d\uddf8 Oplev sp\u00e6ndingen ved popul\u00e6re spil med rigtige dealere p\u00e5 Live Casino","og_url":"https:\/\/planbet.promo\/da\/casino\/","og_site_name":"Planbet Promo DA","article_modified_time":"2025-07-26T20:42:34+00:00","twitter_card":"summary_large_image","schema":{"@context":"https:\/\/schema.org","@graph":[{"@type":"WebPage","@id":"https:\/\/planbet.promo\/da\/casino\/","url":"https:\/\/planbet.promo\/da\/casino\/","name":"PlanBet Casino \ud83c\udfb0 Spilleautomater og live dealere","isPartOf":{"@id":"https:\/\/planbet.promo\/da\/#website"},"datePublished":"2024-05-28T12:38:43+00:00","dateModified":"2025-07-26T20:42:34+00:00","description":"PlanBet Casino tilbyder spillere at nyde onlinespil hvor som helst og n\u00e5r som helst \ud83d\uddf8 Oplev sp\u00e6ndingen ved popul\u00e6re spil med rigtige dealere p\u00e5 Live Casino","breadcrumb":{"@id":"https:\/\/planbet.promo\/da\/casino\/#breadcrumb"},"inLanguage":"da-DK","potentialAction":[{"@type":"ReadAction","target":["https:\/\/planbet.promo\/da\/casino\/"]}]},{"@type":"BreadcrumbList","@id":"https:\/\/planbet.promo\/da\/casino\/#breadcrumb","itemListElement":[{"@type":"ListItem","position":1,"name":"Home","item":"https:\/\/planbet.promo\/da\/"},{"@type":"ListItem","position":2,"name":"Casino"}]},{"@type":"WebSite","@id":"https:\/\/planbet.promo\/da\/#website","url":"https:\/\/planbet.promo\/da\/","name":"Planbet Promo DA","description":"My WordPress Blog","potentialAction":[{"@type":"SearchAction","target":{"@type":"EntryPoint","urlTemplate":"https:\/\/planbet.promo\/da\/?s={search_term_string}"},"query-input":{"@type":"PropertyValueSpecification","valueRequired":true,"valueName":"search_term_string"}}],"inLanguage":"da-DK"}]}},"_links":{"self":[{"href":"https:\/\/planbet.promo\/da\/wp-json\/wp\/v2\/pages\/287","targetHints":{"allow":["GET"]}}],"collection":[{"href":"https:\/\/planbet.promo\/da\/wp-json\/wp\/v2\/pages"}],"about":[{"href":"https:\/\/planbet.promo\/da\/wp-json\/wp\/v2\/types\/page"}],"author":[{"embeddable":true,"href":"https:\/\/planbet.promo\/da\/wp-json\/wp\/v2\/users\/1"}],"replies":[{"embeddable":true,"href":"https:\/\/planbet.promo\/da\/wp-json\/wp\/v2\/comments?post=287"}],"version-history":[{"count":6,"href":"https:\/\/planbet.promo\/da\/wp-json\/wp\/v2\/pages\/287\/revisions"}],"predecessor-version":[{"id":765,"href":"https:\/\/planbet.promo\/da\/wp-json\/wp\/v2\/pages\/287\/revisions\/765"}],"wp:attachment":[{"href":"https:\/\/planbet.promo\/da\/wp-json\/wp\/v2\/media?parent=287"}],"curies":[{"name":"wp","href":"https:\/\/api.w.org\/{rel}","templated":true}]}}