{"id":499,"date":"2025-05-21T12:52:53","date_gmt":"2025-05-21T12:52:53","guid":{"rendered":"https:\/\/betwinner.team\/?page_id=499"},"modified":"2025-07-29T18:52:17","modified_gmt":"2025-07-29T18:52:17","slug":"casino-welcome-package","status":"publish","type":"page","link":"https:\/\/planbet.promo\/da\/bonus\/casino-welcome-package\/","title":{"rendered":"Kasinoets velkomstpakke"},"content":{"rendered":"","protected":false},"excerpt":{"rendered":"","protected":false},"author":1,"featured_media":0,"parent":152,"menu_order":0,"comment_status":"closed","ping_status":"closed","template":"","meta":{"footnotes":""},"class_list":["post-499","page","type-page","status-publish","hentry"],"yoast_head":"<!-- This site is optimized with the Yoast SEO plugin v26.2 - https:\/\/yoast.com\/wordpress\/plugins\/seo\/ -->\n<title>PlanBet Kasino velkomstpakke \u1409 F\u00e5 op til 12000 DKK + 150 FS<\/title>\n<meta name=\"description\" content=\"PlanBet Kasino velkomstpakke venter p\u00e5 dig: op til 12000 DKK og 150 freespins! Det er nemt at registrere sig, og bonusserne er gener\u00f8se. G\u00e5 ikke glip af chancen for at sikre dine megagevinster ved at f\u00f8lge vores enkle trin. G\u00e5 efter sp\u00e6ndingen!\" \/>\n<meta name=\"robots\" content=\"index, follow, max-snippet:-1, max-image-preview:large, max-video-preview:-1\" \/>\n<meta property=\"og:locale\" content=\"da_DK\" \/>\n<meta property=\"og:type\" content=\"article\" \/>\n<meta property=\"og:title\" content=\"PlanBet Kasino velkomstpakke \u1409 F\u00e5 op til 12000 DKK + 150 FS\" \/>\n<meta property=\"og:description\" content=\"PlanBet Kasino velkomstpakke venter p\u00e5 dig: op til 12000 DKK og 150 freespins! Det er nemt at registrere sig, og bonusserne er gener\u00f8se. G\u00e5 ikke glip af chancen for at sikre dine megagevinster ved at f\u00f8lge vores enkle trin. G\u00e5 efter sp\u00e6ndingen!\" \/>\n<meta property=\"og:url\" content=\"https:\/\/planbet.promo\/da\/bonus\/casino-welcome-package\/\" \/>\n<meta property=\"og:site_name\" content=\"Planbet Promo DA\" \/>\n<meta property=\"article:modified_time\" content=\"2025-07-29T18:52:17+00:00\" \/>\n<meta name=\"twitter:card\" content=\"summary_large_image\" \/>\n<script type=\"application\/ld+json\" class=\"yoast-schema-graph\">{\"@context\":\"https:\/\/schema.org\",\"@graph\":[{\"@type\":\"WebPage\",\"@id\":\"https:\/\/planbet.promo\/da\/bonus\/casino-welcome-package\/\",\"url\":\"https:\/\/planbet.promo\/da\/bonus\/casino-welcome-package\/\",\"name\":\"PlanBet Kasino velkomstpakke \u1409 F\u00e5 op til 12000 DKK + 150 FS\",\"isPartOf\":{\"@id\":\"https:\/\/planbet.promo\/da\/#website\"},\"datePublished\":\"2025-05-21T12:52:53+00:00\",\"dateModified\":\"2025-07-29T18:52:17+00:00\",\"description\":\"PlanBet Kasino velkomstpakke venter p\u00e5 dig: op til 12000 DKK og 150 freespins! Det er nemt at registrere sig, og bonusserne er gener\u00f8se. G\u00e5 ikke glip af chancen for at sikre dine megagevinster ved at f\u00f8lge vores enkle trin. G\u00e5 efter sp\u00e6ndingen!\",\"breadcrumb\":{\"@id\":\"https:\/\/planbet.promo\/da\/bonus\/casino-welcome-package\/#breadcrumb\"},\"inLanguage\":\"da-DK\",\"potentialAction\":[{\"@type\":\"ReadAction\",\"target\":[\"https:\/\/planbet.promo\/da\/bonus\/casino-welcome-package\/\"]}]},{\"@type\":\"BreadcrumbList\",\"@id\":\"https:\/\/planbet.promo\/da\/bonus\/casino-welcome-package\/#breadcrumb\",\"itemListElement\":[{\"@type\":\"ListItem\",\"position\":1,\"name\":\"Home\",\"item\":\"https:\/\/planbet.promo\/da\/\"},{\"@type\":\"ListItem\",\"position\":2,\"name\":\"Bonus\",\"item\":\"https:\/\/planbet.promo\/da\/bonus\/\"},{\"@type\":\"ListItem\",\"position\":3,\"name\":\"Kasinoets velkomstpakke\"}]},{\"@type\":\"WebSite\",\"@id\":\"https:\/\/planbet.promo\/da\/#website\",\"url\":\"https:\/\/planbet.promo\/da\/\",\"name\":\"Planbet Promo DA\",\"description\":\"My WordPress Blog\",\"potentialAction\":[{\"@type\":\"SearchAction\",\"target\":{\"@type\":\"EntryPoint\",\"urlTemplate\":\"https:\/\/planbet.promo\/da\/?s={search_term_string}\"},\"query-input\":{\"@type\":\"PropertyValueSpecification\",\"valueRequired\":true,\"valueName\":\"search_term_string\"}}],\"inLanguage\":\"da-DK\"}]}<\/script>\n<!-- \/ Yoast SEO plugin. -->","yoast_head_json":{"title":"PlanBet Kasino velkomstpakke \u1409 F\u00e5 op til 12000 DKK + 150 FS","description":"PlanBet Kasino velkomstpakke venter p\u00e5 dig: op til 12000 DKK og 150 freespins! Det er nemt at registrere sig, og bonusserne er gener\u00f8se. G\u00e5 ikke glip af chancen for at sikre dine megagevinster ved at f\u00f8lge vores enkle trin. G\u00e5 efter sp\u00e6ndingen!","robots":{"index":"index","follow":"follow","max-snippet":"max-snippet:-1","max-image-preview":"max-image-preview:large","max-video-preview":"max-video-preview:-1"},"og_locale":"da_DK","og_type":"article","og_title":"PlanBet Kasino velkomstpakke \u1409 F\u00e5 op til 12000 DKK + 150 FS","og_description":"PlanBet Kasino velkomstpakke venter p\u00e5 dig: op til 12000 DKK og 150 freespins! Det er nemt at registrere sig, og bonusserne er gener\u00f8se. G\u00e5 ikke glip af chancen for at sikre dine megagevinster ved at f\u00f8lge vores enkle trin. G\u00e5 efter sp\u00e6ndingen!","og_url":"https:\/\/planbet.promo\/da\/bonus\/casino-welcome-package\/","og_site_name":"Planbet Promo DA","article_modified_time":"2025-07-29T18:52:17+00:00","twitter_card":"summary_large_image","schema":{"@context":"https:\/\/schema.org","@graph":[{"@type":"WebPage","@id":"https:\/\/planbet.promo\/da\/bonus\/casino-welcome-package\/","url":"https:\/\/planbet.promo\/da\/bonus\/casino-welcome-package\/","name":"PlanBet Kasino velkomstpakke \u1409 F\u00e5 op til 12000 DKK + 150 FS","isPartOf":{"@id":"https:\/\/planbet.promo\/da\/#website"},"datePublished":"2025-05-21T12:52:53+00:00","dateModified":"2025-07-29T18:52:17+00:00","description":"PlanBet Kasino velkomstpakke venter p\u00e5 dig: op til 12000 DKK og 150 freespins! Det er nemt at registrere sig, og bonusserne er gener\u00f8se. G\u00e5 ikke glip af chancen for at sikre dine megagevinster ved at f\u00f8lge vores enkle trin. G\u00e5 efter sp\u00e6ndingen!","breadcrumb":{"@id":"https:\/\/planbet.promo\/da\/bonus\/casino-welcome-package\/#breadcrumb"},"inLanguage":"da-DK","potentialAction":[{"@type":"ReadAction","target":["https:\/\/planbet.promo\/da\/bonus\/casino-welcome-package\/"]}]},{"@type":"BreadcrumbList","@id":"https:\/\/planbet.promo\/da\/bonus\/casino-welcome-package\/#breadcrumb","itemListElement":[{"@type":"ListItem","position":1,"name":"Home","item":"https:\/\/planbet.promo\/da\/"},{"@type":"ListItem","position":2,"name":"Bonus","item":"https:\/\/planbet.promo\/da\/bonus\/"},{"@type":"ListItem","position":3,"name":"Kasinoets velkomstpakke"}]},{"@type":"WebSite","@id":"https:\/\/planbet.promo\/da\/#website","url":"https:\/\/planbet.promo\/da\/","name":"Planbet Promo DA","description":"My WordPress Blog","potentialAction":[{"@type":"SearchAction","target":{"@type":"EntryPoint","urlTemplate":"https:\/\/planbet.promo\/da\/?s={search_term_string}"},"query-input":{"@type":"PropertyValueSpecification","valueRequired":true,"valueName":"search_term_string"}}],"inLanguage":"da-DK"}]}},"_links":{"self":[{"href":"https:\/\/planbet.promo\/da\/wp-json\/wp\/v2\/pages\/499","targetHints":{"allow":["GET"]}}],"collection":[{"href":"https:\/\/planbet.promo\/da\/wp-json\/wp\/v2\/pages"}],"about":[{"href":"https:\/\/planbet.promo\/da\/wp-json\/wp\/v2\/types\/page"}],"author":[{"embeddable":true,"href":"https:\/\/planbet.promo\/da\/wp-json\/wp\/v2\/users\/1"}],"replies":[{"embeddable":true,"href":"https:\/\/planbet.promo\/da\/wp-json\/wp\/v2\/comments?post=499"}],"version-history":[{"count":5,"href":"https:\/\/planbet.promo\/da\/wp-json\/wp\/v2\/pages\/499\/revisions"}],"predecessor-version":[{"id":761,"href":"https:\/\/planbet.promo\/da\/wp-json\/wp\/v2\/pages\/499\/revisions\/761"}],"up":[{"embeddable":true,"href":"https:\/\/planbet.promo\/da\/wp-json\/wp\/v2\/pages\/152"}],"wp:attachment":[{"href":"https:\/\/planbet.promo\/da\/wp-json\/wp\/v2\/media?parent=499"}],"curies":[{"name":"wp","href":"https:\/\/api.w.org\/{rel}","templated":true}]}}