{"id":504,"date":"2025-05-21T13:06:32","date_gmt":"2025-05-21T13:06:32","guid":{"rendered":"https:\/\/betwinner.team\/?page_id=504"},"modified":"2025-07-02T11:37:41","modified_gmt":"2025-07-02T11:37:41","slug":"ten-deposit","status":"publish","type":"page","link":"https:\/\/planbet.promo\/et\/bonus\/ten-deposit\/","title":{"rendered":"K\u00fcmme deposiiti"},"content":{"rendered":"","protected":false},"excerpt":{"rendered":"","protected":false},"author":1,"featured_media":0,"parent":152,"menu_order":0,"comment_status":"closed","ping_status":"closed","template":"","meta":{"footnotes":""},"class_list":["post-504","page","type-page","status-publish","hentry"],"yoast_head":"<!-- This site is optimized with the Yoast SEO plugin v26.2 - https:\/\/yoast.com\/wordpress\/plugins\/seo\/ -->\n<title>Boonus 10. deposiidi eest PlanBet kasiinos: 50% + 100 FS<\/title>\n<meta name=\"description\" content=\"Saa 50% boonus oma k\u00fcmnendale deposiidile kuni 300 EUR ja 100 freespinni! Lihtsalt tehke sissemakse 10 EUR ja kingitused on teie! \u00c4ra j\u00e4ta oma v\u00f5imalust megav\u00f5itudeks kasutamata, j\u00e4rgi lihtsaid reegleid ja m\u00e4ngi suurelt!\" \/>\n<meta name=\"robots\" content=\"index, follow, max-snippet:-1, max-image-preview:large, max-video-preview:-1\" \/>\n<meta property=\"og:locale\" content=\"et_EE\" \/>\n<meta property=\"og:type\" content=\"article\" \/>\n<meta property=\"og:title\" content=\"Boonus 10. deposiidi eest PlanBet kasiinos: 50% + 100 FS\" \/>\n<meta property=\"og:description\" content=\"Saa 50% boonus oma k\u00fcmnendale deposiidile kuni 300 EUR ja 100 freespinni! Lihtsalt tehke sissemakse 10 EUR ja kingitused on teie! \u00c4ra j\u00e4ta oma v\u00f5imalust megav\u00f5itudeks kasutamata, j\u00e4rgi lihtsaid reegleid ja m\u00e4ngi suurelt!\" \/>\n<meta property=\"og:url\" content=\"https:\/\/planbet.promo\/et\/bonus\/ten-deposit\/\" \/>\n<meta property=\"og:site_name\" content=\"Planbet Promo ET\" \/>\n<meta property=\"article:modified_time\" content=\"2025-07-02T11:37:41+00:00\" \/>\n<meta name=\"twitter:card\" content=\"summary_large_image\" \/>\n<script type=\"application\/ld+json\" class=\"yoast-schema-graph\">{\"@context\":\"https:\/\/schema.org\",\"@graph\":[{\"@type\":\"WebPage\",\"@id\":\"https:\/\/planbet.promo\/et\/bonus\/ten-deposit\/\",\"url\":\"https:\/\/planbet.promo\/et\/bonus\/ten-deposit\/\",\"name\":\"Boonus 10. deposiidi eest PlanBet kasiinos: 50% + 100 FS\",\"isPartOf\":{\"@id\":\"https:\/\/planbet.promo\/et\/#website\"},\"datePublished\":\"2025-05-21T13:06:32+00:00\",\"dateModified\":\"2025-07-02T11:37:41+00:00\",\"description\":\"Saa 50% boonus oma k\u00fcmnendale deposiidile kuni 300 EUR ja 100 freespinni! Lihtsalt tehke sissemakse 10 EUR ja kingitused on teie! \u00c4ra j\u00e4ta oma v\u00f5imalust megav\u00f5itudeks kasutamata, j\u00e4rgi lihtsaid reegleid ja m\u00e4ngi suurelt!\",\"breadcrumb\":{\"@id\":\"https:\/\/planbet.promo\/et\/bonus\/ten-deposit\/#breadcrumb\"},\"inLanguage\":\"et\",\"potentialAction\":[{\"@type\":\"ReadAction\",\"target\":[\"https:\/\/planbet.promo\/et\/bonus\/ten-deposit\/\"]}]},{\"@type\":\"BreadcrumbList\",\"@id\":\"https:\/\/planbet.promo\/et\/bonus\/ten-deposit\/#breadcrumb\",\"itemListElement\":[{\"@type\":\"ListItem\",\"position\":1,\"name\":\"Home\",\"item\":\"https:\/\/planbet.promo\/et\/\"},{\"@type\":\"ListItem\",\"position\":2,\"name\":\"Boonus\",\"item\":\"https:\/\/planbet.promo\/et\/bonus\/\"},{\"@type\":\"ListItem\",\"position\":3,\"name\":\"K\u00fcmme deposiiti\"}]},{\"@type\":\"WebSite\",\"@id\":\"https:\/\/planbet.promo\/et\/#website\",\"url\":\"https:\/\/planbet.promo\/et\/\",\"name\":\"Planbet Promo ET\",\"description\":\"My WordPress Blog\",\"potentialAction\":[{\"@type\":\"SearchAction\",\"target\":{\"@type\":\"EntryPoint\",\"urlTemplate\":\"https:\/\/planbet.promo\/et\/?s={search_term_string}\"},\"query-input\":{\"@type\":\"PropertyValueSpecification\",\"valueRequired\":true,\"valueName\":\"search_term_string\"}}],\"inLanguage\":\"et\"}]}<\/script>\n<!-- \/ Yoast SEO plugin. -->","yoast_head_json":{"title":"Boonus 10. deposiidi eest PlanBet kasiinos: 50% + 100 FS","description":"Saa 50% boonus oma k\u00fcmnendale deposiidile kuni 300 EUR ja 100 freespinni! Lihtsalt tehke sissemakse 10 EUR ja kingitused on teie! \u00c4ra j\u00e4ta oma v\u00f5imalust megav\u00f5itudeks kasutamata, j\u00e4rgi lihtsaid reegleid ja m\u00e4ngi suurelt!","robots":{"index":"index","follow":"follow","max-snippet":"max-snippet:-1","max-image-preview":"max-image-preview:large","max-video-preview":"max-video-preview:-1"},"og_locale":"et_EE","og_type":"article","og_title":"Boonus 10. deposiidi eest PlanBet kasiinos: 50% + 100 FS","og_description":"Saa 50% boonus oma k\u00fcmnendale deposiidile kuni 300 EUR ja 100 freespinni! Lihtsalt tehke sissemakse 10 EUR ja kingitused on teie! \u00c4ra j\u00e4ta oma v\u00f5imalust megav\u00f5itudeks kasutamata, j\u00e4rgi lihtsaid reegleid ja m\u00e4ngi suurelt!","og_url":"https:\/\/planbet.promo\/et\/bonus\/ten-deposit\/","og_site_name":"Planbet Promo ET","article_modified_time":"2025-07-02T11:37:41+00:00","twitter_card":"summary_large_image","schema":{"@context":"https:\/\/schema.org","@graph":[{"@type":"WebPage","@id":"https:\/\/planbet.promo\/et\/bonus\/ten-deposit\/","url":"https:\/\/planbet.promo\/et\/bonus\/ten-deposit\/","name":"Boonus 10. deposiidi eest PlanBet kasiinos: 50% + 100 FS","isPartOf":{"@id":"https:\/\/planbet.promo\/et\/#website"},"datePublished":"2025-05-21T13:06:32+00:00","dateModified":"2025-07-02T11:37:41+00:00","description":"Saa 50% boonus oma k\u00fcmnendale deposiidile kuni 300 EUR ja 100 freespinni! Lihtsalt tehke sissemakse 10 EUR ja kingitused on teie! \u00c4ra j\u00e4ta oma v\u00f5imalust megav\u00f5itudeks kasutamata, j\u00e4rgi lihtsaid reegleid ja m\u00e4ngi suurelt!","breadcrumb":{"@id":"https:\/\/planbet.promo\/et\/bonus\/ten-deposit\/#breadcrumb"},"inLanguage":"et","potentialAction":[{"@type":"ReadAction","target":["https:\/\/planbet.promo\/et\/bonus\/ten-deposit\/"]}]},{"@type":"BreadcrumbList","@id":"https:\/\/planbet.promo\/et\/bonus\/ten-deposit\/#breadcrumb","itemListElement":[{"@type":"ListItem","position":1,"name":"Home","item":"https:\/\/planbet.promo\/et\/"},{"@type":"ListItem","position":2,"name":"Boonus","item":"https:\/\/planbet.promo\/et\/bonus\/"},{"@type":"ListItem","position":3,"name":"K\u00fcmme deposiiti"}]},{"@type":"WebSite","@id":"https:\/\/planbet.promo\/et\/#website","url":"https:\/\/planbet.promo\/et\/","name":"Planbet Promo ET","description":"My WordPress Blog","potentialAction":[{"@type":"SearchAction","target":{"@type":"EntryPoint","urlTemplate":"https:\/\/planbet.promo\/et\/?s={search_term_string}"},"query-input":{"@type":"PropertyValueSpecification","valueRequired":true,"valueName":"search_term_string"}}],"inLanguage":"et"}]}},"_links":{"self":[{"href":"https:\/\/planbet.promo\/et\/wp-json\/wp\/v2\/pages\/504","targetHints":{"allow":["GET"]}}],"collection":[{"href":"https:\/\/planbet.promo\/et\/wp-json\/wp\/v2\/pages"}],"about":[{"href":"https:\/\/planbet.promo\/et\/wp-json\/wp\/v2\/types\/page"}],"author":[{"embeddable":true,"href":"https:\/\/planbet.promo\/et\/wp-json\/wp\/v2\/users\/1"}],"replies":[{"embeddable":true,"href":"https:\/\/planbet.promo\/et\/wp-json\/wp\/v2\/comments?post=504"}],"version-history":[{"count":4,"href":"https:\/\/planbet.promo\/et\/wp-json\/wp\/v2\/pages\/504\/revisions"}],"predecessor-version":[{"id":728,"href":"https:\/\/planbet.promo\/et\/wp-json\/wp\/v2\/pages\/504\/revisions\/728"}],"up":[{"embeddable":true,"href":"https:\/\/planbet.promo\/et\/wp-json\/wp\/v2\/pages\/152"}],"wp:attachment":[{"href":"https:\/\/planbet.promo\/et\/wp-json\/wp\/v2\/media?parent=504"}],"curies":[{"name":"wp","href":"https:\/\/api.w.org\/{rel}","templated":true}]}}