{"id":226,"date":"2024-05-28T09:20:52","date_gmt":"2024-05-28T09:20:52","guid":{"rendered":"https:\/\/betwinner.team\/?page_id=226"},"modified":"2025-10-01T04:37:11","modified_gmt":"2025-10-01T04:37:11","slug":"affiliate","status":"publish","type":"page","link":"https:\/\/planbet.promo\/fo\/affiliate\/","title":{"rendered":"Samstarvsfelagi"},"content":{"rendered":"","protected":false},"excerpt":{"rendered":"","protected":false},"author":1,"featured_media":0,"parent":0,"menu_order":0,"comment_status":"closed","ping_status":"closed","template":"","meta":{"footnotes":""},"class_list":["post-226","page","type-page","status-publish","hentry"],"yoast_head":"<!-- This site is optimized with the Yoast SEO plugin v26.2 - https:\/\/yoast.com\/wordpress\/plugins\/seo\/ -->\n<title>PlanBet Samstarvsfelagi | Ver\u00f0 samstarvsfelagi n\u00fa<\/title>\n<meta name=\"description\" content=\"PlanBet Affiliate er eitt samstarvsforrit, sum er bj\u00f3\u00f0a\u00f0 av PlanBet \u00cdtr\u00f3ttarveddingar og Spilav\u00edti Palli \u2713 Ver\u00f0 PlanBet Samstarvsfelagar og vinn meira pening vi\u00f0 at br\u00faka hesa veglei\u00f0ing\" \/>\n<meta name=\"robots\" content=\"index, follow, max-snippet:-1, max-image-preview:large, max-video-preview:-1\" \/>\n<meta property=\"og:locale\" content=\"fo_FO\" \/>\n<meta property=\"og:type\" content=\"article\" \/>\n<meta property=\"og:title\" content=\"PlanBet Samstarvsfelagi | Ver\u00f0 samstarvsfelagi n\u00fa\" \/>\n<meta property=\"og:description\" content=\"PlanBet Affiliate er eitt samstarvsforrit, sum er bj\u00f3\u00f0a\u00f0 av PlanBet \u00cdtr\u00f3ttarveddingar og Spilav\u00edti Palli \u2713 Ver\u00f0 PlanBet Samstarvsfelagar og vinn meira pening vi\u00f0 at br\u00faka hesa veglei\u00f0ing\" \/>\n<meta property=\"og:url\" content=\"https:\/\/planbet.promo\/fo\/affiliate\/\" \/>\n<meta property=\"og:site_name\" content=\"Planbet Promo FO\" \/>\n<meta property=\"article:modified_time\" content=\"2025-10-01T04:37:11+00:00\" \/>\n<meta name=\"twitter:card\" content=\"summary_large_image\" \/>\n<script type=\"application\/ld+json\" class=\"yoast-schema-graph\">{\"@context\":\"https:\/\/schema.org\",\"@graph\":[{\"@type\":\"WebPage\",\"@id\":\"https:\/\/planbet.promo\/fo\/affiliate\/\",\"url\":\"https:\/\/planbet.promo\/fo\/affiliate\/\",\"name\":\"PlanBet Samstarvsfelagi | Ver\u00f0 samstarvsfelagi n\u00fa\",\"isPartOf\":{\"@id\":\"https:\/\/planbet.promo\/fo\/#website\"},\"datePublished\":\"2024-05-28T09:20:52+00:00\",\"dateModified\":\"2025-10-01T04:37:11+00:00\",\"description\":\"PlanBet Affiliate er eitt samstarvsforrit, sum er bj\u00f3\u00f0a\u00f0 av PlanBet \u00cdtr\u00f3ttarveddingar og Spilav\u00edti Palli \u2713 Ver\u00f0 PlanBet Samstarvsfelagar og vinn meira pening vi\u00f0 at br\u00faka hesa veglei\u00f0ing\",\"breadcrumb\":{\"@id\":\"https:\/\/planbet.promo\/fo\/affiliate\/#breadcrumb\"},\"inLanguage\":\"fo\",\"potentialAction\":[{\"@type\":\"ReadAction\",\"target\":[\"https:\/\/planbet.promo\/fo\/affiliate\/\"]}]},{\"@type\":\"BreadcrumbList\",\"@id\":\"https:\/\/planbet.promo\/fo\/affiliate\/#breadcrumb\",\"itemListElement\":[{\"@type\":\"ListItem\",\"position\":1,\"name\":\"Home\",\"item\":\"https:\/\/planbet.promo\/fo\/\"},{\"@type\":\"ListItem\",\"position\":2,\"name\":\"Samstarvsfelagi\"}]},{\"@type\":\"WebSite\",\"@id\":\"https:\/\/planbet.promo\/fo\/#website\",\"url\":\"https:\/\/planbet.promo\/fo\/\",\"name\":\"Planbet Promo FO\",\"description\":\"My WordPress Blog\",\"potentialAction\":[{\"@type\":\"SearchAction\",\"target\":{\"@type\":\"EntryPoint\",\"urlTemplate\":\"https:\/\/planbet.promo\/fo\/?s={search_term_string}\"},\"query-input\":{\"@type\":\"PropertyValueSpecification\",\"valueRequired\":true,\"valueName\":\"search_term_string\"}}],\"inLanguage\":\"fo\"}]}<\/script>\n<!-- \/ Yoast SEO plugin. -->","yoast_head_json":{"title":"PlanBet Samstarvsfelagi | Ver\u00f0 samstarvsfelagi n\u00fa","description":"PlanBet Affiliate er eitt samstarvsforrit, sum er bj\u00f3\u00f0a\u00f0 av PlanBet \u00cdtr\u00f3ttarveddingar og Spilav\u00edti Palli \u2713 Ver\u00f0 PlanBet Samstarvsfelagar og vinn meira pening vi\u00f0 at br\u00faka hesa veglei\u00f0ing","robots":{"index":"index","follow":"follow","max-snippet":"max-snippet:-1","max-image-preview":"max-image-preview:large","max-video-preview":"max-video-preview:-1"},"og_locale":"fo_FO","og_type":"article","og_title":"PlanBet Samstarvsfelagi | Ver\u00f0 samstarvsfelagi n\u00fa","og_description":"PlanBet Affiliate er eitt samstarvsforrit, sum er bj\u00f3\u00f0a\u00f0 av PlanBet \u00cdtr\u00f3ttarveddingar og Spilav\u00edti Palli \u2713 Ver\u00f0 PlanBet Samstarvsfelagar og vinn meira pening vi\u00f0 at br\u00faka hesa veglei\u00f0ing","og_url":"https:\/\/planbet.promo\/fo\/affiliate\/","og_site_name":"Planbet Promo FO","article_modified_time":"2025-10-01T04:37:11+00:00","twitter_card":"summary_large_image","schema":{"@context":"https:\/\/schema.org","@graph":[{"@type":"WebPage","@id":"https:\/\/planbet.promo\/fo\/affiliate\/","url":"https:\/\/planbet.promo\/fo\/affiliate\/","name":"PlanBet Samstarvsfelagi | Ver\u00f0 samstarvsfelagi n\u00fa","isPartOf":{"@id":"https:\/\/planbet.promo\/fo\/#website"},"datePublished":"2024-05-28T09:20:52+00:00","dateModified":"2025-10-01T04:37:11+00:00","description":"PlanBet Affiliate er eitt samstarvsforrit, sum er bj\u00f3\u00f0a\u00f0 av PlanBet \u00cdtr\u00f3ttarveddingar og Spilav\u00edti Palli \u2713 Ver\u00f0 PlanBet Samstarvsfelagar og vinn meira pening vi\u00f0 at br\u00faka hesa veglei\u00f0ing","breadcrumb":{"@id":"https:\/\/planbet.promo\/fo\/affiliate\/#breadcrumb"},"inLanguage":"fo","potentialAction":[{"@type":"ReadAction","target":["https:\/\/planbet.promo\/fo\/affiliate\/"]}]},{"@type":"BreadcrumbList","@id":"https:\/\/planbet.promo\/fo\/affiliate\/#breadcrumb","itemListElement":[{"@type":"ListItem","position":1,"name":"Home","item":"https:\/\/planbet.promo\/fo\/"},{"@type":"ListItem","position":2,"name":"Samstarvsfelagi"}]},{"@type":"WebSite","@id":"https:\/\/planbet.promo\/fo\/#website","url":"https:\/\/planbet.promo\/fo\/","name":"Planbet Promo FO","description":"My WordPress Blog","potentialAction":[{"@type":"SearchAction","target":{"@type":"EntryPoint","urlTemplate":"https:\/\/planbet.promo\/fo\/?s={search_term_string}"},"query-input":{"@type":"PropertyValueSpecification","valueRequired":true,"valueName":"search_term_string"}}],"inLanguage":"fo"}]}},"_links":{"self":[{"href":"https:\/\/planbet.promo\/fo\/wp-json\/wp\/v2\/pages\/226","targetHints":{"allow":["GET"]}}],"collection":[{"href":"https:\/\/planbet.promo\/fo\/wp-json\/wp\/v2\/pages"}],"about":[{"href":"https:\/\/planbet.promo\/fo\/wp-json\/wp\/v2\/types\/page"}],"author":[{"embeddable":true,"href":"https:\/\/planbet.promo\/fo\/wp-json\/wp\/v2\/users\/1"}],"replies":[{"embeddable":true,"href":"https:\/\/planbet.promo\/fo\/wp-json\/wp\/v2\/comments?post=226"}],"version-history":[{"count":5,"href":"https:\/\/planbet.promo\/fo\/wp-json\/wp\/v2\/pages\/226\/revisions"}],"predecessor-version":[{"id":818,"href":"https:\/\/planbet.promo\/fo\/wp-json\/wp\/v2\/pages\/226\/revisions\/818"}],"wp:attachment":[{"href":"https:\/\/planbet.promo\/fo\/wp-json\/wp\/v2\/media?parent=226"}],"curies":[{"name":"wp","href":"https:\/\/api.w.org\/{rel}","templated":true}]}}