{"id":243,"date":"2024-05-28T09:43:57","date_gmt":"2024-05-28T09:43:57","guid":{"rendered":"https:\/\/betwinner.team\/?page_id=243"},"modified":"2025-10-15T18:43:49","modified_gmt":"2025-10-15T18:43:49","slug":"promo-code","status":"publish","type":"page","link":"https:\/\/planbet.promo\/fo\/promo-code\/","title":{"rendered":"Kampanjukoda"},"content":{"rendered":"","protected":false},"excerpt":{"rendered":"","protected":false},"author":1,"featured_media":0,"parent":0,"menu_order":0,"comment_status":"closed","ping_status":"closed","template":"","meta":{"footnotes":""},"class_list":["post-243","page","type-page","status-publish","hentry"],"yoast_head":"<!-- This site is optimized with the Yoast SEO plugin v26.2 - https:\/\/yoast.com\/wordpress\/plugins\/seo\/ -->\n<title>PlanBet Kampanjukoda | Byrja vi\u00f0 PlanBet V\u00e6lkomin bonus<\/title>\n<meta name=\"description\" content=\"Promo-koda PlanBet \u2713 Vinn upp til 130% av t\u00ednum fyrsta veddingar vi\u00f0 at br\u00faka okkara promo-kotu til PlanBet \u00edtr\u00f3ttarveddingar og spilav\u00edti. Byrja beinanvegin og vinn vi\u00f0 PlanBet Promo Kotum!\" \/>\n<meta name=\"robots\" content=\"index, follow, max-snippet:-1, max-image-preview:large, max-video-preview:-1\" \/>\n<meta property=\"og:locale\" content=\"fo_FO\" \/>\n<meta property=\"og:type\" content=\"article\" \/>\n<meta property=\"og:title\" content=\"PlanBet Kampanjukoda | Byrja vi\u00f0 PlanBet V\u00e6lkomin bonus\" \/>\n<meta property=\"og:description\" content=\"Promo-koda PlanBet \u2713 Vinn upp til 130% av t\u00ednum fyrsta veddingar vi\u00f0 at br\u00faka okkara promo-kotu til PlanBet \u00edtr\u00f3ttarveddingar og spilav\u00edti. Byrja beinanvegin og vinn vi\u00f0 PlanBet Promo Kotum!\" \/>\n<meta property=\"og:url\" content=\"https:\/\/planbet.promo\/fo\/promo-code\/\" \/>\n<meta property=\"og:site_name\" content=\"Planbet Promo FO\" \/>\n<meta property=\"article:modified_time\" content=\"2025-10-15T18:43:49+00:00\" \/>\n<meta name=\"twitter:card\" content=\"summary_large_image\" \/>\n<script type=\"application\/ld+json\" class=\"yoast-schema-graph\">{\"@context\":\"https:\/\/schema.org\",\"@graph\":[{\"@type\":\"WebPage\",\"@id\":\"https:\/\/planbet.promo\/fo\/promo-code\/\",\"url\":\"https:\/\/planbet.promo\/fo\/promo-code\/\",\"name\":\"PlanBet Kampanjukoda | Byrja vi\u00f0 PlanBet V\u00e6lkomin bonus\",\"isPartOf\":{\"@id\":\"https:\/\/planbet.promo\/fo\/#website\"},\"datePublished\":\"2024-05-28T09:43:57+00:00\",\"dateModified\":\"2025-10-15T18:43:49+00:00\",\"description\":\"Promo-koda PlanBet \u2713 Vinn upp til 130% av t\u00ednum fyrsta veddingar vi\u00f0 at br\u00faka okkara promo-kotu til PlanBet \u00edtr\u00f3ttarveddingar og spilav\u00edti. Byrja beinanvegin og vinn vi\u00f0 PlanBet Promo Kotum!\",\"breadcrumb\":{\"@id\":\"https:\/\/planbet.promo\/fo\/promo-code\/#breadcrumb\"},\"inLanguage\":\"fo\",\"potentialAction\":[{\"@type\":\"ReadAction\",\"target\":[\"https:\/\/planbet.promo\/fo\/promo-code\/\"]}]},{\"@type\":\"BreadcrumbList\",\"@id\":\"https:\/\/planbet.promo\/fo\/promo-code\/#breadcrumb\",\"itemListElement\":[{\"@type\":\"ListItem\",\"position\":1,\"name\":\"Home\",\"item\":\"https:\/\/planbet.promo\/fo\/\"},{\"@type\":\"ListItem\",\"position\":2,\"name\":\"Kampanjukoda\"}]},{\"@type\":\"WebSite\",\"@id\":\"https:\/\/planbet.promo\/fo\/#website\",\"url\":\"https:\/\/planbet.promo\/fo\/\",\"name\":\"Planbet Promo FO\",\"description\":\"My WordPress Blog\",\"potentialAction\":[{\"@type\":\"SearchAction\",\"target\":{\"@type\":\"EntryPoint\",\"urlTemplate\":\"https:\/\/planbet.promo\/fo\/?s={search_term_string}\"},\"query-input\":{\"@type\":\"PropertyValueSpecification\",\"valueRequired\":true,\"valueName\":\"search_term_string\"}}],\"inLanguage\":\"fo\"}]}<\/script>\n<!-- \/ Yoast SEO plugin. -->","yoast_head_json":{"title":"PlanBet Kampanjukoda | Byrja vi\u00f0 PlanBet V\u00e6lkomin bonus","description":"Promo-koda PlanBet \u2713 Vinn upp til 130% av t\u00ednum fyrsta veddingar vi\u00f0 at br\u00faka okkara promo-kotu til PlanBet \u00edtr\u00f3ttarveddingar og spilav\u00edti. Byrja beinanvegin og vinn vi\u00f0 PlanBet Promo Kotum!","robots":{"index":"index","follow":"follow","max-snippet":"max-snippet:-1","max-image-preview":"max-image-preview:large","max-video-preview":"max-video-preview:-1"},"og_locale":"fo_FO","og_type":"article","og_title":"PlanBet Kampanjukoda | Byrja vi\u00f0 PlanBet V\u00e6lkomin bonus","og_description":"Promo-koda PlanBet \u2713 Vinn upp til 130% av t\u00ednum fyrsta veddingar vi\u00f0 at br\u00faka okkara promo-kotu til PlanBet \u00edtr\u00f3ttarveddingar og spilav\u00edti. Byrja beinanvegin og vinn vi\u00f0 PlanBet Promo Kotum!","og_url":"https:\/\/planbet.promo\/fo\/promo-code\/","og_site_name":"Planbet Promo FO","article_modified_time":"2025-10-15T18:43:49+00:00","twitter_card":"summary_large_image","schema":{"@context":"https:\/\/schema.org","@graph":[{"@type":"WebPage","@id":"https:\/\/planbet.promo\/fo\/promo-code\/","url":"https:\/\/planbet.promo\/fo\/promo-code\/","name":"PlanBet Kampanjukoda | Byrja vi\u00f0 PlanBet V\u00e6lkomin bonus","isPartOf":{"@id":"https:\/\/planbet.promo\/fo\/#website"},"datePublished":"2024-05-28T09:43:57+00:00","dateModified":"2025-10-15T18:43:49+00:00","description":"Promo-koda PlanBet \u2713 Vinn upp til 130% av t\u00ednum fyrsta veddingar vi\u00f0 at br\u00faka okkara promo-kotu til PlanBet \u00edtr\u00f3ttarveddingar og spilav\u00edti. Byrja beinanvegin og vinn vi\u00f0 PlanBet Promo Kotum!","breadcrumb":{"@id":"https:\/\/planbet.promo\/fo\/promo-code\/#breadcrumb"},"inLanguage":"fo","potentialAction":[{"@type":"ReadAction","target":["https:\/\/planbet.promo\/fo\/promo-code\/"]}]},{"@type":"BreadcrumbList","@id":"https:\/\/planbet.promo\/fo\/promo-code\/#breadcrumb","itemListElement":[{"@type":"ListItem","position":1,"name":"Home","item":"https:\/\/planbet.promo\/fo\/"},{"@type":"ListItem","position":2,"name":"Kampanjukoda"}]},{"@type":"WebSite","@id":"https:\/\/planbet.promo\/fo\/#website","url":"https:\/\/planbet.promo\/fo\/","name":"Planbet Promo FO","description":"My WordPress Blog","potentialAction":[{"@type":"SearchAction","target":{"@type":"EntryPoint","urlTemplate":"https:\/\/planbet.promo\/fo\/?s={search_term_string}"},"query-input":{"@type":"PropertyValueSpecification","valueRequired":true,"valueName":"search_term_string"}}],"inLanguage":"fo"}]}},"_links":{"self":[{"href":"https:\/\/planbet.promo\/fo\/wp-json\/wp\/v2\/pages\/243","targetHints":{"allow":["GET"]}}],"collection":[{"href":"https:\/\/planbet.promo\/fo\/wp-json\/wp\/v2\/pages"}],"about":[{"href":"https:\/\/planbet.promo\/fo\/wp-json\/wp\/v2\/types\/page"}],"author":[{"embeddable":true,"href":"https:\/\/planbet.promo\/fo\/wp-json\/wp\/v2\/users\/1"}],"replies":[{"embeddable":true,"href":"https:\/\/planbet.promo\/fo\/wp-json\/wp\/v2\/comments?post=243"}],"version-history":[{"count":6,"href":"https:\/\/planbet.promo\/fo\/wp-json\/wp\/v2\/pages\/243\/revisions"}],"predecessor-version":[{"id":834,"href":"https:\/\/planbet.promo\/fo\/wp-json\/wp\/v2\/pages\/243\/revisions\/834"}],"wp:attachment":[{"href":"https:\/\/planbet.promo\/fo\/wp-json\/wp\/v2\/media?parent=243"}],"curies":[{"name":"wp","href":"https:\/\/api.w.org\/{rel}","templated":true}]}}