{"id":270,"date":"2024-05-28T12:15:13","date_gmt":"2024-05-28T12:15:13","guid":{"rendered":"https:\/\/betwinner.team\/?page_id=270"},"modified":"2025-10-15T18:46:51","modified_gmt":"2025-10-15T18:46:51","slug":"registration","status":"publish","type":"page","link":"https:\/\/planbet.promo\/fo\/registration\/","title":{"rendered":"Tilmelding"},"content":{"rendered":"","protected":false},"excerpt":{"rendered":"","protected":false},"author":1,"featured_media":0,"parent":0,"menu_order":0,"comment_status":"closed","ping_status":"closed","template":"","meta":{"footnotes":""},"class_list":["post-270","page","type-page","status-publish","hentry"],"yoast_head":"<!-- This site is optimized with the Yoast SEO plugin v26.2 - https:\/\/yoast.com\/wordpress\/plugins\/seo\/ -->\n<title>PlanBet Tilmeldingarveglei\u00f0ing | V\u00e6lkomin tilbo\u00f0<\/title>\n<meta name=\"description\" content=\"PlanBet Tilmeldingarveglei\u00f0ing til n\u00fdggja kontu til n\u00fdggjar sp\u00e6larar \u2713 F\u00e1 upp til 130% v\u00e6lkomstbonus, me\u00f0an t\u00fa meldar teg til! PlanBet skr\u00e1seting og v\u00e1ttan\" \/>\n<meta name=\"robots\" content=\"index, follow, max-snippet:-1, max-image-preview:large, max-video-preview:-1\" \/>\n<meta property=\"og:locale\" content=\"fo_FO\" \/>\n<meta property=\"og:type\" content=\"article\" \/>\n<meta property=\"og:title\" content=\"PlanBet Tilmeldingarveglei\u00f0ing | V\u00e6lkomin tilbo\u00f0\" \/>\n<meta property=\"og:description\" content=\"PlanBet Tilmeldingarveglei\u00f0ing til n\u00fdggja kontu til n\u00fdggjar sp\u00e6larar \u2713 F\u00e1 upp til 130% v\u00e6lkomstbonus, me\u00f0an t\u00fa meldar teg til! PlanBet skr\u00e1seting og v\u00e1ttan\" \/>\n<meta property=\"og:url\" content=\"https:\/\/planbet.promo\/fo\/registration\/\" \/>\n<meta property=\"og:site_name\" content=\"Planbet Promo FO\" \/>\n<meta property=\"article:modified_time\" content=\"2025-10-15T18:46:51+00:00\" \/>\n<meta name=\"twitter:card\" content=\"summary_large_image\" \/>\n<script type=\"application\/ld+json\" class=\"yoast-schema-graph\">{\"@context\":\"https:\/\/schema.org\",\"@graph\":[{\"@type\":\"WebPage\",\"@id\":\"https:\/\/planbet.promo\/fo\/registration\/\",\"url\":\"https:\/\/planbet.promo\/fo\/registration\/\",\"name\":\"PlanBet Tilmeldingarveglei\u00f0ing | V\u00e6lkomin tilbo\u00f0\",\"isPartOf\":{\"@id\":\"https:\/\/planbet.promo\/fo\/#website\"},\"datePublished\":\"2024-05-28T12:15:13+00:00\",\"dateModified\":\"2025-10-15T18:46:51+00:00\",\"description\":\"PlanBet Tilmeldingarveglei\u00f0ing til n\u00fdggja kontu til n\u00fdggjar sp\u00e6larar \u2713 F\u00e1 upp til 130% v\u00e6lkomstbonus, me\u00f0an t\u00fa meldar teg til! PlanBet skr\u00e1seting og v\u00e1ttan\",\"breadcrumb\":{\"@id\":\"https:\/\/planbet.promo\/fo\/registration\/#breadcrumb\"},\"inLanguage\":\"fo\",\"potentialAction\":[{\"@type\":\"ReadAction\",\"target\":[\"https:\/\/planbet.promo\/fo\/registration\/\"]}]},{\"@type\":\"BreadcrumbList\",\"@id\":\"https:\/\/planbet.promo\/fo\/registration\/#breadcrumb\",\"itemListElement\":[{\"@type\":\"ListItem\",\"position\":1,\"name\":\"Home\",\"item\":\"https:\/\/planbet.promo\/fo\/\"},{\"@type\":\"ListItem\",\"position\":2,\"name\":\"Tilmelding\"}]},{\"@type\":\"WebSite\",\"@id\":\"https:\/\/planbet.promo\/fo\/#website\",\"url\":\"https:\/\/planbet.promo\/fo\/\",\"name\":\"Planbet Promo FO\",\"description\":\"My WordPress Blog\",\"potentialAction\":[{\"@type\":\"SearchAction\",\"target\":{\"@type\":\"EntryPoint\",\"urlTemplate\":\"https:\/\/planbet.promo\/fo\/?s={search_term_string}\"},\"query-input\":{\"@type\":\"PropertyValueSpecification\",\"valueRequired\":true,\"valueName\":\"search_term_string\"}}],\"inLanguage\":\"fo\"}]}<\/script>\n<!-- \/ Yoast SEO plugin. -->","yoast_head_json":{"title":"PlanBet Tilmeldingarveglei\u00f0ing | V\u00e6lkomin tilbo\u00f0","description":"PlanBet Tilmeldingarveglei\u00f0ing til n\u00fdggja kontu til n\u00fdggjar sp\u00e6larar \u2713 F\u00e1 upp til 130% v\u00e6lkomstbonus, me\u00f0an t\u00fa meldar teg til! PlanBet skr\u00e1seting og v\u00e1ttan","robots":{"index":"index","follow":"follow","max-snippet":"max-snippet:-1","max-image-preview":"max-image-preview:large","max-video-preview":"max-video-preview:-1"},"og_locale":"fo_FO","og_type":"article","og_title":"PlanBet Tilmeldingarveglei\u00f0ing | V\u00e6lkomin tilbo\u00f0","og_description":"PlanBet Tilmeldingarveglei\u00f0ing til n\u00fdggja kontu til n\u00fdggjar sp\u00e6larar \u2713 F\u00e1 upp til 130% v\u00e6lkomstbonus, me\u00f0an t\u00fa meldar teg til! PlanBet skr\u00e1seting og v\u00e1ttan","og_url":"https:\/\/planbet.promo\/fo\/registration\/","og_site_name":"Planbet Promo FO","article_modified_time":"2025-10-15T18:46:51+00:00","twitter_card":"summary_large_image","schema":{"@context":"https:\/\/schema.org","@graph":[{"@type":"WebPage","@id":"https:\/\/planbet.promo\/fo\/registration\/","url":"https:\/\/planbet.promo\/fo\/registration\/","name":"PlanBet Tilmeldingarveglei\u00f0ing | V\u00e6lkomin tilbo\u00f0","isPartOf":{"@id":"https:\/\/planbet.promo\/fo\/#website"},"datePublished":"2024-05-28T12:15:13+00:00","dateModified":"2025-10-15T18:46:51+00:00","description":"PlanBet Tilmeldingarveglei\u00f0ing til n\u00fdggja kontu til n\u00fdggjar sp\u00e6larar \u2713 F\u00e1 upp til 130% v\u00e6lkomstbonus, me\u00f0an t\u00fa meldar teg til! PlanBet skr\u00e1seting og v\u00e1ttan","breadcrumb":{"@id":"https:\/\/planbet.promo\/fo\/registration\/#breadcrumb"},"inLanguage":"fo","potentialAction":[{"@type":"ReadAction","target":["https:\/\/planbet.promo\/fo\/registration\/"]}]},{"@type":"BreadcrumbList","@id":"https:\/\/planbet.promo\/fo\/registration\/#breadcrumb","itemListElement":[{"@type":"ListItem","position":1,"name":"Home","item":"https:\/\/planbet.promo\/fo\/"},{"@type":"ListItem","position":2,"name":"Tilmelding"}]},{"@type":"WebSite","@id":"https:\/\/planbet.promo\/fo\/#website","url":"https:\/\/planbet.promo\/fo\/","name":"Planbet Promo FO","description":"My WordPress Blog","potentialAction":[{"@type":"SearchAction","target":{"@type":"EntryPoint","urlTemplate":"https:\/\/planbet.promo\/fo\/?s={search_term_string}"},"query-input":{"@type":"PropertyValueSpecification","valueRequired":true,"valueName":"search_term_string"}}],"inLanguage":"fo"}]}},"_links":{"self":[{"href":"https:\/\/planbet.promo\/fo\/wp-json\/wp\/v2\/pages\/270","targetHints":{"allow":["GET"]}}],"collection":[{"href":"https:\/\/planbet.promo\/fo\/wp-json\/wp\/v2\/pages"}],"about":[{"href":"https:\/\/planbet.promo\/fo\/wp-json\/wp\/v2\/types\/page"}],"author":[{"embeddable":true,"href":"https:\/\/planbet.promo\/fo\/wp-json\/wp\/v2\/users\/1"}],"replies":[{"embeddable":true,"href":"https:\/\/planbet.promo\/fo\/wp-json\/wp\/v2\/comments?post=270"}],"version-history":[{"count":8,"href":"https:\/\/planbet.promo\/fo\/wp-json\/wp\/v2\/pages\/270\/revisions"}],"predecessor-version":[{"id":846,"href":"https:\/\/planbet.promo\/fo\/wp-json\/wp\/v2\/pages\/270\/revisions\/846"}],"wp:attachment":[{"href":"https:\/\/planbet.promo\/fo\/wp-json\/wp\/v2\/media?parent=270"}],"curies":[{"name":"wp","href":"https:\/\/api.w.org\/{rel}","templated":true}]}}