{"id":499,"date":"2025-05-21T12:52:53","date_gmt":"2025-05-21T12:52:53","guid":{"rendered":"https:\/\/betwinner.team\/?page_id=499"},"modified":"2025-10-15T18:40:19","modified_gmt":"2025-10-15T18:40:19","slug":"casino-welcome-package","status":"publish","type":"page","link":"https:\/\/planbet.promo\/fo\/bonus\/casino-welcome-package\/","title":{"rendered":"Spilav\u00edti V\u00e6lkomin pakki"},"content":{"rendered":"","protected":false},"excerpt":{"rendered":"","protected":false},"author":1,"featured_media":0,"parent":152,"menu_order":0,"comment_status":"closed","ping_status":"closed","template":"","meta":{"footnotes":""},"class_list":["post-499","page","type-page","status-publish","hentry"],"yoast_head":"<!-- This site is optimized with the Yoast SEO plugin v26.2 - https:\/\/yoast.com\/wordpress\/plugins\/seo\/ -->\n<title>PlanBet Spilav\u00edti V\u00e6lkominn pakki \u1409 F\u00e1 upp til 9.500 kr. + 150 FS<\/title>\n<meta name=\"description\" content=\"PlanBet Spilav\u00edti v\u00e6lkomstpakki b\u00ed\u00f0ar eftir t\u00e6r: upp til 9.500 DKK og 150 freespins! Tilmeldingin er l\u00f8tt og bonusarnir eru r\u00famligir. Miss ikki m\u00f8guleikan at tryggja t\u00e6r mega vinningar vi\u00f0 at fylgja okkara einf\u00f8ldu stigum. Far fyri spenninginum!\" \/>\n<meta name=\"robots\" content=\"index, follow, max-snippet:-1, max-image-preview:large, max-video-preview:-1\" \/>\n<meta property=\"og:locale\" content=\"fo_FO\" \/>\n<meta property=\"og:type\" content=\"article\" \/>\n<meta property=\"og:title\" content=\"PlanBet Spilav\u00edti V\u00e6lkominn pakki \u1409 F\u00e1 upp til 9.500 kr. + 150 FS\" \/>\n<meta property=\"og:description\" content=\"PlanBet Spilav\u00edti v\u00e6lkomstpakki b\u00ed\u00f0ar eftir t\u00e6r: upp til 9.500 DKK og 150 freespins! Tilmeldingin er l\u00f8tt og bonusarnir eru r\u00famligir. Miss ikki m\u00f8guleikan at tryggja t\u00e6r mega vinningar vi\u00f0 at fylgja okkara einf\u00f8ldu stigum. Far fyri spenninginum!\" \/>\n<meta property=\"og:url\" content=\"https:\/\/planbet.promo\/fo\/bonus\/casino-welcome-package\/\" \/>\n<meta property=\"og:site_name\" content=\"Planbet Promo FO\" \/>\n<meta property=\"article:modified_time\" content=\"2025-10-15T18:40:19+00:00\" \/>\n<meta name=\"twitter:card\" content=\"summary_large_image\" \/>\n<script type=\"application\/ld+json\" class=\"yoast-schema-graph\">{\"@context\":\"https:\/\/schema.org\",\"@graph\":[{\"@type\":\"WebPage\",\"@id\":\"https:\/\/planbet.promo\/fo\/bonus\/casino-welcome-package\/\",\"url\":\"https:\/\/planbet.promo\/fo\/bonus\/casino-welcome-package\/\",\"name\":\"PlanBet Spilav\u00edti V\u00e6lkominn pakki \u1409 F\u00e1 upp til 9.500 kr. + 150 FS\",\"isPartOf\":{\"@id\":\"https:\/\/planbet.promo\/fo\/#website\"},\"datePublished\":\"2025-05-21T12:52:53+00:00\",\"dateModified\":\"2025-10-15T18:40:19+00:00\",\"description\":\"PlanBet Spilav\u00edti v\u00e6lkomstpakki b\u00ed\u00f0ar eftir t\u00e6r: upp til 9.500 DKK og 150 freespins! Tilmeldingin er l\u00f8tt og bonusarnir eru r\u00famligir. Miss ikki m\u00f8guleikan at tryggja t\u00e6r mega vinningar vi\u00f0 at fylgja okkara einf\u00f8ldu stigum. Far fyri spenninginum!\",\"breadcrumb\":{\"@id\":\"https:\/\/planbet.promo\/fo\/bonus\/casino-welcome-package\/#breadcrumb\"},\"inLanguage\":\"fo\",\"potentialAction\":[{\"@type\":\"ReadAction\",\"target\":[\"https:\/\/planbet.promo\/fo\/bonus\/casino-welcome-package\/\"]}]},{\"@type\":\"BreadcrumbList\",\"@id\":\"https:\/\/planbet.promo\/fo\/bonus\/casino-welcome-package\/#breadcrumb\",\"itemListElement\":[{\"@type\":\"ListItem\",\"position\":1,\"name\":\"Home\",\"item\":\"https:\/\/planbet.promo\/fo\/\"},{\"@type\":\"ListItem\",\"position\":2,\"name\":\"Vi\u00f0b\u00f3t\",\"item\":\"https:\/\/planbet.promo\/fo\/bonus\/\"},{\"@type\":\"ListItem\",\"position\":3,\"name\":\"Spilav\u00edti V\u00e6lkomin pakki\"}]},{\"@type\":\"WebSite\",\"@id\":\"https:\/\/planbet.promo\/fo\/#website\",\"url\":\"https:\/\/planbet.promo\/fo\/\",\"name\":\"Planbet Promo FO\",\"description\":\"My WordPress Blog\",\"potentialAction\":[{\"@type\":\"SearchAction\",\"target\":{\"@type\":\"EntryPoint\",\"urlTemplate\":\"https:\/\/planbet.promo\/fo\/?s={search_term_string}\"},\"query-input\":{\"@type\":\"PropertyValueSpecification\",\"valueRequired\":true,\"valueName\":\"search_term_string\"}}],\"inLanguage\":\"fo\"}]}<\/script>\n<!-- \/ Yoast SEO plugin. -->","yoast_head_json":{"title":"PlanBet Spilav\u00edti V\u00e6lkominn pakki \u1409 F\u00e1 upp til 9.500 kr. + 150 FS","description":"PlanBet Spilav\u00edti v\u00e6lkomstpakki b\u00ed\u00f0ar eftir t\u00e6r: upp til 9.500 DKK og 150 freespins! Tilmeldingin er l\u00f8tt og bonusarnir eru r\u00famligir. Miss ikki m\u00f8guleikan at tryggja t\u00e6r mega vinningar vi\u00f0 at fylgja okkara einf\u00f8ldu stigum. Far fyri spenninginum!","robots":{"index":"index","follow":"follow","max-snippet":"max-snippet:-1","max-image-preview":"max-image-preview:large","max-video-preview":"max-video-preview:-1"},"og_locale":"fo_FO","og_type":"article","og_title":"PlanBet Spilav\u00edti V\u00e6lkominn pakki \u1409 F\u00e1 upp til 9.500 kr. + 150 FS","og_description":"PlanBet Spilav\u00edti v\u00e6lkomstpakki b\u00ed\u00f0ar eftir t\u00e6r: upp til 9.500 DKK og 150 freespins! Tilmeldingin er l\u00f8tt og bonusarnir eru r\u00famligir. Miss ikki m\u00f8guleikan at tryggja t\u00e6r mega vinningar vi\u00f0 at fylgja okkara einf\u00f8ldu stigum. Far fyri spenninginum!","og_url":"https:\/\/planbet.promo\/fo\/bonus\/casino-welcome-package\/","og_site_name":"Planbet Promo FO","article_modified_time":"2025-10-15T18:40:19+00:00","twitter_card":"summary_large_image","schema":{"@context":"https:\/\/schema.org","@graph":[{"@type":"WebPage","@id":"https:\/\/planbet.promo\/fo\/bonus\/casino-welcome-package\/","url":"https:\/\/planbet.promo\/fo\/bonus\/casino-welcome-package\/","name":"PlanBet Spilav\u00edti V\u00e6lkominn pakki \u1409 F\u00e1 upp til 9.500 kr. + 150 FS","isPartOf":{"@id":"https:\/\/planbet.promo\/fo\/#website"},"datePublished":"2025-05-21T12:52:53+00:00","dateModified":"2025-10-15T18:40:19+00:00","description":"PlanBet Spilav\u00edti v\u00e6lkomstpakki b\u00ed\u00f0ar eftir t\u00e6r: upp til 9.500 DKK og 150 freespins! Tilmeldingin er l\u00f8tt og bonusarnir eru r\u00famligir. Miss ikki m\u00f8guleikan at tryggja t\u00e6r mega vinningar vi\u00f0 at fylgja okkara einf\u00f8ldu stigum. Far fyri spenninginum!","breadcrumb":{"@id":"https:\/\/planbet.promo\/fo\/bonus\/casino-welcome-package\/#breadcrumb"},"inLanguage":"fo","potentialAction":[{"@type":"ReadAction","target":["https:\/\/planbet.promo\/fo\/bonus\/casino-welcome-package\/"]}]},{"@type":"BreadcrumbList","@id":"https:\/\/planbet.promo\/fo\/bonus\/casino-welcome-package\/#breadcrumb","itemListElement":[{"@type":"ListItem","position":1,"name":"Home","item":"https:\/\/planbet.promo\/fo\/"},{"@type":"ListItem","position":2,"name":"Vi\u00f0b\u00f3t","item":"https:\/\/planbet.promo\/fo\/bonus\/"},{"@type":"ListItem","position":3,"name":"Spilav\u00edti V\u00e6lkomin pakki"}]},{"@type":"WebSite","@id":"https:\/\/planbet.promo\/fo\/#website","url":"https:\/\/planbet.promo\/fo\/","name":"Planbet Promo FO","description":"My WordPress Blog","potentialAction":[{"@type":"SearchAction","target":{"@type":"EntryPoint","urlTemplate":"https:\/\/planbet.promo\/fo\/?s={search_term_string}"},"query-input":{"@type":"PropertyValueSpecification","valueRequired":true,"valueName":"search_term_string"}}],"inLanguage":"fo"}]}},"_links":{"self":[{"href":"https:\/\/planbet.promo\/fo\/wp-json\/wp\/v2\/pages\/499","targetHints":{"allow":["GET"]}}],"collection":[{"href":"https:\/\/planbet.promo\/fo\/wp-json\/wp\/v2\/pages"}],"about":[{"href":"https:\/\/planbet.promo\/fo\/wp-json\/wp\/v2\/types\/page"}],"author":[{"embeddable":true,"href":"https:\/\/planbet.promo\/fo\/wp-json\/wp\/v2\/users\/1"}],"replies":[{"embeddable":true,"href":"https:\/\/planbet.promo\/fo\/wp-json\/wp\/v2\/comments?post=499"}],"version-history":[{"count":4,"href":"https:\/\/planbet.promo\/fo\/wp-json\/wp\/v2\/pages\/499\/revisions"}],"predecessor-version":[{"id":839,"href":"https:\/\/planbet.promo\/fo\/wp-json\/wp\/v2\/pages\/499\/revisions\/839"}],"up":[{"embeddable":true,"href":"https:\/\/planbet.promo\/fo\/wp-json\/wp\/v2\/pages\/152"}],"wp:attachment":[{"href":"https:\/\/planbet.promo\/fo\/wp-json\/wp\/v2\/media?parent=499"}],"curies":[{"name":"wp","href":"https:\/\/api.w.org\/{rel}","templated":true}]}}