{"id":226,"date":"2024-05-28T09:20:52","date_gmt":"2024-05-28T09:20:52","guid":{"rendered":"https:\/\/betwinner.team\/?page_id=226"},"modified":"2025-06-29T09:55:14","modified_gmt":"2025-06-29T09:55:14","slug":"affiliate","status":"publish","type":"page","link":"https:\/\/planbet.promo\/fr\/affiliate\/","title":{"rendered":"Affiliation"},"content":{"rendered":"","protected":false},"excerpt":{"rendered":"","protected":false},"author":1,"featured_media":0,"parent":0,"menu_order":0,"comment_status":"closed","ping_status":"closed","template":"","meta":{"footnotes":""},"class_list":["post-226","page","type-page","status-publish","hentry"],"yoast_head":"<!-- This site is optimized with the Yoast SEO plugin v26.2 - https:\/\/yoast.com\/wordpress\/plugins\/seo\/ -->\n<title>PlanBet Affili\u00e9 | Devenir partenaire maintenant<\/title>\n<meta name=\"description\" content=\"PlanBet Affili\u00e9 est un programme de partenariat propos\u00e9 par la plateforme de paris sportifs et de casino PlanBet \u2713 Devenez partenaires de PlanBet et gagnez plus d&#039;argent en utilisant ce guide.\" \/>\n<meta name=\"robots\" content=\"index, follow, max-snippet:-1, max-image-preview:large, max-video-preview:-1\" \/>\n<meta property=\"og:locale\" content=\"fr_FR\" \/>\n<meta property=\"og:type\" content=\"article\" \/>\n<meta property=\"og:title\" content=\"PlanBet Affili\u00e9 | Devenir partenaire maintenant\" \/>\n<meta property=\"og:description\" content=\"PlanBet Affili\u00e9 est un programme de partenariat propos\u00e9 par la plateforme de paris sportifs et de casino PlanBet \u2713 Devenez partenaires de PlanBet et gagnez plus d&#039;argent en utilisant ce guide.\" \/>\n<meta property=\"og:url\" content=\"https:\/\/planbet.promo\/fr\/affiliate\/\" \/>\n<meta property=\"og:site_name\" content=\"Planbet Promo FR\" \/>\n<meta property=\"article:modified_time\" content=\"2025-06-29T09:55:14+00:00\" \/>\n<meta name=\"twitter:card\" content=\"summary_large_image\" \/>\n<script type=\"application\/ld+json\" class=\"yoast-schema-graph\">{\"@context\":\"https:\/\/schema.org\",\"@graph\":[{\"@type\":\"WebPage\",\"@id\":\"https:\/\/planbet.promo\/fr\/affiliate\/\",\"url\":\"https:\/\/planbet.promo\/fr\/affiliate\/\",\"name\":\"PlanBet Affili\u00e9 | Devenir partenaire maintenant\",\"isPartOf\":{\"@id\":\"https:\/\/planbet.promo\/fr\/#website\"},\"datePublished\":\"2024-05-28T09:20:52+00:00\",\"dateModified\":\"2025-06-29T09:55:14+00:00\",\"description\":\"PlanBet Affili\u00e9 est un programme de partenariat propos\u00e9 par la plateforme de paris sportifs et de casino PlanBet \u2713 Devenez partenaires de PlanBet et gagnez plus d'argent en utilisant ce guide.\",\"breadcrumb\":{\"@id\":\"https:\/\/planbet.promo\/fr\/affiliate\/#breadcrumb\"},\"inLanguage\":\"fr-FR\",\"potentialAction\":[{\"@type\":\"ReadAction\",\"target\":[\"https:\/\/planbet.promo\/fr\/affiliate\/\"]}]},{\"@type\":\"BreadcrumbList\",\"@id\":\"https:\/\/planbet.promo\/fr\/affiliate\/#breadcrumb\",\"itemListElement\":[{\"@type\":\"ListItem\",\"position\":1,\"name\":\"Home\",\"item\":\"https:\/\/planbet.promo\/fr\/\"},{\"@type\":\"ListItem\",\"position\":2,\"name\":\"Affiliation\"}]},{\"@type\":\"WebSite\",\"@id\":\"https:\/\/planbet.promo\/fr\/#website\",\"url\":\"https:\/\/planbet.promo\/fr\/\",\"name\":\"Planbet Promo FR\",\"description\":\"My WordPress Blog\",\"potentialAction\":[{\"@type\":\"SearchAction\",\"target\":{\"@type\":\"EntryPoint\",\"urlTemplate\":\"https:\/\/planbet.promo\/fr\/?s={search_term_string}\"},\"query-input\":{\"@type\":\"PropertyValueSpecification\",\"valueRequired\":true,\"valueName\":\"search_term_string\"}}],\"inLanguage\":\"fr-FR\"}]}<\/script>\n<!-- \/ Yoast SEO plugin. -->","yoast_head_json":{"title":"PlanBet Affili\u00e9 | Devenir partenaire maintenant","description":"PlanBet Affili\u00e9 est un programme de partenariat propos\u00e9 par la plateforme de paris sportifs et de casino PlanBet \u2713 Devenez partenaires de PlanBet et gagnez plus d'argent en utilisant ce guide.","robots":{"index":"index","follow":"follow","max-snippet":"max-snippet:-1","max-image-preview":"max-image-preview:large","max-video-preview":"max-video-preview:-1"},"og_locale":"fr_FR","og_type":"article","og_title":"PlanBet Affili\u00e9 | Devenir partenaire maintenant","og_description":"PlanBet Affili\u00e9 est un programme de partenariat propos\u00e9 par la plateforme de paris sportifs et de casino PlanBet \u2713 Devenez partenaires de PlanBet et gagnez plus d'argent en utilisant ce guide.","og_url":"https:\/\/planbet.promo\/fr\/affiliate\/","og_site_name":"Planbet Promo FR","article_modified_time":"2025-06-29T09:55:14+00:00","twitter_card":"summary_large_image","schema":{"@context":"https:\/\/schema.org","@graph":[{"@type":"WebPage","@id":"https:\/\/planbet.promo\/fr\/affiliate\/","url":"https:\/\/planbet.promo\/fr\/affiliate\/","name":"PlanBet Affili\u00e9 | Devenir partenaire maintenant","isPartOf":{"@id":"https:\/\/planbet.promo\/fr\/#website"},"datePublished":"2024-05-28T09:20:52+00:00","dateModified":"2025-06-29T09:55:14+00:00","description":"PlanBet Affili\u00e9 est un programme de partenariat propos\u00e9 par la plateforme de paris sportifs et de casino PlanBet \u2713 Devenez partenaires de PlanBet et gagnez plus d'argent en utilisant ce guide.","breadcrumb":{"@id":"https:\/\/planbet.promo\/fr\/affiliate\/#breadcrumb"},"inLanguage":"fr-FR","potentialAction":[{"@type":"ReadAction","target":["https:\/\/planbet.promo\/fr\/affiliate\/"]}]},{"@type":"BreadcrumbList","@id":"https:\/\/planbet.promo\/fr\/affiliate\/#breadcrumb","itemListElement":[{"@type":"ListItem","position":1,"name":"Home","item":"https:\/\/planbet.promo\/fr\/"},{"@type":"ListItem","position":2,"name":"Affiliation"}]},{"@type":"WebSite","@id":"https:\/\/planbet.promo\/fr\/#website","url":"https:\/\/planbet.promo\/fr\/","name":"Planbet Promo FR","description":"My WordPress Blog","potentialAction":[{"@type":"SearchAction","target":{"@type":"EntryPoint","urlTemplate":"https:\/\/planbet.promo\/fr\/?s={search_term_string}"},"query-input":{"@type":"PropertyValueSpecification","valueRequired":true,"valueName":"search_term_string"}}],"inLanguage":"fr-FR"}]}},"_links":{"self":[{"href":"https:\/\/planbet.promo\/fr\/wp-json\/wp\/v2\/pages\/226","targetHints":{"allow":["GET"]}}],"collection":[{"href":"https:\/\/planbet.promo\/fr\/wp-json\/wp\/v2\/pages"}],"about":[{"href":"https:\/\/planbet.promo\/fr\/wp-json\/wp\/v2\/types\/page"}],"author":[{"embeddable":true,"href":"https:\/\/planbet.promo\/fr\/wp-json\/wp\/v2\/users\/1"}],"replies":[{"embeddable":true,"href":"https:\/\/planbet.promo\/fr\/wp-json\/wp\/v2\/comments?post=226"}],"version-history":[{"count":4,"href":"https:\/\/planbet.promo\/fr\/wp-json\/wp\/v2\/pages\/226\/revisions"}],"predecessor-version":[{"id":716,"href":"https:\/\/planbet.promo\/fr\/wp-json\/wp\/v2\/pages\/226\/revisions\/716"}],"wp:attachment":[{"href":"https:\/\/planbet.promo\/fr\/wp-json\/wp\/v2\/media?parent=226"}],"curies":[{"name":"wp","href":"https:\/\/api.w.org\/{rel}","templated":true}]}}