{"id":359,"date":"2024-09-24T06:52:08","date_gmt":"2024-09-24T06:52:08","guid":{"rendered":"https:\/\/betwinner.team\/?page_id=359"},"modified":"2025-06-26T16:39:45","modified_gmt":"2025-06-26T16:39:45","slug":"apk","status":"publish","type":"page","link":"https:\/\/planbet.promo\/fr\/apk\/","title":{"rendered":"Apk"},"content":{"rendered":"","protected":false},"excerpt":{"rendered":"","protected":false},"author":1,"featured_media":0,"parent":0,"menu_order":0,"comment_status":"closed","ping_status":"closed","template":"","meta":{"footnotes":""},"class_list":["post-359","page","type-page","status-publish","hentry"],"yoast_head":"<!-- This site is optimized with the Yoast SEO plugin v26.2 - https:\/\/yoast.com\/wordpress\/plugins\/seo\/ -->\n<title>PlanBet Apk pour Android \u2705 T\u00e9l\u00e9charger gratuitement<\/title>\n<meta name=\"description\" content=\"T\u00e9l\u00e9chargez PlanBet Apk pour profiter des sports, du casino et des paris en direct sur votre t\u00e9l\u00e9phone. Comment installer l&#039;APK officielle de PlanBet Mobile pour Android et iOS. Exploration des principales fonctions et avantages de l&#039;apk PlanBet.\" \/>\n<meta name=\"robots\" content=\"index, follow, max-snippet:-1, max-image-preview:large, max-video-preview:-1\" \/>\n<meta property=\"og:locale\" content=\"fr_FR\" \/>\n<meta property=\"og:type\" content=\"article\" \/>\n<meta property=\"og:title\" content=\"PlanBet Apk pour Android \u2705 T\u00e9l\u00e9charger gratuitement\" \/>\n<meta property=\"og:description\" content=\"T\u00e9l\u00e9chargez PlanBet Apk pour profiter des sports, du casino et des paris en direct sur votre t\u00e9l\u00e9phone. Comment installer l&#039;APK officielle de PlanBet Mobile pour Android et iOS. Exploration des principales fonctions et avantages de l&#039;apk PlanBet.\" \/>\n<meta property=\"og:url\" content=\"https:\/\/planbet.promo\/fr\/apk\/\" \/>\n<meta property=\"og:site_name\" content=\"Planbet Promo FR\" \/>\n<meta property=\"article:modified_time\" content=\"2025-06-26T16:39:45+00:00\" \/>\n<meta name=\"twitter:card\" content=\"summary_large_image\" \/>\n<script type=\"application\/ld+json\" class=\"yoast-schema-graph\">{\"@context\":\"https:\/\/schema.org\",\"@graph\":[{\"@type\":\"WebPage\",\"@id\":\"https:\/\/planbet.promo\/fr\/apk\/\",\"url\":\"https:\/\/planbet.promo\/fr\/apk\/\",\"name\":\"PlanBet Apk pour Android \u2705 T\u00e9l\u00e9charger gratuitement\",\"isPartOf\":{\"@id\":\"https:\/\/planbet.promo\/fr\/#website\"},\"datePublished\":\"2024-09-24T06:52:08+00:00\",\"dateModified\":\"2025-06-26T16:39:45+00:00\",\"description\":\"T\u00e9l\u00e9chargez PlanBet Apk pour profiter des sports, du casino et des paris en direct sur votre t\u00e9l\u00e9phone. Comment installer l'APK officielle de PlanBet Mobile pour Android et iOS. Exploration des principales fonctions et avantages de l'apk PlanBet.\",\"breadcrumb\":{\"@id\":\"https:\/\/planbet.promo\/fr\/apk\/#breadcrumb\"},\"inLanguage\":\"fr-FR\",\"potentialAction\":[{\"@type\":\"ReadAction\",\"target\":[\"https:\/\/planbet.promo\/fr\/apk\/\"]}]},{\"@type\":\"BreadcrumbList\",\"@id\":\"https:\/\/planbet.promo\/fr\/apk\/#breadcrumb\",\"itemListElement\":[{\"@type\":\"ListItem\",\"position\":1,\"name\":\"Home\",\"item\":\"https:\/\/planbet.promo\/fr\/\"},{\"@type\":\"ListItem\",\"position\":2,\"name\":\"Apk\"}]},{\"@type\":\"WebSite\",\"@id\":\"https:\/\/planbet.promo\/fr\/#website\",\"url\":\"https:\/\/planbet.promo\/fr\/\",\"name\":\"Planbet Promo FR\",\"description\":\"My WordPress Blog\",\"potentialAction\":[{\"@type\":\"SearchAction\",\"target\":{\"@type\":\"EntryPoint\",\"urlTemplate\":\"https:\/\/planbet.promo\/fr\/?s={search_term_string}\"},\"query-input\":{\"@type\":\"PropertyValueSpecification\",\"valueRequired\":true,\"valueName\":\"search_term_string\"}}],\"inLanguage\":\"fr-FR\"}]}<\/script>\n<!-- \/ Yoast SEO plugin. -->","yoast_head_json":{"title":"PlanBet Apk pour Android \u2705 T\u00e9l\u00e9charger gratuitement","description":"T\u00e9l\u00e9chargez PlanBet Apk pour profiter des sports, du casino et des paris en direct sur votre t\u00e9l\u00e9phone. Comment installer l'APK officielle de PlanBet Mobile pour Android et iOS. Exploration des principales fonctions et avantages de l'apk PlanBet.","robots":{"index":"index","follow":"follow","max-snippet":"max-snippet:-1","max-image-preview":"max-image-preview:large","max-video-preview":"max-video-preview:-1"},"og_locale":"fr_FR","og_type":"article","og_title":"PlanBet Apk pour Android \u2705 T\u00e9l\u00e9charger gratuitement","og_description":"T\u00e9l\u00e9chargez PlanBet Apk pour profiter des sports, du casino et des paris en direct sur votre t\u00e9l\u00e9phone. Comment installer l'APK officielle de PlanBet Mobile pour Android et iOS. Exploration des principales fonctions et avantages de l'apk PlanBet.","og_url":"https:\/\/planbet.promo\/fr\/apk\/","og_site_name":"Planbet Promo FR","article_modified_time":"2025-06-26T16:39:45+00:00","twitter_card":"summary_large_image","schema":{"@context":"https:\/\/schema.org","@graph":[{"@type":"WebPage","@id":"https:\/\/planbet.promo\/fr\/apk\/","url":"https:\/\/planbet.promo\/fr\/apk\/","name":"PlanBet Apk pour Android \u2705 T\u00e9l\u00e9charger gratuitement","isPartOf":{"@id":"https:\/\/planbet.promo\/fr\/#website"},"datePublished":"2024-09-24T06:52:08+00:00","dateModified":"2025-06-26T16:39:45+00:00","description":"T\u00e9l\u00e9chargez PlanBet Apk pour profiter des sports, du casino et des paris en direct sur votre t\u00e9l\u00e9phone. Comment installer l'APK officielle de PlanBet Mobile pour Android et iOS. Exploration des principales fonctions et avantages de l'apk PlanBet.","breadcrumb":{"@id":"https:\/\/planbet.promo\/fr\/apk\/#breadcrumb"},"inLanguage":"fr-FR","potentialAction":[{"@type":"ReadAction","target":["https:\/\/planbet.promo\/fr\/apk\/"]}]},{"@type":"BreadcrumbList","@id":"https:\/\/planbet.promo\/fr\/apk\/#breadcrumb","itemListElement":[{"@type":"ListItem","position":1,"name":"Home","item":"https:\/\/planbet.promo\/fr\/"},{"@type":"ListItem","position":2,"name":"Apk"}]},{"@type":"WebSite","@id":"https:\/\/planbet.promo\/fr\/#website","url":"https:\/\/planbet.promo\/fr\/","name":"Planbet Promo FR","description":"My WordPress Blog","potentialAction":[{"@type":"SearchAction","target":{"@type":"EntryPoint","urlTemplate":"https:\/\/planbet.promo\/fr\/?s={search_term_string}"},"query-input":{"@type":"PropertyValueSpecification","valueRequired":true,"valueName":"search_term_string"}}],"inLanguage":"fr-FR"}]}},"_links":{"self":[{"href":"https:\/\/planbet.promo\/fr\/wp-json\/wp\/v2\/pages\/359","targetHints":{"allow":["GET"]}}],"collection":[{"href":"https:\/\/planbet.promo\/fr\/wp-json\/wp\/v2\/pages"}],"about":[{"href":"https:\/\/planbet.promo\/fr\/wp-json\/wp\/v2\/types\/page"}],"author":[{"embeddable":true,"href":"https:\/\/planbet.promo\/fr\/wp-json\/wp\/v2\/users\/1"}],"replies":[{"embeddable":true,"href":"https:\/\/planbet.promo\/fr\/wp-json\/wp\/v2\/comments?post=359"}],"version-history":[{"count":4,"href":"https:\/\/planbet.promo\/fr\/wp-json\/wp\/v2\/pages\/359\/revisions"}],"predecessor-version":[{"id":717,"href":"https:\/\/planbet.promo\/fr\/wp-json\/wp\/v2\/pages\/359\/revisions\/717"}],"wp:attachment":[{"href":"https:\/\/planbet.promo\/fr\/wp-json\/wp\/v2\/media?parent=359"}],"curies":[{"name":"wp","href":"https:\/\/api.w.org\/{rel}","templated":true}]}}