{"id":499,"date":"2025-05-21T12:52:53","date_gmt":"2025-05-21T12:52:53","guid":{"rendered":"https:\/\/betwinner.team\/?page_id=499"},"modified":"2025-06-29T09:38:49","modified_gmt":"2025-06-29T09:38:49","slug":"casino-welcome-package","status":"publish","type":"page","link":"https:\/\/planbet.promo\/fr\/bonus\/casino-welcome-package\/","title":{"rendered":"Paquet de bienvenue du casino"},"content":{"rendered":"","protected":false},"excerpt":{"rendered":"","protected":false},"author":1,"featured_media":0,"parent":152,"menu_order":0,"comment_status":"closed","ping_status":"closed","template":"","meta":{"footnotes":""},"class_list":["post-499","page","type-page","status-publish","hentry"],"yoast_head":"<!-- This site is optimized with the Yoast SEO plugin v26.2 - https:\/\/yoast.com\/wordpress\/plugins\/seo\/ -->\n<title>PlanBet Casino Welcome Package \u1409 \u20ac1,500 + 150 FS<\/title>\n<meta name=\"description\" content=\"Le package de bienvenue du PlanBet Casino vous attend : jusqu&#039;\u00e0 1 500 \u20ac et 150 freespins ! L&#039;inscription est facile et les bonus sont g\u00e9n\u00e9reux. Ne manquez pas l&#039;occasion d&#039;assurer vos m\u00e9ga-gains en suivant nos \u00e9tapes simples. Laissez-vous tenter par l&#039;excitation !\" \/>\n<meta name=\"robots\" content=\"index, follow, max-snippet:-1, max-image-preview:large, max-video-preview:-1\" \/>\n<meta property=\"og:locale\" content=\"fr_FR\" \/>\n<meta property=\"og:type\" content=\"article\" \/>\n<meta property=\"og:title\" content=\"PlanBet Casino Welcome Package \u1409 \u20ac1,500 + 150 FS\" \/>\n<meta property=\"og:description\" content=\"Le package de bienvenue du PlanBet Casino vous attend : jusqu&#039;\u00e0 1 500 \u20ac et 150 freespins ! L&#039;inscription est facile et les bonus sont g\u00e9n\u00e9reux. Ne manquez pas l&#039;occasion d&#039;assurer vos m\u00e9ga-gains en suivant nos \u00e9tapes simples. Laissez-vous tenter par l&#039;excitation !\" \/>\n<meta property=\"og:url\" content=\"https:\/\/planbet.promo\/fr\/bonus\/casino-welcome-package\/\" \/>\n<meta property=\"og:site_name\" content=\"Planbet Promo FR\" \/>\n<meta property=\"article:modified_time\" content=\"2025-06-29T09:38:49+00:00\" \/>\n<meta name=\"twitter:card\" content=\"summary_large_image\" \/>\n<script type=\"application\/ld+json\" class=\"yoast-schema-graph\">{\"@context\":\"https:\/\/schema.org\",\"@graph\":[{\"@type\":\"WebPage\",\"@id\":\"https:\/\/planbet.promo\/fr\/bonus\/casino-welcome-package\/\",\"url\":\"https:\/\/planbet.promo\/fr\/bonus\/casino-welcome-package\/\",\"name\":\"PlanBet Casino Welcome Package \u1409 \u20ac1,500 + 150 FS\",\"isPartOf\":{\"@id\":\"https:\/\/planbet.promo\/fr\/#website\"},\"datePublished\":\"2025-05-21T12:52:53+00:00\",\"dateModified\":\"2025-06-29T09:38:49+00:00\",\"description\":\"Le package de bienvenue du PlanBet Casino vous attend : jusqu'\u00e0 1 500 \u20ac et 150 freespins ! L'inscription est facile et les bonus sont g\u00e9n\u00e9reux. Ne manquez pas l'occasion d'assurer vos m\u00e9ga-gains en suivant nos \u00e9tapes simples. Laissez-vous tenter par l'excitation !\",\"breadcrumb\":{\"@id\":\"https:\/\/planbet.promo\/fr\/bonus\/casino-welcome-package\/#breadcrumb\"},\"inLanguage\":\"fr-FR\",\"potentialAction\":[{\"@type\":\"ReadAction\",\"target\":[\"https:\/\/planbet.promo\/fr\/bonus\/casino-welcome-package\/\"]}]},{\"@type\":\"BreadcrumbList\",\"@id\":\"https:\/\/planbet.promo\/fr\/bonus\/casino-welcome-package\/#breadcrumb\",\"itemListElement\":[{\"@type\":\"ListItem\",\"position\":1,\"name\":\"Home\",\"item\":\"https:\/\/planbet.promo\/fr\/\"},{\"@type\":\"ListItem\",\"position\":2,\"name\":\"Bonus\",\"item\":\"https:\/\/planbet.promo\/fr\/bonus\/\"},{\"@type\":\"ListItem\",\"position\":3,\"name\":\"Paquet de bienvenue du casino\"}]},{\"@type\":\"WebSite\",\"@id\":\"https:\/\/planbet.promo\/fr\/#website\",\"url\":\"https:\/\/planbet.promo\/fr\/\",\"name\":\"Planbet Promo FR\",\"description\":\"My WordPress Blog\",\"potentialAction\":[{\"@type\":\"SearchAction\",\"target\":{\"@type\":\"EntryPoint\",\"urlTemplate\":\"https:\/\/planbet.promo\/fr\/?s={search_term_string}\"},\"query-input\":{\"@type\":\"PropertyValueSpecification\",\"valueRequired\":true,\"valueName\":\"search_term_string\"}}],\"inLanguage\":\"fr-FR\"}]}<\/script>\n<!-- \/ Yoast SEO plugin. -->","yoast_head_json":{"title":"PlanBet Casino Welcome Package \u1409 \u20ac1,500 + 150 FS","description":"Le package de bienvenue du PlanBet Casino vous attend : jusqu'\u00e0 1 500 \u20ac et 150 freespins ! L'inscription est facile et les bonus sont g\u00e9n\u00e9reux. Ne manquez pas l'occasion d'assurer vos m\u00e9ga-gains en suivant nos \u00e9tapes simples. Laissez-vous tenter par l'excitation !","robots":{"index":"index","follow":"follow","max-snippet":"max-snippet:-1","max-image-preview":"max-image-preview:large","max-video-preview":"max-video-preview:-1"},"og_locale":"fr_FR","og_type":"article","og_title":"PlanBet Casino Welcome Package \u1409 \u20ac1,500 + 150 FS","og_description":"Le package de bienvenue du PlanBet Casino vous attend : jusqu'\u00e0 1 500 \u20ac et 150 freespins ! L'inscription est facile et les bonus sont g\u00e9n\u00e9reux. Ne manquez pas l'occasion d'assurer vos m\u00e9ga-gains en suivant nos \u00e9tapes simples. Laissez-vous tenter par l'excitation !","og_url":"https:\/\/planbet.promo\/fr\/bonus\/casino-welcome-package\/","og_site_name":"Planbet Promo FR","article_modified_time":"2025-06-29T09:38:49+00:00","twitter_card":"summary_large_image","schema":{"@context":"https:\/\/schema.org","@graph":[{"@type":"WebPage","@id":"https:\/\/planbet.promo\/fr\/bonus\/casino-welcome-package\/","url":"https:\/\/planbet.promo\/fr\/bonus\/casino-welcome-package\/","name":"PlanBet Casino Welcome Package \u1409 \u20ac1,500 + 150 FS","isPartOf":{"@id":"https:\/\/planbet.promo\/fr\/#website"},"datePublished":"2025-05-21T12:52:53+00:00","dateModified":"2025-06-29T09:38:49+00:00","description":"Le package de bienvenue du PlanBet Casino vous attend : jusqu'\u00e0 1 500 \u20ac et 150 freespins ! L'inscription est facile et les bonus sont g\u00e9n\u00e9reux. Ne manquez pas l'occasion d'assurer vos m\u00e9ga-gains en suivant nos \u00e9tapes simples. Laissez-vous tenter par l'excitation !","breadcrumb":{"@id":"https:\/\/planbet.promo\/fr\/bonus\/casino-welcome-package\/#breadcrumb"},"inLanguage":"fr-FR","potentialAction":[{"@type":"ReadAction","target":["https:\/\/planbet.promo\/fr\/bonus\/casino-welcome-package\/"]}]},{"@type":"BreadcrumbList","@id":"https:\/\/planbet.promo\/fr\/bonus\/casino-welcome-package\/#breadcrumb","itemListElement":[{"@type":"ListItem","position":1,"name":"Home","item":"https:\/\/planbet.promo\/fr\/"},{"@type":"ListItem","position":2,"name":"Bonus","item":"https:\/\/planbet.promo\/fr\/bonus\/"},{"@type":"ListItem","position":3,"name":"Paquet de bienvenue du casino"}]},{"@type":"WebSite","@id":"https:\/\/planbet.promo\/fr\/#website","url":"https:\/\/planbet.promo\/fr\/","name":"Planbet Promo FR","description":"My WordPress Blog","potentialAction":[{"@type":"SearchAction","target":{"@type":"EntryPoint","urlTemplate":"https:\/\/planbet.promo\/fr\/?s={search_term_string}"},"query-input":{"@type":"PropertyValueSpecification","valueRequired":true,"valueName":"search_term_string"}}],"inLanguage":"fr-FR"}]}},"_links":{"self":[{"href":"https:\/\/planbet.promo\/fr\/wp-json\/wp\/v2\/pages\/499","targetHints":{"allow":["GET"]}}],"collection":[{"href":"https:\/\/planbet.promo\/fr\/wp-json\/wp\/v2\/pages"}],"about":[{"href":"https:\/\/planbet.promo\/fr\/wp-json\/wp\/v2\/types\/page"}],"author":[{"embeddable":true,"href":"https:\/\/planbet.promo\/fr\/wp-json\/wp\/v2\/users\/1"}],"replies":[{"embeddable":true,"href":"https:\/\/planbet.promo\/fr\/wp-json\/wp\/v2\/comments?post=499"}],"version-history":[{"count":4,"href":"https:\/\/planbet.promo\/fr\/wp-json\/wp\/v2\/pages\/499\/revisions"}],"predecessor-version":[{"id":731,"href":"https:\/\/planbet.promo\/fr\/wp-json\/wp\/v2\/pages\/499\/revisions\/731"}],"up":[{"embeddable":true,"href":"https:\/\/planbet.promo\/fr\/wp-json\/wp\/v2\/pages\/152"}],"wp:attachment":[{"href":"https:\/\/planbet.promo\/fr\/wp-json\/wp\/v2\/media?parent=499"}],"curies":[{"name":"wp","href":"https:\/\/api.w.org\/{rel}","templated":true}]}}