{"id":504,"date":"2025-05-21T13:06:32","date_gmt":"2025-05-21T13:06:32","guid":{"rendered":"https:\/\/betwinner.team\/?page_id=504"},"modified":"2025-06-29T09:40:21","modified_gmt":"2025-06-29T09:40:21","slug":"ten-deposit","status":"publish","type":"page","link":"https:\/\/planbet.promo\/fr\/bonus\/ten-deposit\/","title":{"rendered":"Dix d\u00e9p\u00f4ts"},"content":{"rendered":"","protected":false},"excerpt":{"rendered":"","protected":false},"author":1,"featured_media":0,"parent":152,"menu_order":0,"comment_status":"closed","ping_status":"closed","template":"","meta":{"footnotes":""},"class_list":["post-504","page","type-page","status-publish","hentry"],"yoast_head":"<!-- This site is optimized with the Yoast SEO plugin v26.2 - https:\/\/yoast.com\/wordpress\/plugins\/seo\/ -->\n<title>Bonus sur le 10\u00e8me d\u00e9p\u00f4t au PlanBet Casino | 50% + 100 FS<\/title>\n<meta name=\"description\" content=\"Obtenez un bonus de 50 % sur votre dixi\u00e8me d\u00e9p\u00f4t jusqu&#039;\u00e0 255 EUR et 100 freespins ! D\u00e9posez simplement 8 EUR et les cadeaux sont \u00e0 vous ! Ne manquez pas votre chance de gagner des m\u00e9ga-gains, suivez les r\u00e8gles simples et jouez gros !\" \/>\n<meta name=\"robots\" content=\"index, follow, max-snippet:-1, max-image-preview:large, max-video-preview:-1\" \/>\n<meta property=\"og:locale\" content=\"fr_FR\" \/>\n<meta property=\"og:type\" content=\"article\" \/>\n<meta property=\"og:title\" content=\"Bonus sur le 10\u00e8me d\u00e9p\u00f4t au PlanBet Casino | 50% + 100 FS\" \/>\n<meta property=\"og:description\" content=\"Obtenez un bonus de 50 % sur votre dixi\u00e8me d\u00e9p\u00f4t jusqu&#039;\u00e0 255 EUR et 100 freespins ! D\u00e9posez simplement 8 EUR et les cadeaux sont \u00e0 vous ! Ne manquez pas votre chance de gagner des m\u00e9ga-gains, suivez les r\u00e8gles simples et jouez gros !\" \/>\n<meta property=\"og:url\" content=\"https:\/\/planbet.promo\/fr\/bonus\/ten-deposit\/\" \/>\n<meta property=\"og:site_name\" content=\"Planbet Promo FR\" \/>\n<meta property=\"article:modified_time\" content=\"2025-06-29T09:40:21+00:00\" \/>\n<meta name=\"twitter:card\" content=\"summary_large_image\" \/>\n<script type=\"application\/ld+json\" class=\"yoast-schema-graph\">{\"@context\":\"https:\/\/schema.org\",\"@graph\":[{\"@type\":\"WebPage\",\"@id\":\"https:\/\/planbet.promo\/fr\/bonus\/ten-deposit\/\",\"url\":\"https:\/\/planbet.promo\/fr\/bonus\/ten-deposit\/\",\"name\":\"Bonus sur le 10\u00e8me d\u00e9p\u00f4t au PlanBet Casino | 50% + 100 FS\",\"isPartOf\":{\"@id\":\"https:\/\/planbet.promo\/fr\/#website\"},\"datePublished\":\"2025-05-21T13:06:32+00:00\",\"dateModified\":\"2025-06-29T09:40:21+00:00\",\"description\":\"Obtenez un bonus de 50 % sur votre dixi\u00e8me d\u00e9p\u00f4t jusqu'\u00e0 255 EUR et 100 freespins ! D\u00e9posez simplement 8 EUR et les cadeaux sont \u00e0 vous ! Ne manquez pas votre chance de gagner des m\u00e9ga-gains, suivez les r\u00e8gles simples et jouez gros !\",\"breadcrumb\":{\"@id\":\"https:\/\/planbet.promo\/fr\/bonus\/ten-deposit\/#breadcrumb\"},\"inLanguage\":\"fr-FR\",\"potentialAction\":[{\"@type\":\"ReadAction\",\"target\":[\"https:\/\/planbet.promo\/fr\/bonus\/ten-deposit\/\"]}]},{\"@type\":\"BreadcrumbList\",\"@id\":\"https:\/\/planbet.promo\/fr\/bonus\/ten-deposit\/#breadcrumb\",\"itemListElement\":[{\"@type\":\"ListItem\",\"position\":1,\"name\":\"Home\",\"item\":\"https:\/\/planbet.promo\/fr\/\"},{\"@type\":\"ListItem\",\"position\":2,\"name\":\"Bonus\",\"item\":\"https:\/\/planbet.promo\/fr\/bonus\/\"},{\"@type\":\"ListItem\",\"position\":3,\"name\":\"Dix d\u00e9p\u00f4ts\"}]},{\"@type\":\"WebSite\",\"@id\":\"https:\/\/planbet.promo\/fr\/#website\",\"url\":\"https:\/\/planbet.promo\/fr\/\",\"name\":\"Planbet Promo FR\",\"description\":\"My WordPress Blog\",\"potentialAction\":[{\"@type\":\"SearchAction\",\"target\":{\"@type\":\"EntryPoint\",\"urlTemplate\":\"https:\/\/planbet.promo\/fr\/?s={search_term_string}\"},\"query-input\":{\"@type\":\"PropertyValueSpecification\",\"valueRequired\":true,\"valueName\":\"search_term_string\"}}],\"inLanguage\":\"fr-FR\"}]}<\/script>\n<!-- \/ Yoast SEO plugin. -->","yoast_head_json":{"title":"Bonus sur le 10\u00e8me d\u00e9p\u00f4t au PlanBet Casino | 50% + 100 FS","description":"Obtenez un bonus de 50 % sur votre dixi\u00e8me d\u00e9p\u00f4t jusqu'\u00e0 255 EUR et 100 freespins ! D\u00e9posez simplement 8 EUR et les cadeaux sont \u00e0 vous ! Ne manquez pas votre chance de gagner des m\u00e9ga-gains, suivez les r\u00e8gles simples et jouez gros !","robots":{"index":"index","follow":"follow","max-snippet":"max-snippet:-1","max-image-preview":"max-image-preview:large","max-video-preview":"max-video-preview:-1"},"og_locale":"fr_FR","og_type":"article","og_title":"Bonus sur le 10\u00e8me d\u00e9p\u00f4t au PlanBet Casino | 50% + 100 FS","og_description":"Obtenez un bonus de 50 % sur votre dixi\u00e8me d\u00e9p\u00f4t jusqu'\u00e0 255 EUR et 100 freespins ! D\u00e9posez simplement 8 EUR et les cadeaux sont \u00e0 vous ! Ne manquez pas votre chance de gagner des m\u00e9ga-gains, suivez les r\u00e8gles simples et jouez gros !","og_url":"https:\/\/planbet.promo\/fr\/bonus\/ten-deposit\/","og_site_name":"Planbet Promo FR","article_modified_time":"2025-06-29T09:40:21+00:00","twitter_card":"summary_large_image","schema":{"@context":"https:\/\/schema.org","@graph":[{"@type":"WebPage","@id":"https:\/\/planbet.promo\/fr\/bonus\/ten-deposit\/","url":"https:\/\/planbet.promo\/fr\/bonus\/ten-deposit\/","name":"Bonus sur le 10\u00e8me d\u00e9p\u00f4t au PlanBet Casino | 50% + 100 FS","isPartOf":{"@id":"https:\/\/planbet.promo\/fr\/#website"},"datePublished":"2025-05-21T13:06:32+00:00","dateModified":"2025-06-29T09:40:21+00:00","description":"Obtenez un bonus de 50 % sur votre dixi\u00e8me d\u00e9p\u00f4t jusqu'\u00e0 255 EUR et 100 freespins ! D\u00e9posez simplement 8 EUR et les cadeaux sont \u00e0 vous ! Ne manquez pas votre chance de gagner des m\u00e9ga-gains, suivez les r\u00e8gles simples et jouez gros !","breadcrumb":{"@id":"https:\/\/planbet.promo\/fr\/bonus\/ten-deposit\/#breadcrumb"},"inLanguage":"fr-FR","potentialAction":[{"@type":"ReadAction","target":["https:\/\/planbet.promo\/fr\/bonus\/ten-deposit\/"]}]},{"@type":"BreadcrumbList","@id":"https:\/\/planbet.promo\/fr\/bonus\/ten-deposit\/#breadcrumb","itemListElement":[{"@type":"ListItem","position":1,"name":"Home","item":"https:\/\/planbet.promo\/fr\/"},{"@type":"ListItem","position":2,"name":"Bonus","item":"https:\/\/planbet.promo\/fr\/bonus\/"},{"@type":"ListItem","position":3,"name":"Dix d\u00e9p\u00f4ts"}]},{"@type":"WebSite","@id":"https:\/\/planbet.promo\/fr\/#website","url":"https:\/\/planbet.promo\/fr\/","name":"Planbet Promo FR","description":"My WordPress Blog","potentialAction":[{"@type":"SearchAction","target":{"@type":"EntryPoint","urlTemplate":"https:\/\/planbet.promo\/fr\/?s={search_term_string}"},"query-input":{"@type":"PropertyValueSpecification","valueRequired":true,"valueName":"search_term_string"}}],"inLanguage":"fr-FR"}]}},"_links":{"self":[{"href":"https:\/\/planbet.promo\/fr\/wp-json\/wp\/v2\/pages\/504","targetHints":{"allow":["GET"]}}],"collection":[{"href":"https:\/\/planbet.promo\/fr\/wp-json\/wp\/v2\/pages"}],"about":[{"href":"https:\/\/planbet.promo\/fr\/wp-json\/wp\/v2\/types\/page"}],"author":[{"embeddable":true,"href":"https:\/\/planbet.promo\/fr\/wp-json\/wp\/v2\/users\/1"}],"replies":[{"embeddable":true,"href":"https:\/\/planbet.promo\/fr\/wp-json\/wp\/v2\/comments?post=504"}],"version-history":[{"count":4,"href":"https:\/\/planbet.promo\/fr\/wp-json\/wp\/v2\/pages\/504\/revisions"}],"predecessor-version":[{"id":733,"href":"https:\/\/planbet.promo\/fr\/wp-json\/wp\/v2\/pages\/504\/revisions\/733"}],"up":[{"embeddable":true,"href":"https:\/\/planbet.promo\/fr\/wp-json\/wp\/v2\/pages\/152"}],"wp:attachment":[{"href":"https:\/\/planbet.promo\/fr\/wp-json\/wp\/v2\/media?parent=504"}],"curies":[{"name":"wp","href":"https:\/\/api.w.org\/{rel}","templated":true}]}}