{"id":243,"date":"2024-05-28T09:43:57","date_gmt":"2024-05-28T09:43:57","guid":{"rendered":"https:\/\/betwinner.team\/?page_id=243"},"modified":"2025-10-04T17:11:33","modified_gmt":"2025-10-04T17:11:33","slug":"promo-code","status":"publish","type":"page","link":"https:\/\/planbet.promo\/gl\/promo-code\/","title":{"rendered":"Kampagnekode"},"content":{"rendered":"","protected":false},"excerpt":{"rendered":"","protected":false},"author":1,"featured_media":0,"parent":0,"menu_order":0,"comment_status":"closed","ping_status":"closed","template":"","meta":{"footnotes":""},"class_list":["post-243","page","type-page","status-publish","hentry"],"yoast_head":"<!-- This site is optimized with the Yoast SEO plugin v26.2 - https:\/\/yoast.com\/wordpress\/plugins\/seo\/ -->\n<title>PlanBet-kampagnekode | Start med PlanBet-velkomstbonus<\/title>\n<meta name=\"description\" content=\"Kampagnekode PlanBet Gr\u00f8nland \u2713 Vind op til 130% af din f\u00f8rste indsats ved at bruge vores kampagnekode til PlanBet sportsv\u00e6ddem\u00e5l og casino. Start med det samme og vind med PlanBet-kampagnekoder!\" \/>\n<meta name=\"robots\" content=\"index, follow, max-snippet:-1, max-image-preview:large, max-video-preview:-1\" \/>\n<meta property=\"og:locale\" content=\"en_US\" \/>\n<meta property=\"og:type\" content=\"article\" \/>\n<meta property=\"og:title\" content=\"PlanBet-kampagnekode | Start med PlanBet-velkomstbonus\" \/>\n<meta property=\"og:description\" content=\"Kampagnekode PlanBet Gr\u00f8nland \u2713 Vind op til 130% af din f\u00f8rste indsats ved at bruge vores kampagnekode til PlanBet sportsv\u00e6ddem\u00e5l og casino. Start med det samme og vind med PlanBet-kampagnekoder!\" \/>\n<meta property=\"og:url\" content=\"https:\/\/planbet.promo\/gl\/promo-code\/\" \/>\n<meta property=\"og:site_name\" content=\"Planbet Promo GL\" \/>\n<meta property=\"article:modified_time\" content=\"2025-10-04T17:11:33+00:00\" \/>\n<meta name=\"twitter:card\" content=\"summary_large_image\" \/>\n<script type=\"application\/ld+json\" class=\"yoast-schema-graph\">{\"@context\":\"https:\/\/schema.org\",\"@graph\":[{\"@type\":\"WebPage\",\"@id\":\"https:\/\/planbet.promo\/gl\/promo-code\/\",\"url\":\"https:\/\/planbet.promo\/gl\/promo-code\/\",\"name\":\"PlanBet-kampagnekode | Start med PlanBet-velkomstbonus\",\"isPartOf\":{\"@id\":\"https:\/\/planbet.promo\/gl\/#website\"},\"datePublished\":\"2024-05-28T09:43:57+00:00\",\"dateModified\":\"2025-10-04T17:11:33+00:00\",\"description\":\"Kampagnekode PlanBet Gr\u00f8nland \u2713 Vind op til 130% af din f\u00f8rste indsats ved at bruge vores kampagnekode til PlanBet sportsv\u00e6ddem\u00e5l og casino. Start med det samme og vind med PlanBet-kampagnekoder!\",\"breadcrumb\":{\"@id\":\"https:\/\/planbet.promo\/gl\/promo-code\/#breadcrumb\"},\"inLanguage\":\"gl\",\"potentialAction\":[{\"@type\":\"ReadAction\",\"target\":[\"https:\/\/planbet.promo\/gl\/promo-code\/\"]}]},{\"@type\":\"BreadcrumbList\",\"@id\":\"https:\/\/planbet.promo\/gl\/promo-code\/#breadcrumb\",\"itemListElement\":[{\"@type\":\"ListItem\",\"position\":1,\"name\":\"Home\",\"item\":\"https:\/\/planbet.promo\/gl\/\"},{\"@type\":\"ListItem\",\"position\":2,\"name\":\"Kampagnekode\"}]},{\"@type\":\"WebSite\",\"@id\":\"https:\/\/planbet.promo\/gl\/#website\",\"url\":\"https:\/\/planbet.promo\/gl\/\",\"name\":\"Planbet Promo GL\",\"description\":\"My WordPress Blog\",\"potentialAction\":[{\"@type\":\"SearchAction\",\"target\":{\"@type\":\"EntryPoint\",\"urlTemplate\":\"https:\/\/planbet.promo\/gl\/?s={search_term_string}\"},\"query-input\":{\"@type\":\"PropertyValueSpecification\",\"valueRequired\":true,\"valueName\":\"search_term_string\"}}],\"inLanguage\":\"gl\"}]}<\/script>\n<!-- \/ Yoast SEO plugin. -->","yoast_head_json":{"title":"PlanBet-kampagnekode | Start med PlanBet-velkomstbonus","description":"Kampagnekode PlanBet Gr\u00f8nland \u2713 Vind op til 130% af din f\u00f8rste indsats ved at bruge vores kampagnekode til PlanBet sportsv\u00e6ddem\u00e5l og casino. Start med det samme og vind med PlanBet-kampagnekoder!","robots":{"index":"index","follow":"follow","max-snippet":"max-snippet:-1","max-image-preview":"max-image-preview:large","max-video-preview":"max-video-preview:-1"},"og_locale":"en_US","og_type":"article","og_title":"PlanBet-kampagnekode | Start med PlanBet-velkomstbonus","og_description":"Kampagnekode PlanBet Gr\u00f8nland \u2713 Vind op til 130% af din f\u00f8rste indsats ved at bruge vores kampagnekode til PlanBet sportsv\u00e6ddem\u00e5l og casino. Start med det samme og vind med PlanBet-kampagnekoder!","og_url":"https:\/\/planbet.promo\/gl\/promo-code\/","og_site_name":"Planbet Promo GL","article_modified_time":"2025-10-04T17:11:33+00:00","twitter_card":"summary_large_image","schema":{"@context":"https:\/\/schema.org","@graph":[{"@type":"WebPage","@id":"https:\/\/planbet.promo\/gl\/promo-code\/","url":"https:\/\/planbet.promo\/gl\/promo-code\/","name":"PlanBet-kampagnekode | Start med PlanBet-velkomstbonus","isPartOf":{"@id":"https:\/\/planbet.promo\/gl\/#website"},"datePublished":"2024-05-28T09:43:57+00:00","dateModified":"2025-10-04T17:11:33+00:00","description":"Kampagnekode PlanBet Gr\u00f8nland \u2713 Vind op til 130% af din f\u00f8rste indsats ved at bruge vores kampagnekode til PlanBet sportsv\u00e6ddem\u00e5l og casino. Start med det samme og vind med PlanBet-kampagnekoder!","breadcrumb":{"@id":"https:\/\/planbet.promo\/gl\/promo-code\/#breadcrumb"},"inLanguage":"gl","potentialAction":[{"@type":"ReadAction","target":["https:\/\/planbet.promo\/gl\/promo-code\/"]}]},{"@type":"BreadcrumbList","@id":"https:\/\/planbet.promo\/gl\/promo-code\/#breadcrumb","itemListElement":[{"@type":"ListItem","position":1,"name":"Home","item":"https:\/\/planbet.promo\/gl\/"},{"@type":"ListItem","position":2,"name":"Kampagnekode"}]},{"@type":"WebSite","@id":"https:\/\/planbet.promo\/gl\/#website","url":"https:\/\/planbet.promo\/gl\/","name":"Planbet Promo GL","description":"My WordPress Blog","potentialAction":[{"@type":"SearchAction","target":{"@type":"EntryPoint","urlTemplate":"https:\/\/planbet.promo\/gl\/?s={search_term_string}"},"query-input":{"@type":"PropertyValueSpecification","valueRequired":true,"valueName":"search_term_string"}}],"inLanguage":"gl"}]}},"_links":{"self":[{"href":"https:\/\/planbet.promo\/gl\/wp-json\/wp\/v2\/pages\/243","targetHints":{"allow":["GET"]}}],"collection":[{"href":"https:\/\/planbet.promo\/gl\/wp-json\/wp\/v2\/pages"}],"about":[{"href":"https:\/\/planbet.promo\/gl\/wp-json\/wp\/v2\/types\/page"}],"author":[{"embeddable":true,"href":"https:\/\/planbet.promo\/gl\/wp-json\/wp\/v2\/users\/1"}],"replies":[{"embeddable":true,"href":"https:\/\/planbet.promo\/gl\/wp-json\/wp\/v2\/comments?post=243"}],"version-history":[{"count":6,"href":"https:\/\/planbet.promo\/gl\/wp-json\/wp\/v2\/pages\/243\/revisions"}],"predecessor-version":[{"id":780,"href":"https:\/\/planbet.promo\/gl\/wp-json\/wp\/v2\/pages\/243\/revisions\/780"}],"wp:attachment":[{"href":"https:\/\/planbet.promo\/gl\/wp-json\/wp\/v2\/media?parent=243"}],"curies":[{"name":"wp","href":"https:\/\/api.w.org\/{rel}","templated":true}]}}