{"id":462,"date":"2025-05-21T08:41:58","date_gmt":"2025-05-21T08:41:58","guid":{"rendered":"https:\/\/betwinner.team\/?page_id=462"},"modified":"2025-08-18T13:11:05","modified_gmt":"2025-08-18T13:11:05","slug":"first-deposit","status":"publish","type":"page","link":"https:\/\/planbet.promo\/hr\/bonus\/first-deposit\/","title":{"rendered":"Bonus dobrodo\u0161lice"},"content":{"rendered":"","protected":false},"excerpt":{"rendered":"","protected":false},"author":1,"featured_media":0,"parent":152,"menu_order":0,"comment_status":"closed","ping_status":"closed","template":"","meta":{"footnotes":""},"class_list":["post-462","page","type-page","status-publish","hentry"],"yoast_head":"<!-- This site is optimized with the Yoast SEO plugin v26.2 - https:\/\/yoast.com\/wordpress\/plugins\/seo\/ -->\n<title>100% bonus na prvu uplatu na PlanBet \u1409 Osvojite do 110 EUR!<\/title>\n<meta name=\"description\" content=\"Registrirajte se na PlanBet i ostvarite 100% bonus na prvu uplatu do 110 EUR! Udvostru\u010dite svoj saldo i oku\u0161ajte sre\u0107u! Ne propustite priliku za povoljnu ponudu - po\u010dnite osvajati ve\u0107 od prve uplate!\" \/>\n<meta name=\"robots\" content=\"index, follow, max-snippet:-1, max-image-preview:large, max-video-preview:-1\" \/>\n<meta property=\"og:locale\" content=\"hr_HR\" \/>\n<meta property=\"og:type\" content=\"article\" \/>\n<meta property=\"og:title\" content=\"100% bonus na prvu uplatu na PlanBet \u1409 Osvojite do 110 EUR!\" \/>\n<meta property=\"og:description\" content=\"Registrirajte se na PlanBet i ostvarite 100% bonus na prvu uplatu do 110 EUR! Udvostru\u010dite svoj saldo i oku\u0161ajte sre\u0107u! Ne propustite priliku za povoljnu ponudu - po\u010dnite osvajati ve\u0107 od prve uplate!\" \/>\n<meta property=\"og:url\" content=\"https:\/\/planbet.promo\/hr\/bonus\/first-deposit\/\" \/>\n<meta property=\"og:site_name\" content=\"Planbet Promo HR\" \/>\n<meta property=\"article:modified_time\" content=\"2025-08-18T13:11:05+00:00\" \/>\n<meta name=\"twitter:card\" content=\"summary_large_image\" \/>\n<script type=\"application\/ld+json\" class=\"yoast-schema-graph\">{\"@context\":\"https:\/\/schema.org\",\"@graph\":[{\"@type\":\"WebPage\",\"@id\":\"https:\/\/planbet.promo\/hr\/bonus\/first-deposit\/\",\"url\":\"https:\/\/planbet.promo\/hr\/bonus\/first-deposit\/\",\"name\":\"100% bonus na prvu uplatu na PlanBet \u1409 Osvojite do 110 EUR!\",\"isPartOf\":{\"@id\":\"https:\/\/planbet.promo\/hr\/#website\"},\"datePublished\":\"2025-05-21T08:41:58+00:00\",\"dateModified\":\"2025-08-18T13:11:05+00:00\",\"description\":\"Registrirajte se na PlanBet i ostvarite 100% bonus na prvu uplatu do 110 EUR! Udvostru\u010dite svoj saldo i oku\u0161ajte sre\u0107u! Ne propustite priliku za povoljnu ponudu - po\u010dnite osvajati ve\u0107 od prve uplate!\",\"breadcrumb\":{\"@id\":\"https:\/\/planbet.promo\/hr\/bonus\/first-deposit\/#breadcrumb\"},\"inLanguage\":\"hr\",\"potentialAction\":[{\"@type\":\"ReadAction\",\"target\":[\"https:\/\/planbet.promo\/hr\/bonus\/first-deposit\/\"]}]},{\"@type\":\"BreadcrumbList\",\"@id\":\"https:\/\/planbet.promo\/hr\/bonus\/first-deposit\/#breadcrumb\",\"itemListElement\":[{\"@type\":\"ListItem\",\"position\":1,\"name\":\"Home\",\"item\":\"https:\/\/planbet.promo\/hr\/\"},{\"@type\":\"ListItem\",\"position\":2,\"name\":\"Bonus\",\"item\":\"https:\/\/planbet.promo\/hr\/bonus\/\"},{\"@type\":\"ListItem\",\"position\":3,\"name\":\"Bonus dobrodo\u0161lice\"}]},{\"@type\":\"WebSite\",\"@id\":\"https:\/\/planbet.promo\/hr\/#website\",\"url\":\"https:\/\/planbet.promo\/hr\/\",\"name\":\"Planbet Promo HR\",\"description\":\"My WordPress Blog\",\"potentialAction\":[{\"@type\":\"SearchAction\",\"target\":{\"@type\":\"EntryPoint\",\"urlTemplate\":\"https:\/\/planbet.promo\/hr\/?s={search_term_string}\"},\"query-input\":{\"@type\":\"PropertyValueSpecification\",\"valueRequired\":true,\"valueName\":\"search_term_string\"}}],\"inLanguage\":\"hr\"}]}<\/script>\n<!-- \/ Yoast SEO plugin. -->","yoast_head_json":{"title":"100% bonus na prvu uplatu na PlanBet \u1409 Osvojite do 110 EUR!","description":"Registrirajte se na PlanBet i ostvarite 100% bonus na prvu uplatu do 110 EUR! Udvostru\u010dite svoj saldo i oku\u0161ajte sre\u0107u! Ne propustite priliku za povoljnu ponudu - po\u010dnite osvajati ve\u0107 od prve uplate!","robots":{"index":"index","follow":"follow","max-snippet":"max-snippet:-1","max-image-preview":"max-image-preview:large","max-video-preview":"max-video-preview:-1"},"og_locale":"hr_HR","og_type":"article","og_title":"100% bonus na prvu uplatu na PlanBet \u1409 Osvojite do 110 EUR!","og_description":"Registrirajte se na PlanBet i ostvarite 100% bonus na prvu uplatu do 110 EUR! Udvostru\u010dite svoj saldo i oku\u0161ajte sre\u0107u! Ne propustite priliku za povoljnu ponudu - po\u010dnite osvajati ve\u0107 od prve uplate!","og_url":"https:\/\/planbet.promo\/hr\/bonus\/first-deposit\/","og_site_name":"Planbet Promo HR","article_modified_time":"2025-08-18T13:11:05+00:00","twitter_card":"summary_large_image","schema":{"@context":"https:\/\/schema.org","@graph":[{"@type":"WebPage","@id":"https:\/\/planbet.promo\/hr\/bonus\/first-deposit\/","url":"https:\/\/planbet.promo\/hr\/bonus\/first-deposit\/","name":"100% bonus na prvu uplatu na PlanBet \u1409 Osvojite do 110 EUR!","isPartOf":{"@id":"https:\/\/planbet.promo\/hr\/#website"},"datePublished":"2025-05-21T08:41:58+00:00","dateModified":"2025-08-18T13:11:05+00:00","description":"Registrirajte se na PlanBet i ostvarite 100% bonus na prvu uplatu do 110 EUR! Udvostru\u010dite svoj saldo i oku\u0161ajte sre\u0107u! Ne propustite priliku za povoljnu ponudu - po\u010dnite osvajati ve\u0107 od prve uplate!","breadcrumb":{"@id":"https:\/\/planbet.promo\/hr\/bonus\/first-deposit\/#breadcrumb"},"inLanguage":"hr","potentialAction":[{"@type":"ReadAction","target":["https:\/\/planbet.promo\/hr\/bonus\/first-deposit\/"]}]},{"@type":"BreadcrumbList","@id":"https:\/\/planbet.promo\/hr\/bonus\/first-deposit\/#breadcrumb","itemListElement":[{"@type":"ListItem","position":1,"name":"Home","item":"https:\/\/planbet.promo\/hr\/"},{"@type":"ListItem","position":2,"name":"Bonus","item":"https:\/\/planbet.promo\/hr\/bonus\/"},{"@type":"ListItem","position":3,"name":"Bonus dobrodo\u0161lice"}]},{"@type":"WebSite","@id":"https:\/\/planbet.promo\/hr\/#website","url":"https:\/\/planbet.promo\/hr\/","name":"Planbet Promo HR","description":"My WordPress Blog","potentialAction":[{"@type":"SearchAction","target":{"@type":"EntryPoint","urlTemplate":"https:\/\/planbet.promo\/hr\/?s={search_term_string}"},"query-input":{"@type":"PropertyValueSpecification","valueRequired":true,"valueName":"search_term_string"}}],"inLanguage":"hr"}]}},"_links":{"self":[{"href":"https:\/\/planbet.promo\/hr\/wp-json\/wp\/v2\/pages\/462","targetHints":{"allow":["GET"]}}],"collection":[{"href":"https:\/\/planbet.promo\/hr\/wp-json\/wp\/v2\/pages"}],"about":[{"href":"https:\/\/planbet.promo\/hr\/wp-json\/wp\/v2\/types\/page"}],"author":[{"embeddable":true,"href":"https:\/\/planbet.promo\/hr\/wp-json\/wp\/v2\/users\/1"}],"replies":[{"embeddable":true,"href":"https:\/\/planbet.promo\/hr\/wp-json\/wp\/v2\/comments?post=462"}],"version-history":[{"count":5,"href":"https:\/\/planbet.promo\/hr\/wp-json\/wp\/v2\/pages\/462\/revisions"}],"predecessor-version":[{"id":823,"href":"https:\/\/planbet.promo\/hr\/wp-json\/wp\/v2\/pages\/462\/revisions\/823"}],"up":[{"embeddable":true,"href":"https:\/\/planbet.promo\/hr\/wp-json\/wp\/v2\/pages\/152"}],"wp:attachment":[{"href":"https:\/\/planbet.promo\/hr\/wp-json\/wp\/v2\/media?parent=462"}],"curies":[{"name":"wp","href":"https:\/\/api.w.org\/{rel}","templated":true}]}}