{"id":2,"date":"2023-04-18T17:18:34","date_gmt":"2023-04-18T17:18:34","guid":{"rendered":"https:\/\/betwinner.team\/?page_id=2"},"modified":"2026-01-16T09:21:55","modified_gmt":"2026-01-16T09:21:55","slug":"sample-page","status":"publish","type":"page","link":"https:\/\/planbet.promo\/hu\/","title":{"rendered":"Otthon"},"content":{"rendered":"","protected":false},"excerpt":{"rendered":"","protected":false},"author":1,"featured_media":0,"parent":0,"menu_order":0,"comment_status":"closed","ping_status":"closed","template":"","meta":{"footnotes":""},"class_list":["post-2","page","type-page","status-publish","hentry"],"yoast_head":"<!-- This site is optimized with the Yoast SEO plugin v26.2 - https:\/\/yoast.com\/wordpress\/plugins\/seo\/ -->\n<title>PlanBet \u2705 Online sportfogad\u00e1s \u00e9s kaszin\u00f3j\u00e1t\u00e9kok<\/title>\n<meta name=\"description\" content=\"Regisztr\u00e1lj \u00e9s kapj 100% \u00fcdv\u00f6zl\u0151 b\u00f3nuszt \ud83d\uddf8 Sportfogad\u00e1sok, \u00e9l\u0151 kaszin\u00f3j\u00e1t\u00e9kok \u00e9s b\u00f3nuszok sz\u00e9les v\u00e1laszt\u00e9ka a j\u00e1t\u00e9kosok sz\u00e1m\u00e1ra \ud83d\uddf8 Gyors befizet\u00e9sek \u00e9s 24\/7 t\u00e1mogat\u00e1s\" \/>\n<meta name=\"robots\" content=\"index, follow, max-snippet:-1, max-image-preview:large, max-video-preview:-1\" \/>\n<meta property=\"og:locale\" content=\"hu_HU\" \/>\n<meta property=\"og:type\" content=\"article\" \/>\n<meta property=\"og:title\" content=\"PlanBet \u2705 Online sportfogad\u00e1s \u00e9s kaszin\u00f3j\u00e1t\u00e9kok\" \/>\n<meta property=\"og:description\" content=\"Regisztr\u00e1lj \u00e9s kapj 100% \u00fcdv\u00f6zl\u0151 b\u00f3nuszt \ud83d\uddf8 Sportfogad\u00e1sok, \u00e9l\u0151 kaszin\u00f3j\u00e1t\u00e9kok \u00e9s b\u00f3nuszok sz\u00e9les v\u00e1laszt\u00e9ka a j\u00e1t\u00e9kosok sz\u00e1m\u00e1ra \ud83d\uddf8 Gyors befizet\u00e9sek \u00e9s 24\/7 t\u00e1mogat\u00e1s\" \/>\n<meta property=\"og:url\" content=\"https:\/\/planbet.promo\/hu\/\" \/>\n<meta property=\"og:site_name\" content=\"Planbet Promo HU\" \/>\n<meta property=\"article:modified_time\" content=\"2026-01-16T09:21:55+00:00\" \/>\n<meta name=\"twitter:card\" content=\"summary_large_image\" \/>\n<script type=\"application\/ld+json\" class=\"yoast-schema-graph\">{\"@context\":\"https:\/\/schema.org\",\"@graph\":[{\"@type\":\"WebPage\",\"@id\":\"https:\/\/planbet.promo\/hu\/\",\"url\":\"https:\/\/planbet.promo\/hu\/\",\"name\":\"PlanBet \u2705 Online sportfogad\u00e1s \u00e9s kaszin\u00f3j\u00e1t\u00e9kok\",\"isPartOf\":{\"@id\":\"https:\/\/planbet.promo\/hu\/#website\"},\"datePublished\":\"2023-04-18T17:18:34+00:00\",\"dateModified\":\"2026-01-16T09:21:55+00:00\",\"description\":\"Regisztr\u00e1lj \u00e9s kapj 100% \u00fcdv\u00f6zl\u0151 b\u00f3nuszt \ud83d\uddf8 Sportfogad\u00e1sok, \u00e9l\u0151 kaszin\u00f3j\u00e1t\u00e9kok \u00e9s b\u00f3nuszok sz\u00e9les v\u00e1laszt\u00e9ka a j\u00e1t\u00e9kosok sz\u00e1m\u00e1ra \ud83d\uddf8 Gyors befizet\u00e9sek \u00e9s 24\/7 t\u00e1mogat\u00e1s\",\"breadcrumb\":{\"@id\":\"https:\/\/planbet.promo\/hu\/#breadcrumb\"},\"inLanguage\":\"hu\",\"potentialAction\":[{\"@type\":\"ReadAction\",\"target\":[\"https:\/\/planbet.promo\/hu\/\"]}]},{\"@type\":\"BreadcrumbList\",\"@id\":\"https:\/\/planbet.promo\/hu\/#breadcrumb\",\"itemListElement\":[{\"@type\":\"ListItem\",\"position\":1,\"name\":\"Home\",\"item\":\"https:\/\/planbet.promo\/hu\/\"},{\"@type\":\"ListItem\",\"position\":2,\"name\":\"Otthon\"}]},{\"@type\":\"WebSite\",\"@id\":\"https:\/\/planbet.promo\/hu\/#website\",\"url\":\"https:\/\/planbet.promo\/hu\/\",\"name\":\"Planbet Promo HU\",\"description\":\"My WordPress Blog\",\"potentialAction\":[{\"@type\":\"SearchAction\",\"target\":{\"@type\":\"EntryPoint\",\"urlTemplate\":\"https:\/\/planbet.promo\/hu\/?s={search_term_string}\"},\"query-input\":{\"@type\":\"PropertyValueSpecification\",\"valueRequired\":true,\"valueName\":\"search_term_string\"}}],\"inLanguage\":\"hu\"}]}<\/script>\n<!-- \/ Yoast SEO plugin. -->","yoast_head_json":{"title":"PlanBet \u2705 Online sportfogad\u00e1s \u00e9s kaszin\u00f3j\u00e1t\u00e9kok","description":"Regisztr\u00e1lj \u00e9s kapj 100% \u00fcdv\u00f6zl\u0151 b\u00f3nuszt \ud83d\uddf8 Sportfogad\u00e1sok, \u00e9l\u0151 kaszin\u00f3j\u00e1t\u00e9kok \u00e9s b\u00f3nuszok sz\u00e9les v\u00e1laszt\u00e9ka a j\u00e1t\u00e9kosok sz\u00e1m\u00e1ra \ud83d\uddf8 Gyors befizet\u00e9sek \u00e9s 24\/7 t\u00e1mogat\u00e1s","robots":{"index":"index","follow":"follow","max-snippet":"max-snippet:-1","max-image-preview":"max-image-preview:large","max-video-preview":"max-video-preview:-1"},"og_locale":"hu_HU","og_type":"article","og_title":"PlanBet \u2705 Online sportfogad\u00e1s \u00e9s kaszin\u00f3j\u00e1t\u00e9kok","og_description":"Regisztr\u00e1lj \u00e9s kapj 100% \u00fcdv\u00f6zl\u0151 b\u00f3nuszt \ud83d\uddf8 Sportfogad\u00e1sok, \u00e9l\u0151 kaszin\u00f3j\u00e1t\u00e9kok \u00e9s b\u00f3nuszok sz\u00e9les v\u00e1laszt\u00e9ka a j\u00e1t\u00e9kosok sz\u00e1m\u00e1ra \ud83d\uddf8 Gyors befizet\u00e9sek \u00e9s 24\/7 t\u00e1mogat\u00e1s","og_url":"https:\/\/planbet.promo\/hu\/","og_site_name":"Planbet Promo HU","article_modified_time":"2026-01-16T09:21:55+00:00","twitter_card":"summary_large_image","schema":{"@context":"https:\/\/schema.org","@graph":[{"@type":"WebPage","@id":"https:\/\/planbet.promo\/hu\/","url":"https:\/\/planbet.promo\/hu\/","name":"PlanBet \u2705 Online sportfogad\u00e1s \u00e9s kaszin\u00f3j\u00e1t\u00e9kok","isPartOf":{"@id":"https:\/\/planbet.promo\/hu\/#website"},"datePublished":"2023-04-18T17:18:34+00:00","dateModified":"2026-01-16T09:21:55+00:00","description":"Regisztr\u00e1lj \u00e9s kapj 100% \u00fcdv\u00f6zl\u0151 b\u00f3nuszt \ud83d\uddf8 Sportfogad\u00e1sok, \u00e9l\u0151 kaszin\u00f3j\u00e1t\u00e9kok \u00e9s b\u00f3nuszok sz\u00e9les v\u00e1laszt\u00e9ka a j\u00e1t\u00e9kosok sz\u00e1m\u00e1ra \ud83d\uddf8 Gyors befizet\u00e9sek \u00e9s 24\/7 t\u00e1mogat\u00e1s","breadcrumb":{"@id":"https:\/\/planbet.promo\/hu\/#breadcrumb"},"inLanguage":"hu","potentialAction":[{"@type":"ReadAction","target":["https:\/\/planbet.promo\/hu\/"]}]},{"@type":"BreadcrumbList","@id":"https:\/\/planbet.promo\/hu\/#breadcrumb","itemListElement":[{"@type":"ListItem","position":1,"name":"Home","item":"https:\/\/planbet.promo\/hu\/"},{"@type":"ListItem","position":2,"name":"Otthon"}]},{"@type":"WebSite","@id":"https:\/\/planbet.promo\/hu\/#website","url":"https:\/\/planbet.promo\/hu\/","name":"Planbet Promo HU","description":"My WordPress Blog","potentialAction":[{"@type":"SearchAction","target":{"@type":"EntryPoint","urlTemplate":"https:\/\/planbet.promo\/hu\/?s={search_term_string}"},"query-input":{"@type":"PropertyValueSpecification","valueRequired":true,"valueName":"search_term_string"}}],"inLanguage":"hu"}]}},"_links":{"self":[{"href":"https:\/\/planbet.promo\/hu\/wp-json\/wp\/v2\/pages\/2","targetHints":{"allow":["GET"]}}],"collection":[{"href":"https:\/\/planbet.promo\/hu\/wp-json\/wp\/v2\/pages"}],"about":[{"href":"https:\/\/planbet.promo\/hu\/wp-json\/wp\/v2\/types\/page"}],"author":[{"embeddable":true,"href":"https:\/\/planbet.promo\/hu\/wp-json\/wp\/v2\/users\/1"}],"replies":[{"embeddable":true,"href":"https:\/\/planbet.promo\/hu\/wp-json\/wp\/v2\/comments?post=2"}],"version-history":[{"count":14,"href":"https:\/\/planbet.promo\/hu\/wp-json\/wp\/v2\/pages\/2\/revisions"}],"predecessor-version":[{"id":745,"href":"https:\/\/planbet.promo\/hu\/wp-json\/wp\/v2\/pages\/2\/revisions\/745"}],"wp:attachment":[{"href":"https:\/\/planbet.promo\/hu\/wp-json\/wp\/v2\/media?parent=2"}],"curies":[{"name":"wp","href":"https:\/\/api.w.org\/{rel}","templated":true}]}}