{"id":287,"date":"2024-05-28T12:38:43","date_gmt":"2024-05-28T12:38:43","guid":{"rendered":"https:\/\/betwinner.team\/?page_id=287"},"modified":"2025-07-04T13:09:29","modified_gmt":"2025-07-04T13:09:29","slug":"casino","status":"publish","type":"page","link":"https:\/\/planbet.promo\/hu\/casino\/","title":{"rendered":"Kaszin\u00f3"},"content":{"rendered":"","protected":false},"excerpt":{"rendered":"","protected":false},"author":1,"featured_media":0,"parent":0,"menu_order":0,"comment_status":"closed","ping_status":"closed","template":"","meta":{"footnotes":""},"class_list":["post-287","page","type-page","status-publish","hentry"],"yoast_head":"<!-- This site is optimized with the Yoast SEO plugin v26.2 - https:\/\/yoast.com\/wordpress\/plugins\/seo\/ -->\n<title>PlanBet Kaszin\u00f3 \ud83c\udfb0 nyer\u0151g\u00e9pek \u00e9s \u00e9l\u0151 oszt\u00f3k<\/title>\n<meta name=\"description\" content=\"A PlanBet Kaszin\u00f3 lehet\u0151v\u00e9 teszi a j\u00e1t\u00e9kosok sz\u00e1m\u00e1ra, hogy b\u00e1rhol \u00e9s b\u00e1rmikor \u00e9lvezhess\u00e9k az online j\u00e1t\u00e9kokat \ud83d\uddf8 Tapasztalja meg a n\u00e9pszer\u0171 j\u00e1t\u00e9kok izgalm\u00e1t val\u00f3di oszt\u00f3kkal az \u00e9l\u0151 Kaszin\u00f3ban\" \/>\n<meta name=\"robots\" content=\"index, follow, max-snippet:-1, max-image-preview:large, max-video-preview:-1\" \/>\n<meta property=\"og:locale\" content=\"hu_HU\" \/>\n<meta property=\"og:type\" content=\"article\" \/>\n<meta property=\"og:title\" content=\"PlanBet Kaszin\u00f3 \ud83c\udfb0 nyer\u0151g\u00e9pek \u00e9s \u00e9l\u0151 oszt\u00f3k\" \/>\n<meta property=\"og:description\" content=\"A PlanBet Kaszin\u00f3 lehet\u0151v\u00e9 teszi a j\u00e1t\u00e9kosok sz\u00e1m\u00e1ra, hogy b\u00e1rhol \u00e9s b\u00e1rmikor \u00e9lvezhess\u00e9k az online j\u00e1t\u00e9kokat \ud83d\uddf8 Tapasztalja meg a n\u00e9pszer\u0171 j\u00e1t\u00e9kok izgalm\u00e1t val\u00f3di oszt\u00f3kkal az \u00e9l\u0151 Kaszin\u00f3ban\" \/>\n<meta property=\"og:url\" content=\"https:\/\/planbet.promo\/hu\/casino\/\" \/>\n<meta property=\"og:site_name\" content=\"Planbet Promo HU\" \/>\n<meta property=\"article:modified_time\" content=\"2025-07-04T13:09:29+00:00\" \/>\n<meta name=\"twitter:card\" content=\"summary_large_image\" \/>\n<script type=\"application\/ld+json\" class=\"yoast-schema-graph\">{\"@context\":\"https:\/\/schema.org\",\"@graph\":[{\"@type\":\"WebPage\",\"@id\":\"https:\/\/planbet.promo\/hu\/casino\/\",\"url\":\"https:\/\/planbet.promo\/hu\/casino\/\",\"name\":\"PlanBet Kaszin\u00f3 \ud83c\udfb0 nyer\u0151g\u00e9pek \u00e9s \u00e9l\u0151 oszt\u00f3k\",\"isPartOf\":{\"@id\":\"https:\/\/planbet.promo\/hu\/#website\"},\"datePublished\":\"2024-05-28T12:38:43+00:00\",\"dateModified\":\"2025-07-04T13:09:29+00:00\",\"description\":\"A PlanBet Kaszin\u00f3 lehet\u0151v\u00e9 teszi a j\u00e1t\u00e9kosok sz\u00e1m\u00e1ra, hogy b\u00e1rhol \u00e9s b\u00e1rmikor \u00e9lvezhess\u00e9k az online j\u00e1t\u00e9kokat \ud83d\uddf8 Tapasztalja meg a n\u00e9pszer\u0171 j\u00e1t\u00e9kok izgalm\u00e1t val\u00f3di oszt\u00f3kkal az \u00e9l\u0151 Kaszin\u00f3ban\",\"breadcrumb\":{\"@id\":\"https:\/\/planbet.promo\/hu\/casino\/#breadcrumb\"},\"inLanguage\":\"hu\",\"potentialAction\":[{\"@type\":\"ReadAction\",\"target\":[\"https:\/\/planbet.promo\/hu\/casino\/\"]}]},{\"@type\":\"BreadcrumbList\",\"@id\":\"https:\/\/planbet.promo\/hu\/casino\/#breadcrumb\",\"itemListElement\":[{\"@type\":\"ListItem\",\"position\":1,\"name\":\"Home\",\"item\":\"https:\/\/planbet.promo\/hu\/\"},{\"@type\":\"ListItem\",\"position\":2,\"name\":\"Kaszin\u00f3\"}]},{\"@type\":\"WebSite\",\"@id\":\"https:\/\/planbet.promo\/hu\/#website\",\"url\":\"https:\/\/planbet.promo\/hu\/\",\"name\":\"Planbet Promo HU\",\"description\":\"My WordPress Blog\",\"potentialAction\":[{\"@type\":\"SearchAction\",\"target\":{\"@type\":\"EntryPoint\",\"urlTemplate\":\"https:\/\/planbet.promo\/hu\/?s={search_term_string}\"},\"query-input\":{\"@type\":\"PropertyValueSpecification\",\"valueRequired\":true,\"valueName\":\"search_term_string\"}}],\"inLanguage\":\"hu\"}]}<\/script>\n<!-- \/ Yoast SEO plugin. -->","yoast_head_json":{"title":"PlanBet Kaszin\u00f3 \ud83c\udfb0 nyer\u0151g\u00e9pek \u00e9s \u00e9l\u0151 oszt\u00f3k","description":"A PlanBet Kaszin\u00f3 lehet\u0151v\u00e9 teszi a j\u00e1t\u00e9kosok sz\u00e1m\u00e1ra, hogy b\u00e1rhol \u00e9s b\u00e1rmikor \u00e9lvezhess\u00e9k az online j\u00e1t\u00e9kokat \ud83d\uddf8 Tapasztalja meg a n\u00e9pszer\u0171 j\u00e1t\u00e9kok izgalm\u00e1t val\u00f3di oszt\u00f3kkal az \u00e9l\u0151 Kaszin\u00f3ban","robots":{"index":"index","follow":"follow","max-snippet":"max-snippet:-1","max-image-preview":"max-image-preview:large","max-video-preview":"max-video-preview:-1"},"og_locale":"hu_HU","og_type":"article","og_title":"PlanBet Kaszin\u00f3 \ud83c\udfb0 nyer\u0151g\u00e9pek \u00e9s \u00e9l\u0151 oszt\u00f3k","og_description":"A PlanBet Kaszin\u00f3 lehet\u0151v\u00e9 teszi a j\u00e1t\u00e9kosok sz\u00e1m\u00e1ra, hogy b\u00e1rhol \u00e9s b\u00e1rmikor \u00e9lvezhess\u00e9k az online j\u00e1t\u00e9kokat \ud83d\uddf8 Tapasztalja meg a n\u00e9pszer\u0171 j\u00e1t\u00e9kok izgalm\u00e1t val\u00f3di oszt\u00f3kkal az \u00e9l\u0151 Kaszin\u00f3ban","og_url":"https:\/\/planbet.promo\/hu\/casino\/","og_site_name":"Planbet Promo HU","article_modified_time":"2025-07-04T13:09:29+00:00","twitter_card":"summary_large_image","schema":{"@context":"https:\/\/schema.org","@graph":[{"@type":"WebPage","@id":"https:\/\/planbet.promo\/hu\/casino\/","url":"https:\/\/planbet.promo\/hu\/casino\/","name":"PlanBet Kaszin\u00f3 \ud83c\udfb0 nyer\u0151g\u00e9pek \u00e9s \u00e9l\u0151 oszt\u00f3k","isPartOf":{"@id":"https:\/\/planbet.promo\/hu\/#website"},"datePublished":"2024-05-28T12:38:43+00:00","dateModified":"2025-07-04T13:09:29+00:00","description":"A PlanBet Kaszin\u00f3 lehet\u0151v\u00e9 teszi a j\u00e1t\u00e9kosok sz\u00e1m\u00e1ra, hogy b\u00e1rhol \u00e9s b\u00e1rmikor \u00e9lvezhess\u00e9k az online j\u00e1t\u00e9kokat \ud83d\uddf8 Tapasztalja meg a n\u00e9pszer\u0171 j\u00e1t\u00e9kok izgalm\u00e1t val\u00f3di oszt\u00f3kkal az \u00e9l\u0151 Kaszin\u00f3ban","breadcrumb":{"@id":"https:\/\/planbet.promo\/hu\/casino\/#breadcrumb"},"inLanguage":"hu","potentialAction":[{"@type":"ReadAction","target":["https:\/\/planbet.promo\/hu\/casino\/"]}]},{"@type":"BreadcrumbList","@id":"https:\/\/planbet.promo\/hu\/casino\/#breadcrumb","itemListElement":[{"@type":"ListItem","position":1,"name":"Home","item":"https:\/\/planbet.promo\/hu\/"},{"@type":"ListItem","position":2,"name":"Kaszin\u00f3"}]},{"@type":"WebSite","@id":"https:\/\/planbet.promo\/hu\/#website","url":"https:\/\/planbet.promo\/hu\/","name":"Planbet Promo HU","description":"My WordPress Blog","potentialAction":[{"@type":"SearchAction","target":{"@type":"EntryPoint","urlTemplate":"https:\/\/planbet.promo\/hu\/?s={search_term_string}"},"query-input":{"@type":"PropertyValueSpecification","valueRequired":true,"valueName":"search_term_string"}}],"inLanguage":"hu"}]}},"_links":{"self":[{"href":"https:\/\/planbet.promo\/hu\/wp-json\/wp\/v2\/pages\/287","targetHints":{"allow":["GET"]}}],"collection":[{"href":"https:\/\/planbet.promo\/hu\/wp-json\/wp\/v2\/pages"}],"about":[{"href":"https:\/\/planbet.promo\/hu\/wp-json\/wp\/v2\/types\/page"}],"author":[{"embeddable":true,"href":"https:\/\/planbet.promo\/hu\/wp-json\/wp\/v2\/users\/1"}],"replies":[{"embeddable":true,"href":"https:\/\/planbet.promo\/hu\/wp-json\/wp\/v2\/comments?post=287"}],"version-history":[{"count":5,"href":"https:\/\/planbet.promo\/hu\/wp-json\/wp\/v2\/pages\/287\/revisions"}],"predecessor-version":[{"id":731,"href":"https:\/\/planbet.promo\/hu\/wp-json\/wp\/v2\/pages\/287\/revisions\/731"}],"wp:attachment":[{"href":"https:\/\/planbet.promo\/hu\/wp-json\/wp\/v2\/media?parent=287"}],"curies":[{"name":"wp","href":"https:\/\/api.w.org\/{rel}","templated":true}]}}