{"id":462,"date":"2025-05-21T08:41:58","date_gmt":"2025-05-21T08:41:58","guid":{"rendered":"https:\/\/betwinner.team\/?page_id=462"},"modified":"2025-07-23T18:36:12","modified_gmt":"2025-07-23T18:36:12","slug":"first-deposit","status":"publish","type":"page","link":"https:\/\/planbet.promo\/hu\/bonus\/first-deposit\/","title":{"rendered":"\u00dcdv\u00f6zl\u0151 b\u00f3nusz"},"content":{"rendered":"","protected":false},"excerpt":{"rendered":"","protected":false},"author":1,"featured_media":0,"parent":152,"menu_order":0,"comment_status":"closed","ping_status":"closed","template":"","meta":{"footnotes":""},"class_list":["post-462","page","type-page","status-publish","hentry"],"yoast_head":"<!-- This site is optimized with the Yoast SEO plugin v26.2 - https:\/\/yoast.com\/wordpress\/plugins\/seo\/ -->\n<title>100% els\u0151 befizet\u00e9si b\u00f3nusz a PlanBetn\u00e9l \u1409 Ak\u00e1r 35.000 Ft<\/title>\n<meta name=\"description\" content=\"Regisztr\u00e1lj a PlanBet-n\u00e9l \u00e9s kapj 100% b\u00f3nuszt az els\u0151 befizet\u00e9sedre 35.000 Ft! Dupl\u00e1zza meg egyenleg\u00e9t \u00e9s pr\u00f3b\u00e1ljon szerencs\u00e9t! Ne hagyd ki a kedvez\u0151 aj\u00e1nlatot - kezdj el nyerni m\u00e1r az els\u0151 befizet\u00e9seddel!\" \/>\n<meta name=\"robots\" content=\"index, follow, max-snippet:-1, max-image-preview:large, max-video-preview:-1\" \/>\n<meta property=\"og:locale\" content=\"hu_HU\" \/>\n<meta property=\"og:type\" content=\"article\" \/>\n<meta property=\"og:title\" content=\"100% els\u0151 befizet\u00e9si b\u00f3nusz a PlanBetn\u00e9l \u1409 Ak\u00e1r 35.000 Ft\" \/>\n<meta property=\"og:description\" content=\"Regisztr\u00e1lj a PlanBet-n\u00e9l \u00e9s kapj 100% b\u00f3nuszt az els\u0151 befizet\u00e9sedre 35.000 Ft! Dupl\u00e1zza meg egyenleg\u00e9t \u00e9s pr\u00f3b\u00e1ljon szerencs\u00e9t! Ne hagyd ki a kedvez\u0151 aj\u00e1nlatot - kezdj el nyerni m\u00e1r az els\u0151 befizet\u00e9seddel!\" \/>\n<meta property=\"og:url\" content=\"https:\/\/planbet.promo\/hu\/bonus\/first-deposit\/\" \/>\n<meta property=\"og:site_name\" content=\"Planbet Promo HU\" \/>\n<meta property=\"article:modified_time\" content=\"2025-07-23T18:36:12+00:00\" \/>\n<meta name=\"twitter:card\" content=\"summary_large_image\" \/>\n<script type=\"application\/ld+json\" class=\"yoast-schema-graph\">{\"@context\":\"https:\/\/schema.org\",\"@graph\":[{\"@type\":\"WebPage\",\"@id\":\"https:\/\/planbet.promo\/hu\/bonus\/first-deposit\/\",\"url\":\"https:\/\/planbet.promo\/hu\/bonus\/first-deposit\/\",\"name\":\"100% els\u0151 befizet\u00e9si b\u00f3nusz a PlanBetn\u00e9l \u1409 Ak\u00e1r 35.000 Ft\",\"isPartOf\":{\"@id\":\"https:\/\/planbet.promo\/hu\/#website\"},\"datePublished\":\"2025-05-21T08:41:58+00:00\",\"dateModified\":\"2025-07-23T18:36:12+00:00\",\"description\":\"Regisztr\u00e1lj a PlanBet-n\u00e9l \u00e9s kapj 100% b\u00f3nuszt az els\u0151 befizet\u00e9sedre 35.000 Ft! Dupl\u00e1zza meg egyenleg\u00e9t \u00e9s pr\u00f3b\u00e1ljon szerencs\u00e9t! Ne hagyd ki a kedvez\u0151 aj\u00e1nlatot - kezdj el nyerni m\u00e1r az els\u0151 befizet\u00e9seddel!\",\"breadcrumb\":{\"@id\":\"https:\/\/planbet.promo\/hu\/bonus\/first-deposit\/#breadcrumb\"},\"inLanguage\":\"hu\",\"potentialAction\":[{\"@type\":\"ReadAction\",\"target\":[\"https:\/\/planbet.promo\/hu\/bonus\/first-deposit\/\"]}]},{\"@type\":\"BreadcrumbList\",\"@id\":\"https:\/\/planbet.promo\/hu\/bonus\/first-deposit\/#breadcrumb\",\"itemListElement\":[{\"@type\":\"ListItem\",\"position\":1,\"name\":\"Home\",\"item\":\"https:\/\/planbet.promo\/hu\/\"},{\"@type\":\"ListItem\",\"position\":2,\"name\":\"B\u00f3nusz\",\"item\":\"https:\/\/planbet.promo\/hu\/bonus\/\"},{\"@type\":\"ListItem\",\"position\":3,\"name\":\"\u00dcdv\u00f6zl\u0151 b\u00f3nusz\"}]},{\"@type\":\"WebSite\",\"@id\":\"https:\/\/planbet.promo\/hu\/#website\",\"url\":\"https:\/\/planbet.promo\/hu\/\",\"name\":\"Planbet Promo HU\",\"description\":\"My WordPress Blog\",\"potentialAction\":[{\"@type\":\"SearchAction\",\"target\":{\"@type\":\"EntryPoint\",\"urlTemplate\":\"https:\/\/planbet.promo\/hu\/?s={search_term_string}\"},\"query-input\":{\"@type\":\"PropertyValueSpecification\",\"valueRequired\":true,\"valueName\":\"search_term_string\"}}],\"inLanguage\":\"hu\"}]}<\/script>\n<!-- \/ Yoast SEO plugin. -->","yoast_head_json":{"title":"100% els\u0151 befizet\u00e9si b\u00f3nusz a PlanBetn\u00e9l \u1409 Ak\u00e1r 35.000 Ft","description":"Regisztr\u00e1lj a PlanBet-n\u00e9l \u00e9s kapj 100% b\u00f3nuszt az els\u0151 befizet\u00e9sedre 35.000 Ft! Dupl\u00e1zza meg egyenleg\u00e9t \u00e9s pr\u00f3b\u00e1ljon szerencs\u00e9t! Ne hagyd ki a kedvez\u0151 aj\u00e1nlatot - kezdj el nyerni m\u00e1r az els\u0151 befizet\u00e9seddel!","robots":{"index":"index","follow":"follow","max-snippet":"max-snippet:-1","max-image-preview":"max-image-preview:large","max-video-preview":"max-video-preview:-1"},"og_locale":"hu_HU","og_type":"article","og_title":"100% els\u0151 befizet\u00e9si b\u00f3nusz a PlanBetn\u00e9l \u1409 Ak\u00e1r 35.000 Ft","og_description":"Regisztr\u00e1lj a PlanBet-n\u00e9l \u00e9s kapj 100% b\u00f3nuszt az els\u0151 befizet\u00e9sedre 35.000 Ft! Dupl\u00e1zza meg egyenleg\u00e9t \u00e9s pr\u00f3b\u00e1ljon szerencs\u00e9t! Ne hagyd ki a kedvez\u0151 aj\u00e1nlatot - kezdj el nyerni m\u00e1r az els\u0151 befizet\u00e9seddel!","og_url":"https:\/\/planbet.promo\/hu\/bonus\/first-deposit\/","og_site_name":"Planbet Promo HU","article_modified_time":"2025-07-23T18:36:12+00:00","twitter_card":"summary_large_image","schema":{"@context":"https:\/\/schema.org","@graph":[{"@type":"WebPage","@id":"https:\/\/planbet.promo\/hu\/bonus\/first-deposit\/","url":"https:\/\/planbet.promo\/hu\/bonus\/first-deposit\/","name":"100% els\u0151 befizet\u00e9si b\u00f3nusz a PlanBetn\u00e9l \u1409 Ak\u00e1r 35.000 Ft","isPartOf":{"@id":"https:\/\/planbet.promo\/hu\/#website"},"datePublished":"2025-05-21T08:41:58+00:00","dateModified":"2025-07-23T18:36:12+00:00","description":"Regisztr\u00e1lj a PlanBet-n\u00e9l \u00e9s kapj 100% b\u00f3nuszt az els\u0151 befizet\u00e9sedre 35.000 Ft! Dupl\u00e1zza meg egyenleg\u00e9t \u00e9s pr\u00f3b\u00e1ljon szerencs\u00e9t! Ne hagyd ki a kedvez\u0151 aj\u00e1nlatot - kezdj el nyerni m\u00e1r az els\u0151 befizet\u00e9seddel!","breadcrumb":{"@id":"https:\/\/planbet.promo\/hu\/bonus\/first-deposit\/#breadcrumb"},"inLanguage":"hu","potentialAction":[{"@type":"ReadAction","target":["https:\/\/planbet.promo\/hu\/bonus\/first-deposit\/"]}]},{"@type":"BreadcrumbList","@id":"https:\/\/planbet.promo\/hu\/bonus\/first-deposit\/#breadcrumb","itemListElement":[{"@type":"ListItem","position":1,"name":"Home","item":"https:\/\/planbet.promo\/hu\/"},{"@type":"ListItem","position":2,"name":"B\u00f3nusz","item":"https:\/\/planbet.promo\/hu\/bonus\/"},{"@type":"ListItem","position":3,"name":"\u00dcdv\u00f6zl\u0151 b\u00f3nusz"}]},{"@type":"WebSite","@id":"https:\/\/planbet.promo\/hu\/#website","url":"https:\/\/planbet.promo\/hu\/","name":"Planbet Promo HU","description":"My WordPress Blog","potentialAction":[{"@type":"SearchAction","target":{"@type":"EntryPoint","urlTemplate":"https:\/\/planbet.promo\/hu\/?s={search_term_string}"},"query-input":{"@type":"PropertyValueSpecification","valueRequired":true,"valueName":"search_term_string"}}],"inLanguage":"hu"}]}},"_links":{"self":[{"href":"https:\/\/planbet.promo\/hu\/wp-json\/wp\/v2\/pages\/462","targetHints":{"allow":["GET"]}}],"collection":[{"href":"https:\/\/planbet.promo\/hu\/wp-json\/wp\/v2\/pages"}],"about":[{"href":"https:\/\/planbet.promo\/hu\/wp-json\/wp\/v2\/types\/page"}],"author":[{"embeddable":true,"href":"https:\/\/planbet.promo\/hu\/wp-json\/wp\/v2\/users\/1"}],"replies":[{"embeddable":true,"href":"https:\/\/planbet.promo\/hu\/wp-json\/wp\/v2\/comments?post=462"}],"version-history":[{"count":5,"href":"https:\/\/planbet.promo\/hu\/wp-json\/wp\/v2\/pages\/462\/revisions"}],"predecessor-version":[{"id":729,"href":"https:\/\/planbet.promo\/hu\/wp-json\/wp\/v2\/pages\/462\/revisions\/729"}],"up":[{"embeddable":true,"href":"https:\/\/planbet.promo\/hu\/wp-json\/wp\/v2\/pages\/152"}],"wp:attachment":[{"href":"https:\/\/planbet.promo\/hu\/wp-json\/wp\/v2\/media?parent=462"}],"curies":[{"name":"wp","href":"https:\/\/api.w.org\/{rel}","templated":true}]}}