{"id":499,"date":"2025-05-21T12:52:53","date_gmt":"2025-05-21T12:52:53","guid":{"rendered":"https:\/\/betwinner.team\/?page_id=499"},"modified":"2025-07-23T18:36:20","modified_gmt":"2025-07-23T18:36:20","slug":"casino-welcome-package","status":"publish","type":"page","link":"https:\/\/planbet.promo\/hu\/bonus\/casino-welcome-package\/","title":{"rendered":"Kaszin\u00f3 \u00fcdv\u00f6zl\u0151 csomag"},"content":{"rendered":"","protected":false},"excerpt":{"rendered":"","protected":false},"author":1,"featured_media":0,"parent":152,"menu_order":0,"comment_status":"closed","ping_status":"closed","template":"","meta":{"footnotes":""},"class_list":["post-499","page","type-page","status-publish","hentry"],"yoast_head":"<!-- This site is optimized with the Yoast SEO plugin v26.2 - https:\/\/yoast.com\/wordpress\/plugins\/seo\/ -->\n<title>PlanBet Casino \u00fcdv\u00f6zl\u0151 csomag \u1409 Ak\u00e1r 600.000 HUF + 150 FS<\/title>\n<meta name=\"description\" content=\"PlanBet Casino \u00fcdv\u00f6zl\u0151 csomag v\u00e1rja \u00d6nt: ak\u00e1r 600.000 Ft \u00e9s 150 ingyenes p\u00f6rget\u00e9s! A regisztr\u00e1ci\u00f3 egyszer\u0171, a b\u00f3nuszok pedig b\u0151kez\u0171ek. Ne hagyja ki a lehet\u0151s\u00e9get, hogy biztos\u00edtsa mega nyerem\u00e9ny\u00e9t, ha k\u00f6veti egyszer\u0171 l\u00e9p\u00e9seinket. \u00c9lvezze az izgalmakat!\" \/>\n<meta name=\"robots\" content=\"index, follow, max-snippet:-1, max-image-preview:large, max-video-preview:-1\" \/>\n<meta property=\"og:locale\" content=\"hu_HU\" \/>\n<meta property=\"og:type\" content=\"article\" \/>\n<meta property=\"og:title\" content=\"PlanBet Casino \u00fcdv\u00f6zl\u0151 csomag \u1409 Ak\u00e1r 600.000 HUF + 150 FS\" \/>\n<meta property=\"og:description\" content=\"PlanBet Casino \u00fcdv\u00f6zl\u0151 csomag v\u00e1rja \u00d6nt: ak\u00e1r 600.000 Ft \u00e9s 150 ingyenes p\u00f6rget\u00e9s! A regisztr\u00e1ci\u00f3 egyszer\u0171, a b\u00f3nuszok pedig b\u0151kez\u0171ek. Ne hagyja ki a lehet\u0151s\u00e9get, hogy biztos\u00edtsa mega nyerem\u00e9ny\u00e9t, ha k\u00f6veti egyszer\u0171 l\u00e9p\u00e9seinket. \u00c9lvezze az izgalmakat!\" \/>\n<meta property=\"og:url\" content=\"https:\/\/planbet.promo\/hu\/bonus\/casino-welcome-package\/\" \/>\n<meta property=\"og:site_name\" content=\"Planbet Promo HU\" \/>\n<meta property=\"article:modified_time\" content=\"2025-07-23T18:36:20+00:00\" \/>\n<meta name=\"twitter:card\" content=\"summary_large_image\" \/>\n<script type=\"application\/ld+json\" class=\"yoast-schema-graph\">{\"@context\":\"https:\/\/schema.org\",\"@graph\":[{\"@type\":\"WebPage\",\"@id\":\"https:\/\/planbet.promo\/hu\/bonus\/casino-welcome-package\/\",\"url\":\"https:\/\/planbet.promo\/hu\/bonus\/casino-welcome-package\/\",\"name\":\"PlanBet Casino \u00fcdv\u00f6zl\u0151 csomag \u1409 Ak\u00e1r 600.000 HUF + 150 FS\",\"isPartOf\":{\"@id\":\"https:\/\/planbet.promo\/hu\/#website\"},\"datePublished\":\"2025-05-21T12:52:53+00:00\",\"dateModified\":\"2025-07-23T18:36:20+00:00\",\"description\":\"PlanBet Casino \u00fcdv\u00f6zl\u0151 csomag v\u00e1rja \u00d6nt: ak\u00e1r 600.000 Ft \u00e9s 150 ingyenes p\u00f6rget\u00e9s! A regisztr\u00e1ci\u00f3 egyszer\u0171, a b\u00f3nuszok pedig b\u0151kez\u0171ek. Ne hagyja ki a lehet\u0151s\u00e9get, hogy biztos\u00edtsa mega nyerem\u00e9ny\u00e9t, ha k\u00f6veti egyszer\u0171 l\u00e9p\u00e9seinket. \u00c9lvezze az izgalmakat!\",\"breadcrumb\":{\"@id\":\"https:\/\/planbet.promo\/hu\/bonus\/casino-welcome-package\/#breadcrumb\"},\"inLanguage\":\"hu\",\"potentialAction\":[{\"@type\":\"ReadAction\",\"target\":[\"https:\/\/planbet.promo\/hu\/bonus\/casino-welcome-package\/\"]}]},{\"@type\":\"BreadcrumbList\",\"@id\":\"https:\/\/planbet.promo\/hu\/bonus\/casino-welcome-package\/#breadcrumb\",\"itemListElement\":[{\"@type\":\"ListItem\",\"position\":1,\"name\":\"Home\",\"item\":\"https:\/\/planbet.promo\/hu\/\"},{\"@type\":\"ListItem\",\"position\":2,\"name\":\"B\u00f3nusz\",\"item\":\"https:\/\/planbet.promo\/hu\/bonus\/\"},{\"@type\":\"ListItem\",\"position\":3,\"name\":\"Kaszin\u00f3 \u00fcdv\u00f6zl\u0151 csomag\"}]},{\"@type\":\"WebSite\",\"@id\":\"https:\/\/planbet.promo\/hu\/#website\",\"url\":\"https:\/\/planbet.promo\/hu\/\",\"name\":\"Planbet Promo HU\",\"description\":\"My WordPress Blog\",\"potentialAction\":[{\"@type\":\"SearchAction\",\"target\":{\"@type\":\"EntryPoint\",\"urlTemplate\":\"https:\/\/planbet.promo\/hu\/?s={search_term_string}\"},\"query-input\":{\"@type\":\"PropertyValueSpecification\",\"valueRequired\":true,\"valueName\":\"search_term_string\"}}],\"inLanguage\":\"hu\"}]}<\/script>\n<!-- \/ Yoast SEO plugin. -->","yoast_head_json":{"title":"PlanBet Casino \u00fcdv\u00f6zl\u0151 csomag \u1409 Ak\u00e1r 600.000 HUF + 150 FS","description":"PlanBet Casino \u00fcdv\u00f6zl\u0151 csomag v\u00e1rja \u00d6nt: ak\u00e1r 600.000 Ft \u00e9s 150 ingyenes p\u00f6rget\u00e9s! A regisztr\u00e1ci\u00f3 egyszer\u0171, a b\u00f3nuszok pedig b\u0151kez\u0171ek. Ne hagyja ki a lehet\u0151s\u00e9get, hogy biztos\u00edtsa mega nyerem\u00e9ny\u00e9t, ha k\u00f6veti egyszer\u0171 l\u00e9p\u00e9seinket. \u00c9lvezze az izgalmakat!","robots":{"index":"index","follow":"follow","max-snippet":"max-snippet:-1","max-image-preview":"max-image-preview:large","max-video-preview":"max-video-preview:-1"},"og_locale":"hu_HU","og_type":"article","og_title":"PlanBet Casino \u00fcdv\u00f6zl\u0151 csomag \u1409 Ak\u00e1r 600.000 HUF + 150 FS","og_description":"PlanBet Casino \u00fcdv\u00f6zl\u0151 csomag v\u00e1rja \u00d6nt: ak\u00e1r 600.000 Ft \u00e9s 150 ingyenes p\u00f6rget\u00e9s! A regisztr\u00e1ci\u00f3 egyszer\u0171, a b\u00f3nuszok pedig b\u0151kez\u0171ek. Ne hagyja ki a lehet\u0151s\u00e9get, hogy biztos\u00edtsa mega nyerem\u00e9ny\u00e9t, ha k\u00f6veti egyszer\u0171 l\u00e9p\u00e9seinket. \u00c9lvezze az izgalmakat!","og_url":"https:\/\/planbet.promo\/hu\/bonus\/casino-welcome-package\/","og_site_name":"Planbet Promo HU","article_modified_time":"2025-07-23T18:36:20+00:00","twitter_card":"summary_large_image","schema":{"@context":"https:\/\/schema.org","@graph":[{"@type":"WebPage","@id":"https:\/\/planbet.promo\/hu\/bonus\/casino-welcome-package\/","url":"https:\/\/planbet.promo\/hu\/bonus\/casino-welcome-package\/","name":"PlanBet Casino \u00fcdv\u00f6zl\u0151 csomag \u1409 Ak\u00e1r 600.000 HUF + 150 FS","isPartOf":{"@id":"https:\/\/planbet.promo\/hu\/#website"},"datePublished":"2025-05-21T12:52:53+00:00","dateModified":"2025-07-23T18:36:20+00:00","description":"PlanBet Casino \u00fcdv\u00f6zl\u0151 csomag v\u00e1rja \u00d6nt: ak\u00e1r 600.000 Ft \u00e9s 150 ingyenes p\u00f6rget\u00e9s! A regisztr\u00e1ci\u00f3 egyszer\u0171, a b\u00f3nuszok pedig b\u0151kez\u0171ek. Ne hagyja ki a lehet\u0151s\u00e9get, hogy biztos\u00edtsa mega nyerem\u00e9ny\u00e9t, ha k\u00f6veti egyszer\u0171 l\u00e9p\u00e9seinket. \u00c9lvezze az izgalmakat!","breadcrumb":{"@id":"https:\/\/planbet.promo\/hu\/bonus\/casino-welcome-package\/#breadcrumb"},"inLanguage":"hu","potentialAction":[{"@type":"ReadAction","target":["https:\/\/planbet.promo\/hu\/bonus\/casino-welcome-package\/"]}]},{"@type":"BreadcrumbList","@id":"https:\/\/planbet.promo\/hu\/bonus\/casino-welcome-package\/#breadcrumb","itemListElement":[{"@type":"ListItem","position":1,"name":"Home","item":"https:\/\/planbet.promo\/hu\/"},{"@type":"ListItem","position":2,"name":"B\u00f3nusz","item":"https:\/\/planbet.promo\/hu\/bonus\/"},{"@type":"ListItem","position":3,"name":"Kaszin\u00f3 \u00fcdv\u00f6zl\u0151 csomag"}]},{"@type":"WebSite","@id":"https:\/\/planbet.promo\/hu\/#website","url":"https:\/\/planbet.promo\/hu\/","name":"Planbet Promo HU","description":"My WordPress Blog","potentialAction":[{"@type":"SearchAction","target":{"@type":"EntryPoint","urlTemplate":"https:\/\/planbet.promo\/hu\/?s={search_term_string}"},"query-input":{"@type":"PropertyValueSpecification","valueRequired":true,"valueName":"search_term_string"}}],"inLanguage":"hu"}]}},"_links":{"self":[{"href":"https:\/\/planbet.promo\/hu\/wp-json\/wp\/v2\/pages\/499","targetHints":{"allow":["GET"]}}],"collection":[{"href":"https:\/\/planbet.promo\/hu\/wp-json\/wp\/v2\/pages"}],"about":[{"href":"https:\/\/planbet.promo\/hu\/wp-json\/wp\/v2\/types\/page"}],"author":[{"embeddable":true,"href":"https:\/\/planbet.promo\/hu\/wp-json\/wp\/v2\/users\/1"}],"replies":[{"embeddable":true,"href":"https:\/\/planbet.promo\/hu\/wp-json\/wp\/v2\/comments?post=499"}],"version-history":[{"count":4,"href":"https:\/\/planbet.promo\/hu\/wp-json\/wp\/v2\/pages\/499\/revisions"}],"predecessor-version":[{"id":725,"href":"https:\/\/planbet.promo\/hu\/wp-json\/wp\/v2\/pages\/499\/revisions\/725"}],"up":[{"embeddable":true,"href":"https:\/\/planbet.promo\/hu\/wp-json\/wp\/v2\/pages\/152"}],"wp:attachment":[{"href":"https:\/\/planbet.promo\/hu\/wp-json\/wp\/v2\/media?parent=499"}],"curies":[{"name":"wp","href":"https:\/\/api.w.org\/{rel}","templated":true}]}}