{"id":510,"date":"2025-05-21T13:31:40","date_gmt":"2025-05-21T13:31:40","guid":{"rendered":"https:\/\/betwinner.team\/?page_id=510"},"modified":"2025-07-23T18:43:41","modified_gmt":"2025-07-23T18:43:41","slug":"big-match","status":"publish","type":"page","link":"https:\/\/planbet.promo\/hu\/bonus\/big-match\/","title":{"rendered":"Nagy m\u00e9rk\u0151z\u00e9s"},"content":{"rendered":"","protected":false},"excerpt":{"rendered":"","protected":false},"author":1,"featured_media":0,"parent":152,"menu_order":0,"comment_status":"closed","ping_status":"closed","template":"","meta":{"footnotes":""},"class_list":["post-510","page","type-page","status-publish","hentry"],"yoast_head":"<!-- This site is optimized with the Yoast SEO plugin v26.2 - https:\/\/yoast.com\/wordpress\/plugins\/seo\/ -->\n<title>PlanBet Nagy meccs \u1409 3.500 HUF visszat\u00e9r\u00edt\u00e9st kap<\/title>\n<meta name=\"description\" content=\"Fogadjon f\u00e9lelem n\u00e9lk\u00fcl! Vegyen r\u00e9szt a PlanBet Nagy meccs prom\u00f3ci\u00f3j\u00e1ban, \u00e9s kapjon vissza ak\u00e1r 3.500 Ft-ot akkor is, ha a tippje nem j\u00f6n be. A biztons\u00e1gos j\u00e1t\u00e9k az igazi!\" \/>\n<meta name=\"robots\" content=\"index, follow, max-snippet:-1, max-image-preview:large, max-video-preview:-1\" \/>\n<meta property=\"og:locale\" content=\"hu_HU\" \/>\n<meta property=\"og:type\" content=\"article\" \/>\n<meta property=\"og:title\" content=\"PlanBet Nagy meccs \u1409 3.500 HUF visszat\u00e9r\u00edt\u00e9st kap\" \/>\n<meta property=\"og:description\" content=\"Fogadjon f\u00e9lelem n\u00e9lk\u00fcl! Vegyen r\u00e9szt a PlanBet Nagy meccs prom\u00f3ci\u00f3j\u00e1ban, \u00e9s kapjon vissza ak\u00e1r 3.500 Ft-ot akkor is, ha a tippje nem j\u00f6n be. A biztons\u00e1gos j\u00e1t\u00e9k az igazi!\" \/>\n<meta property=\"og:url\" content=\"https:\/\/planbet.promo\/hu\/bonus\/big-match\/\" \/>\n<meta property=\"og:site_name\" content=\"Planbet Promo HU\" \/>\n<meta property=\"article:modified_time\" content=\"2025-07-23T18:43:41+00:00\" \/>\n<meta name=\"twitter:card\" content=\"summary_large_image\" \/>\n<script type=\"application\/ld+json\" class=\"yoast-schema-graph\">{\"@context\":\"https:\/\/schema.org\",\"@graph\":[{\"@type\":\"WebPage\",\"@id\":\"https:\/\/planbet.promo\/hu\/bonus\/big-match\/\",\"url\":\"https:\/\/planbet.promo\/hu\/bonus\/big-match\/\",\"name\":\"PlanBet Nagy meccs \u1409 3.500 HUF visszat\u00e9r\u00edt\u00e9st kap\",\"isPartOf\":{\"@id\":\"https:\/\/planbet.promo\/hu\/#website\"},\"datePublished\":\"2025-05-21T13:31:40+00:00\",\"dateModified\":\"2025-07-23T18:43:41+00:00\",\"description\":\"Fogadjon f\u00e9lelem n\u00e9lk\u00fcl! Vegyen r\u00e9szt a PlanBet Nagy meccs prom\u00f3ci\u00f3j\u00e1ban, \u00e9s kapjon vissza ak\u00e1r 3.500 Ft-ot akkor is, ha a tippje nem j\u00f6n be. A biztons\u00e1gos j\u00e1t\u00e9k az igazi!\",\"breadcrumb\":{\"@id\":\"https:\/\/planbet.promo\/hu\/bonus\/big-match\/#breadcrumb\"},\"inLanguage\":\"hu\",\"potentialAction\":[{\"@type\":\"ReadAction\",\"target\":[\"https:\/\/planbet.promo\/hu\/bonus\/big-match\/\"]}]},{\"@type\":\"BreadcrumbList\",\"@id\":\"https:\/\/planbet.promo\/hu\/bonus\/big-match\/#breadcrumb\",\"itemListElement\":[{\"@type\":\"ListItem\",\"position\":1,\"name\":\"Home\",\"item\":\"https:\/\/planbet.promo\/hu\/\"},{\"@type\":\"ListItem\",\"position\":2,\"name\":\"B\u00f3nusz\",\"item\":\"https:\/\/planbet.promo\/hu\/bonus\/\"},{\"@type\":\"ListItem\",\"position\":3,\"name\":\"Nagy m\u00e9rk\u0151z\u00e9s\"}]},{\"@type\":\"WebSite\",\"@id\":\"https:\/\/planbet.promo\/hu\/#website\",\"url\":\"https:\/\/planbet.promo\/hu\/\",\"name\":\"Planbet Promo HU\",\"description\":\"My WordPress Blog\",\"potentialAction\":[{\"@type\":\"SearchAction\",\"target\":{\"@type\":\"EntryPoint\",\"urlTemplate\":\"https:\/\/planbet.promo\/hu\/?s={search_term_string}\"},\"query-input\":{\"@type\":\"PropertyValueSpecification\",\"valueRequired\":true,\"valueName\":\"search_term_string\"}}],\"inLanguage\":\"hu\"}]}<\/script>\n<!-- \/ Yoast SEO plugin. -->","yoast_head_json":{"title":"PlanBet Nagy meccs \u1409 3.500 HUF visszat\u00e9r\u00edt\u00e9st kap","description":"Fogadjon f\u00e9lelem n\u00e9lk\u00fcl! Vegyen r\u00e9szt a PlanBet Nagy meccs prom\u00f3ci\u00f3j\u00e1ban, \u00e9s kapjon vissza ak\u00e1r 3.500 Ft-ot akkor is, ha a tippje nem j\u00f6n be. A biztons\u00e1gos j\u00e1t\u00e9k az igazi!","robots":{"index":"index","follow":"follow","max-snippet":"max-snippet:-1","max-image-preview":"max-image-preview:large","max-video-preview":"max-video-preview:-1"},"og_locale":"hu_HU","og_type":"article","og_title":"PlanBet Nagy meccs \u1409 3.500 HUF visszat\u00e9r\u00edt\u00e9st kap","og_description":"Fogadjon f\u00e9lelem n\u00e9lk\u00fcl! Vegyen r\u00e9szt a PlanBet Nagy meccs prom\u00f3ci\u00f3j\u00e1ban, \u00e9s kapjon vissza ak\u00e1r 3.500 Ft-ot akkor is, ha a tippje nem j\u00f6n be. A biztons\u00e1gos j\u00e1t\u00e9k az igazi!","og_url":"https:\/\/planbet.promo\/hu\/bonus\/big-match\/","og_site_name":"Planbet Promo HU","article_modified_time":"2025-07-23T18:43:41+00:00","twitter_card":"summary_large_image","schema":{"@context":"https:\/\/schema.org","@graph":[{"@type":"WebPage","@id":"https:\/\/planbet.promo\/hu\/bonus\/big-match\/","url":"https:\/\/planbet.promo\/hu\/bonus\/big-match\/","name":"PlanBet Nagy meccs \u1409 3.500 HUF visszat\u00e9r\u00edt\u00e9st kap","isPartOf":{"@id":"https:\/\/planbet.promo\/hu\/#website"},"datePublished":"2025-05-21T13:31:40+00:00","dateModified":"2025-07-23T18:43:41+00:00","description":"Fogadjon f\u00e9lelem n\u00e9lk\u00fcl! Vegyen r\u00e9szt a PlanBet Nagy meccs prom\u00f3ci\u00f3j\u00e1ban, \u00e9s kapjon vissza ak\u00e1r 3.500 Ft-ot akkor is, ha a tippje nem j\u00f6n be. A biztons\u00e1gos j\u00e1t\u00e9k az igazi!","breadcrumb":{"@id":"https:\/\/planbet.promo\/hu\/bonus\/big-match\/#breadcrumb"},"inLanguage":"hu","potentialAction":[{"@type":"ReadAction","target":["https:\/\/planbet.promo\/hu\/bonus\/big-match\/"]}]},{"@type":"BreadcrumbList","@id":"https:\/\/planbet.promo\/hu\/bonus\/big-match\/#breadcrumb","itemListElement":[{"@type":"ListItem","position":1,"name":"Home","item":"https:\/\/planbet.promo\/hu\/"},{"@type":"ListItem","position":2,"name":"B\u00f3nusz","item":"https:\/\/planbet.promo\/hu\/bonus\/"},{"@type":"ListItem","position":3,"name":"Nagy m\u00e9rk\u0151z\u00e9s"}]},{"@type":"WebSite","@id":"https:\/\/planbet.promo\/hu\/#website","url":"https:\/\/planbet.promo\/hu\/","name":"Planbet Promo HU","description":"My WordPress Blog","potentialAction":[{"@type":"SearchAction","target":{"@type":"EntryPoint","urlTemplate":"https:\/\/planbet.promo\/hu\/?s={search_term_string}"},"query-input":{"@type":"PropertyValueSpecification","valueRequired":true,"valueName":"search_term_string"}}],"inLanguage":"hu"}]}},"_links":{"self":[{"href":"https:\/\/planbet.promo\/hu\/wp-json\/wp\/v2\/pages\/510","targetHints":{"allow":["GET"]}}],"collection":[{"href":"https:\/\/planbet.promo\/hu\/wp-json\/wp\/v2\/pages"}],"about":[{"href":"https:\/\/planbet.promo\/hu\/wp-json\/wp\/v2\/types\/page"}],"author":[{"embeddable":true,"href":"https:\/\/planbet.promo\/hu\/wp-json\/wp\/v2\/users\/1"}],"replies":[{"embeddable":true,"href":"https:\/\/planbet.promo\/hu\/wp-json\/wp\/v2\/comments?post=510"}],"version-history":[{"count":5,"href":"https:\/\/planbet.promo\/hu\/wp-json\/wp\/v2\/pages\/510\/revisions"}],"predecessor-version":[{"id":723,"href":"https:\/\/planbet.promo\/hu\/wp-json\/wp\/v2\/pages\/510\/revisions\/723"}],"up":[{"embeddable":true,"href":"https:\/\/planbet.promo\/hu\/wp-json\/wp\/v2\/pages\/152"}],"wp:attachment":[{"href":"https:\/\/planbet.promo\/hu\/wp-json\/wp\/v2\/media?parent=510"}],"curies":[{"name":"wp","href":"https:\/\/api.w.org\/{rel}","templated":true}]}}