{"id":243,"date":"2024-05-28T09:43:57","date_gmt":"2024-05-28T09:43:57","guid":{"rendered":"https:\/\/betwinner.team\/?page_id=243"},"modified":"2025-09-05T12:40:58","modified_gmt":"2025-09-05T12:40:58","slug":"promo-code","status":"publish","type":"page","link":"https:\/\/planbet.promo\/iceland\/promo-code\/","title":{"rendered":"Kynningark\u00f3\u00f0i"},"content":{"rendered":"","protected":false},"excerpt":{"rendered":"","protected":false},"author":1,"featured_media":0,"parent":0,"menu_order":0,"comment_status":"closed","ping_status":"closed","template":"","meta":{"footnotes":""},"class_list":["post-243","page","type-page","status-publish","hentry"],"yoast_head":"<!-- This site is optimized with the Yoast SEO plugin v26.2 - https:\/\/yoast.com\/wordpress\/plugins\/seo\/ -->\n<title>PlanBet kynningark\u00f3\u00f0i | Byrja\u00f0u me\u00f0 PlanBet velkominn b\u00f3nus<\/title>\n<meta name=\"description\" content=\"Kynningark\u00f3\u00f0i PlanBet \u2713 Vinn\u00f0u allt a\u00f0 130% af fyrsta ve\u00f0m\u00e1linu \u00fe\u00ednu me\u00f0 \u00fev\u00ed a\u00f0 nota kynningark\u00f3\u00f0ann okkar fyrir PlanBet \u00ed\u00fer\u00f3ttave\u00f0m\u00e1l og spilav\u00edti. Byrja\u00f0u strax og vinndu me\u00f0 PlanBet kynningark\u00f3\u00f0um!\" \/>\n<meta name=\"robots\" content=\"index, follow, max-snippet:-1, max-image-preview:large, max-video-preview:-1\" \/>\n<meta property=\"og:locale\" content=\"is_IS\" \/>\n<meta property=\"og:type\" content=\"article\" \/>\n<meta property=\"og:title\" content=\"PlanBet kynningark\u00f3\u00f0i | Byrja\u00f0u me\u00f0 PlanBet velkominn b\u00f3nus\" \/>\n<meta property=\"og:description\" content=\"Kynningark\u00f3\u00f0i PlanBet \u2713 Vinn\u00f0u allt a\u00f0 130% af fyrsta ve\u00f0m\u00e1linu \u00fe\u00ednu me\u00f0 \u00fev\u00ed a\u00f0 nota kynningark\u00f3\u00f0ann okkar fyrir PlanBet \u00ed\u00fer\u00f3ttave\u00f0m\u00e1l og spilav\u00edti. Byrja\u00f0u strax og vinndu me\u00f0 PlanBet kynningark\u00f3\u00f0um!\" \/>\n<meta property=\"og:url\" content=\"https:\/\/planbet.promo\/iceland\/promo-code\/\" \/>\n<meta property=\"og:site_name\" content=\"Planbet Promo is\" \/>\n<meta property=\"article:modified_time\" content=\"2025-09-05T12:40:58+00:00\" \/>\n<meta name=\"twitter:card\" content=\"summary_large_image\" \/>\n<script type=\"application\/ld+json\" class=\"yoast-schema-graph\">{\"@context\":\"https:\/\/schema.org\",\"@graph\":[{\"@type\":\"WebPage\",\"@id\":\"https:\/\/planbet.promo\/iceland\/promo-code\/\",\"url\":\"https:\/\/planbet.promo\/iceland\/promo-code\/\",\"name\":\"PlanBet kynningark\u00f3\u00f0i | Byrja\u00f0u me\u00f0 PlanBet velkominn b\u00f3nus\",\"isPartOf\":{\"@id\":\"https:\/\/planbet.promo\/iceland\/#website\"},\"datePublished\":\"2024-05-28T09:43:57+00:00\",\"dateModified\":\"2025-09-05T12:40:58+00:00\",\"description\":\"Kynningark\u00f3\u00f0i PlanBet \u2713 Vinn\u00f0u allt a\u00f0 130% af fyrsta ve\u00f0m\u00e1linu \u00fe\u00ednu me\u00f0 \u00fev\u00ed a\u00f0 nota kynningark\u00f3\u00f0ann okkar fyrir PlanBet \u00ed\u00fer\u00f3ttave\u00f0m\u00e1l og spilav\u00edti. Byrja\u00f0u strax og vinndu me\u00f0 PlanBet kynningark\u00f3\u00f0um!\",\"breadcrumb\":{\"@id\":\"https:\/\/planbet.promo\/iceland\/promo-code\/#breadcrumb\"},\"inLanguage\":\"is\",\"potentialAction\":[{\"@type\":\"ReadAction\",\"target\":[\"https:\/\/planbet.promo\/iceland\/promo-code\/\"]}]},{\"@type\":\"BreadcrumbList\",\"@id\":\"https:\/\/planbet.promo\/iceland\/promo-code\/#breadcrumb\",\"itemListElement\":[{\"@type\":\"ListItem\",\"position\":1,\"name\":\"Home\",\"item\":\"https:\/\/planbet.promo\/iceland\/\"},{\"@type\":\"ListItem\",\"position\":2,\"name\":\"Kynningark\u00f3\u00f0i\"}]},{\"@type\":\"WebSite\",\"@id\":\"https:\/\/planbet.promo\/iceland\/#website\",\"url\":\"https:\/\/planbet.promo\/iceland\/\",\"name\":\"Planbet Promo is\",\"description\":\"My WordPress Blog\",\"potentialAction\":[{\"@type\":\"SearchAction\",\"target\":{\"@type\":\"EntryPoint\",\"urlTemplate\":\"https:\/\/planbet.promo\/iceland\/?s={search_term_string}\"},\"query-input\":{\"@type\":\"PropertyValueSpecification\",\"valueRequired\":true,\"valueName\":\"search_term_string\"}}],\"inLanguage\":\"is\"}]}<\/script>\n<!-- \/ Yoast SEO plugin. -->","yoast_head_json":{"title":"PlanBet kynningark\u00f3\u00f0i | Byrja\u00f0u me\u00f0 PlanBet velkominn b\u00f3nus","description":"Kynningark\u00f3\u00f0i PlanBet \u2713 Vinn\u00f0u allt a\u00f0 130% af fyrsta ve\u00f0m\u00e1linu \u00fe\u00ednu me\u00f0 \u00fev\u00ed a\u00f0 nota kynningark\u00f3\u00f0ann okkar fyrir PlanBet \u00ed\u00fer\u00f3ttave\u00f0m\u00e1l og spilav\u00edti. Byrja\u00f0u strax og vinndu me\u00f0 PlanBet kynningark\u00f3\u00f0um!","robots":{"index":"index","follow":"follow","max-snippet":"max-snippet:-1","max-image-preview":"max-image-preview:large","max-video-preview":"max-video-preview:-1"},"og_locale":"is_IS","og_type":"article","og_title":"PlanBet kynningark\u00f3\u00f0i | Byrja\u00f0u me\u00f0 PlanBet velkominn b\u00f3nus","og_description":"Kynningark\u00f3\u00f0i PlanBet \u2713 Vinn\u00f0u allt a\u00f0 130% af fyrsta ve\u00f0m\u00e1linu \u00fe\u00ednu me\u00f0 \u00fev\u00ed a\u00f0 nota kynningark\u00f3\u00f0ann okkar fyrir PlanBet \u00ed\u00fer\u00f3ttave\u00f0m\u00e1l og spilav\u00edti. Byrja\u00f0u strax og vinndu me\u00f0 PlanBet kynningark\u00f3\u00f0um!","og_url":"https:\/\/planbet.promo\/iceland\/promo-code\/","og_site_name":"Planbet Promo is","article_modified_time":"2025-09-05T12:40:58+00:00","twitter_card":"summary_large_image","schema":{"@context":"https:\/\/schema.org","@graph":[{"@type":"WebPage","@id":"https:\/\/planbet.promo\/iceland\/promo-code\/","url":"https:\/\/planbet.promo\/iceland\/promo-code\/","name":"PlanBet kynningark\u00f3\u00f0i | Byrja\u00f0u me\u00f0 PlanBet velkominn b\u00f3nus","isPartOf":{"@id":"https:\/\/planbet.promo\/iceland\/#website"},"datePublished":"2024-05-28T09:43:57+00:00","dateModified":"2025-09-05T12:40:58+00:00","description":"Kynningark\u00f3\u00f0i PlanBet \u2713 Vinn\u00f0u allt a\u00f0 130% af fyrsta ve\u00f0m\u00e1linu \u00fe\u00ednu me\u00f0 \u00fev\u00ed a\u00f0 nota kynningark\u00f3\u00f0ann okkar fyrir PlanBet \u00ed\u00fer\u00f3ttave\u00f0m\u00e1l og spilav\u00edti. Byrja\u00f0u strax og vinndu me\u00f0 PlanBet kynningark\u00f3\u00f0um!","breadcrumb":{"@id":"https:\/\/planbet.promo\/iceland\/promo-code\/#breadcrumb"},"inLanguage":"is","potentialAction":[{"@type":"ReadAction","target":["https:\/\/planbet.promo\/iceland\/promo-code\/"]}]},{"@type":"BreadcrumbList","@id":"https:\/\/planbet.promo\/iceland\/promo-code\/#breadcrumb","itemListElement":[{"@type":"ListItem","position":1,"name":"Home","item":"https:\/\/planbet.promo\/iceland\/"},{"@type":"ListItem","position":2,"name":"Kynningark\u00f3\u00f0i"}]},{"@type":"WebSite","@id":"https:\/\/planbet.promo\/iceland\/#website","url":"https:\/\/planbet.promo\/iceland\/","name":"Planbet Promo is","description":"My WordPress Blog","potentialAction":[{"@type":"SearchAction","target":{"@type":"EntryPoint","urlTemplate":"https:\/\/planbet.promo\/iceland\/?s={search_term_string}"},"query-input":{"@type":"PropertyValueSpecification","valueRequired":true,"valueName":"search_term_string"}}],"inLanguage":"is"}]}},"_links":{"self":[{"href":"https:\/\/planbet.promo\/iceland\/wp-json\/wp\/v2\/pages\/243","targetHints":{"allow":["GET"]}}],"collection":[{"href":"https:\/\/planbet.promo\/iceland\/wp-json\/wp\/v2\/pages"}],"about":[{"href":"https:\/\/planbet.promo\/iceland\/wp-json\/wp\/v2\/types\/page"}],"author":[{"embeddable":true,"href":"https:\/\/planbet.promo\/iceland\/wp-json\/wp\/v2\/users\/1"}],"replies":[{"embeddable":true,"href":"https:\/\/planbet.promo\/iceland\/wp-json\/wp\/v2\/comments?post=243"}],"version-history":[{"count":6,"href":"https:\/\/planbet.promo\/iceland\/wp-json\/wp\/v2\/pages\/243\/revisions"}],"predecessor-version":[{"id":835,"href":"https:\/\/planbet.promo\/iceland\/wp-json\/wp\/v2\/pages\/243\/revisions\/835"}],"wp:attachment":[{"href":"https:\/\/planbet.promo\/iceland\/wp-json\/wp\/v2\/media?parent=243"}],"curies":[{"name":"wp","href":"https:\/\/api.w.org\/{rel}","templated":true}]}}