{"id":270,"date":"2024-05-28T12:15:13","date_gmt":"2024-05-28T12:15:13","guid":{"rendered":"https:\/\/betwinner.team\/?page_id=270"},"modified":"2025-09-05T11:02:39","modified_gmt":"2025-09-05T11:02:39","slug":"registration","status":"publish","type":"page","link":"https:\/\/planbet.promo\/iceland\/registration\/","title":{"rendered":"Skr\u00e1ning"},"content":{"rendered":"","protected":false},"excerpt":{"rendered":"","protected":false},"author":1,"featured_media":0,"parent":0,"menu_order":0,"comment_status":"closed","ping_status":"closed","template":"","meta":{"footnotes":""},"class_list":["post-270","page","type-page","status-publish","hentry"],"yoast_head":"<!-- This site is optimized with the Yoast SEO plugin v26.2 - https:\/\/yoast.com\/wordpress\/plugins\/seo\/ -->\n<title>PlanBet skr\u00e1ningarlei\u00f0beiningar | Velkomin tilbo\u00f0<\/title>\n<meta name=\"description\" content=\"Lei\u00f0beiningar um skr\u00e1ningu PlanBet reikninga fyrir n\u00fdja spilara \u2713 F\u00e1\u00f0u allt a\u00f0 130% velkominn b\u00f3nus \u00feegar \u00fe\u00fa skr\u00e1ir \u00feig! Skr\u00e1ning og sta\u00f0festing PlanBet\" \/>\n<meta name=\"robots\" content=\"index, follow, max-snippet:-1, max-image-preview:large, max-video-preview:-1\" \/>\n<meta property=\"og:locale\" content=\"is_IS\" \/>\n<meta property=\"og:type\" content=\"article\" \/>\n<meta property=\"og:title\" content=\"PlanBet skr\u00e1ningarlei\u00f0beiningar | Velkomin tilbo\u00f0\" \/>\n<meta property=\"og:description\" content=\"Lei\u00f0beiningar um skr\u00e1ningu PlanBet reikninga fyrir n\u00fdja spilara \u2713 F\u00e1\u00f0u allt a\u00f0 130% velkominn b\u00f3nus \u00feegar \u00fe\u00fa skr\u00e1ir \u00feig! Skr\u00e1ning og sta\u00f0festing PlanBet\" \/>\n<meta property=\"og:url\" content=\"https:\/\/planbet.promo\/iceland\/registration\/\" \/>\n<meta property=\"og:site_name\" content=\"Planbet Promo is\" \/>\n<meta property=\"article:modified_time\" content=\"2025-09-05T11:02:39+00:00\" \/>\n<meta name=\"twitter:card\" content=\"summary_large_image\" \/>\n<script type=\"application\/ld+json\" class=\"yoast-schema-graph\">{\"@context\":\"https:\/\/schema.org\",\"@graph\":[{\"@type\":\"WebPage\",\"@id\":\"https:\/\/planbet.promo\/iceland\/registration\/\",\"url\":\"https:\/\/planbet.promo\/iceland\/registration\/\",\"name\":\"PlanBet skr\u00e1ningarlei\u00f0beiningar | Velkomin tilbo\u00f0\",\"isPartOf\":{\"@id\":\"https:\/\/planbet.promo\/iceland\/#website\"},\"datePublished\":\"2024-05-28T12:15:13+00:00\",\"dateModified\":\"2025-09-05T11:02:39+00:00\",\"description\":\"Lei\u00f0beiningar um skr\u00e1ningu PlanBet reikninga fyrir n\u00fdja spilara \u2713 F\u00e1\u00f0u allt a\u00f0 130% velkominn b\u00f3nus \u00feegar \u00fe\u00fa skr\u00e1ir \u00feig! Skr\u00e1ning og sta\u00f0festing PlanBet\",\"breadcrumb\":{\"@id\":\"https:\/\/planbet.promo\/iceland\/registration\/#breadcrumb\"},\"inLanguage\":\"is\",\"potentialAction\":[{\"@type\":\"ReadAction\",\"target\":[\"https:\/\/planbet.promo\/iceland\/registration\/\"]}]},{\"@type\":\"BreadcrumbList\",\"@id\":\"https:\/\/planbet.promo\/iceland\/registration\/#breadcrumb\",\"itemListElement\":[{\"@type\":\"ListItem\",\"position\":1,\"name\":\"Home\",\"item\":\"https:\/\/planbet.promo\/iceland\/\"},{\"@type\":\"ListItem\",\"position\":2,\"name\":\"Skr\u00e1ning\"}]},{\"@type\":\"WebSite\",\"@id\":\"https:\/\/planbet.promo\/iceland\/#website\",\"url\":\"https:\/\/planbet.promo\/iceland\/\",\"name\":\"Planbet Promo is\",\"description\":\"My WordPress Blog\",\"potentialAction\":[{\"@type\":\"SearchAction\",\"target\":{\"@type\":\"EntryPoint\",\"urlTemplate\":\"https:\/\/planbet.promo\/iceland\/?s={search_term_string}\"},\"query-input\":{\"@type\":\"PropertyValueSpecification\",\"valueRequired\":true,\"valueName\":\"search_term_string\"}}],\"inLanguage\":\"is\"}]}<\/script>\n<!-- \/ Yoast SEO plugin. -->","yoast_head_json":{"title":"PlanBet skr\u00e1ningarlei\u00f0beiningar | Velkomin tilbo\u00f0","description":"Lei\u00f0beiningar um skr\u00e1ningu PlanBet reikninga fyrir n\u00fdja spilara \u2713 F\u00e1\u00f0u allt a\u00f0 130% velkominn b\u00f3nus \u00feegar \u00fe\u00fa skr\u00e1ir \u00feig! Skr\u00e1ning og sta\u00f0festing PlanBet","robots":{"index":"index","follow":"follow","max-snippet":"max-snippet:-1","max-image-preview":"max-image-preview:large","max-video-preview":"max-video-preview:-1"},"og_locale":"is_IS","og_type":"article","og_title":"PlanBet skr\u00e1ningarlei\u00f0beiningar | Velkomin tilbo\u00f0","og_description":"Lei\u00f0beiningar um skr\u00e1ningu PlanBet reikninga fyrir n\u00fdja spilara \u2713 F\u00e1\u00f0u allt a\u00f0 130% velkominn b\u00f3nus \u00feegar \u00fe\u00fa skr\u00e1ir \u00feig! Skr\u00e1ning og sta\u00f0festing PlanBet","og_url":"https:\/\/planbet.promo\/iceland\/registration\/","og_site_name":"Planbet Promo is","article_modified_time":"2025-09-05T11:02:39+00:00","twitter_card":"summary_large_image","schema":{"@context":"https:\/\/schema.org","@graph":[{"@type":"WebPage","@id":"https:\/\/planbet.promo\/iceland\/registration\/","url":"https:\/\/planbet.promo\/iceland\/registration\/","name":"PlanBet skr\u00e1ningarlei\u00f0beiningar | Velkomin tilbo\u00f0","isPartOf":{"@id":"https:\/\/planbet.promo\/iceland\/#website"},"datePublished":"2024-05-28T12:15:13+00:00","dateModified":"2025-09-05T11:02:39+00:00","description":"Lei\u00f0beiningar um skr\u00e1ningu PlanBet reikninga fyrir n\u00fdja spilara \u2713 F\u00e1\u00f0u allt a\u00f0 130% velkominn b\u00f3nus \u00feegar \u00fe\u00fa skr\u00e1ir \u00feig! Skr\u00e1ning og sta\u00f0festing PlanBet","breadcrumb":{"@id":"https:\/\/planbet.promo\/iceland\/registration\/#breadcrumb"},"inLanguage":"is","potentialAction":[{"@type":"ReadAction","target":["https:\/\/planbet.promo\/iceland\/registration\/"]}]},{"@type":"BreadcrumbList","@id":"https:\/\/planbet.promo\/iceland\/registration\/#breadcrumb","itemListElement":[{"@type":"ListItem","position":1,"name":"Home","item":"https:\/\/planbet.promo\/iceland\/"},{"@type":"ListItem","position":2,"name":"Skr\u00e1ning"}]},{"@type":"WebSite","@id":"https:\/\/planbet.promo\/iceland\/#website","url":"https:\/\/planbet.promo\/iceland\/","name":"Planbet Promo is","description":"My WordPress Blog","potentialAction":[{"@type":"SearchAction","target":{"@type":"EntryPoint","urlTemplate":"https:\/\/planbet.promo\/iceland\/?s={search_term_string}"},"query-input":{"@type":"PropertyValueSpecification","valueRequired":true,"valueName":"search_term_string"}}],"inLanguage":"is"}]}},"_links":{"self":[{"href":"https:\/\/planbet.promo\/iceland\/wp-json\/wp\/v2\/pages\/270","targetHints":{"allow":["GET"]}}],"collection":[{"href":"https:\/\/planbet.promo\/iceland\/wp-json\/wp\/v2\/pages"}],"about":[{"href":"https:\/\/planbet.promo\/iceland\/wp-json\/wp\/v2\/types\/page"}],"author":[{"embeddable":true,"href":"https:\/\/planbet.promo\/iceland\/wp-json\/wp\/v2\/users\/1"}],"replies":[{"embeddable":true,"href":"https:\/\/planbet.promo\/iceland\/wp-json\/wp\/v2\/comments?post=270"}],"version-history":[{"count":7,"href":"https:\/\/planbet.promo\/iceland\/wp-json\/wp\/v2\/pages\/270\/revisions"}],"predecessor-version":[{"id":830,"href":"https:\/\/planbet.promo\/iceland\/wp-json\/wp\/v2\/pages\/270\/revisions\/830"}],"wp:attachment":[{"href":"https:\/\/planbet.promo\/iceland\/wp-json\/wp\/v2\/media?parent=270"}],"curies":[{"name":"wp","href":"https:\/\/api.w.org\/{rel}","templated":true}]}}