{"id":287,"date":"2024-05-28T12:38:43","date_gmt":"2024-05-28T12:38:43","guid":{"rendered":"https:\/\/betwinner.team\/?page_id=287"},"modified":"2025-10-07T19:54:18","modified_gmt":"2025-10-07T19:54:18","slug":"casino","status":"publish","type":"page","link":"https:\/\/planbet.promo\/iceland\/casino\/","title":{"rendered":"Spilav\u00edti"},"content":{"rendered":"","protected":false},"excerpt":{"rendered":"","protected":false},"author":1,"featured_media":0,"parent":0,"menu_order":0,"comment_status":"closed","ping_status":"closed","template":"","meta":{"footnotes":""},"class_list":["post-287","page","type-page","status-publish","hentry"],"yoast_head":"<!-- This site is optimized with the Yoast SEO plugin v26.2 - https:\/\/yoast.com\/wordpress\/plugins\/seo\/ -->\n<title>PlanBet spilav\u00edti\u00f0 \ud83c\udfb0 Spilakassar og lifandi gjafarar<\/title>\n<meta name=\"description\" content=\"PlanBet spilav\u00edti\u00f0 b\u00fd\u00f0ur spilurum upp \u00e1 a\u00f0 nj\u00f3ta netleikja hvar og hven\u00e6r sem er \ud83d\uddf8 Upplif\u00f0u spennuna \u00ed vins\u00e6lum leikjum me\u00f0 raunverulegum gjafarum \u00ed lifandi spilav\u00edti\" \/>\n<meta name=\"robots\" content=\"index, follow, max-snippet:-1, max-image-preview:large, max-video-preview:-1\" \/>\n<meta property=\"og:locale\" content=\"is_IS\" \/>\n<meta property=\"og:type\" content=\"article\" \/>\n<meta property=\"og:title\" content=\"PlanBet spilav\u00edti\u00f0 \ud83c\udfb0 Spilakassar og lifandi gjafarar\" \/>\n<meta property=\"og:description\" content=\"PlanBet spilav\u00edti\u00f0 b\u00fd\u00f0ur spilurum upp \u00e1 a\u00f0 nj\u00f3ta netleikja hvar og hven\u00e6r sem er \ud83d\uddf8 Upplif\u00f0u spennuna \u00ed vins\u00e6lum leikjum me\u00f0 raunverulegum gjafarum \u00ed lifandi spilav\u00edti\" \/>\n<meta property=\"og:url\" content=\"https:\/\/planbet.promo\/iceland\/casino\/\" \/>\n<meta property=\"og:site_name\" content=\"Planbet Promo is\" \/>\n<meta property=\"article:modified_time\" content=\"2025-10-07T19:54:18+00:00\" \/>\n<meta name=\"twitter:card\" content=\"summary_large_image\" \/>\n<script type=\"application\/ld+json\" class=\"yoast-schema-graph\">{\"@context\":\"https:\/\/schema.org\",\"@graph\":[{\"@type\":\"WebPage\",\"@id\":\"https:\/\/planbet.promo\/iceland\/casino\/\",\"url\":\"https:\/\/planbet.promo\/iceland\/casino\/\",\"name\":\"PlanBet spilav\u00edti\u00f0 \ud83c\udfb0 Spilakassar og lifandi gjafarar\",\"isPartOf\":{\"@id\":\"https:\/\/planbet.promo\/iceland\/#website\"},\"datePublished\":\"2024-05-28T12:38:43+00:00\",\"dateModified\":\"2025-10-07T19:54:18+00:00\",\"description\":\"PlanBet spilav\u00edti\u00f0 b\u00fd\u00f0ur spilurum upp \u00e1 a\u00f0 nj\u00f3ta netleikja hvar og hven\u00e6r sem er \ud83d\uddf8 Upplif\u00f0u spennuna \u00ed vins\u00e6lum leikjum me\u00f0 raunverulegum gjafarum \u00ed lifandi spilav\u00edti\",\"breadcrumb\":{\"@id\":\"https:\/\/planbet.promo\/iceland\/casino\/#breadcrumb\"},\"inLanguage\":\"is\",\"potentialAction\":[{\"@type\":\"ReadAction\",\"target\":[\"https:\/\/planbet.promo\/iceland\/casino\/\"]}]},{\"@type\":\"BreadcrumbList\",\"@id\":\"https:\/\/planbet.promo\/iceland\/casino\/#breadcrumb\",\"itemListElement\":[{\"@type\":\"ListItem\",\"position\":1,\"name\":\"Home\",\"item\":\"https:\/\/planbet.promo\/iceland\/\"},{\"@type\":\"ListItem\",\"position\":2,\"name\":\"Spilav\u00edti\"}]},{\"@type\":\"WebSite\",\"@id\":\"https:\/\/planbet.promo\/iceland\/#website\",\"url\":\"https:\/\/planbet.promo\/iceland\/\",\"name\":\"Planbet Promo is\",\"description\":\"My WordPress Blog\",\"potentialAction\":[{\"@type\":\"SearchAction\",\"target\":{\"@type\":\"EntryPoint\",\"urlTemplate\":\"https:\/\/planbet.promo\/iceland\/?s={search_term_string}\"},\"query-input\":{\"@type\":\"PropertyValueSpecification\",\"valueRequired\":true,\"valueName\":\"search_term_string\"}}],\"inLanguage\":\"is\"}]}<\/script>\n<!-- \/ Yoast SEO plugin. -->","yoast_head_json":{"title":"PlanBet spilav\u00edti\u00f0 \ud83c\udfb0 Spilakassar og lifandi gjafarar","description":"PlanBet spilav\u00edti\u00f0 b\u00fd\u00f0ur spilurum upp \u00e1 a\u00f0 nj\u00f3ta netleikja hvar og hven\u00e6r sem er \ud83d\uddf8 Upplif\u00f0u spennuna \u00ed vins\u00e6lum leikjum me\u00f0 raunverulegum gjafarum \u00ed lifandi spilav\u00edti","robots":{"index":"index","follow":"follow","max-snippet":"max-snippet:-1","max-image-preview":"max-image-preview:large","max-video-preview":"max-video-preview:-1"},"og_locale":"is_IS","og_type":"article","og_title":"PlanBet spilav\u00edti\u00f0 \ud83c\udfb0 Spilakassar og lifandi gjafarar","og_description":"PlanBet spilav\u00edti\u00f0 b\u00fd\u00f0ur spilurum upp \u00e1 a\u00f0 nj\u00f3ta netleikja hvar og hven\u00e6r sem er \ud83d\uddf8 Upplif\u00f0u spennuna \u00ed vins\u00e6lum leikjum me\u00f0 raunverulegum gjafarum \u00ed lifandi spilav\u00edti","og_url":"https:\/\/planbet.promo\/iceland\/casino\/","og_site_name":"Planbet Promo is","article_modified_time":"2025-10-07T19:54:18+00:00","twitter_card":"summary_large_image","schema":{"@context":"https:\/\/schema.org","@graph":[{"@type":"WebPage","@id":"https:\/\/planbet.promo\/iceland\/casino\/","url":"https:\/\/planbet.promo\/iceland\/casino\/","name":"PlanBet spilav\u00edti\u00f0 \ud83c\udfb0 Spilakassar og lifandi gjafarar","isPartOf":{"@id":"https:\/\/planbet.promo\/iceland\/#website"},"datePublished":"2024-05-28T12:38:43+00:00","dateModified":"2025-10-07T19:54:18+00:00","description":"PlanBet spilav\u00edti\u00f0 b\u00fd\u00f0ur spilurum upp \u00e1 a\u00f0 nj\u00f3ta netleikja hvar og hven\u00e6r sem er \ud83d\uddf8 Upplif\u00f0u spennuna \u00ed vins\u00e6lum leikjum me\u00f0 raunverulegum gjafarum \u00ed lifandi spilav\u00edti","breadcrumb":{"@id":"https:\/\/planbet.promo\/iceland\/casino\/#breadcrumb"},"inLanguage":"is","potentialAction":[{"@type":"ReadAction","target":["https:\/\/planbet.promo\/iceland\/casino\/"]}]},{"@type":"BreadcrumbList","@id":"https:\/\/planbet.promo\/iceland\/casino\/#breadcrumb","itemListElement":[{"@type":"ListItem","position":1,"name":"Home","item":"https:\/\/planbet.promo\/iceland\/"},{"@type":"ListItem","position":2,"name":"Spilav\u00edti"}]},{"@type":"WebSite","@id":"https:\/\/planbet.promo\/iceland\/#website","url":"https:\/\/planbet.promo\/iceland\/","name":"Planbet Promo is","description":"My WordPress Blog","potentialAction":[{"@type":"SearchAction","target":{"@type":"EntryPoint","urlTemplate":"https:\/\/planbet.promo\/iceland\/?s={search_term_string}"},"query-input":{"@type":"PropertyValueSpecification","valueRequired":true,"valueName":"search_term_string"}}],"inLanguage":"is"}]}},"_links":{"self":[{"href":"https:\/\/planbet.promo\/iceland\/wp-json\/wp\/v2\/pages\/287","targetHints":{"allow":["GET"]}}],"collection":[{"href":"https:\/\/planbet.promo\/iceland\/wp-json\/wp\/v2\/pages"}],"about":[{"href":"https:\/\/planbet.promo\/iceland\/wp-json\/wp\/v2\/types\/page"}],"author":[{"embeddable":true,"href":"https:\/\/planbet.promo\/iceland\/wp-json\/wp\/v2\/users\/1"}],"replies":[{"embeddable":true,"href":"https:\/\/planbet.promo\/iceland\/wp-json\/wp\/v2\/comments?post=287"}],"version-history":[{"count":7,"href":"https:\/\/planbet.promo\/iceland\/wp-json\/wp\/v2\/pages\/287\/revisions"}],"predecessor-version":[{"id":842,"href":"https:\/\/planbet.promo\/iceland\/wp-json\/wp\/v2\/pages\/287\/revisions\/842"}],"wp:attachment":[{"href":"https:\/\/planbet.promo\/iceland\/wp-json\/wp\/v2\/media?parent=287"}],"curies":[{"name":"wp","href":"https:\/\/api.w.org\/{rel}","templated":true}]}}