{"id":304,"date":"2024-05-28T13:23:17","date_gmt":"2024-05-28T13:23:17","guid":{"rendered":"https:\/\/betwinner.team\/?page_id=304"},"modified":"2025-09-05T12:17:58","modified_gmt":"2025-09-05T12:17:58","slug":"login","status":"publish","type":"page","link":"https:\/\/planbet.promo\/iceland\/login\/","title":{"rendered":"Innskr\u00e1ning"},"content":{"rendered":"","protected":false},"excerpt":{"rendered":"","protected":false},"author":1,"featured_media":0,"parent":0,"menu_order":0,"comment_status":"closed","ping_status":"closed","template":"","meta":{"footnotes":""},"class_list":["post-304","page","type-page","status-publish","hentry"],"yoast_head":"<!-- This site is optimized with the Yoast SEO plugin v26.2 - https:\/\/yoast.com\/wordpress\/plugins\/seo\/ -->\n<title>Innskr\u00e1ning \u00e1 PlanBet \ud83d\udfe2 Hvernig \u00e1 a\u00f0 f\u00e1 a\u00f0gang a\u00f0 reikningnum \u00fe\u00ednum<\/title>\n<meta name=\"description\" content=\"Skr\u00e1\u00f0u \u00feig me\u00f0 einum smelli \u00e1 PlanBet s\u00ed\u00f0una og f\u00e1\u00f0u bestu velkominn b\u00f3nusana \u00e1 PlanBet.com \ud83d\uddf8 Skr\u00e1\u00f0u \u00feig inn og byrja\u00f0u a\u00f0 ve\u00f0ja n\u00fana\" \/>\n<meta name=\"robots\" content=\"index, follow, max-snippet:-1, max-image-preview:large, max-video-preview:-1\" \/>\n<meta property=\"og:locale\" content=\"is_IS\" \/>\n<meta property=\"og:type\" content=\"article\" \/>\n<meta property=\"og:title\" content=\"Innskr\u00e1ning \u00e1 PlanBet \ud83d\udfe2 Hvernig \u00e1 a\u00f0 f\u00e1 a\u00f0gang a\u00f0 reikningnum \u00fe\u00ednum\" \/>\n<meta property=\"og:description\" content=\"Skr\u00e1\u00f0u \u00feig me\u00f0 einum smelli \u00e1 PlanBet s\u00ed\u00f0una og f\u00e1\u00f0u bestu velkominn b\u00f3nusana \u00e1 PlanBet.com \ud83d\uddf8 Skr\u00e1\u00f0u \u00feig inn og byrja\u00f0u a\u00f0 ve\u00f0ja n\u00fana\" \/>\n<meta property=\"og:url\" content=\"https:\/\/planbet.promo\/iceland\/login\/\" \/>\n<meta property=\"og:site_name\" content=\"Planbet Promo is\" \/>\n<meta property=\"article:modified_time\" content=\"2025-09-05T12:17:58+00:00\" \/>\n<meta name=\"twitter:card\" content=\"summary_large_image\" \/>\n<script type=\"application\/ld+json\" class=\"yoast-schema-graph\">{\"@context\":\"https:\/\/schema.org\",\"@graph\":[{\"@type\":\"WebPage\",\"@id\":\"https:\/\/planbet.promo\/iceland\/login\/\",\"url\":\"https:\/\/planbet.promo\/iceland\/login\/\",\"name\":\"Innskr\u00e1ning \u00e1 PlanBet \ud83d\udfe2 Hvernig \u00e1 a\u00f0 f\u00e1 a\u00f0gang a\u00f0 reikningnum \u00fe\u00ednum\",\"isPartOf\":{\"@id\":\"https:\/\/planbet.promo\/iceland\/#website\"},\"datePublished\":\"2024-05-28T13:23:17+00:00\",\"dateModified\":\"2025-09-05T12:17:58+00:00\",\"description\":\"Skr\u00e1\u00f0u \u00feig me\u00f0 einum smelli \u00e1 PlanBet s\u00ed\u00f0una og f\u00e1\u00f0u bestu velkominn b\u00f3nusana \u00e1 PlanBet.com \ud83d\uddf8 Skr\u00e1\u00f0u \u00feig inn og byrja\u00f0u a\u00f0 ve\u00f0ja n\u00fana\",\"breadcrumb\":{\"@id\":\"https:\/\/planbet.promo\/iceland\/login\/#breadcrumb\"},\"inLanguage\":\"is\",\"potentialAction\":[{\"@type\":\"ReadAction\",\"target\":[\"https:\/\/planbet.promo\/iceland\/login\/\"]}]},{\"@type\":\"BreadcrumbList\",\"@id\":\"https:\/\/planbet.promo\/iceland\/login\/#breadcrumb\",\"itemListElement\":[{\"@type\":\"ListItem\",\"position\":1,\"name\":\"Home\",\"item\":\"https:\/\/planbet.promo\/iceland\/\"},{\"@type\":\"ListItem\",\"position\":2,\"name\":\"Innskr\u00e1ning\"}]},{\"@type\":\"WebSite\",\"@id\":\"https:\/\/planbet.promo\/iceland\/#website\",\"url\":\"https:\/\/planbet.promo\/iceland\/\",\"name\":\"Planbet Promo is\",\"description\":\"My WordPress Blog\",\"potentialAction\":[{\"@type\":\"SearchAction\",\"target\":{\"@type\":\"EntryPoint\",\"urlTemplate\":\"https:\/\/planbet.promo\/iceland\/?s={search_term_string}\"},\"query-input\":{\"@type\":\"PropertyValueSpecification\",\"valueRequired\":true,\"valueName\":\"search_term_string\"}}],\"inLanguage\":\"is\"}]}<\/script>\n<!-- \/ Yoast SEO plugin. -->","yoast_head_json":{"title":"Innskr\u00e1ning \u00e1 PlanBet \ud83d\udfe2 Hvernig \u00e1 a\u00f0 f\u00e1 a\u00f0gang a\u00f0 reikningnum \u00fe\u00ednum","description":"Skr\u00e1\u00f0u \u00feig me\u00f0 einum smelli \u00e1 PlanBet s\u00ed\u00f0una og f\u00e1\u00f0u bestu velkominn b\u00f3nusana \u00e1 PlanBet.com \ud83d\uddf8 Skr\u00e1\u00f0u \u00feig inn og byrja\u00f0u a\u00f0 ve\u00f0ja n\u00fana","robots":{"index":"index","follow":"follow","max-snippet":"max-snippet:-1","max-image-preview":"max-image-preview:large","max-video-preview":"max-video-preview:-1"},"og_locale":"is_IS","og_type":"article","og_title":"Innskr\u00e1ning \u00e1 PlanBet \ud83d\udfe2 Hvernig \u00e1 a\u00f0 f\u00e1 a\u00f0gang a\u00f0 reikningnum \u00fe\u00ednum","og_description":"Skr\u00e1\u00f0u \u00feig me\u00f0 einum smelli \u00e1 PlanBet s\u00ed\u00f0una og f\u00e1\u00f0u bestu velkominn b\u00f3nusana \u00e1 PlanBet.com \ud83d\uddf8 Skr\u00e1\u00f0u \u00feig inn og byrja\u00f0u a\u00f0 ve\u00f0ja n\u00fana","og_url":"https:\/\/planbet.promo\/iceland\/login\/","og_site_name":"Planbet Promo is","article_modified_time":"2025-09-05T12:17:58+00:00","twitter_card":"summary_large_image","schema":{"@context":"https:\/\/schema.org","@graph":[{"@type":"WebPage","@id":"https:\/\/planbet.promo\/iceland\/login\/","url":"https:\/\/planbet.promo\/iceland\/login\/","name":"Innskr\u00e1ning \u00e1 PlanBet \ud83d\udfe2 Hvernig \u00e1 a\u00f0 f\u00e1 a\u00f0gang a\u00f0 reikningnum \u00fe\u00ednum","isPartOf":{"@id":"https:\/\/planbet.promo\/iceland\/#website"},"datePublished":"2024-05-28T13:23:17+00:00","dateModified":"2025-09-05T12:17:58+00:00","description":"Skr\u00e1\u00f0u \u00feig me\u00f0 einum smelli \u00e1 PlanBet s\u00ed\u00f0una og f\u00e1\u00f0u bestu velkominn b\u00f3nusana \u00e1 PlanBet.com \ud83d\uddf8 Skr\u00e1\u00f0u \u00feig inn og byrja\u00f0u a\u00f0 ve\u00f0ja n\u00fana","breadcrumb":{"@id":"https:\/\/planbet.promo\/iceland\/login\/#breadcrumb"},"inLanguage":"is","potentialAction":[{"@type":"ReadAction","target":["https:\/\/planbet.promo\/iceland\/login\/"]}]},{"@type":"BreadcrumbList","@id":"https:\/\/planbet.promo\/iceland\/login\/#breadcrumb","itemListElement":[{"@type":"ListItem","position":1,"name":"Home","item":"https:\/\/planbet.promo\/iceland\/"},{"@type":"ListItem","position":2,"name":"Innskr\u00e1ning"}]},{"@type":"WebSite","@id":"https:\/\/planbet.promo\/iceland\/#website","url":"https:\/\/planbet.promo\/iceland\/","name":"Planbet Promo is","description":"My WordPress Blog","potentialAction":[{"@type":"SearchAction","target":{"@type":"EntryPoint","urlTemplate":"https:\/\/planbet.promo\/iceland\/?s={search_term_string}"},"query-input":{"@type":"PropertyValueSpecification","valueRequired":true,"valueName":"search_term_string"}}],"inLanguage":"is"}]}},"_links":{"self":[{"href":"https:\/\/planbet.promo\/iceland\/wp-json\/wp\/v2\/pages\/304","targetHints":{"allow":["GET"]}}],"collection":[{"href":"https:\/\/planbet.promo\/iceland\/wp-json\/wp\/v2\/pages"}],"about":[{"href":"https:\/\/planbet.promo\/iceland\/wp-json\/wp\/v2\/types\/page"}],"author":[{"embeddable":true,"href":"https:\/\/planbet.promo\/iceland\/wp-json\/wp\/v2\/users\/1"}],"replies":[{"embeddable":true,"href":"https:\/\/planbet.promo\/iceland\/wp-json\/wp\/v2\/comments?post=304"}],"version-history":[{"count":6,"href":"https:\/\/planbet.promo\/iceland\/wp-json\/wp\/v2\/pages\/304\/revisions"}],"predecessor-version":[{"id":833,"href":"https:\/\/planbet.promo\/iceland\/wp-json\/wp\/v2\/pages\/304\/revisions\/833"}],"wp:attachment":[{"href":"https:\/\/planbet.promo\/iceland\/wp-json\/wp\/v2\/media?parent=304"}],"curies":[{"name":"wp","href":"https:\/\/api.w.org\/{rel}","templated":true}]}}