{"id":359,"date":"2024-09-24T06:52:08","date_gmt":"2024-09-24T06:52:08","guid":{"rendered":"https:\/\/betwinner.team\/?page_id=359"},"modified":"2025-09-04T19:52:28","modified_gmt":"2025-09-04T19:52:28","slug":"apk","status":"publish","type":"page","link":"https:\/\/planbet.promo\/iceland\/apk\/","title":{"rendered":"Apk"},"content":{"rendered":"","protected":false},"excerpt":{"rendered":"","protected":false},"author":1,"featured_media":0,"parent":0,"menu_order":0,"comment_status":"closed","ping_status":"closed","template":"","meta":{"footnotes":""},"class_list":["post-359","page","type-page","status-publish","hentry"],"yoast_head":"<!-- This site is optimized with the Yoast SEO plugin v26.2 - https:\/\/yoast.com\/wordpress\/plugins\/seo\/ -->\n<title>PlanBet Apk fyrir Android \u2705 S\u00e6kja \u00f3keypis<\/title>\n<meta name=\"description\" content=\"S\u00e6ktu PlanBet Apk til a\u00f0 nj\u00f3ta \u00ed\u00fer\u00f3tta, spilav\u00edtis og lifandi ve\u00f0m\u00e1la \u00ed s\u00edmanum \u00fe\u00ednum. Hvernig \u00e1 a\u00f0 setja upp opinbera PlanBet Mobile APK fyrir Android og iOS. A\u00f0 sko\u00f0a helstu eiginleika og kosti PlanBet apk.\" \/>\n<meta name=\"robots\" content=\"index, follow, max-snippet:-1, max-image-preview:large, max-video-preview:-1\" \/>\n<meta property=\"og:locale\" content=\"is_IS\" \/>\n<meta property=\"og:type\" content=\"article\" \/>\n<meta property=\"og:title\" content=\"PlanBet Apk fyrir Android \u2705 S\u00e6kja \u00f3keypis\" \/>\n<meta property=\"og:description\" content=\"S\u00e6ktu PlanBet Apk til a\u00f0 nj\u00f3ta \u00ed\u00fer\u00f3tta, spilav\u00edtis og lifandi ve\u00f0m\u00e1la \u00ed s\u00edmanum \u00fe\u00ednum. Hvernig \u00e1 a\u00f0 setja upp opinbera PlanBet Mobile APK fyrir Android og iOS. A\u00f0 sko\u00f0a helstu eiginleika og kosti PlanBet apk.\" \/>\n<meta property=\"og:url\" content=\"https:\/\/planbet.promo\/iceland\/apk\/\" \/>\n<meta property=\"og:site_name\" content=\"Planbet Promo is\" \/>\n<meta property=\"article:modified_time\" content=\"2025-09-04T19:52:28+00:00\" \/>\n<meta name=\"twitter:card\" content=\"summary_large_image\" \/>\n<script type=\"application\/ld+json\" class=\"yoast-schema-graph\">{\"@context\":\"https:\/\/schema.org\",\"@graph\":[{\"@type\":\"WebPage\",\"@id\":\"https:\/\/planbet.promo\/iceland\/apk\/\",\"url\":\"https:\/\/planbet.promo\/iceland\/apk\/\",\"name\":\"PlanBet Apk fyrir Android \u2705 S\u00e6kja \u00f3keypis\",\"isPartOf\":{\"@id\":\"https:\/\/planbet.promo\/iceland\/#website\"},\"datePublished\":\"2024-09-24T06:52:08+00:00\",\"dateModified\":\"2025-09-04T19:52:28+00:00\",\"description\":\"S\u00e6ktu PlanBet Apk til a\u00f0 nj\u00f3ta \u00ed\u00fer\u00f3tta, spilav\u00edtis og lifandi ve\u00f0m\u00e1la \u00ed s\u00edmanum \u00fe\u00ednum. Hvernig \u00e1 a\u00f0 setja upp opinbera PlanBet Mobile APK fyrir Android og iOS. A\u00f0 sko\u00f0a helstu eiginleika og kosti PlanBet apk.\",\"breadcrumb\":{\"@id\":\"https:\/\/planbet.promo\/iceland\/apk\/#breadcrumb\"},\"inLanguage\":\"is\",\"potentialAction\":[{\"@type\":\"ReadAction\",\"target\":[\"https:\/\/planbet.promo\/iceland\/apk\/\"]}]},{\"@type\":\"BreadcrumbList\",\"@id\":\"https:\/\/planbet.promo\/iceland\/apk\/#breadcrumb\",\"itemListElement\":[{\"@type\":\"ListItem\",\"position\":1,\"name\":\"Home\",\"item\":\"https:\/\/planbet.promo\/iceland\/\"},{\"@type\":\"ListItem\",\"position\":2,\"name\":\"Apk\"}]},{\"@type\":\"WebSite\",\"@id\":\"https:\/\/planbet.promo\/iceland\/#website\",\"url\":\"https:\/\/planbet.promo\/iceland\/\",\"name\":\"Planbet Promo is\",\"description\":\"My WordPress Blog\",\"potentialAction\":[{\"@type\":\"SearchAction\",\"target\":{\"@type\":\"EntryPoint\",\"urlTemplate\":\"https:\/\/planbet.promo\/iceland\/?s={search_term_string}\"},\"query-input\":{\"@type\":\"PropertyValueSpecification\",\"valueRequired\":true,\"valueName\":\"search_term_string\"}}],\"inLanguage\":\"is\"}]}<\/script>\n<!-- \/ Yoast SEO plugin. -->","yoast_head_json":{"title":"PlanBet Apk fyrir Android \u2705 S\u00e6kja \u00f3keypis","description":"S\u00e6ktu PlanBet Apk til a\u00f0 nj\u00f3ta \u00ed\u00fer\u00f3tta, spilav\u00edtis og lifandi ve\u00f0m\u00e1la \u00ed s\u00edmanum \u00fe\u00ednum. Hvernig \u00e1 a\u00f0 setja upp opinbera PlanBet Mobile APK fyrir Android og iOS. A\u00f0 sko\u00f0a helstu eiginleika og kosti PlanBet apk.","robots":{"index":"index","follow":"follow","max-snippet":"max-snippet:-1","max-image-preview":"max-image-preview:large","max-video-preview":"max-video-preview:-1"},"og_locale":"is_IS","og_type":"article","og_title":"PlanBet Apk fyrir Android \u2705 S\u00e6kja \u00f3keypis","og_description":"S\u00e6ktu PlanBet Apk til a\u00f0 nj\u00f3ta \u00ed\u00fer\u00f3tta, spilav\u00edtis og lifandi ve\u00f0m\u00e1la \u00ed s\u00edmanum \u00fe\u00ednum. Hvernig \u00e1 a\u00f0 setja upp opinbera PlanBet Mobile APK fyrir Android og iOS. A\u00f0 sko\u00f0a helstu eiginleika og kosti PlanBet apk.","og_url":"https:\/\/planbet.promo\/iceland\/apk\/","og_site_name":"Planbet Promo is","article_modified_time":"2025-09-04T19:52:28+00:00","twitter_card":"summary_large_image","schema":{"@context":"https:\/\/schema.org","@graph":[{"@type":"WebPage","@id":"https:\/\/planbet.promo\/iceland\/apk\/","url":"https:\/\/planbet.promo\/iceland\/apk\/","name":"PlanBet Apk fyrir Android \u2705 S\u00e6kja \u00f3keypis","isPartOf":{"@id":"https:\/\/planbet.promo\/iceland\/#website"},"datePublished":"2024-09-24T06:52:08+00:00","dateModified":"2025-09-04T19:52:28+00:00","description":"S\u00e6ktu PlanBet Apk til a\u00f0 nj\u00f3ta \u00ed\u00fer\u00f3tta, spilav\u00edtis og lifandi ve\u00f0m\u00e1la \u00ed s\u00edmanum \u00fe\u00ednum. Hvernig \u00e1 a\u00f0 setja upp opinbera PlanBet Mobile APK fyrir Android og iOS. A\u00f0 sko\u00f0a helstu eiginleika og kosti PlanBet apk.","breadcrumb":{"@id":"https:\/\/planbet.promo\/iceland\/apk\/#breadcrumb"},"inLanguage":"is","potentialAction":[{"@type":"ReadAction","target":["https:\/\/planbet.promo\/iceland\/apk\/"]}]},{"@type":"BreadcrumbList","@id":"https:\/\/planbet.promo\/iceland\/apk\/#breadcrumb","itemListElement":[{"@type":"ListItem","position":1,"name":"Home","item":"https:\/\/planbet.promo\/iceland\/"},{"@type":"ListItem","position":2,"name":"Apk"}]},{"@type":"WebSite","@id":"https:\/\/planbet.promo\/iceland\/#website","url":"https:\/\/planbet.promo\/iceland\/","name":"Planbet Promo is","description":"My WordPress Blog","potentialAction":[{"@type":"SearchAction","target":{"@type":"EntryPoint","urlTemplate":"https:\/\/planbet.promo\/iceland\/?s={search_term_string}"},"query-input":{"@type":"PropertyValueSpecification","valueRequired":true,"valueName":"search_term_string"}}],"inLanguage":"is"}]}},"_links":{"self":[{"href":"https:\/\/planbet.promo\/iceland\/wp-json\/wp\/v2\/pages\/359","targetHints":{"allow":["GET"]}}],"collection":[{"href":"https:\/\/planbet.promo\/iceland\/wp-json\/wp\/v2\/pages"}],"about":[{"href":"https:\/\/planbet.promo\/iceland\/wp-json\/wp\/v2\/types\/page"}],"author":[{"embeddable":true,"href":"https:\/\/planbet.promo\/iceland\/wp-json\/wp\/v2\/users\/1"}],"replies":[{"embeddable":true,"href":"https:\/\/planbet.promo\/iceland\/wp-json\/wp\/v2\/comments?post=359"}],"version-history":[{"count":5,"href":"https:\/\/planbet.promo\/iceland\/wp-json\/wp\/v2\/pages\/359\/revisions"}],"predecessor-version":[{"id":816,"href":"https:\/\/planbet.promo\/iceland\/wp-json\/wp\/v2\/pages\/359\/revisions\/816"}],"wp:attachment":[{"href":"https:\/\/planbet.promo\/iceland\/wp-json\/wp\/v2\/media?parent=359"}],"curies":[{"name":"wp","href":"https:\/\/api.w.org\/{rel}","templated":true}]}}