{"id":499,"date":"2025-05-21T12:52:53","date_gmt":"2025-05-21T12:52:53","guid":{"rendered":"https:\/\/betwinner.team\/?page_id=499"},"modified":"2025-09-05T09:38:25","modified_gmt":"2025-09-05T09:38:25","slug":"casino-welcome-package","status":"publish","type":"page","link":"https:\/\/planbet.promo\/iceland\/bonus\/casino-welcome-package\/","title":{"rendered":"Velkomin pakki \u00ed spilav\u00edti\u00f0"},"content":{"rendered":"","protected":false},"excerpt":{"rendered":"","protected":false},"author":1,"featured_media":0,"parent":152,"menu_order":0,"comment_status":"closed","ping_status":"closed","template":"","meta":{"footnotes":""},"class_list":["post-499","page","type-page","status-publish","hentry"],"yoast_head":"<!-- This site is optimized with the Yoast SEO plugin v26.2 - https:\/\/yoast.com\/wordpress\/plugins\/seo\/ -->\n<title>Velkomin pakki hj\u00e1 PlanBet spilav\u00edtinu \u1409 F\u00e1\u00f0u allt a\u00f0 200.000 ISK + 150 FS<\/title>\n<meta name=\"description\" content=\"Velkomin pakki hj\u00e1 PlanBet spilav\u00edtinu b\u00ed\u00f0ur \u00fe\u00edn: allt a\u00f0 200.000 ISK og 150 \u00f3keypis sn\u00faningar! Skr\u00e1ning er einf\u00f6ld og b\u00f3nusarnir eru rausnarlegir. Misstu ekki af t\u00e6kif\u00e6rinu til a\u00f0 tryggja \u00fe\u00e9r risavinninga me\u00f0 \u00fev\u00ed a\u00f0 fylgja einf\u00f6ldum skrefum okkar. Nj\u00f3ttu spennunnar!\" \/>\n<meta name=\"robots\" content=\"index, follow, max-snippet:-1, max-image-preview:large, max-video-preview:-1\" \/>\n<meta property=\"og:locale\" content=\"is_IS\" \/>\n<meta property=\"og:type\" content=\"article\" \/>\n<meta property=\"og:title\" content=\"Velkomin pakki hj\u00e1 PlanBet spilav\u00edtinu \u1409 F\u00e1\u00f0u allt a\u00f0 200.000 ISK + 150 FS\" \/>\n<meta property=\"og:description\" content=\"Velkomin pakki hj\u00e1 PlanBet spilav\u00edtinu b\u00ed\u00f0ur \u00fe\u00edn: allt a\u00f0 200.000 ISK og 150 \u00f3keypis sn\u00faningar! Skr\u00e1ning er einf\u00f6ld og b\u00f3nusarnir eru rausnarlegir. Misstu ekki af t\u00e6kif\u00e6rinu til a\u00f0 tryggja \u00fe\u00e9r risavinninga me\u00f0 \u00fev\u00ed a\u00f0 fylgja einf\u00f6ldum skrefum okkar. Nj\u00f3ttu spennunnar!\" \/>\n<meta property=\"og:url\" content=\"https:\/\/planbet.promo\/iceland\/bonus\/casino-welcome-package\/\" \/>\n<meta property=\"og:site_name\" content=\"Planbet Promo is\" \/>\n<meta property=\"article:modified_time\" content=\"2025-09-05T09:38:25+00:00\" \/>\n<meta name=\"twitter:card\" content=\"summary_large_image\" \/>\n<script type=\"application\/ld+json\" class=\"yoast-schema-graph\">{\"@context\":\"https:\/\/schema.org\",\"@graph\":[{\"@type\":\"WebPage\",\"@id\":\"https:\/\/planbet.promo\/iceland\/bonus\/casino-welcome-package\/\",\"url\":\"https:\/\/planbet.promo\/iceland\/bonus\/casino-welcome-package\/\",\"name\":\"Velkomin pakki hj\u00e1 PlanBet spilav\u00edtinu \u1409 F\u00e1\u00f0u allt a\u00f0 200.000 ISK + 150 FS\",\"isPartOf\":{\"@id\":\"https:\/\/planbet.promo\/iceland\/#website\"},\"datePublished\":\"2025-05-21T12:52:53+00:00\",\"dateModified\":\"2025-09-05T09:38:25+00:00\",\"description\":\"Velkomin pakki hj\u00e1 PlanBet spilav\u00edtinu b\u00ed\u00f0ur \u00fe\u00edn: allt a\u00f0 200.000 ISK og 150 \u00f3keypis sn\u00faningar! Skr\u00e1ning er einf\u00f6ld og b\u00f3nusarnir eru rausnarlegir. Misstu ekki af t\u00e6kif\u00e6rinu til a\u00f0 tryggja \u00fe\u00e9r risavinninga me\u00f0 \u00fev\u00ed a\u00f0 fylgja einf\u00f6ldum skrefum okkar. Nj\u00f3ttu spennunnar!\",\"breadcrumb\":{\"@id\":\"https:\/\/planbet.promo\/iceland\/bonus\/casino-welcome-package\/#breadcrumb\"},\"inLanguage\":\"is\",\"potentialAction\":[{\"@type\":\"ReadAction\",\"target\":[\"https:\/\/planbet.promo\/iceland\/bonus\/casino-welcome-package\/\"]}]},{\"@type\":\"BreadcrumbList\",\"@id\":\"https:\/\/planbet.promo\/iceland\/bonus\/casino-welcome-package\/#breadcrumb\",\"itemListElement\":[{\"@type\":\"ListItem\",\"position\":1,\"name\":\"Home\",\"item\":\"https:\/\/planbet.promo\/iceland\/\"},{\"@type\":\"ListItem\",\"position\":2,\"name\":\"B\u00f3nus\",\"item\":\"https:\/\/planbet.promo\/iceland\/bonus\/\"},{\"@type\":\"ListItem\",\"position\":3,\"name\":\"Velkomin pakki \u00ed spilav\u00edti\u00f0\"}]},{\"@type\":\"WebSite\",\"@id\":\"https:\/\/planbet.promo\/iceland\/#website\",\"url\":\"https:\/\/planbet.promo\/iceland\/\",\"name\":\"Planbet Promo is\",\"description\":\"My WordPress Blog\",\"potentialAction\":[{\"@type\":\"SearchAction\",\"target\":{\"@type\":\"EntryPoint\",\"urlTemplate\":\"https:\/\/planbet.promo\/iceland\/?s={search_term_string}\"},\"query-input\":{\"@type\":\"PropertyValueSpecification\",\"valueRequired\":true,\"valueName\":\"search_term_string\"}}],\"inLanguage\":\"is\"}]}<\/script>\n<!-- \/ Yoast SEO plugin. -->","yoast_head_json":{"title":"Velkomin pakki hj\u00e1 PlanBet spilav\u00edtinu \u1409 F\u00e1\u00f0u allt a\u00f0 200.000 ISK + 150 FS","description":"Velkomin pakki hj\u00e1 PlanBet spilav\u00edtinu b\u00ed\u00f0ur \u00fe\u00edn: allt a\u00f0 200.000 ISK og 150 \u00f3keypis sn\u00faningar! Skr\u00e1ning er einf\u00f6ld og b\u00f3nusarnir eru rausnarlegir. Misstu ekki af t\u00e6kif\u00e6rinu til a\u00f0 tryggja \u00fe\u00e9r risavinninga me\u00f0 \u00fev\u00ed a\u00f0 fylgja einf\u00f6ldum skrefum okkar. Nj\u00f3ttu spennunnar!","robots":{"index":"index","follow":"follow","max-snippet":"max-snippet:-1","max-image-preview":"max-image-preview:large","max-video-preview":"max-video-preview:-1"},"og_locale":"is_IS","og_type":"article","og_title":"Velkomin pakki hj\u00e1 PlanBet spilav\u00edtinu \u1409 F\u00e1\u00f0u allt a\u00f0 200.000 ISK + 150 FS","og_description":"Velkomin pakki hj\u00e1 PlanBet spilav\u00edtinu b\u00ed\u00f0ur \u00fe\u00edn: allt a\u00f0 200.000 ISK og 150 \u00f3keypis sn\u00faningar! Skr\u00e1ning er einf\u00f6ld og b\u00f3nusarnir eru rausnarlegir. Misstu ekki af t\u00e6kif\u00e6rinu til a\u00f0 tryggja \u00fe\u00e9r risavinninga me\u00f0 \u00fev\u00ed a\u00f0 fylgja einf\u00f6ldum skrefum okkar. Nj\u00f3ttu spennunnar!","og_url":"https:\/\/planbet.promo\/iceland\/bonus\/casino-welcome-package\/","og_site_name":"Planbet Promo is","article_modified_time":"2025-09-05T09:38:25+00:00","twitter_card":"summary_large_image","schema":{"@context":"https:\/\/schema.org","@graph":[{"@type":"WebPage","@id":"https:\/\/planbet.promo\/iceland\/bonus\/casino-welcome-package\/","url":"https:\/\/planbet.promo\/iceland\/bonus\/casino-welcome-package\/","name":"Velkomin pakki hj\u00e1 PlanBet spilav\u00edtinu \u1409 F\u00e1\u00f0u allt a\u00f0 200.000 ISK + 150 FS","isPartOf":{"@id":"https:\/\/planbet.promo\/iceland\/#website"},"datePublished":"2025-05-21T12:52:53+00:00","dateModified":"2025-09-05T09:38:25+00:00","description":"Velkomin pakki hj\u00e1 PlanBet spilav\u00edtinu b\u00ed\u00f0ur \u00fe\u00edn: allt a\u00f0 200.000 ISK og 150 \u00f3keypis sn\u00faningar! Skr\u00e1ning er einf\u00f6ld og b\u00f3nusarnir eru rausnarlegir. Misstu ekki af t\u00e6kif\u00e6rinu til a\u00f0 tryggja \u00fe\u00e9r risavinninga me\u00f0 \u00fev\u00ed a\u00f0 fylgja einf\u00f6ldum skrefum okkar. Nj\u00f3ttu spennunnar!","breadcrumb":{"@id":"https:\/\/planbet.promo\/iceland\/bonus\/casino-welcome-package\/#breadcrumb"},"inLanguage":"is","potentialAction":[{"@type":"ReadAction","target":["https:\/\/planbet.promo\/iceland\/bonus\/casino-welcome-package\/"]}]},{"@type":"BreadcrumbList","@id":"https:\/\/planbet.promo\/iceland\/bonus\/casino-welcome-package\/#breadcrumb","itemListElement":[{"@type":"ListItem","position":1,"name":"Home","item":"https:\/\/planbet.promo\/iceland\/"},{"@type":"ListItem","position":2,"name":"B\u00f3nus","item":"https:\/\/planbet.promo\/iceland\/bonus\/"},{"@type":"ListItem","position":3,"name":"Velkomin pakki \u00ed spilav\u00edti\u00f0"}]},{"@type":"WebSite","@id":"https:\/\/planbet.promo\/iceland\/#website","url":"https:\/\/planbet.promo\/iceland\/","name":"Planbet Promo is","description":"My WordPress Blog","potentialAction":[{"@type":"SearchAction","target":{"@type":"EntryPoint","urlTemplate":"https:\/\/planbet.promo\/iceland\/?s={search_term_string}"},"query-input":{"@type":"PropertyValueSpecification","valueRequired":true,"valueName":"search_term_string"}}],"inLanguage":"is"}]}},"_links":{"self":[{"href":"https:\/\/planbet.promo\/iceland\/wp-json\/wp\/v2\/pages\/499","targetHints":{"allow":["GET"]}}],"collection":[{"href":"https:\/\/planbet.promo\/iceland\/wp-json\/wp\/v2\/pages"}],"about":[{"href":"https:\/\/planbet.promo\/iceland\/wp-json\/wp\/v2\/types\/page"}],"author":[{"embeddable":true,"href":"https:\/\/planbet.promo\/iceland\/wp-json\/wp\/v2\/users\/1"}],"replies":[{"embeddable":true,"href":"https:\/\/planbet.promo\/iceland\/wp-json\/wp\/v2\/comments?post=499"}],"version-history":[{"count":4,"href":"https:\/\/planbet.promo\/iceland\/wp-json\/wp\/v2\/pages\/499\/revisions"}],"predecessor-version":[{"id":822,"href":"https:\/\/planbet.promo\/iceland\/wp-json\/wp\/v2\/pages\/499\/revisions\/822"}],"up":[{"embeddable":true,"href":"https:\/\/planbet.promo\/iceland\/wp-json\/wp\/v2\/pages\/152"}],"wp:attachment":[{"href":"https:\/\/planbet.promo\/iceland\/wp-json\/wp\/v2\/media?parent=499"}],"curies":[{"name":"wp","href":"https:\/\/api.w.org\/{rel}","templated":true}]}}