{"id":504,"date":"2025-05-21T13:06:32","date_gmt":"2025-05-21T13:06:32","guid":{"rendered":"https:\/\/betwinner.team\/?page_id=504"},"modified":"2025-09-05T09:59:06","modified_gmt":"2025-09-05T09:59:06","slug":"ten-deposit","status":"publish","type":"page","link":"https:\/\/planbet.promo\/iceland\/bonus\/ten-deposit\/","title":{"rendered":"T\u00edu innborgun"},"content":{"rendered":"","protected":false},"excerpt":{"rendered":"","protected":false},"author":1,"featured_media":0,"parent":152,"menu_order":0,"comment_status":"closed","ping_status":"closed","template":"","meta":{"footnotes":""},"class_list":["post-504","page","type-page","status-publish","hentry"],"yoast_head":"<!-- This site is optimized with the Yoast SEO plugin v26.2 - https:\/\/yoast.com\/wordpress\/plugins\/seo\/ -->\n<title>B\u00f3nus vi\u00f0 10. innborgun \u00e1 PlanBet spilav\u00edti\u00f0: 50% + 100 FS<\/title>\n<meta name=\"description\" content=\"GF\u00e1\u00f0u 50% b\u00f3nus \u00e1 t\u00edundu innborgun \u00fe\u00edna, allt a\u00f0 37.000 kr., og 100 \u00f3keypis sn\u00faninga! Legg\u00f0u bara inn 1200 kr. og gjafirnar eru \u00fe\u00ednar! Misstu ekki af t\u00e6kif\u00e6rinu til a\u00f0 vinna risavinninga, fylgdu einf\u00f6ldum reglum og spila\u00f0u st\u00f3rt!\" \/>\n<meta name=\"robots\" content=\"index, follow, max-snippet:-1, max-image-preview:large, max-video-preview:-1\" \/>\n<meta property=\"og:locale\" content=\"is_IS\" \/>\n<meta property=\"og:type\" content=\"article\" \/>\n<meta property=\"og:title\" content=\"B\u00f3nus vi\u00f0 10. innborgun \u00e1 PlanBet spilav\u00edti\u00f0: 50% + 100 FS\" \/>\n<meta property=\"og:description\" content=\"GF\u00e1\u00f0u 50% b\u00f3nus \u00e1 t\u00edundu innborgun \u00fe\u00edna, allt a\u00f0 37.000 kr., og 100 \u00f3keypis sn\u00faninga! Legg\u00f0u bara inn 1200 kr. og gjafirnar eru \u00fe\u00ednar! Misstu ekki af t\u00e6kif\u00e6rinu til a\u00f0 vinna risavinninga, fylgdu einf\u00f6ldum reglum og spila\u00f0u st\u00f3rt!\" \/>\n<meta property=\"og:url\" content=\"https:\/\/planbet.promo\/iceland\/bonus\/ten-deposit\/\" \/>\n<meta property=\"og:site_name\" content=\"Planbet Promo is\" \/>\n<meta property=\"article:modified_time\" content=\"2025-09-05T09:59:06+00:00\" \/>\n<meta name=\"twitter:card\" content=\"summary_large_image\" \/>\n<script type=\"application\/ld+json\" class=\"yoast-schema-graph\">{\"@context\":\"https:\/\/schema.org\",\"@graph\":[{\"@type\":\"WebPage\",\"@id\":\"https:\/\/planbet.promo\/iceland\/bonus\/ten-deposit\/\",\"url\":\"https:\/\/planbet.promo\/iceland\/bonus\/ten-deposit\/\",\"name\":\"B\u00f3nus vi\u00f0 10. innborgun \u00e1 PlanBet spilav\u00edti\u00f0: 50% + 100 FS\",\"isPartOf\":{\"@id\":\"https:\/\/planbet.promo\/iceland\/#website\"},\"datePublished\":\"2025-05-21T13:06:32+00:00\",\"dateModified\":\"2025-09-05T09:59:06+00:00\",\"description\":\"GF\u00e1\u00f0u 50% b\u00f3nus \u00e1 t\u00edundu innborgun \u00fe\u00edna, allt a\u00f0 37.000 kr., og 100 \u00f3keypis sn\u00faninga! Legg\u00f0u bara inn 1200 kr. og gjafirnar eru \u00fe\u00ednar! Misstu ekki af t\u00e6kif\u00e6rinu til a\u00f0 vinna risavinninga, fylgdu einf\u00f6ldum reglum og spila\u00f0u st\u00f3rt!\",\"breadcrumb\":{\"@id\":\"https:\/\/planbet.promo\/iceland\/bonus\/ten-deposit\/#breadcrumb\"},\"inLanguage\":\"is\",\"potentialAction\":[{\"@type\":\"ReadAction\",\"target\":[\"https:\/\/planbet.promo\/iceland\/bonus\/ten-deposit\/\"]}]},{\"@type\":\"BreadcrumbList\",\"@id\":\"https:\/\/planbet.promo\/iceland\/bonus\/ten-deposit\/#breadcrumb\",\"itemListElement\":[{\"@type\":\"ListItem\",\"position\":1,\"name\":\"Home\",\"item\":\"https:\/\/planbet.promo\/iceland\/\"},{\"@type\":\"ListItem\",\"position\":2,\"name\":\"B\u00f3nus\",\"item\":\"https:\/\/planbet.promo\/iceland\/bonus\/\"},{\"@type\":\"ListItem\",\"position\":3,\"name\":\"T\u00edu innborgun\"}]},{\"@type\":\"WebSite\",\"@id\":\"https:\/\/planbet.promo\/iceland\/#website\",\"url\":\"https:\/\/planbet.promo\/iceland\/\",\"name\":\"Planbet Promo is\",\"description\":\"My WordPress Blog\",\"potentialAction\":[{\"@type\":\"SearchAction\",\"target\":{\"@type\":\"EntryPoint\",\"urlTemplate\":\"https:\/\/planbet.promo\/iceland\/?s={search_term_string}\"},\"query-input\":{\"@type\":\"PropertyValueSpecification\",\"valueRequired\":true,\"valueName\":\"search_term_string\"}}],\"inLanguage\":\"is\"}]}<\/script>\n<!-- \/ Yoast SEO plugin. -->","yoast_head_json":{"title":"B\u00f3nus vi\u00f0 10. innborgun \u00e1 PlanBet spilav\u00edti\u00f0: 50% + 100 FS","description":"GF\u00e1\u00f0u 50% b\u00f3nus \u00e1 t\u00edundu innborgun \u00fe\u00edna, allt a\u00f0 37.000 kr., og 100 \u00f3keypis sn\u00faninga! Legg\u00f0u bara inn 1200 kr. og gjafirnar eru \u00fe\u00ednar! Misstu ekki af t\u00e6kif\u00e6rinu til a\u00f0 vinna risavinninga, fylgdu einf\u00f6ldum reglum og spila\u00f0u st\u00f3rt!","robots":{"index":"index","follow":"follow","max-snippet":"max-snippet:-1","max-image-preview":"max-image-preview:large","max-video-preview":"max-video-preview:-1"},"og_locale":"is_IS","og_type":"article","og_title":"B\u00f3nus vi\u00f0 10. innborgun \u00e1 PlanBet spilav\u00edti\u00f0: 50% + 100 FS","og_description":"GF\u00e1\u00f0u 50% b\u00f3nus \u00e1 t\u00edundu innborgun \u00fe\u00edna, allt a\u00f0 37.000 kr., og 100 \u00f3keypis sn\u00faninga! Legg\u00f0u bara inn 1200 kr. og gjafirnar eru \u00fe\u00ednar! Misstu ekki af t\u00e6kif\u00e6rinu til a\u00f0 vinna risavinninga, fylgdu einf\u00f6ldum reglum og spila\u00f0u st\u00f3rt!","og_url":"https:\/\/planbet.promo\/iceland\/bonus\/ten-deposit\/","og_site_name":"Planbet Promo is","article_modified_time":"2025-09-05T09:59:06+00:00","twitter_card":"summary_large_image","schema":{"@context":"https:\/\/schema.org","@graph":[{"@type":"WebPage","@id":"https:\/\/planbet.promo\/iceland\/bonus\/ten-deposit\/","url":"https:\/\/planbet.promo\/iceland\/bonus\/ten-deposit\/","name":"B\u00f3nus vi\u00f0 10. innborgun \u00e1 PlanBet spilav\u00edti\u00f0: 50% + 100 FS","isPartOf":{"@id":"https:\/\/planbet.promo\/iceland\/#website"},"datePublished":"2025-05-21T13:06:32+00:00","dateModified":"2025-09-05T09:59:06+00:00","description":"GF\u00e1\u00f0u 50% b\u00f3nus \u00e1 t\u00edundu innborgun \u00fe\u00edna, allt a\u00f0 37.000 kr., og 100 \u00f3keypis sn\u00faninga! Legg\u00f0u bara inn 1200 kr. og gjafirnar eru \u00fe\u00ednar! Misstu ekki af t\u00e6kif\u00e6rinu til a\u00f0 vinna risavinninga, fylgdu einf\u00f6ldum reglum og spila\u00f0u st\u00f3rt!","breadcrumb":{"@id":"https:\/\/planbet.promo\/iceland\/bonus\/ten-deposit\/#breadcrumb"},"inLanguage":"is","potentialAction":[{"@type":"ReadAction","target":["https:\/\/planbet.promo\/iceland\/bonus\/ten-deposit\/"]}]},{"@type":"BreadcrumbList","@id":"https:\/\/planbet.promo\/iceland\/bonus\/ten-deposit\/#breadcrumb","itemListElement":[{"@type":"ListItem","position":1,"name":"Home","item":"https:\/\/planbet.promo\/iceland\/"},{"@type":"ListItem","position":2,"name":"B\u00f3nus","item":"https:\/\/planbet.promo\/iceland\/bonus\/"},{"@type":"ListItem","position":3,"name":"T\u00edu innborgun"}]},{"@type":"WebSite","@id":"https:\/\/planbet.promo\/iceland\/#website","url":"https:\/\/planbet.promo\/iceland\/","name":"Planbet Promo is","description":"My WordPress Blog","potentialAction":[{"@type":"SearchAction","target":{"@type":"EntryPoint","urlTemplate":"https:\/\/planbet.promo\/iceland\/?s={search_term_string}"},"query-input":{"@type":"PropertyValueSpecification","valueRequired":true,"valueName":"search_term_string"}}],"inLanguage":"is"}]}},"_links":{"self":[{"href":"https:\/\/planbet.promo\/iceland\/wp-json\/wp\/v2\/pages\/504","targetHints":{"allow":["GET"]}}],"collection":[{"href":"https:\/\/planbet.promo\/iceland\/wp-json\/wp\/v2\/pages"}],"about":[{"href":"https:\/\/planbet.promo\/iceland\/wp-json\/wp\/v2\/types\/page"}],"author":[{"embeddable":true,"href":"https:\/\/planbet.promo\/iceland\/wp-json\/wp\/v2\/users\/1"}],"replies":[{"embeddable":true,"href":"https:\/\/planbet.promo\/iceland\/wp-json\/wp\/v2\/comments?post=504"}],"version-history":[{"count":4,"href":"https:\/\/planbet.promo\/iceland\/wp-json\/wp\/v2\/pages\/504\/revisions"}],"predecessor-version":[{"id":824,"href":"https:\/\/planbet.promo\/iceland\/wp-json\/wp\/v2\/pages\/504\/revisions\/824"}],"up":[{"embeddable":true,"href":"https:\/\/planbet.promo\/iceland\/wp-json\/wp\/v2\/pages\/152"}],"wp:attachment":[{"href":"https:\/\/planbet.promo\/iceland\/wp-json\/wp\/v2\/media?parent=504"}],"curies":[{"name":"wp","href":"https:\/\/api.w.org\/{rel}","templated":true}]}}