{"id":510,"date":"2025-05-21T13:31:40","date_gmt":"2025-05-21T13:31:40","guid":{"rendered":"https:\/\/betwinner.team\/?page_id=510"},"modified":"2025-09-05T09:27:41","modified_gmt":"2025-09-05T09:27:41","slug":"big-match","status":"publish","type":"page","link":"https:\/\/planbet.promo\/iceland\/bonus\/big-match\/","title":{"rendered":"St\u00f3rleikur"},"content":{"rendered":"","protected":false},"excerpt":{"rendered":"","protected":false},"author":1,"featured_media":0,"parent":152,"menu_order":0,"comment_status":"closed","ping_status":"closed","template":"","meta":{"footnotes":""},"class_list":["post-510","page","type-page","status-publish","hentry"],"yoast_head":"<!-- This site is optimized with the Yoast SEO plugin v26.2 - https:\/\/yoast.com\/wordpress\/plugins\/seo\/ -->\n<title>St\u00f3rvi\u00f0ureign PlanBet \u1409 F\u00e1\u00f0u 1200 ISK endurgrei\u00f0slu ef \u00fe\u00fa tapar ve\u00f0m\u00e1li<\/title>\n<meta name=\"description\" content=\"Ve\u00f0ja\u00f0u \u00e1n \u00f3tta! Taktu \u00fe\u00e1tt \u00ed Big Match kynningu PlanBet og f\u00e1\u00f0u allt a\u00f0 1200 ISK til baka jafnvel \u00fe\u00f3tt sp\u00e1 \u00fe\u00edn gangi ekki eftir. A\u00f0 spila \u00e1 \u00f6ruggan h\u00e1tt er raunverulegt!\" \/>\n<meta name=\"robots\" content=\"index, follow, max-snippet:-1, max-image-preview:large, max-video-preview:-1\" \/>\n<meta property=\"og:locale\" content=\"is_IS\" \/>\n<meta property=\"og:type\" content=\"article\" \/>\n<meta property=\"og:title\" content=\"St\u00f3rvi\u00f0ureign PlanBet \u1409 F\u00e1\u00f0u 1200 ISK endurgrei\u00f0slu ef \u00fe\u00fa tapar ve\u00f0m\u00e1li\" \/>\n<meta property=\"og:description\" content=\"Ve\u00f0ja\u00f0u \u00e1n \u00f3tta! Taktu \u00fe\u00e1tt \u00ed Big Match kynningu PlanBet og f\u00e1\u00f0u allt a\u00f0 1200 ISK til baka jafnvel \u00fe\u00f3tt sp\u00e1 \u00fe\u00edn gangi ekki eftir. A\u00f0 spila \u00e1 \u00f6ruggan h\u00e1tt er raunverulegt!\" \/>\n<meta property=\"og:url\" content=\"https:\/\/planbet.promo\/iceland\/bonus\/big-match\/\" \/>\n<meta property=\"og:site_name\" content=\"Planbet Promo is\" \/>\n<meta property=\"article:modified_time\" content=\"2025-09-05T09:27:41+00:00\" \/>\n<meta name=\"twitter:card\" content=\"summary_large_image\" \/>\n<script type=\"application\/ld+json\" class=\"yoast-schema-graph\">{\"@context\":\"https:\/\/schema.org\",\"@graph\":[{\"@type\":\"WebPage\",\"@id\":\"https:\/\/planbet.promo\/iceland\/bonus\/big-match\/\",\"url\":\"https:\/\/planbet.promo\/iceland\/bonus\/big-match\/\",\"name\":\"St\u00f3rvi\u00f0ureign PlanBet \u1409 F\u00e1\u00f0u 1200 ISK endurgrei\u00f0slu ef \u00fe\u00fa tapar ve\u00f0m\u00e1li\",\"isPartOf\":{\"@id\":\"https:\/\/planbet.promo\/iceland\/#website\"},\"datePublished\":\"2025-05-21T13:31:40+00:00\",\"dateModified\":\"2025-09-05T09:27:41+00:00\",\"description\":\"Ve\u00f0ja\u00f0u \u00e1n \u00f3tta! Taktu \u00fe\u00e1tt \u00ed Big Match kynningu PlanBet og f\u00e1\u00f0u allt a\u00f0 1200 ISK til baka jafnvel \u00fe\u00f3tt sp\u00e1 \u00fe\u00edn gangi ekki eftir. A\u00f0 spila \u00e1 \u00f6ruggan h\u00e1tt er raunverulegt!\",\"breadcrumb\":{\"@id\":\"https:\/\/planbet.promo\/iceland\/bonus\/big-match\/#breadcrumb\"},\"inLanguage\":\"is\",\"potentialAction\":[{\"@type\":\"ReadAction\",\"target\":[\"https:\/\/planbet.promo\/iceland\/bonus\/big-match\/\"]}]},{\"@type\":\"BreadcrumbList\",\"@id\":\"https:\/\/planbet.promo\/iceland\/bonus\/big-match\/#breadcrumb\",\"itemListElement\":[{\"@type\":\"ListItem\",\"position\":1,\"name\":\"Home\",\"item\":\"https:\/\/planbet.promo\/iceland\/\"},{\"@type\":\"ListItem\",\"position\":2,\"name\":\"B\u00f3nus\",\"item\":\"https:\/\/planbet.promo\/iceland\/bonus\/\"},{\"@type\":\"ListItem\",\"position\":3,\"name\":\"St\u00f3rleikur\"}]},{\"@type\":\"WebSite\",\"@id\":\"https:\/\/planbet.promo\/iceland\/#website\",\"url\":\"https:\/\/planbet.promo\/iceland\/\",\"name\":\"Planbet Promo is\",\"description\":\"My WordPress Blog\",\"potentialAction\":[{\"@type\":\"SearchAction\",\"target\":{\"@type\":\"EntryPoint\",\"urlTemplate\":\"https:\/\/planbet.promo\/iceland\/?s={search_term_string}\"},\"query-input\":{\"@type\":\"PropertyValueSpecification\",\"valueRequired\":true,\"valueName\":\"search_term_string\"}}],\"inLanguage\":\"is\"}]}<\/script>\n<!-- \/ Yoast SEO plugin. -->","yoast_head_json":{"title":"St\u00f3rvi\u00f0ureign PlanBet \u1409 F\u00e1\u00f0u 1200 ISK endurgrei\u00f0slu ef \u00fe\u00fa tapar ve\u00f0m\u00e1li","description":"Ve\u00f0ja\u00f0u \u00e1n \u00f3tta! Taktu \u00fe\u00e1tt \u00ed Big Match kynningu PlanBet og f\u00e1\u00f0u allt a\u00f0 1200 ISK til baka jafnvel \u00fe\u00f3tt sp\u00e1 \u00fe\u00edn gangi ekki eftir. A\u00f0 spila \u00e1 \u00f6ruggan h\u00e1tt er raunverulegt!","robots":{"index":"index","follow":"follow","max-snippet":"max-snippet:-1","max-image-preview":"max-image-preview:large","max-video-preview":"max-video-preview:-1"},"og_locale":"is_IS","og_type":"article","og_title":"St\u00f3rvi\u00f0ureign PlanBet \u1409 F\u00e1\u00f0u 1200 ISK endurgrei\u00f0slu ef \u00fe\u00fa tapar ve\u00f0m\u00e1li","og_description":"Ve\u00f0ja\u00f0u \u00e1n \u00f3tta! Taktu \u00fe\u00e1tt \u00ed Big Match kynningu PlanBet og f\u00e1\u00f0u allt a\u00f0 1200 ISK til baka jafnvel \u00fe\u00f3tt sp\u00e1 \u00fe\u00edn gangi ekki eftir. A\u00f0 spila \u00e1 \u00f6ruggan h\u00e1tt er raunverulegt!","og_url":"https:\/\/planbet.promo\/iceland\/bonus\/big-match\/","og_site_name":"Planbet Promo is","article_modified_time":"2025-09-05T09:27:41+00:00","twitter_card":"summary_large_image","schema":{"@context":"https:\/\/schema.org","@graph":[{"@type":"WebPage","@id":"https:\/\/planbet.promo\/iceland\/bonus\/big-match\/","url":"https:\/\/planbet.promo\/iceland\/bonus\/big-match\/","name":"St\u00f3rvi\u00f0ureign PlanBet \u1409 F\u00e1\u00f0u 1200 ISK endurgrei\u00f0slu ef \u00fe\u00fa tapar ve\u00f0m\u00e1li","isPartOf":{"@id":"https:\/\/planbet.promo\/iceland\/#website"},"datePublished":"2025-05-21T13:31:40+00:00","dateModified":"2025-09-05T09:27:41+00:00","description":"Ve\u00f0ja\u00f0u \u00e1n \u00f3tta! Taktu \u00fe\u00e1tt \u00ed Big Match kynningu PlanBet og f\u00e1\u00f0u allt a\u00f0 1200 ISK til baka jafnvel \u00fe\u00f3tt sp\u00e1 \u00fe\u00edn gangi ekki eftir. A\u00f0 spila \u00e1 \u00f6ruggan h\u00e1tt er raunverulegt!","breadcrumb":{"@id":"https:\/\/planbet.promo\/iceland\/bonus\/big-match\/#breadcrumb"},"inLanguage":"is","potentialAction":[{"@type":"ReadAction","target":["https:\/\/planbet.promo\/iceland\/bonus\/big-match\/"]}]},{"@type":"BreadcrumbList","@id":"https:\/\/planbet.promo\/iceland\/bonus\/big-match\/#breadcrumb","itemListElement":[{"@type":"ListItem","position":1,"name":"Home","item":"https:\/\/planbet.promo\/iceland\/"},{"@type":"ListItem","position":2,"name":"B\u00f3nus","item":"https:\/\/planbet.promo\/iceland\/bonus\/"},{"@type":"ListItem","position":3,"name":"St\u00f3rleikur"}]},{"@type":"WebSite","@id":"https:\/\/planbet.promo\/iceland\/#website","url":"https:\/\/planbet.promo\/iceland\/","name":"Planbet Promo is","description":"My WordPress Blog","potentialAction":[{"@type":"SearchAction","target":{"@type":"EntryPoint","urlTemplate":"https:\/\/planbet.promo\/iceland\/?s={search_term_string}"},"query-input":{"@type":"PropertyValueSpecification","valueRequired":true,"valueName":"search_term_string"}}],"inLanguage":"is"}]}},"_links":{"self":[{"href":"https:\/\/planbet.promo\/iceland\/wp-json\/wp\/v2\/pages\/510","targetHints":{"allow":["GET"]}}],"collection":[{"href":"https:\/\/planbet.promo\/iceland\/wp-json\/wp\/v2\/pages"}],"about":[{"href":"https:\/\/planbet.promo\/iceland\/wp-json\/wp\/v2\/types\/page"}],"author":[{"embeddable":true,"href":"https:\/\/planbet.promo\/iceland\/wp-json\/wp\/v2\/users\/1"}],"replies":[{"embeddable":true,"href":"https:\/\/planbet.promo\/iceland\/wp-json\/wp\/v2\/comments?post=510"}],"version-history":[{"count":5,"href":"https:\/\/planbet.promo\/iceland\/wp-json\/wp\/v2\/pages\/510\/revisions"}],"predecessor-version":[{"id":820,"href":"https:\/\/planbet.promo\/iceland\/wp-json\/wp\/v2\/pages\/510\/revisions\/820"}],"up":[{"embeddable":true,"href":"https:\/\/planbet.promo\/iceland\/wp-json\/wp\/v2\/pages\/152"}],"wp:attachment":[{"href":"https:\/\/planbet.promo\/iceland\/wp-json\/wp\/v2\/media?parent=510"}],"curies":[{"name":"wp","href":"https:\/\/api.w.org\/{rel}","templated":true}]}}