{"id":2,"date":"2023-04-18T17:18:34","date_gmt":"2023-04-18T17:18:34","guid":{"rendered":"https:\/\/betwinner.team\/?page_id=2"},"modified":"2026-01-16T09:03:19","modified_gmt":"2026-01-16T09:03:19","slug":"sample-page","status":"publish","type":"page","link":"https:\/\/planbet.promo\/lt\/","title":{"rendered":"Pagrindinis puslapis"},"content":{"rendered":"","protected":false},"excerpt":{"rendered":"","protected":false},"author":1,"featured_media":0,"parent":0,"menu_order":0,"comment_status":"closed","ping_status":"closed","template":"","meta":{"footnotes":""},"class_list":["post-2","page","type-page","status-publish","hentry"],"yoast_head":"<!-- This site is optimized with the Yoast SEO plugin v26.2 - https:\/\/yoast.com\/wordpress\/plugins\/seo\/ -->\n<title>PlanBet \u2705 Internetin\u0117s sporto la\u017eybos ir kazino \u017eaidimai<\/title>\n<meta name=\"description\" content=\"U\u017esiregistruokite ir gaukite 100 % sveikinimo premij\u0105 \ud83d\uddf8 Platus sporto statym\u0173, gyv\u0173 kazino \u017eaidim\u0173 ir premij\u0173 pasirinkimas \u017eaid\u0117jams \ud83d\uddf8 Greiti ind\u0117liai ir 24\/7 palaikymas\" \/>\n<meta name=\"robots\" content=\"index, follow, max-snippet:-1, max-image-preview:large, max-video-preview:-1\" \/>\n<meta property=\"og:locale\" content=\"lt_LT\" \/>\n<meta property=\"og:type\" content=\"article\" \/>\n<meta property=\"og:title\" content=\"PlanBet \u2705 Internetin\u0117s sporto la\u017eybos ir kazino \u017eaidimai\" \/>\n<meta property=\"og:description\" content=\"U\u017esiregistruokite ir gaukite 100 % sveikinimo premij\u0105 \ud83d\uddf8 Platus sporto statym\u0173, gyv\u0173 kazino \u017eaidim\u0173 ir premij\u0173 pasirinkimas \u017eaid\u0117jams \ud83d\uddf8 Greiti ind\u0117liai ir 24\/7 palaikymas\" \/>\n<meta property=\"og:url\" content=\"https:\/\/planbet.promo\/lt\/\" \/>\n<meta property=\"og:site_name\" content=\"Planbet Promo LT\" \/>\n<meta property=\"article:modified_time\" content=\"2026-01-16T09:03:19+00:00\" \/>\n<meta name=\"twitter:card\" content=\"summary_large_image\" \/>\n<script type=\"application\/ld+json\" class=\"yoast-schema-graph\">{\"@context\":\"https:\/\/schema.org\",\"@graph\":[{\"@type\":\"WebPage\",\"@id\":\"https:\/\/planbet.promo\/lt\/\",\"url\":\"https:\/\/planbet.promo\/lt\/\",\"name\":\"PlanBet \u2705 Internetin\u0117s sporto la\u017eybos ir kazino \u017eaidimai\",\"isPartOf\":{\"@id\":\"https:\/\/planbet.promo\/lt\/#website\"},\"datePublished\":\"2023-04-18T17:18:34+00:00\",\"dateModified\":\"2026-01-16T09:03:19+00:00\",\"description\":\"U\u017esiregistruokite ir gaukite 100 % sveikinimo premij\u0105 \ud83d\uddf8 Platus sporto statym\u0173, gyv\u0173 kazino \u017eaidim\u0173 ir premij\u0173 pasirinkimas \u017eaid\u0117jams \ud83d\uddf8 Greiti ind\u0117liai ir 24\/7 palaikymas\",\"breadcrumb\":{\"@id\":\"https:\/\/planbet.promo\/lt\/#breadcrumb\"},\"inLanguage\":\"lt-LT\",\"potentialAction\":[{\"@type\":\"ReadAction\",\"target\":[\"https:\/\/planbet.promo\/lt\/\"]}]},{\"@type\":\"BreadcrumbList\",\"@id\":\"https:\/\/planbet.promo\/lt\/#breadcrumb\",\"itemListElement\":[{\"@type\":\"ListItem\",\"position\":1,\"name\":\"Home\",\"item\":\"https:\/\/planbet.promo\/lt\/\"},{\"@type\":\"ListItem\",\"position\":2,\"name\":\"Pagrindinis puslapis\"}]},{\"@type\":\"WebSite\",\"@id\":\"https:\/\/planbet.promo\/lt\/#website\",\"url\":\"https:\/\/planbet.promo\/lt\/\",\"name\":\"Planbet Promo LT\",\"description\":\"My WordPress Blog\",\"potentialAction\":[{\"@type\":\"SearchAction\",\"target\":{\"@type\":\"EntryPoint\",\"urlTemplate\":\"https:\/\/planbet.promo\/lt\/?s={search_term_string}\"},\"query-input\":{\"@type\":\"PropertyValueSpecification\",\"valueRequired\":true,\"valueName\":\"search_term_string\"}}],\"inLanguage\":\"lt-LT\"}]}<\/script>\n<!-- \/ Yoast SEO plugin. -->","yoast_head_json":{"title":"PlanBet \u2705 Internetin\u0117s sporto la\u017eybos ir kazino \u017eaidimai","description":"U\u017esiregistruokite ir gaukite 100 % sveikinimo premij\u0105 \ud83d\uddf8 Platus sporto statym\u0173, gyv\u0173 kazino \u017eaidim\u0173 ir premij\u0173 pasirinkimas \u017eaid\u0117jams \ud83d\uddf8 Greiti ind\u0117liai ir 24\/7 palaikymas","robots":{"index":"index","follow":"follow","max-snippet":"max-snippet:-1","max-image-preview":"max-image-preview:large","max-video-preview":"max-video-preview:-1"},"og_locale":"lt_LT","og_type":"article","og_title":"PlanBet \u2705 Internetin\u0117s sporto la\u017eybos ir kazino \u017eaidimai","og_description":"U\u017esiregistruokite ir gaukite 100 % sveikinimo premij\u0105 \ud83d\uddf8 Platus sporto statym\u0173, gyv\u0173 kazino \u017eaidim\u0173 ir premij\u0173 pasirinkimas \u017eaid\u0117jams \ud83d\uddf8 Greiti ind\u0117liai ir 24\/7 palaikymas","og_url":"https:\/\/planbet.promo\/lt\/","og_site_name":"Planbet Promo LT","article_modified_time":"2026-01-16T09:03:19+00:00","twitter_card":"summary_large_image","schema":{"@context":"https:\/\/schema.org","@graph":[{"@type":"WebPage","@id":"https:\/\/planbet.promo\/lt\/","url":"https:\/\/planbet.promo\/lt\/","name":"PlanBet \u2705 Internetin\u0117s sporto la\u017eybos ir kazino \u017eaidimai","isPartOf":{"@id":"https:\/\/planbet.promo\/lt\/#website"},"datePublished":"2023-04-18T17:18:34+00:00","dateModified":"2026-01-16T09:03:19+00:00","description":"U\u017esiregistruokite ir gaukite 100 % sveikinimo premij\u0105 \ud83d\uddf8 Platus sporto statym\u0173, gyv\u0173 kazino \u017eaidim\u0173 ir premij\u0173 pasirinkimas \u017eaid\u0117jams \ud83d\uddf8 Greiti ind\u0117liai ir 24\/7 palaikymas","breadcrumb":{"@id":"https:\/\/planbet.promo\/lt\/#breadcrumb"},"inLanguage":"lt-LT","potentialAction":[{"@type":"ReadAction","target":["https:\/\/planbet.promo\/lt\/"]}]},{"@type":"BreadcrumbList","@id":"https:\/\/planbet.promo\/lt\/#breadcrumb","itemListElement":[{"@type":"ListItem","position":1,"name":"Home","item":"https:\/\/planbet.promo\/lt\/"},{"@type":"ListItem","position":2,"name":"Pagrindinis puslapis"}]},{"@type":"WebSite","@id":"https:\/\/planbet.promo\/lt\/#website","url":"https:\/\/planbet.promo\/lt\/","name":"Planbet Promo LT","description":"My WordPress Blog","potentialAction":[{"@type":"SearchAction","target":{"@type":"EntryPoint","urlTemplate":"https:\/\/planbet.promo\/lt\/?s={search_term_string}"},"query-input":{"@type":"PropertyValueSpecification","valueRequired":true,"valueName":"search_term_string"}}],"inLanguage":"lt-LT"}]}},"_links":{"self":[{"href":"https:\/\/planbet.promo\/lt\/wp-json\/wp\/v2\/pages\/2","targetHints":{"allow":["GET"]}}],"collection":[{"href":"https:\/\/planbet.promo\/lt\/wp-json\/wp\/v2\/pages"}],"about":[{"href":"https:\/\/planbet.promo\/lt\/wp-json\/wp\/v2\/types\/page"}],"author":[{"embeddable":true,"href":"https:\/\/planbet.promo\/lt\/wp-json\/wp\/v2\/users\/1"}],"replies":[{"embeddable":true,"href":"https:\/\/planbet.promo\/lt\/wp-json\/wp\/v2\/comments?post=2"}],"version-history":[{"count":15,"href":"https:\/\/planbet.promo\/lt\/wp-json\/wp\/v2\/pages\/2\/revisions"}],"predecessor-version":[{"id":750,"href":"https:\/\/planbet.promo\/lt\/wp-json\/wp\/v2\/pages\/2\/revisions\/750"}],"wp:attachment":[{"href":"https:\/\/planbet.promo\/lt\/wp-json\/wp\/v2\/media?parent=2"}],"curies":[{"name":"wp","href":"https:\/\/api.w.org\/{rel}","templated":true}]}}